{"id":16109,"date":"2021-11-21T17:14:04","date_gmt":"2021-11-21T16:14:04","guid":{"rendered":"https:\/\/awe-amazonia.com\/?page_id=16109"},"modified":"2021-11-26T14:10:45","modified_gmt":"2021-11-26T13:10:45","slug":"pantanal","status":"publish","type":"page","link":"http:\/\/awe-amazonia.com\/index.php\/pantanal\/","title":{"rendered":"Voyage au Pantanal"},"content":{"rendered":"<div  class=\"one withsmallpadding ppb_header \" style=\"text-align:left;padding:30px 0 30px 0;\" >\n<div class=\"standard_wrapper\">\n<div class=\"page_content_wrapper\">\n<div class=\"inner\">\n<div style=\"margin:auto;width:100%\">\n<h2 class=\"ppb_title\" style=\"\">Le Pantanal : biotope de transition entre l\u2019Amazonie et le Cerrado<\/h2>\n<div class=\"ppb_header_content\">\n<p>Lorsqu\u2019on \u00e9voque le Pantanal, c\u2019est l\u2019image de de rivi\u00e8res sinueuses traversant des plaines et des lacs fr\u00e9quent\u00e9s par des aigrettes, des jaguars, des loutres g\u00e9antes et des ca\u00efmans qui nous vient \u00e0 l\u2019esprit.<\/p>\n<p>Ce territoire au c\u0153ur de l\u2019Am\u00e9rique du sud s\u2019\u00e9tend entre le Br\u00e9sil, le Paraguay et la Bolivie. La pr\u00e9sence de l\u2019eau est intimement associ\u00e9e au paysage de cet environnement, une des zones humides la plus vaste au monde. Le Pantanal est plus vaste que le territoire de l\u2019Angleterre ou la Gr\u00e8ce.<\/p>\n<p>Le Pantanal c\u2019est aussi le biotope le mieux conserv\u00e9 du Br\u00e9sil, il d\u00e9tient encore 84% de sa v\u00e9g\u00e9tation primaire. La biodiversit\u00e9 pr\u00e9sente dans cette r\u00e9gion en fait un v\u00e9ritable point d\u2019observation pour les ornithologues et les amoureux de birdwatching. Au Pantanal vous retrouverez 2500 esp\u00e8ces de plantes, 1\u00a0213 esp\u00e8ces de vert\u00e9br\u00e9s dont 580 d\u2019oiseaux et 174 de mammif\u00e8res et 131 de reptiles. Le Pantanal c\u2019est aussi l\u2019exub\u00e9rance du nombre de certains individus d\u2019esp\u00e8ces animales. Il vous sera ainsi facilement possible d\u2019observer des animaux, difficilement observable ailleurs\u00a0comme\u00a0: le jaguar, le fourmilier g\u00e9ant ou le Ara hyacinthe.<\/p>\n<\/div>\n<\/div>\n<\/div>\n<\/div>\n<\/div>\n<\/div>\n<div  class=\"one withsmallpadding ppb_header \" style=\"text-align:left;padding:30px 0 30px 0;\" >\n<div class=\"standard_wrapper\">\n<div class=\"page_content_wrapper\">\n<div class=\"inner\">\n<div style=\"margin:auto;width:100%\">\n<h2 class=\"ppb_title\" style=\"\">Le Pantanal : biotope de transition entre l\u2019Amazonie et le Cerrado<\/h2>\n<div class=\"ppb_header_content\">\n<p>Lorsqu\u2019on \u00e9voque le Pantanal, c\u2019est l\u2019image de de rivi\u00e8res sinueuses traversant des plaines et des lacs fr\u00e9quent\u00e9s par des aigrettes, des jaguars, des loutres g\u00e9antes et des ca\u00efmans qui nous vient \u00e0 l\u2019esprit.<\/p>\n<p>Ce territoire au c\u0153ur de l\u2019Am\u00e9rique du sud s\u2019\u00e9tend entre le Br\u00e9sil, le Paraguay et la Bolivie. La pr\u00e9sence de l\u2019eau est intimement associ\u00e9e au paysage de cet environnement, une des zones humides la plus vaste au monde. Le Pantanal est plus vaste que le territoire de l\u2019Angleterre ou la Gr\u00e8ce.<\/p>\n<p>Le Pantanal c\u2019est aussi le biotope le mieux conserv\u00e9 du Br\u00e9sil, il d\u00e9tient encore 84% de sa v\u00e9g\u00e9tation primaire. La biodiversit\u00e9 pr\u00e9sente dans cette r\u00e9gion en fait un v\u00e9ritable point d\u2019observation pour les ornithologues et les amoureux de birdwatching. Au Pantanal vous retrouverez 2500 esp\u00e8ces de plantes, 1\u00a0213 esp\u00e8ces de vert\u00e9br\u00e9s dont 580 d\u2019oiseaux et 174 de mammif\u00e8res et 131 de reptiles. Le Pantanal c\u2019est aussi l\u2019exub\u00e9rance du nombre de certains individus d\u2019esp\u00e8ces animales. Il vous sera ainsi facilement possible d\u2019observer des animaux, difficilement observable ailleurs\u00a0comme\u00a0: le jaguar, le fourmilier g\u00e9ant ou le Ara hyacinthe.<\/p>\n<\/div>\n<\/div>\n<\/div>\n<\/div>\n<\/div>\n<\/div>\n<div  class=\"one withsmallpadding ppb_text\" style=\"padding:30px;\" >\n<h2 style=\"text-align: center;\">Visiter le Pantanal<\/h2>\n<p style=\"text-align: center;\">Terre ocre, v\u00e9g\u00e9tation omnipr\u00e9sente et mar\u00e9cages \u00e0 perte de vue, le d\u00e9cor est plant\u00e9. Cette vaste plaine, inond\u00e9e la moiti\u00e9 de l\u2019ann\u00e9e, ne demande qu\u2019\u00e0 d\u00e9voiler son extraordinaire biodiversit\u00e9. Partez \u00e0 la d\u00e9couverte de cette r\u00e9gion unique au monde avec un guide naturaliste sp\u00e9cialiste de ce biotope.<\/p>\n<h3 style=\"text-align: center;\"><a href=\"http:\/\/www.pantanaljabiru.com\/fr\/\" target=\"_blank\" rel=\"noopener\">D\u00e9couvrez nos circuits d\u00e9di\u00e9s au Pantanal avec Jabiru Tour<\/a><\/h3>\n<blockquote><\/blockquote>\n<div class=\"one_half \" style=\"\">\n<p><img decoding=\"async\" src=\"https:\/\/awe-amazonia.com\/wp-content\/uploads\/2020\/12\/jaguar-sur-un-arbre.jpg\" alt=\"\" class=\"\" data-animation=\"\" style=\"\" \/><\/div>\n<div class=\"one_half last \" style=\"\">\n<h3><a href=\"http:\/\/www.pantanaljabiru.com\/fr\/servicos.php?codServico=17\" target=\"_blank\" rel=\"noopener\">Voyage \u00e0 la rencontre du jaguar<\/a><\/h3>\n<p>Depuis Cuiab\u00e1 la capitale du Mato Grosso au Br\u00e9sil, partez 5 jours et 4 nuits en pension compl\u00e8te \u00e0 Porto Jofre pour partir \u00e0 la recherche du jaguar.<\/p>\n<p>Au programme, plusieurs activit\u00e9s d\u2019\u00e9cotourisme : parcours de rivi\u00e8re en bateau, randonn\u00e9e \u00e0 cheval, randonn\u00e9e en for\u00eat, sorties nocturnes et safari photographique, sans oublier la recherche du jaguar.<\/p>\n<p>Prise en charge depuis l&rsquo;a\u00e9roport et service d&rsquo;un guide sp\u00e9cialiste bilingue pour toute la dur\u00e9e de votre s\u00e9jour.<\/p>\n<\/div>\n<p><br class=\"clear\"\/><br \/>\n<br class=\"clear\" \/><\/p>\n<div class=\"one_half \" style=\"\">\n<h3><a href=\"http:\/\/www.pantanaljabiru.com\/fr\/servicos.php?codServico=18\" target=\"_blank\" rel=\"noopener\">Circuit d\u00e9couverte du Pantanal<\/a><\/h3>\n<p>Depuis Cuiab\u00e1 la capitale du Mato Grosso au Br\u00e9sil, partez pour un circuit itin\u00e9rant dans le Pantanal, \u00e0 la d\u00e9couverte de toute la biodiversit\u00e9 de cette r\u00e9gion.<\/p>\n<p>Au programme, plusieurs activit\u00e9s d\u2019\u00e9cotourisme : parcours de rivi\u00e8re en bateau, randonn\u00e9e \u00e0 cheval, randonn\u00e9e en for\u00eat, sorties nocturnes et safari photographique.<\/p>\n<p>Prise en charge depuis l&rsquo;a\u00e9roport et s\u00e9jour en pension coml\u00e8te. Vous serez accompagn\u00e9 d&rsquo;un guide sp\u00e9cialiste bilingue pour toute la dur\u00e9e de votre s\u00e9jour.<\/p>\n<\/div>\n<div class=\"one_half last \" style=\"\"><img decoding=\"async\" loading=\"lazy\" class=\"aligncenter wp-image-7066 size-full\" src=\"https:\/\/awe-amazonia.com\/wp-content\/uploads\/2021\/01\/hYACYNTH-MACAW.jpg\" alt=\"Couple de aras hyacynthes\" width=\"1363\" height=\"1022\" \/><\/p>\n<\/div>\n<p><br class=\"clear\"\/><\/p>\n<\/div>\n<div  class=\"one withsmallpadding ppb_text\" style=\"padding:30px;\" >\n<h2 style=\"text-align: center;\">Visiter le Pantanal<\/h2>\n<p style=\"text-align: center;\">Terre ocre, v\u00e9g\u00e9tation omnipr\u00e9sente et mar\u00e9cages \u00e0 perte de vue, le d\u00e9cor est plant\u00e9. Cette vaste plaine, inond\u00e9e la moiti\u00e9 de l\u2019ann\u00e9e, ne demande qu\u2019\u00e0 d\u00e9voiler son extraordinaire biodiversit\u00e9. Partez \u00e0 la d\u00e9couverte de cette r\u00e9gion unique au monde avec un guide naturaliste sp\u00e9cialiste de ce biotope.<\/p>\n<h3 style=\"text-align: center;\"><a href=\"http:\/\/www.pantanaljabiru.com\/fr\/\" target=\"_blank\" rel=\"noopener\">D\u00e9couvrez nos circuits d\u00e9di\u00e9s au Pantanal avec Jabiru Tour<\/a><\/h3>\n<blockquote><\/blockquote>\n<div class=\"one_half \" style=\"\">\n<p><img decoding=\"async\" src=\"https:\/\/awe-amazonia.com\/wp-content\/uploads\/2020\/12\/jaguar-sur-un-arbre.jpg\" alt=\"\" class=\"\" data-animation=\"\" style=\"\" \/><\/div>\n<div class=\"one_half last \" style=\"\">\n<h3><a href=\"http:\/\/www.pantanaljabiru.com\/fr\/servicos.php?codServico=17\" target=\"_blank\" rel=\"noopener\">Voyage \u00e0 la rencontre du jaguar<\/a><\/h3>\n<p>Depuis Cuiab\u00e1 la capitale du Mato Grosso au Br\u00e9sil, partez 5 jours et 4 nuits en pension compl\u00e8te \u00e0 Porto Jofre pour partir \u00e0 la recherche du jaguar.<\/p>\n<p>Au programme, plusieurs activit\u00e9s d\u2019\u00e9cotourisme : parcours de rivi\u00e8re en bateau, randonn\u00e9e \u00e0 cheval, randonn\u00e9e en for\u00eat, sorties nocturnes et safari photographique, sans oublier la recherche du jaguar.<\/p>\n<p>Prise en charge depuis l&rsquo;a\u00e9roport et service d&rsquo;un guide sp\u00e9cialiste bilingue pour toute la dur\u00e9e de votre s\u00e9jour.<\/p>\n<\/div>\n<p><br class=\"clear\"\/><br \/>\n<br class=\"clear\" \/><\/p>\n<div class=\"one_half \" style=\"\">\n<h3><a href=\"http:\/\/www.pantanaljabiru.com\/fr\/servicos.php?codServico=18\" target=\"_blank\" rel=\"noopener\">Circuit d\u00e9couverte du Pantanal<\/a><\/h3>\n<p>Depuis Cuiab\u00e1 la capitale du Mato Grosso au Br\u00e9sil, partez pour un circuit itin\u00e9rant dans le Pantanal, \u00e0 la d\u00e9couverte de toute la biodiversit\u00e9 de cette r\u00e9gion.<\/p>\n<p>Au programme, plusieurs activit\u00e9s d\u2019\u00e9cotourisme : parcours de rivi\u00e8re en bateau, randonn\u00e9e \u00e0 cheval, randonn\u00e9e en for\u00eat, sorties nocturnes et safari photographique.<\/p>\n<p>Prise en charge depuis l&rsquo;a\u00e9roport et s\u00e9jour en pension coml\u00e8te. Vous serez accompagn\u00e9 d&rsquo;un guide sp\u00e9cialiste bilingue pour toute la dur\u00e9e de votre s\u00e9jour.<\/p>\n<\/div>\n<div class=\"one_half last \" style=\"\"><img decoding=\"async\" loading=\"lazy\" class=\"aligncenter wp-image-7066 size-full\" src=\"https:\/\/awe-amazonia.com\/wp-content\/uploads\/2021\/01\/hYACYNTH-MACAW.jpg\" alt=\"Couple de aras hyacynthes\" width=\"1363\" height=\"1022\" \/><\/p>\n<\/div>\n<p><br class=\"clear\"\/><\/p>\n<\/div>\n<div  class=\"one\" >\n<div class=\"standard_wrapper\">\n<div class=\"page_content_wrapper\">\n<div class=\"inner\">\n<div class=\"one_half content_middle textright\" style=\"padding:0px;\">\n<h2 class=\"ppb_title\" style=\"\">Quand partir voyager au Pantanal ?<\/h2>\n<div class=\"ppb_header_content\">\n<p>Quand voyager et r\u00e9aliser votre safari dans le Pantanal\u00a0?<\/p>\n<p>Le choix de la p\u00e9riode pour r\u00e9aliser votre voyage d\u00e9pend de vos centres d\u2019int\u00e9r\u00eats.<\/p>\n<p>Les mois d\u2019avril et mai sont appr\u00e9ci\u00e9s des amateurs d\u2019oiseaux. Tout est encore inond\u00e9 et le moment est parfait pour observer les innombrables esp\u00e8ces d\u2019oiseaux qui viennent s\u2019abreuver. Lorsque le niveau d\u2019eau baisse \u00e0 partir de Juin et jusqu\u2019\u00e0 mi-novembre, l\u2019observation du Jaguar devient plus facile. Vous pourrez retrouver plus de d\u00e9tails sur le <a href=\"https:\/\/pantanaljaguarland.com\/quel-est-le-meilleur-moment-pour-visiter-le-pantanal\/\" target=\"_blank\" rel=\"noopener\">blog.<\/a><\/p>\n<\/div>\n<\/div>\n<div class=\"one_half last\"><\/div>\n<p><br class=\"clear\"\/><\/div>\n<\/div>\n<\/div>\n<\/div>\n<div  class=\"one withsmallpadding ppb_contact_half_bg \" style=\"padding:30px 0 30px 0;\" >\n<div class=\"standard_wrapper\">\n<div class=\"page_content_wrapper\">\n<div class=\"inner\">\n<div class=\"one_half_bg floatright\" style=\"background:#000000;background:rgb(0,0,0,1);background:rgba(0,0,0,1);\" >\n<h2 class=\"ppb_title\" style=\"\">R\u00e9server mon voyage au Pantanal<\/h2>\n<div class=\"contact_form7_wrapper\"><p class=\"wpcf7-contact-form-not-found\"><strong>Erreur\u00a0:<\/strong> Formulaire de contact non trouv\u00e9\u00a0!<\/p><\/div>\n<\/div>\n<\/div>\n<\/div>\n<\/div>\n<\/div>\n<\/div>\n","protected":false},"excerpt":{"rendered":"<p>Le Pantanal : biotope de transition entre l\u2019Amazonie et le Cerrado Lorsqu\u2019on \u00e9voque le Pantanal, c\u2019est l\u2019image de de rivi\u00e8res sinueuses traversant des plaines et des lacs fr\u00e9quent\u00e9s par des aigrettes, des jaguars, des loutres g\u00e9antes et des ca\u00efmans qui [&hellip;]<\/p>\n","protected":false},"author":1,"featured_media":16128,"parent":0,"menu_order":0,"comment_status":"closed","ping_status":"closed","template":"","meta":{"iawp_total_views":1002,"footnotes":""},"class_list":["post-16109","page","type-page","status-publish","has-post-thumbnail","hentry"],"yoast_head":"<!-- This site is optimized with the Yoast SEO plugin v27.1.1 - https:\/\/yoast.com\/product\/yoast-seo-wordpress\/ -->\n<title>Circuit \u00e0 la d\u00e9couverte du Pantanal<\/title>\n<meta name=\"description\" content=\"D\u00e9couvrez le Pantanal au Br\u00e9sil avec un guide sp\u00e9cialis\u00e9 pour une immersion totale \u00e0 la d\u00e9couverte de la faune et de la flore.\" \/>\n<meta name=\"robots\" content=\"index, follow, max-snippet:-1, max-image-preview:large, max-video-preview:-1\" \/>\n<link rel=\"canonical\" href=\"http:\/\/awe-amazonia.com\/index.php\/pantanal\/\" \/>\n<meta property=\"og:locale\" content=\"fr_FR\" \/>\n<meta property=\"og:type\" content=\"article\" \/>\n<meta property=\"og:title\" content=\"Circuit \u00e0 la d\u00e9couverte du Pantanal\" \/>\n<meta property=\"og:description\" content=\"D\u00e9couvrez le Pantanal au Br\u00e9sil avec un guide sp\u00e9cialis\u00e9 pour une immersion totale \u00e0 la d\u00e9couverte de la faune et de la flore.\" \/>\n<meta property=\"og:url\" content=\"http:\/\/awe-amazonia.com\/index.php\/pantanal\/\" \/>\n<meta property=\"og:site_name\" content=\"Amazonia Wild Experience\" \/>\n<meta property=\"article:modified_time\" content=\"2021-11-26T13:10:45+00:00\" \/>\n<meta property=\"og:image\" content=\"https:\/\/awe-amazonia.com\/wp-content\/uploads\/2021\/11\/jaguar-en-action.jpg\" \/>\n\t<meta property=\"og:image:width\" content=\"1639\" \/>\n\t<meta property=\"og:image:height\" content=\"1092\" \/>\n\t<meta property=\"og:image:type\" content=\"image\/jpeg\" \/>\n<meta name=\"twitter:card\" content=\"summary_large_image\" \/>\n<meta name=\"twitter:label1\" content=\"Dur\u00e9e de lecture estim\u00e9e\" \/>\n\t<meta name=\"twitter:data1\" content=\"5 minutes\" \/>\n<script type=\"application\/ld+json\" class=\"yoast-schema-graph\">{\"@context\":\"https:\/\/schema.org\",\"@graph\":[{\"@type\":\"WebPage\",\"@id\":\"http:\/\/awe-amazonia.com\/index.php\/pantanal\/\",\"url\":\"http:\/\/awe-amazonia.com\/index.php\/pantanal\/\",\"name\":\"Circuit \u00e0 la d\u00e9couverte du Pantanal\",\"isPartOf\":{\"@id\":\"https:\/\/awe-amazonia.com\/#website\"},\"primaryImageOfPage\":{\"@id\":\"http:\/\/awe-amazonia.com\/index.php\/pantanal\/#primaryimage\"},\"image\":{\"@id\":\"http:\/\/awe-amazonia.com\/index.php\/pantanal\/#primaryimage\"},\"thumbnailUrl\":\"http:\/\/awe-amazonia.com\/wp-content\/uploads\/2021\/11\/jaguar-en-action.jpg\",\"datePublished\":\"2021-11-21T16:14:04+00:00\",\"dateModified\":\"2021-11-26T13:10:45+00:00\",\"description\":\"D\u00e9couvrez le Pantanal au Br\u00e9sil avec un guide sp\u00e9cialis\u00e9 pour une immersion totale \u00e0 la d\u00e9couverte de la faune et de la flore.\",\"breadcrumb\":{\"@id\":\"http:\/\/awe-amazonia.com\/index.php\/pantanal\/#breadcrumb\"},\"inLanguage\":\"fr-FR\",\"potentialAction\":[{\"@type\":\"ReadAction\",\"target\":[\"http:\/\/awe-amazonia.com\/index.php\/pantanal\/\"]}]},{\"@type\":\"ImageObject\",\"inLanguage\":\"fr-FR\",\"@id\":\"http:\/\/awe-amazonia.com\/index.php\/pantanal\/#primaryimage\",\"url\":\"http:\/\/awe-amazonia.com\/wp-content\/uploads\/2021\/11\/jaguar-en-action.jpg\",\"contentUrl\":\"http:\/\/awe-amazonia.com\/wp-content\/uploads\/2021\/11\/jaguar-en-action.jpg\",\"width\":1639,\"height\":1092,\"caption\":\"jaguar dans l'eau\"},{\"@type\":\"BreadcrumbList\",\"@id\":\"http:\/\/awe-amazonia.com\/index.php\/pantanal\/#breadcrumb\",\"itemListElement\":[{\"@type\":\"ListItem\",\"position\":1,\"name\":\"Accueil\",\"item\":\"https:\/\/awe-amazonia.com\/\"},{\"@type\":\"ListItem\",\"position\":2,\"name\":\"Voyage au Pantanal\"}]},{\"@type\":\"WebSite\",\"@id\":\"https:\/\/awe-amazonia.com\/#website\",\"url\":\"https:\/\/awe-amazonia.com\/\",\"name\":\"Amazonia Wild Experience\",\"description\":\"Voyage sur mesure en Amazonie - Aventures au Br\u00e9sil et au Guyana\",\"publisher\":{\"@id\":\"https:\/\/awe-amazonia.com\/#organization\"},\"potentialAction\":[{\"@type\":\"SearchAction\",\"target\":{\"@type\":\"EntryPoint\",\"urlTemplate\":\"https:\/\/awe-amazonia.com\/?s={search_term_string}\"},\"query-input\":{\"@type\":\"PropertyValueSpecification\",\"valueRequired\":true,\"valueName\":\"search_term_string\"}}],\"inLanguage\":\"fr-FR\"},{\"@type\":\"Organization\",\"@id\":\"https:\/\/awe-amazonia.com\/#organization\",\"name\":\"Amazonia Wild Experience\",\"url\":\"https:\/\/awe-amazonia.com\/\",\"logo\":{\"@type\":\"ImageObject\",\"inLanguage\":\"fr-FR\",\"@id\":\"https:\/\/awe-amazonia.com\/#\/schema\/logo\/image\/\",\"url\":\"https:\/\/awe-amazonia.com\/wp-content\/uploads\/2020\/09\/cropped-Logo.png\",\"contentUrl\":\"https:\/\/awe-amazonia.com\/wp-content\/uploads\/2020\/09\/cropped-Logo.png\",\"width\":512,\"height\":512,\"caption\":\"Amazonia Wild Experience\"},\"image\":{\"@id\":\"https:\/\/awe-amazonia.com\/#\/schema\/logo\/image\/\"}}]}<\/script>\n<!-- \/ Yoast SEO plugin. -->","yoast_head_json":{"title":"Circuit \u00e0 la d\u00e9couverte du Pantanal","description":"D\u00e9couvrez le Pantanal au Br\u00e9sil avec un guide sp\u00e9cialis\u00e9 pour une immersion totale \u00e0 la d\u00e9couverte de la faune et de la flore.","robots":{"index":"index","follow":"follow","max-snippet":"max-snippet:-1","max-image-preview":"max-image-preview:large","max-video-preview":"max-video-preview:-1"},"canonical":"http:\/\/awe-amazonia.com\/index.php\/pantanal\/","og_locale":"fr_FR","og_type":"article","og_title":"Circuit \u00e0 la d\u00e9couverte du Pantanal","og_description":"D\u00e9couvrez le Pantanal au Br\u00e9sil avec un guide sp\u00e9cialis\u00e9 pour une immersion totale \u00e0 la d\u00e9couverte de la faune et de la flore.","og_url":"http:\/\/awe-amazonia.com\/index.php\/pantanal\/","og_site_name":"Amazonia Wild Experience","article_modified_time":"2021-11-26T13:10:45+00:00","og_image":[{"width":1639,"height":1092,"url":"https:\/\/awe-amazonia.com\/wp-content\/uploads\/2021\/11\/jaguar-en-action.jpg","type":"image\/jpeg"}],"twitter_card":"summary_large_image","twitter_misc":{"Dur\u00e9e de lecture estim\u00e9e":"5 minutes"},"schema":{"@context":"https:\/\/schema.org","@graph":[{"@type":"WebPage","@id":"http:\/\/awe-amazonia.com\/index.php\/pantanal\/","url":"http:\/\/awe-amazonia.com\/index.php\/pantanal\/","name":"Circuit \u00e0 la d\u00e9couverte du Pantanal","isPartOf":{"@id":"https:\/\/awe-amazonia.com\/#website"},"primaryImageOfPage":{"@id":"http:\/\/awe-amazonia.com\/index.php\/pantanal\/#primaryimage"},"image":{"@id":"http:\/\/awe-amazonia.com\/index.php\/pantanal\/#primaryimage"},"thumbnailUrl":"http:\/\/awe-amazonia.com\/wp-content\/uploads\/2021\/11\/jaguar-en-action.jpg","datePublished":"2021-11-21T16:14:04+00:00","dateModified":"2021-11-26T13:10:45+00:00","description":"D\u00e9couvrez le Pantanal au Br\u00e9sil avec un guide sp\u00e9cialis\u00e9 pour une immersion totale \u00e0 la d\u00e9couverte de la faune et de la flore.","breadcrumb":{"@id":"http:\/\/awe-amazonia.com\/index.php\/pantanal\/#breadcrumb"},"inLanguage":"fr-FR","potentialAction":[{"@type":"ReadAction","target":["http:\/\/awe-amazonia.com\/index.php\/pantanal\/"]}]},{"@type":"ImageObject","inLanguage":"fr-FR","@id":"http:\/\/awe-amazonia.com\/index.php\/pantanal\/#primaryimage","url":"http:\/\/awe-amazonia.com\/wp-content\/uploads\/2021\/11\/jaguar-en-action.jpg","contentUrl":"http:\/\/awe-amazonia.com\/wp-content\/uploads\/2021\/11\/jaguar-en-action.jpg","width":1639,"height":1092,"caption":"jaguar dans l'eau"},{"@type":"BreadcrumbList","@id":"http:\/\/awe-amazonia.com\/index.php\/pantanal\/#breadcrumb","itemListElement":[{"@type":"ListItem","position":1,"name":"Accueil","item":"https:\/\/awe-amazonia.com\/"},{"@type":"ListItem","position":2,"name":"Voyage au Pantanal"}]},{"@type":"WebSite","@id":"https:\/\/awe-amazonia.com\/#website","url":"https:\/\/awe-amazonia.com\/","name":"Amazonia Wild Experience","description":"Voyage sur mesure en Amazonie - Aventures au Br\u00e9sil et au Guyana","publisher":{"@id":"https:\/\/awe-amazonia.com\/#organization"},"potentialAction":[{"@type":"SearchAction","target":{"@type":"EntryPoint","urlTemplate":"https:\/\/awe-amazonia.com\/?s={search_term_string}"},"query-input":{"@type":"PropertyValueSpecification","valueRequired":true,"valueName":"search_term_string"}}],"inLanguage":"fr-FR"},{"@type":"Organization","@id":"https:\/\/awe-amazonia.com\/#organization","name":"Amazonia Wild Experience","url":"https:\/\/awe-amazonia.com\/","logo":{"@type":"ImageObject","inLanguage":"fr-FR","@id":"https:\/\/awe-amazonia.com\/#\/schema\/logo\/image\/","url":"https:\/\/awe-amazonia.com\/wp-content\/uploads\/2020\/09\/cropped-Logo.png","contentUrl":"https:\/\/awe-amazonia.com\/wp-content\/uploads\/2020\/09\/cropped-Logo.png","width":512,"height":512,"caption":"Amazonia Wild Experience"},"image":{"@id":"https:\/\/awe-amazonia.com\/#\/schema\/logo\/image\/"}}]}},"_links":{"self":[{"href":"http:\/\/awe-amazonia.com\/index.php\/wp-json\/wp\/v2\/pages\/16109","targetHints":{"allow":["GET"]}}],"collection":[{"href":"http:\/\/awe-amazonia.com\/index.php\/wp-json\/wp\/v2\/pages"}],"about":[{"href":"http:\/\/awe-amazonia.com\/index.php\/wp-json\/wp\/v2\/types\/page"}],"author":[{"embeddable":true,"href":"http:\/\/awe-amazonia.com\/index.php\/wp-json\/wp\/v2\/users\/1"}],"replies":[{"embeddable":true,"href":"http:\/\/awe-amazonia.com\/index.php\/wp-json\/wp\/v2\/comments?post=16109"}],"version-history":[{"count":33,"href":"http:\/\/awe-amazonia.com\/index.php\/wp-json\/wp\/v2\/pages\/16109\/revisions"}],"predecessor-version":[{"id":16391,"href":"http:\/\/awe-amazonia.com\/index.php\/wp-json\/wp\/v2\/pages\/16109\/revisions\/16391"}],"wp:featuredmedia":[{"embeddable":true,"href":"http:\/\/awe-amazonia.com\/index.php\/wp-json\/wp\/v2\/media\/16128"}],"wp:attachment":[{"href":"http:\/\/awe-amazonia.com\/index.php\/wp-json\/wp\/v2\/media?parent=16109"}],"curies":[{"name":"wp","href":"https:\/\/api.w.org\/{rel}","templated":true}]}}