{"id":4522,"date":"2020-09-20T17:35:04","date_gmt":"2020-09-20T15:35:04","guid":{"rendered":"https:\/\/awe-amazonia.com\/?page_id=4522"},"modified":"2021-01-15T16:03:34","modified_gmt":"2021-01-15T15:03:34","slug":"nos-valeurs-et-notre-engagement","status":"publish","type":"page","link":"http:\/\/awe-amazonia.com\/index.php\/nos-valeurs-et-notre-engagement\/","title":{"rendered":"Nos valeurs et notre engagement"},"content":{"rendered":"<div  class=\"one ppb_card_two_cols_with_image\" style=\"position:relative;padding:0px 0 0px 0;\" >\n<div class=\"standard_wrapper\">\n<div class=\"page_content_wrapper\">\n<div class=\"inner\">\n<div class=\"one_half parallax_scroll\" style=\"width:50%;position:absolute;padding:0px;z-index:2;block !important;background:#fff;\" data-stellar-ratio=\"1.3\">\n<h2 class=\"ppb_title\" style=\"\">Aimer et Respecter<\/h2>\n<div class=\"ppb_header_content\">\n<p>On vit pour ressentir. Ressentir des \u00e9motions fortes ou douces, se sentir vibrer, avoir conscience de ce qui nous rend vraiment heureux. <\/p>\n<p>C&#8217;est cette urgence de vie, cette mission d&#8217;offrir \u00e0 chacun la possibilit\u00e9 de vivre en Amazonie des exp\u00e9riences physiques et psychiques extraordinaires qui nous anime chaque jour chez Amaz\u00f4nia Wild Experience. <\/p>\n<p>Les exp\u00e9ditions de Amaz\u00f4nia Wild Experience se construisent autour de 4 piliers :<\/p>\n<\/div>\n<\/div>\n<div class=\"one_half parallax_scroll_image last\" style=\"width:50%;\"><\/div>\n<p><br class=\"clear\"\/><\/div>\n<\/div>\n<\/div>\n<\/div>\n<div class=\"standard_wrapper\">\n<div  class=\"one_half withsmallpadding ppb_text\" style=\"text-align:left;padding:30px 0 30px 0;\" >\n<div class=\"standard_wrapper\">\n<div class=\"page_content_wrapper\">\n<div class=\"inner\">\n<div style=\"margin:auto;width:100%\">\n<p><img decoding=\"async\" loading=\"lazy\" class=\"aligncenter size-full wp-image-6328\" src=\"https:\/\/awe-amazonia.com\/wp-content\/uploads\/2020\/12\/enfants-qui-jouent.jpg\" alt=\"\" width=\"800\" height=\"534\" \/><\/p>\n<h4 class=\"p1\" style=\"text-align: center;\"><span class=\"s1\"><b>L&#8217;\u00e9merveillement<\/b><\/span><\/h4>\n<p style=\"text-align: center;\">\u00c7a nous amuse, \u00e7a nous passionne\u2026 l\u2019Amazonie est un \u00e9norme terrain de jeu au contact duquel notre r\u00e9servoir \u00e9motionnel transborde. L\u2019\u00e9merveillement, l\u2019effroi, la fascination\u2026 ce Paradis vert rassemble les conditions id\u00e9ales pour quiconque cherche \u00e0 vivre le moment pr\u00e9sent.<\/p>\n<\/div>\n<\/div>\n<\/div>\n<\/div>\n<\/div>\n<\/div>\n<div class=\"standard_wrapper\">\n<div  class=\"one_half last withsmallpadding ppb_text\" style=\"text-align:left;padding:30px 0 30px 0;\" >\n<div class=\"standard_wrapper\">\n<div class=\"page_content_wrapper\">\n<div class=\"inner\">\n<div style=\"margin:auto;width:100%\">\n<p><img decoding=\"async\" loading=\"lazy\" class=\"aligncenter size-full wp-image-6330\" src=\"https:\/\/awe-amazonia.com\/wp-content\/uploads\/2020\/12\/explication-guide-foret-amazonienne.jpg\" alt=\"guide foret amazonienne\" width=\"637\" height=\"424\" \/><\/p>\n<h4 class=\"p1\" style=\"text-align: center;\"><span class=\"s1\"><b>La Conscientisation<\/b><\/span><\/h4>\n<p style=\"text-align: center;\">Des exp\u00e9ditions sur mesure, des aventures uniques, des moments privil\u00e9gi\u00e9s en symbiose avec la nature pour trouver les cl\u00e9s de sa propre libert\u00e9. Relativiser sur sa condition, sur son quotidien, d\u00e9couvrir une autre r\u00e9alit\u00e9, celle du respect profond ou l\u2019inconnu d\u00e9gage une soif de d\u00e9couverte.<\/p>\n<\/div>\n<\/div>\n<\/div>\n<\/div>\n<\/div>\n<\/div>\n<div class=\"standard_wrapper\">\n<div  class=\"one_half last withsmallpadding ppb_text\" style=\"text-align:left;padding:30px 0 30px 0;\" >\n<div class=\"standard_wrapper\">\n<div class=\"page_content_wrapper\">\n<div class=\"inner\">\n<div style=\"margin:auto;width:100%\">\n<p><img decoding=\"async\" loading=\"lazy\" class=\"aligncenter size-full wp-image-6330\" src=\"https:\/\/awe-amazonia.com\/wp-content\/uploads\/2020\/12\/explication-guide-foret-amazonienne.jpg\" alt=\"guide foret amazonienne\" width=\"637\" height=\"424\" \/><\/p>\n<h4 class=\"p1\" style=\"text-align: center;\"><span class=\"s1\"><b>La Conscientisation<\/b><\/span><\/h4>\n<p style=\"text-align: center;\">Des exp\u00e9ditions sur mesure, des aventures uniques, des moments privil\u00e9gi\u00e9s en symbiose avec la nature pour trouver les cl\u00e9s de sa propre libert\u00e9. Relativiser sur sa condition, sur son quotidien, d\u00e9couvrir une autre r\u00e9alit\u00e9, celle du respect profond ou l\u2019inconnu d\u00e9gage une soif de d\u00e9couverte.<\/p>\n<\/div>\n<\/div>\n<\/div>\n<\/div>\n<\/div>\n<\/div>\n<div class=\"standard_wrapper\">\n<div  class=\"one_half withsmallpadding ppb_text\" style=\"text-align:left;padding:30px 0 30px 0;\" >\n<div class=\"standard_wrapper\">\n<div class=\"page_content_wrapper\">\n<div class=\"inner\">\n<div style=\"margin:auto;width:100%\">\n<p><img decoding=\"async\" loading=\"lazy\" class=\"aligncenter size-full wp-image-6059\" src=\"https:\/\/awe-amazonia.com\/wp-content\/uploads\/2020\/12\/Tatou-1.jpg\" alt=\"tatou\" width=\"900\" height=\"608\" \/><\/p>\n<h4 class=\"p1\" style=\"text-align: center;\"><span class=\"s1\"><b>La Pr\u00e9servation<\/b><\/span><\/h4>\n<p style=\"text-align: center;\">L\u2019Amazonie est une terre en feu, litt\u00e9ralement ou de forme romanesque selon les p\u00e9riodes, cette terre souffre. En contraste avec son immensit\u00e9 majestueuse, elle n\u2019est qu\u2019\u00e9quilibre fragile. Un des derniers fiefs de la cr\u00e9ation divine. Diss\u00e9miner la connaissance de ces recoins c\u2019est multiplier ses disciples, fortifier sa protection, c&#8217;est ce qui nous anime.<\/p>\n<\/div>\n<\/div>\n<\/div>\n<\/div>\n<\/div>\n<\/div>\n<div class=\"standard_wrapper\">\n<div  class=\"one_half last withsmallpadding ppb_text\" style=\"text-align:left;padding:30px 0 30px 0;\" >\n<div class=\"standard_wrapper\">\n<div class=\"page_content_wrapper\">\n<div class=\"inner\">\n<div style=\"margin:auto;width:100%\">\n<p><img decoding=\"async\" loading=\"lazy\" class=\"aligncenter size-full wp-image-6144\" src=\"https:\/\/awe-amazonia.com\/wp-content\/uploads\/2020\/12\/bivouac.jpg\" alt=\"guide accompagne vivouac amazonie\" width=\"840\" height=\"560\" \/><\/p>\n<h4 class=\"p1\" style=\"text-align: center;\"><span class=\"s1\"><b>L&#8217;Autonomie<\/b><\/span><\/h4>\n<p style=\"text-align: center;\">Nous sommes investis pour lutter face aux menaces qui p\u00e8sent sur l\u2019Amazonie. Pour ce faire, nos exp\u00e9ditions se doivent d\u2019\u00eatre \u00ab durable \u00bb, seules nos traces de pas resterons dans la jungle. Au final, nous ne sommes que des invit\u00e9s.<\/p>\n<\/div>\n<\/div>\n<\/div>\n<\/div>\n<\/div>\n<\/div>\n<div class=\"standard_wrapper\">\n<div  class=\"one_half last withsmallpadding ppb_text\" style=\"text-align:left;padding:30px 0 30px 0;\" >\n<div class=\"standard_wrapper\">\n<div class=\"page_content_wrapper\">\n<div class=\"inner\">\n<div style=\"margin:auto;width:100%\">\n<p><img decoding=\"async\" loading=\"lazy\" class=\"aligncenter size-full wp-image-6144\" src=\"https:\/\/awe-amazonia.com\/wp-content\/uploads\/2020\/12\/bivouac.jpg\" alt=\"guide accompagne vivouac amazonie\" width=\"840\" height=\"560\" \/><\/p>\n<h4 class=\"p1\" style=\"text-align: center;\"><span class=\"s1\"><b>L&#8217;Autonomie<\/b><\/span><\/h4>\n<p style=\"text-align: center;\">Nous sommes investis pour lutter face aux menaces qui p\u00e8sent sur l\u2019Amazonie. Pour ce faire, nos exp\u00e9ditions se doivent d\u2019\u00eatre \u00ab durable \u00bb, seules nos traces de pas resterons dans la jungle. Au final, nous ne sommes que des invit\u00e9s.<\/p>\n<\/div>\n<\/div>\n<\/div>\n<\/div>\n<\/div>\n<\/div>\n","protected":false},"excerpt":{"rendered":"<p>Aimer et Respecter On vit pour ressentir. Ressentir des \u00e9motions fortes ou douces, se sentir vibrer, avoir conscience de ce qui nous rend vraiment heureux. C&#8217;est cette urgence de vie, cette mission d&#8217;offrir \u00e0 chacun la possibilit\u00e9 de vivre en [&hellip;]<\/p>\n","protected":false},"author":2,"featured_media":6148,"parent":0,"menu_order":0,"comment_status":"closed","ping_status":"closed","template":"","meta":{"iawp_total_views":98,"footnotes":""},"class_list":["post-4522","page","type-page","status-publish","has-post-thumbnail","hentry"],"yoast_head":"<!-- This site is optimized with the Yoast SEO plugin v27.1.1 - https:\/\/yoast.com\/product\/yoast-seo-wordpress\/ -->\n<title>Nos valeurs et notre engagement - Amazonia Wild Experience<\/title>\n<meta name=\"robots\" content=\"index, follow, max-snippet:-1, max-image-preview:large, max-video-preview:-1\" \/>\n<link rel=\"canonical\" href=\"http:\/\/awe-amazonia.com\/index.php\/nos-valeurs-et-notre-engagement\/\" \/>\n<meta property=\"og:locale\" content=\"fr_FR\" \/>\n<meta property=\"og:type\" content=\"article\" \/>\n<meta property=\"og:title\" content=\"Nos valeurs et notre engagement - Amazonia Wild Experience\" \/>\n<meta property=\"og:description\" content=\"Aimer et Respecter On vit pour ressentir. Ressentir des \u00e9motions fortes ou douces, se sentir vibrer, avoir conscience de ce qui nous rend vraiment heureux. C&#8217;est cette urgence de vie, cette mission d&#8217;offrir \u00e0 chacun la possibilit\u00e9 de vivre en [&hellip;]\" \/>\n<meta property=\"og:url\" content=\"http:\/\/awe-amazonia.com\/index.php\/nos-valeurs-et-notre-engagement\/\" \/>\n<meta property=\"og:site_name\" content=\"Amazonia Wild Experience\" \/>\n<meta property=\"article:modified_time\" content=\"2021-01-15T15:03:34+00:00\" \/>\n<meta property=\"og:image\" content=\"https:\/\/awe-amazonia.com\/wp-content\/uploads\/2020\/12\/fille-chef-tribu-guyana.jpg\" \/>\n\t<meta property=\"og:image:width\" content=\"1911\" \/>\n\t<meta property=\"og:image:height\" content=\"1274\" \/>\n\t<meta property=\"og:image:type\" content=\"image\/jpeg\" \/>\n<meta name=\"twitter:card\" content=\"summary_large_image\" \/>\n<meta name=\"twitter:label1\" content=\"Dur\u00e9e de lecture estim\u00e9e\" \/>\n\t<meta name=\"twitter:data1\" content=\"2 minutes\" \/>\n<script type=\"application\/ld+json\" class=\"yoast-schema-graph\">{\"@context\":\"https:\/\/schema.org\",\"@graph\":[{\"@type\":\"WebPage\",\"@id\":\"http:\/\/awe-amazonia.com\/index.php\/nos-valeurs-et-notre-engagement\/\",\"url\":\"http:\/\/awe-amazonia.com\/index.php\/nos-valeurs-et-notre-engagement\/\",\"name\":\"Nos valeurs et notre engagement - Amazonia Wild Experience\",\"isPartOf\":{\"@id\":\"https:\/\/awe-amazonia.com\/#website\"},\"primaryImageOfPage\":{\"@id\":\"http:\/\/awe-amazonia.com\/index.php\/nos-valeurs-et-notre-engagement\/#primaryimage\"},\"image\":{\"@id\":\"http:\/\/awe-amazonia.com\/index.php\/nos-valeurs-et-notre-engagement\/#primaryimage\"},\"thumbnailUrl\":\"http:\/\/awe-amazonia.com\/wp-content\/uploads\/2020\/12\/fille-chef-tribu-guyana.jpg\",\"datePublished\":\"2020-09-20T15:35:04+00:00\",\"dateModified\":\"2021-01-15T15:03:34+00:00\",\"breadcrumb\":{\"@id\":\"http:\/\/awe-amazonia.com\/index.php\/nos-valeurs-et-notre-engagement\/#breadcrumb\"},\"inLanguage\":\"fr-FR\",\"potentialAction\":[{\"@type\":\"ReadAction\",\"target\":[\"http:\/\/awe-amazonia.com\/index.php\/nos-valeurs-et-notre-engagement\/\"]}]},{\"@type\":\"ImageObject\",\"inLanguage\":\"fr-FR\",\"@id\":\"http:\/\/awe-amazonia.com\/index.php\/nos-valeurs-et-notre-engagement\/#primaryimage\",\"url\":\"http:\/\/awe-amazonia.com\/wp-content\/uploads\/2020\/12\/fille-chef-tribu-guyana.jpg\",\"contentUrl\":\"http:\/\/awe-amazonia.com\/wp-content\/uploads\/2020\/12\/fille-chef-tribu-guyana.jpg\",\"width\":1911,\"height\":1274,\"caption\":\"tribu am\u00e9rindienne visite guyana\"},{\"@type\":\"BreadcrumbList\",\"@id\":\"http:\/\/awe-amazonia.com\/index.php\/nos-valeurs-et-notre-engagement\/#breadcrumb\",\"itemListElement\":[{\"@type\":\"ListItem\",\"position\":1,\"name\":\"Accueil\",\"item\":\"https:\/\/awe-amazonia.com\/\"},{\"@type\":\"ListItem\",\"position\":2,\"name\":\"Nos valeurs et notre engagement\"}]},{\"@type\":\"WebSite\",\"@id\":\"https:\/\/awe-amazonia.com\/#website\",\"url\":\"https:\/\/awe-amazonia.com\/\",\"name\":\"Amazonia Wild Experience\",\"description\":\"Voyage sur mesure en Amazonie - Aventures au Br\u00e9sil et au Guyana\",\"publisher\":{\"@id\":\"https:\/\/awe-amazonia.com\/#organization\"},\"potentialAction\":[{\"@type\":\"SearchAction\",\"target\":{\"@type\":\"EntryPoint\",\"urlTemplate\":\"https:\/\/awe-amazonia.com\/?s={search_term_string}\"},\"query-input\":{\"@type\":\"PropertyValueSpecification\",\"valueRequired\":true,\"valueName\":\"search_term_string\"}}],\"inLanguage\":\"fr-FR\"},{\"@type\":\"Organization\",\"@id\":\"https:\/\/awe-amazonia.com\/#organization\",\"name\":\"Amazonia Wild Experience\",\"url\":\"https:\/\/awe-amazonia.com\/\",\"logo\":{\"@type\":\"ImageObject\",\"inLanguage\":\"fr-FR\",\"@id\":\"https:\/\/awe-amazonia.com\/#\/schema\/logo\/image\/\",\"url\":\"https:\/\/awe-amazonia.com\/wp-content\/uploads\/2020\/09\/cropped-Logo.png\",\"contentUrl\":\"https:\/\/awe-amazonia.com\/wp-content\/uploads\/2020\/09\/cropped-Logo.png\",\"width\":512,\"height\":512,\"caption\":\"Amazonia Wild Experience\"},\"image\":{\"@id\":\"https:\/\/awe-amazonia.com\/#\/schema\/logo\/image\/\"}}]}<\/script>\n<!-- \/ Yoast SEO plugin. -->","yoast_head_json":{"title":"Nos valeurs et notre engagement - Amazonia Wild Experience","robots":{"index":"index","follow":"follow","max-snippet":"max-snippet:-1","max-image-preview":"max-image-preview:large","max-video-preview":"max-video-preview:-1"},"canonical":"http:\/\/awe-amazonia.com\/index.php\/nos-valeurs-et-notre-engagement\/","og_locale":"fr_FR","og_type":"article","og_title":"Nos valeurs et notre engagement - Amazonia Wild Experience","og_description":"Aimer et Respecter On vit pour ressentir. Ressentir des \u00e9motions fortes ou douces, se sentir vibrer, avoir conscience de ce qui nous rend vraiment heureux. C&#8217;est cette urgence de vie, cette mission d&#8217;offrir \u00e0 chacun la possibilit\u00e9 de vivre en [&hellip;]","og_url":"http:\/\/awe-amazonia.com\/index.php\/nos-valeurs-et-notre-engagement\/","og_site_name":"Amazonia Wild Experience","article_modified_time":"2021-01-15T15:03:34+00:00","og_image":[{"width":1911,"height":1274,"url":"https:\/\/awe-amazonia.com\/wp-content\/uploads\/2020\/12\/fille-chef-tribu-guyana.jpg","type":"image\/jpeg"}],"twitter_card":"summary_large_image","twitter_misc":{"Dur\u00e9e de lecture estim\u00e9e":"2 minutes"},"schema":{"@context":"https:\/\/schema.org","@graph":[{"@type":"WebPage","@id":"http:\/\/awe-amazonia.com\/index.php\/nos-valeurs-et-notre-engagement\/","url":"http:\/\/awe-amazonia.com\/index.php\/nos-valeurs-et-notre-engagement\/","name":"Nos valeurs et notre engagement - Amazonia Wild Experience","isPartOf":{"@id":"https:\/\/awe-amazonia.com\/#website"},"primaryImageOfPage":{"@id":"http:\/\/awe-amazonia.com\/index.php\/nos-valeurs-et-notre-engagement\/#primaryimage"},"image":{"@id":"http:\/\/awe-amazonia.com\/index.php\/nos-valeurs-et-notre-engagement\/#primaryimage"},"thumbnailUrl":"http:\/\/awe-amazonia.com\/wp-content\/uploads\/2020\/12\/fille-chef-tribu-guyana.jpg","datePublished":"2020-09-20T15:35:04+00:00","dateModified":"2021-01-15T15:03:34+00:00","breadcrumb":{"@id":"http:\/\/awe-amazonia.com\/index.php\/nos-valeurs-et-notre-engagement\/#breadcrumb"},"inLanguage":"fr-FR","potentialAction":[{"@type":"ReadAction","target":["http:\/\/awe-amazonia.com\/index.php\/nos-valeurs-et-notre-engagement\/"]}]},{"@type":"ImageObject","inLanguage":"fr-FR","@id":"http:\/\/awe-amazonia.com\/index.php\/nos-valeurs-et-notre-engagement\/#primaryimage","url":"http:\/\/awe-amazonia.com\/wp-content\/uploads\/2020\/12\/fille-chef-tribu-guyana.jpg","contentUrl":"http:\/\/awe-amazonia.com\/wp-content\/uploads\/2020\/12\/fille-chef-tribu-guyana.jpg","width":1911,"height":1274,"caption":"tribu am\u00e9rindienne visite guyana"},{"@type":"BreadcrumbList","@id":"http:\/\/awe-amazonia.com\/index.php\/nos-valeurs-et-notre-engagement\/#breadcrumb","itemListElement":[{"@type":"ListItem","position":1,"name":"Accueil","item":"https:\/\/awe-amazonia.com\/"},{"@type":"ListItem","position":2,"name":"Nos valeurs et notre engagement"}]},{"@type":"WebSite","@id":"https:\/\/awe-amazonia.com\/#website","url":"https:\/\/awe-amazonia.com\/","name":"Amazonia Wild Experience","description":"Voyage sur mesure en Amazonie - Aventures au Br\u00e9sil et au Guyana","publisher":{"@id":"https:\/\/awe-amazonia.com\/#organization"},"potentialAction":[{"@type":"SearchAction","target":{"@type":"EntryPoint","urlTemplate":"https:\/\/awe-amazonia.com\/?s={search_term_string}"},"query-input":{"@type":"PropertyValueSpecification","valueRequired":true,"valueName":"search_term_string"}}],"inLanguage":"fr-FR"},{"@type":"Organization","@id":"https:\/\/awe-amazonia.com\/#organization","name":"Amazonia Wild Experience","url":"https:\/\/awe-amazonia.com\/","logo":{"@type":"ImageObject","inLanguage":"fr-FR","@id":"https:\/\/awe-amazonia.com\/#\/schema\/logo\/image\/","url":"https:\/\/awe-amazonia.com\/wp-content\/uploads\/2020\/09\/cropped-Logo.png","contentUrl":"https:\/\/awe-amazonia.com\/wp-content\/uploads\/2020\/09\/cropped-Logo.png","width":512,"height":512,"caption":"Amazonia Wild Experience"},"image":{"@id":"https:\/\/awe-amazonia.com\/#\/schema\/logo\/image\/"}}]}},"_links":{"self":[{"href":"http:\/\/awe-amazonia.com\/index.php\/wp-json\/wp\/v2\/pages\/4522","targetHints":{"allow":["GET"]}}],"collection":[{"href":"http:\/\/awe-amazonia.com\/index.php\/wp-json\/wp\/v2\/pages"}],"about":[{"href":"http:\/\/awe-amazonia.com\/index.php\/wp-json\/wp\/v2\/types\/page"}],"author":[{"embeddable":true,"href":"http:\/\/awe-amazonia.com\/index.php\/wp-json\/wp\/v2\/users\/2"}],"replies":[{"embeddable":true,"href":"http:\/\/awe-amazonia.com\/index.php\/wp-json\/wp\/v2\/comments?post=4522"}],"version-history":[{"count":43,"href":"http:\/\/awe-amazonia.com\/index.php\/wp-json\/wp\/v2\/pages\/4522\/revisions"}],"predecessor-version":[{"id":5977,"href":"http:\/\/awe-amazonia.com\/index.php\/wp-json\/wp\/v2\/pages\/4522\/revisions\/5977"}],"wp:featuredmedia":[{"embeddable":true,"href":"http:\/\/awe-amazonia.com\/index.php\/wp-json\/wp\/v2\/media\/6148"}],"wp:attachment":[{"href":"http:\/\/awe-amazonia.com\/index.php\/wp-json\/wp\/v2\/media?parent=4522"}],"curies":[{"name":"wp","href":"https:\/\/api.w.org\/{rel}","templated":true}]}}