{"id":4551,"date":"2020-09-21T10:27:26","date_gmt":"2020-09-21T08:27:26","guid":{"rendered":"https:\/\/awe-amazonia.com\/?page_id=4551"},"modified":"2023-05-30T15:08:16","modified_gmt":"2023-05-30T13:08:16","slug":"legendes-de-l-amazonie","status":"publish","type":"page","link":"http:\/\/awe-amazonia.com\/index.php\/legendes-de-l-amazonie\/","title":{"rendered":"L\u00e9gendes de l&#8217;Amazonie"},"content":{"rendered":"<div  class=\"one withsmallpadding ppb_header \" style=\"text-align:left;padding:30px 0 30px 0;\" >\n<div class=\"standard_wrapper\">\n<div class=\"page_content_wrapper\">\n<div class=\"inner\">\n<div style=\"margin:auto;width:100%\">\n<h2 class=\"ppb_title\" style=\"\">Les L\u00e9gendes de l&#039;Amazonie au Br\u00e9sil : Myst\u00e8res et R\u00e9cits Envo\u00fbtants de la For\u00eat Tropicale<\/h2>\n<div class=\"ppb_header_content\">\n<p style=\"text-align: left;\">L\u2019Amazonie, dont le nom s\u2019inspire des guerri\u00e8res de la mythologie grecque, a toujours exalt\u00e9 l\u2019imaginaire collectif.<br \/>\nQuel voyageur n\u2019a pas un jour r\u00eav\u00e9 remonter aux sources de la vie sur notre plan\u00e8te, avec en t\u00eate la d\u00e9mesure d\u2019un fleuve fascinant, des images d\u2019arbres g\u00e9ants et d\u2019animaux magnifiques et surprenants ?<\/p>\n<p style=\"text-align: left;\">La v\u00e9ritable nature de l\u2019Amazonie ne r\u00e9side pas dans les superlatifs, mais dans les exp\u00e9riences simples qui conf\u00e8rent toute sa dimension \u00e0 un territoire de l\u00e9gende : parcourir en pirogue la for\u00eat inond\u00e9e, s\u2019assoupir dans un hamac en pleine for\u00eat, se r\u00e9veiller aux cris des singes hurleurs, d\u00e9couvrir les traditions am\u00e9rindiennes.<\/p>\n<div class=\"flex flex-grow flex-col gap-3\">\n<div class=\"min-h-[20px] flex flex-col items-start gap-4 whitespace-pre-wrap break-words\">\n<div class=\"markdown prose w-full break-words dark:prose-invert light\">\n<hr \/>\n<h3 style=\"text-align: left;\"><strong>Les L\u00e9gendes de l&rsquo;Amazonie au Br\u00e9sil : Myst\u00e8res et R\u00e9cits Envo\u00fbtants de la For\u00eat Tropicale<\/strong><\/h3>\n<p style=\"text-align: left;\">Bienvenue dans le monde mystique de l&rsquo;Amazonie br\u00e9silienne, o\u00f9 les l\u00e9gendes et les r\u00e9cits ancestraux se m\u00ealent \u00e0 la beaut\u00e9 sauvage de la for\u00eat tropicale. D\u00e9couvrez un h\u00e9ritage culturel riche en histoires envo\u00fbtantes qui ont \u00e9t\u00e9 transmises de g\u00e9n\u00e9ration en g\u00e9n\u00e9ration par les peuples indig\u00e8nes de cette r\u00e9gion unique. Plongez dans un univers o\u00f9 les esprits de la nature, les cr\u00e9atures fantastiques et les \u00eatres mythiques habitent les profondeurs de la jungle.<\/p>\n<h3 style=\"text-align: left;\"><strong>Explorez les l\u00e9gendes fascinantes de l&rsquo;Amazonie<\/strong><\/h3>\n<p style=\"text-align: left;\">Notre page d\u00e9di\u00e9e aux l\u00e9gendes de l&rsquo;Amazonie vous invite \u00e0 explorer les r\u00e9cits fascinants qui ont fa\u00e7onn\u00e9 l&rsquo;imagination des habitants de cette terre depuis des si\u00e8cles. D\u00e9couvrez l&rsquo;histoire du Boto, un dauphin l\u00e9gendaire qui se m\u00e9tamorphose en s\u00e9ducteur charmeur \u00e0 la tomb\u00e9e de la nuit. Laissez-vous captiver par le mythe de l&rsquo;Iara, une belle sir\u00e8ne amazonienne qui attire les hommes avec sa voix enchanteresse. Plongez dans les r\u00e9cits de l&rsquo;homme-ca\u00efman, une cr\u00e9ature mi-humaine mi-reptile qui hante les rivi\u00e8res de l&rsquo;Amazonie.<\/p>\n<\/div>\n<\/div>\n<\/div>\n<\/div>\n<\/div>\n<\/div>\n<\/div>\n<\/div>\n<\/div>\n<div  class=\"one withsmallpadding ppb_text\" style=\"text-align:left;padding:30px 0 30px 0;\" >\n<div class=\"standard_wrapper\">\n<div class=\"page_content_wrapper\">\n<div class=\"inner\">\n<div style=\"margin:auto;width:100%\">\n<p style=\"text-align: left;\">\n<div class=\"one_third \" style=\"\"><img decoding=\"async\" src=\"https:\/\/awe-amazonia.com\/wp-content\/uploads\/2020\/09\/Novoa-Microsoft-PowerPoint-Presentation.jpg\" alt=\"\" class=\"\" data-animation=\"\" style=\"\" \/><\/div>\n<div class=\"two_third last \" style=\"\">\n<p style=\"text-align: right;\">.<\/p>\n<p>\u00a0<\/p>\n<h3 style=\"text-align: center;\">La l\u00e9gende des Amazones<\/h3>\n<p>\u00a0<\/p>\n<p>En 1542, l\u2019Espagnol Orellana, parti de Quito sur la c\u00f4te Pacifique, traverse les Andes avec ses hommes en casque de fer, et, redescendant par la rivi\u00e8re Coca, rejoint un immense fleuve. Affam\u00e9s, les conquistadors mangent jusqu\u2019\u00e0 leurs chaussures. Ils sont attaqu\u00e9s, selon les sources, par des Indiens Cumuris, imberbes, qu\u2019Orellana prend pour des femmes et pour de vraies guerri\u00e8res, arm\u00e9es d\u2019arcs et allant nues. Gaspar de Carvajal, le p\u00e8re de l\u2019exp\u00e9dition, baptisera ce fleuve \u00ab Amazone \u00bb.<\/p>\n<\/div>\n<p><br class=\"clear\"\/><\/p>\n<\/div>\n<\/div>\n<\/div>\n<\/div>\n<\/div>\n<div  class=\"one withsmallpadding ppb_text\" style=\"text-align:left;padding:30px 0 30px 0;\" >\n<div class=\"standard_wrapper\">\n<div class=\"page_content_wrapper\">\n<div class=\"inner\">\n<div style=\"margin:auto;width:100%\">\n<p style=\"text-align: left;\">\n<div class=\"two_third \" style=\"\">\n<p style=\"text-align: right;\">.<\/p>\n<p>\u00a0<\/p>\n<p>\u00a0<\/p>\n<p>\u00a0<\/p>\n<h3 style=\"text-align: center;\">La l\u00e9gende du Dauphin rose d&rsquo;Amazonie<\/h3>\n<p>\u00a0<\/p>\n<p>Selon la l\u00e9gende courante en Amazonie, on dit que le Boto se transforme en un beau et charmant gar\u00e7on habill\u00e9 de blanc et qui porte un chapeau. Il est excellent danseur et boit beaucoup. Lors des f\u00eates, il s\u00e9duit les plus belles filles et les invite \u00e0 un rendez-vous amoureux au bord de la rivi\u00e8re. Ils y font l\u2019amour, apr\u00e8s quoi le beau gar\u00e7on redevient Boto, replonge dans les eaux de la rivi\u00e8re et dispara\u00eet \u2026\n<\/p>\n<\/div>\n<div class=\"one_third last \" style=\"\">\n<p style=\"text-align: right;\">.<\/p>\n<p><img decoding=\"async\" src=\"https:\/\/awe-amazonia.com\/wp-content\/uploads\/2020\/10\/25999eda04d32c09cacaea6d9f9203732e36d9f7_hq-1.jpg\" alt=\"\" class=\"\" data-animation=\"\" style=\"\" \/><\/div>\n<p><br class=\"clear\"\/><\/p>\n<\/div>\n<\/div>\n<\/div>\n<\/div>\n<\/div>\n<div  class=\"one withsmallpadding ppb_text\" style=\"text-align:left;padding:30px 0 30px 0;\" >\n<div class=\"standard_wrapper\">\n<div class=\"page_content_wrapper\">\n<div class=\"inner\">\n<div style=\"margin:auto;width:100%\">\n<p style=\"text-align: left;\">\n<div class=\"one_third \" style=\"\"><img decoding=\"async\" src=\"https:\/\/awe-amazonia.com\/wp-content\/uploads\/2020\/10\/jj.jpg\" alt=\"\" class=\"\" data-animation=\"\" style=\"\" \/><\/div>\n<div class=\"two_third last \" style=\"\">\n<p style=\"text-align: right;\">.<\/p>\n<p>\u00a0<\/p>\n<h3 style=\"text-align: center;\">La l\u00e9gende de Yara<\/h3>\n<p>\u00a0<\/p>\n<p>D\u2019apr\u00e8s la l\u00e9gende, Yara \u00e9tait une guerri\u00e8re indienne. Elle recevait beaucoup d\u2019\u00e9loges de son p\u00e8re chef de la tribu, mais ses fr\u00e8res \u00e9taient jaloux et tent\u00e8rent de la tuer dans son sommeil. Yara contra l\u2019attaque et les tua. Craignant les foudres de son p\u00e8re, elle fuit dans la jungle. Ce dernier la rattrapa et la jeta \u00e0 l\u2019endroit o\u00f9 se rencontrent les eaux (Rio Negro et Solim\u00f5es), des poissons la ramen\u00e8rent \u00e0 la superficie et la transform\u00e8rent en une belle sir\u00e8ne !<\/p>\n<p>Yara vit d\u00e9sormais dans les eaux du fleuve o\u00f9 elle chante de sa voix merveilleuse dans le but d\u2019attirer les hommes de passage. Malheur \u00e0 ceux qui succombent aux charmes de sa voix : elle les emm\u00e8nera vers les profondeurs d\u2019o\u00f9 ils ne reviendront jamais.\n<\/p>\n<\/div>\n<p><br class=\"clear\"\/><\/p>\n<\/div>\n<\/div>\n<\/div>\n<\/div>\n<\/div>\n","protected":false},"excerpt":{"rendered":"<p>Les L\u00e9gendes de l&#039;Amazonie au Br\u00e9sil : Myst\u00e8res et R\u00e9cits Envo\u00fbtants de la For\u00eat Tropicale L\u2019Amazonie, dont le nom s\u2019inspire des guerri\u00e8res de la mythologie grecque, a toujours exalt\u00e9 l\u2019imaginaire collectif. Quel voyageur n\u2019a pas un jour r\u00eav\u00e9 remonter aux [&hellip;]<\/p>\n","protected":false},"author":1,"featured_media":5004,"parent":0,"menu_order":0,"comment_status":"closed","ping_status":"closed","template":"","meta":{"iawp_total_views":1548,"footnotes":""},"class_list":["post-4551","page","type-page","status-publish","has-post-thumbnail","hentry"],"yoast_head":"<!-- This site is optimized with the Yoast SEO plugin v27.1.1 - https:\/\/yoast.com\/product\/yoast-seo-wordpress\/ -->\n<title>L\u00e9gendes de l&#039;Amazonie au Br\u00e9sil<\/title>\n<meta name=\"description\" content=\"D\u00e9couvrez les l\u00e9gendes envo\u00fbtantes de l&#039;Amazonie br\u00e9silienne. Plongez dans un monde de myst\u00e8res et de r\u00e9cits ancestraux, o\u00f9 les esprits de la nature et les cr\u00e9atures mythiques habitent la for\u00eat tropicale. Explorez les histoires captivantes du Boto, de l&#039;Iara et de l&#039;homme-ca\u00efman, et plongez dans la richesse culturelle des peuples indig\u00e8nes. Laissez-vous transporter par l&#039;univers magique de l&#039;Amazonie et r\u00e9servez votre voyage pour une immersion culturelle inoubliable.\" \/>\n<meta name=\"robots\" content=\"index, follow, max-snippet:-1, max-image-preview:large, max-video-preview:-1\" \/>\n<link rel=\"canonical\" href=\"http:\/\/awe-amazonia.com\/index.php\/legendes-de-l-amazonie\/\" \/>\n<meta property=\"og:locale\" content=\"fr_FR\" \/>\n<meta property=\"og:type\" content=\"article\" \/>\n<meta property=\"og:title\" content=\"L\u00e9gendes de l&#039;Amazonie au Br\u00e9sil\" \/>\n<meta property=\"og:description\" content=\"D\u00e9couvrez les l\u00e9gendes envo\u00fbtantes de l&#039;Amazonie br\u00e9silienne. Plongez dans un monde de myst\u00e8res et de r\u00e9cits ancestraux, o\u00f9 les esprits de la nature et les cr\u00e9atures mythiques habitent la for\u00eat tropicale. Explorez les histoires captivantes du Boto, de l&#039;Iara et de l&#039;homme-ca\u00efman, et plongez dans la richesse culturelle des peuples indig\u00e8nes. Laissez-vous transporter par l&#039;univers magique de l&#039;Amazonie et r\u00e9servez votre voyage pour une immersion culturelle inoubliable.\" \/>\n<meta property=\"og:url\" content=\"http:\/\/awe-amazonia.com\/index.php\/legendes-de-l-amazonie\/\" \/>\n<meta property=\"og:site_name\" content=\"Amazonia Wild Experience\" \/>\n<meta property=\"article:modified_time\" content=\"2023-05-30T13:08:16+00:00\" \/>\n<meta property=\"og:image\" content=\"https:\/\/awe-amazonia.com\/wp-content\/uploads\/2020\/09\/mapa-rio-amazonas.jpg\" \/>\n\t<meta property=\"og:image:width\" content=\"730\" \/>\n\t<meta property=\"og:image:height\" content=\"472\" \/>\n\t<meta property=\"og:image:type\" content=\"image\/jpeg\" \/>\n<meta name=\"twitter:card\" content=\"summary_large_image\" \/>\n<meta name=\"twitter:label1\" content=\"Dur\u00e9e de lecture estim\u00e9e\" \/>\n\t<meta name=\"twitter:data1\" content=\"4 minutes\" \/>\n<script type=\"application\/ld+json\" class=\"yoast-schema-graph\">{\"@context\":\"https:\/\/schema.org\",\"@graph\":[{\"@type\":\"WebPage\",\"@id\":\"http:\/\/awe-amazonia.com\/index.php\/legendes-de-l-amazonie\/\",\"url\":\"http:\/\/awe-amazonia.com\/index.php\/legendes-de-l-amazonie\/\",\"name\":\"L\u00e9gendes de l'Amazonie au Br\u00e9sil\",\"isPartOf\":{\"@id\":\"https:\/\/awe-amazonia.com\/#website\"},\"primaryImageOfPage\":{\"@id\":\"http:\/\/awe-amazonia.com\/index.php\/legendes-de-l-amazonie\/#primaryimage\"},\"image\":{\"@id\":\"http:\/\/awe-amazonia.com\/index.php\/legendes-de-l-amazonie\/#primaryimage\"},\"thumbnailUrl\":\"http:\/\/awe-amazonia.com\/wp-content\/uploads\/2020\/09\/mapa-rio-amazonas.jpg\",\"datePublished\":\"2020-09-21T08:27:26+00:00\",\"dateModified\":\"2023-05-30T13:08:16+00:00\",\"description\":\"D\u00e9couvrez les l\u00e9gendes envo\u00fbtantes de l'Amazonie br\u00e9silienne. Plongez dans un monde de myst\u00e8res et de r\u00e9cits ancestraux, o\u00f9 les esprits de la nature et les cr\u00e9atures mythiques habitent la for\u00eat tropicale. Explorez les histoires captivantes du Boto, de l'Iara et de l'homme-ca\u00efman, et plongez dans la richesse culturelle des peuples indig\u00e8nes. Laissez-vous transporter par l'univers magique de l'Amazonie et r\u00e9servez votre voyage pour une immersion culturelle inoubliable.\",\"breadcrumb\":{\"@id\":\"http:\/\/awe-amazonia.com\/index.php\/legendes-de-l-amazonie\/#breadcrumb\"},\"inLanguage\":\"fr-FR\",\"potentialAction\":[{\"@type\":\"ReadAction\",\"target\":[\"http:\/\/awe-amazonia.com\/index.php\/legendes-de-l-amazonie\/\"]}]},{\"@type\":\"ImageObject\",\"inLanguage\":\"fr-FR\",\"@id\":\"http:\/\/awe-amazonia.com\/index.php\/legendes-de-l-amazonie\/#primaryimage\",\"url\":\"http:\/\/awe-amazonia.com\/wp-content\/uploads\/2020\/09\/mapa-rio-amazonas.jpg\",\"contentUrl\":\"http:\/\/awe-amazonia.com\/wp-content\/uploads\/2020\/09\/mapa-rio-amazonas.jpg\",\"width\":730,\"height\":472,\"caption\":\"vieille carte de l'amazonie\"},{\"@type\":\"BreadcrumbList\",\"@id\":\"http:\/\/awe-amazonia.com\/index.php\/legendes-de-l-amazonie\/#breadcrumb\",\"itemListElement\":[{\"@type\":\"ListItem\",\"position\":1,\"name\":\"Accueil\",\"item\":\"https:\/\/awe-amazonia.com\/\"},{\"@type\":\"ListItem\",\"position\":2,\"name\":\"L\u00e9gendes de l&#8217;Amazonie\"}]},{\"@type\":\"WebSite\",\"@id\":\"https:\/\/awe-amazonia.com\/#website\",\"url\":\"https:\/\/awe-amazonia.com\/\",\"name\":\"Amazonia Wild Experience\",\"description\":\"Voyage sur mesure en Amazonie - Aventures au Br\u00e9sil et au Guyana\",\"publisher\":{\"@id\":\"https:\/\/awe-amazonia.com\/#organization\"},\"potentialAction\":[{\"@type\":\"SearchAction\",\"target\":{\"@type\":\"EntryPoint\",\"urlTemplate\":\"https:\/\/awe-amazonia.com\/?s={search_term_string}\"},\"query-input\":{\"@type\":\"PropertyValueSpecification\",\"valueRequired\":true,\"valueName\":\"search_term_string\"}}],\"inLanguage\":\"fr-FR\"},{\"@type\":\"Organization\",\"@id\":\"https:\/\/awe-amazonia.com\/#organization\",\"name\":\"Amazonia Wild Experience\",\"url\":\"https:\/\/awe-amazonia.com\/\",\"logo\":{\"@type\":\"ImageObject\",\"inLanguage\":\"fr-FR\",\"@id\":\"https:\/\/awe-amazonia.com\/#\/schema\/logo\/image\/\",\"url\":\"https:\/\/awe-amazonia.com\/wp-content\/uploads\/2020\/09\/cropped-Logo.png\",\"contentUrl\":\"https:\/\/awe-amazonia.com\/wp-content\/uploads\/2020\/09\/cropped-Logo.png\",\"width\":512,\"height\":512,\"caption\":\"Amazonia Wild Experience\"},\"image\":{\"@id\":\"https:\/\/awe-amazonia.com\/#\/schema\/logo\/image\/\"}}]}<\/script>\n<!-- \/ Yoast SEO plugin. -->","yoast_head_json":{"title":"L\u00e9gendes de l'Amazonie au Br\u00e9sil","description":"D\u00e9couvrez les l\u00e9gendes envo\u00fbtantes de l'Amazonie br\u00e9silienne. Plongez dans un monde de myst\u00e8res et de r\u00e9cits ancestraux, o\u00f9 les esprits de la nature et les cr\u00e9atures mythiques habitent la for\u00eat tropicale. Explorez les histoires captivantes du Boto, de l'Iara et de l'homme-ca\u00efman, et plongez dans la richesse culturelle des peuples indig\u00e8nes. Laissez-vous transporter par l'univers magique de l'Amazonie et r\u00e9servez votre voyage pour une immersion culturelle inoubliable.","robots":{"index":"index","follow":"follow","max-snippet":"max-snippet:-1","max-image-preview":"max-image-preview:large","max-video-preview":"max-video-preview:-1"},"canonical":"http:\/\/awe-amazonia.com\/index.php\/legendes-de-l-amazonie\/","og_locale":"fr_FR","og_type":"article","og_title":"L\u00e9gendes de l'Amazonie au Br\u00e9sil","og_description":"D\u00e9couvrez les l\u00e9gendes envo\u00fbtantes de l'Amazonie br\u00e9silienne. Plongez dans un monde de myst\u00e8res et de r\u00e9cits ancestraux, o\u00f9 les esprits de la nature et les cr\u00e9atures mythiques habitent la for\u00eat tropicale. Explorez les histoires captivantes du Boto, de l'Iara et de l'homme-ca\u00efman, et plongez dans la richesse culturelle des peuples indig\u00e8nes. Laissez-vous transporter par l'univers magique de l'Amazonie et r\u00e9servez votre voyage pour une immersion culturelle inoubliable.","og_url":"http:\/\/awe-amazonia.com\/index.php\/legendes-de-l-amazonie\/","og_site_name":"Amazonia Wild Experience","article_modified_time":"2023-05-30T13:08:16+00:00","og_image":[{"width":730,"height":472,"url":"https:\/\/awe-amazonia.com\/wp-content\/uploads\/2020\/09\/mapa-rio-amazonas.jpg","type":"image\/jpeg"}],"twitter_card":"summary_large_image","twitter_misc":{"Dur\u00e9e de lecture estim\u00e9e":"4 minutes"},"schema":{"@context":"https:\/\/schema.org","@graph":[{"@type":"WebPage","@id":"http:\/\/awe-amazonia.com\/index.php\/legendes-de-l-amazonie\/","url":"http:\/\/awe-amazonia.com\/index.php\/legendes-de-l-amazonie\/","name":"L\u00e9gendes de l'Amazonie au Br\u00e9sil","isPartOf":{"@id":"https:\/\/awe-amazonia.com\/#website"},"primaryImageOfPage":{"@id":"http:\/\/awe-amazonia.com\/index.php\/legendes-de-l-amazonie\/#primaryimage"},"image":{"@id":"http:\/\/awe-amazonia.com\/index.php\/legendes-de-l-amazonie\/#primaryimage"},"thumbnailUrl":"http:\/\/awe-amazonia.com\/wp-content\/uploads\/2020\/09\/mapa-rio-amazonas.jpg","datePublished":"2020-09-21T08:27:26+00:00","dateModified":"2023-05-30T13:08:16+00:00","description":"D\u00e9couvrez les l\u00e9gendes envo\u00fbtantes de l'Amazonie br\u00e9silienne. Plongez dans un monde de myst\u00e8res et de r\u00e9cits ancestraux, o\u00f9 les esprits de la nature et les cr\u00e9atures mythiques habitent la for\u00eat tropicale. Explorez les histoires captivantes du Boto, de l'Iara et de l'homme-ca\u00efman, et plongez dans la richesse culturelle des peuples indig\u00e8nes. Laissez-vous transporter par l'univers magique de l'Amazonie et r\u00e9servez votre voyage pour une immersion culturelle inoubliable.","breadcrumb":{"@id":"http:\/\/awe-amazonia.com\/index.php\/legendes-de-l-amazonie\/#breadcrumb"},"inLanguage":"fr-FR","potentialAction":[{"@type":"ReadAction","target":["http:\/\/awe-amazonia.com\/index.php\/legendes-de-l-amazonie\/"]}]},{"@type":"ImageObject","inLanguage":"fr-FR","@id":"http:\/\/awe-amazonia.com\/index.php\/legendes-de-l-amazonie\/#primaryimage","url":"http:\/\/awe-amazonia.com\/wp-content\/uploads\/2020\/09\/mapa-rio-amazonas.jpg","contentUrl":"http:\/\/awe-amazonia.com\/wp-content\/uploads\/2020\/09\/mapa-rio-amazonas.jpg","width":730,"height":472,"caption":"vieille carte de l'amazonie"},{"@type":"BreadcrumbList","@id":"http:\/\/awe-amazonia.com\/index.php\/legendes-de-l-amazonie\/#breadcrumb","itemListElement":[{"@type":"ListItem","position":1,"name":"Accueil","item":"https:\/\/awe-amazonia.com\/"},{"@type":"ListItem","position":2,"name":"L\u00e9gendes de l&#8217;Amazonie"}]},{"@type":"WebSite","@id":"https:\/\/awe-amazonia.com\/#website","url":"https:\/\/awe-amazonia.com\/","name":"Amazonia Wild Experience","description":"Voyage sur mesure en Amazonie - Aventures au Br\u00e9sil et au Guyana","publisher":{"@id":"https:\/\/awe-amazonia.com\/#organization"},"potentialAction":[{"@type":"SearchAction","target":{"@type":"EntryPoint","urlTemplate":"https:\/\/awe-amazonia.com\/?s={search_term_string}"},"query-input":{"@type":"PropertyValueSpecification","valueRequired":true,"valueName":"search_term_string"}}],"inLanguage":"fr-FR"},{"@type":"Organization","@id":"https:\/\/awe-amazonia.com\/#organization","name":"Amazonia Wild Experience","url":"https:\/\/awe-amazonia.com\/","logo":{"@type":"ImageObject","inLanguage":"fr-FR","@id":"https:\/\/awe-amazonia.com\/#\/schema\/logo\/image\/","url":"https:\/\/awe-amazonia.com\/wp-content\/uploads\/2020\/09\/cropped-Logo.png","contentUrl":"https:\/\/awe-amazonia.com\/wp-content\/uploads\/2020\/09\/cropped-Logo.png","width":512,"height":512,"caption":"Amazonia Wild Experience"},"image":{"@id":"https:\/\/awe-amazonia.com\/#\/schema\/logo\/image\/"}}]}},"_links":{"self":[{"href":"http:\/\/awe-amazonia.com\/index.php\/wp-json\/wp\/v2\/pages\/4551","targetHints":{"allow":["GET"]}}],"collection":[{"href":"http:\/\/awe-amazonia.com\/index.php\/wp-json\/wp\/v2\/pages"}],"about":[{"href":"http:\/\/awe-amazonia.com\/index.php\/wp-json\/wp\/v2\/types\/page"}],"author":[{"embeddable":true,"href":"http:\/\/awe-amazonia.com\/index.php\/wp-json\/wp\/v2\/users\/1"}],"replies":[{"embeddable":true,"href":"http:\/\/awe-amazonia.com\/index.php\/wp-json\/wp\/v2\/comments?post=4551"}],"version-history":[{"count":66,"href":"http:\/\/awe-amazonia.com\/index.php\/wp-json\/wp\/v2\/pages\/4551\/revisions"}],"predecessor-version":[{"id":29816,"href":"http:\/\/awe-amazonia.com\/index.php\/wp-json\/wp\/v2\/pages\/4551\/revisions\/29816"}],"wp:featuredmedia":[{"embeddable":true,"href":"http:\/\/awe-amazonia.com\/index.php\/wp-json\/wp\/v2\/media\/5004"}],"wp:attachment":[{"href":"http:\/\/awe-amazonia.com\/index.php\/wp-json\/wp\/v2\/media?parent=4551"}],"curies":[{"name":"wp","href":"https:\/\/api.w.org\/{rel}","templated":true}]}}