{"id":4586,"date":"2020-09-21T14:04:30","date_gmt":"2020-09-21T12:04:30","guid":{"rendered":"https:\/\/awe-amazonia.com\/?page_id=4586"},"modified":"2021-04-21T13:37:30","modified_gmt":"2021-04-21T11:37:30","slug":"conseils-sante-en-amazonie","status":"publish","type":"page","link":"http:\/\/awe-amazonia.com\/index.php\/conseils-sante-en-amazonie\/","title":{"rendered":"Partir en Amazonie : Conseils sant\u00e9"},"content":{"rendered":"<div  class=\"one withsmallpadding ppb_text\" style=\"text-align:left;padding:40px 0 40px 0;margin-top:-50px;\" >\n<div class=\"standard_wrapper\">\n<div class=\"page_content_wrapper\">\n<div class=\"inner\">\n<div style=\"margin:auto;width:100%\">\n<div class=\"one withsmallpadding ppb_header \">\n<div class=\"standard_wrapper\">\n<div class=\"page_content_wrapper\">\n<div class=\"inner\">\n<div>\n<h2 class=\"ppb_title\">Informations pratiques avant votre d\u00e9part pour la for\u00eat amazonienne<\/h2>\n<h3>La fi\u00e8vre jaune et le paludisme sont pr\u00e9sents dans tout le bassin Amazonien.<\/h3>\n<div class=\"ppb_header_content\">\n<p>Une consultation m\u00e9dicale dans un <a href=\"https:\/\/www.pasteur.fr\/fr\/centre-medical\" target=\"_blank\" rel=\"noopener\">centre de vaccinations internationales<\/a> et de conseils aux voyageurs est indispensable avant votre d\u00e9part.<br \/>\nLa <strong>d\u00e9cision de prescrire ou non un traitement pr\u00e9ventif du paludisme sera prise par votre m\u00e9decin<\/strong> en fonction de divers param\u00e8tres : la zone visit\u00e9e et son altitude, la saison du voyage, la dur\u00e9e du s\u00e9jour, votre \u00e9tat de sant\u00e9.<\/p>\n<p>Le <strong>paludisme<\/strong> est pr\u00e9sent toute l\u2019ann\u00e9e dans tout le bassin amazonien. Il est n\u00e9cessaire d\u2019adopter des mesures de protection individuelles, qui vous prot\u00e9geront aussi contre d\u2019autres insectes, vecteurs d\u2019autres maladies (fi\u00e8vre jaune, dengue, virus Zika\u2026) : r\u00e9pulsifs cutan\u00e9s et vestimentaires actifs, port de v\u00eatements couvrants, moustiquaires.<br \/>\nLes r\u00e9pulsifs antimoustiques\/arthropodes vendus en grande surface ou en pharmacie sont peu ou insuffisamment efficaces dans la for\u00eat amazonienne. Il existe n\u00e9anmoins une gamme fiable et conforme aux recommandations du minist\u00e8re fran\u00e7ais de la Sant\u00e9 : Insect Ecran, Cinq sur Cinq\u2026<\/p>\n<p>La vaccination contre la <strong>fi\u00e8vre jaune<\/strong> est recommand\u00e9e \u00e0 tous les voyageurs (1 injection 10 jours avant le d\u00e9part minimum). Pour un voyage au Guyana, ce vaccin est obligatoire.<\/p>\n<p>Une <strong>assurance voyage<\/strong> incluant le remboursement des frais m\u00e9dicaux mais aussi une garantie rapatriement est indispensable.<\/p>\n<\/div>\n<\/div>\n<\/div>\n<\/div>\n<\/div>\n<\/div>\n<\/div>\n<\/div>\n<\/div>\n<\/div>\n<\/div>\n<div  class=\"one\" >\n<div class=\"standard_wrapper\">\n<div class=\"page_content_wrapper\">\n<div class=\"inner\">\n<div class=\"one_half\">\n<div class=\"image_classic_frame expand\">\n<div class=\"image_wrapper\"><a href=\"https:\/\/awe-amazonia.com\/wp-content\/uploads\/2020\/12\/bateau-traditionnel-amazonie.jpg\" class=\"img_frame\"><img decoding=\"async\" src=\"https:\/\/awe-amazonia.com\/wp-content\/uploads\/2020\/12\/bateau-traditionnel-amazonie.jpg\" alt=\"Bateau traditionnel sur l&#039;amazone au br\u00e9sil\" class=\"portfolio_img\"\/><\/a><\/div>\n<\/div>\n<\/div>\n<div class=\"one_half last content_middle\" style=\"padding:40px;\">\n<h2 class=\"ppb_title\" style=\"\">Conseil pour votre voyage :<\/h2>\n<div class=\"ppb_header_content\">\n<h3>Ayez votre propre pharmacie dans votre sac \u00e0 dos<\/h3>\n<p>Votre pharmacie comprendra :<br \/>\n\u2013 De la cr\u00e8me solaire ;<br \/>\n\u2013 De la Vitamine C ;<br \/>\n\u2013 Du Talc pour les pieds ;<br \/>\n\u2013 Un spray r\u00e9pulsif ;<br \/>\n\u2013 Une pommade pour les irritations ;<br \/>\n\u2013 Une pince \u00e0 \u00e9piler\/aiguilles ;<br \/>\n\u2013 Un antihistaminique ;<br \/>\n\u2013 Un antipalud\u00e9en prescrit si votre m\u00e9decin en juge la n\u00e9cessit\u00e9, celui-ci en quantit\u00e9 suffisante pour couvrir tout le s\u00e9jour.<\/p>\n<p>Retrouvez \u00e9galement tous nos conseils quant \u00e0 la pr\u00e9paration de vos affaires sur notre page \u201c<a href=\"https:\/\/awe-amazonia.com\/index.php\/faire-son-sac-foret-amazonienne\/\" target=\"_blank\" rel=\"noopener\">Comment pr\u00e9parer son sac<\/a>\u201d.<\/p>\n<\/div>\n<\/div>\n<p><br class=\"clear\"\/><\/div>\n<\/div>\n<\/div>\n<\/div>\n","protected":false},"excerpt":{"rendered":"<p>Informations pratiques avant votre d\u00e9part pour la for\u00eat amazonienne La fi\u00e8vre jaune et le paludisme sont pr\u00e9sents dans tout le bassin Amazonien. Une consultation m\u00e9dicale dans un centre de vaccinations internationales et de conseils aux voyageurs est indispensable avant votre [&hellip;]<\/p>\n","protected":false},"author":1,"featured_media":6139,"parent":0,"menu_order":0,"comment_status":"closed","ping_status":"closed","template":"","meta":{"iawp_total_views":2738,"footnotes":""},"class_list":["post-4586","page","type-page","status-publish","has-post-thumbnail","hentry"],"yoast_head":"<!-- This site is optimized with the Yoast SEO plugin v27.1.1 - https:\/\/yoast.com\/product\/yoast-seo-wordpress\/ -->\n<title>Partir en Amazonie : Conseils sant\u00e9 - Amazonia Wild Experience<\/title>\n<meta name=\"description\" content=\"Retrouvez nos conseils sant\u00e9 concernant la pr\u00e9paration de votre voyage et les vaccins recommand\u00e9s pour l&#039;Amazonie. Quelles pr\u00e9cautions prendre avant de partir pour voyager sereinement et faire face aux impr\u00e9vus.\" \/>\n<meta name=\"robots\" content=\"index, follow, max-snippet:-1, max-image-preview:large, max-video-preview:-1\" \/>\n<link rel=\"canonical\" href=\"http:\/\/awe-amazonia.com\/index.php\/conseils-sante-en-amazonie\/\" \/>\n<meta property=\"og:locale\" content=\"fr_FR\" \/>\n<meta property=\"og:type\" content=\"article\" \/>\n<meta property=\"og:title\" content=\"Partir en Amazonie : Conseils sant\u00e9 - Amazonia Wild Experience\" \/>\n<meta property=\"og:description\" content=\"Retrouvez nos conseils sant\u00e9 concernant la pr\u00e9paration de votre voyage et les vaccins recommand\u00e9s pour l&#039;Amazonie. Quelles pr\u00e9cautions prendre avant de partir pour voyager sereinement et faire face aux impr\u00e9vus.\" \/>\n<meta property=\"og:url\" content=\"http:\/\/awe-amazonia.com\/index.php\/conseils-sante-en-amazonie\/\" \/>\n<meta property=\"og:site_name\" content=\"Amazonia Wild Experience\" \/>\n<meta property=\"article:modified_time\" content=\"2021-04-21T11:37:30+00:00\" \/>\n<meta property=\"og:image\" content=\"https:\/\/awe-amazonia.com\/wp-content\/uploads\/2020\/12\/famille-en-amazonie.jpg\" \/>\n\t<meta property=\"og:image:width\" content=\"1431\" \/>\n\t<meta property=\"og:image:height\" content=\"820\" \/>\n\t<meta property=\"og:image:type\" content=\"image\/jpeg\" \/>\n<meta name=\"twitter:card\" content=\"summary_large_image\" \/>\n<meta name=\"twitter:label1\" content=\"Dur\u00e9e de lecture estim\u00e9e\" \/>\n\t<meta name=\"twitter:data1\" content=\"2 minutes\" \/>\n<script type=\"application\/ld+json\" class=\"yoast-schema-graph\">{\"@context\":\"https:\/\/schema.org\",\"@graph\":[{\"@type\":\"WebPage\",\"@id\":\"http:\/\/awe-amazonia.com\/index.php\/conseils-sante-en-amazonie\/\",\"url\":\"http:\/\/awe-amazonia.com\/index.php\/conseils-sante-en-amazonie\/\",\"name\":\"Partir en Amazonie : Conseils sant\u00e9 - Amazonia Wild Experience\",\"isPartOf\":{\"@id\":\"https:\/\/awe-amazonia.com\/#website\"},\"primaryImageOfPage\":{\"@id\":\"http:\/\/awe-amazonia.com\/index.php\/conseils-sante-en-amazonie\/#primaryimage\"},\"image\":{\"@id\":\"http:\/\/awe-amazonia.com\/index.php\/conseils-sante-en-amazonie\/#primaryimage\"},\"thumbnailUrl\":\"http:\/\/awe-amazonia.com\/wp-content\/uploads\/2020\/12\/famille-en-amazonie.jpg\",\"datePublished\":\"2020-09-21T12:04:30+00:00\",\"dateModified\":\"2021-04-21T11:37:30+00:00\",\"description\":\"Retrouvez nos conseils sant\u00e9 concernant la pr\u00e9paration de votre voyage et les vaccins recommand\u00e9s pour l'Amazonie. Quelles pr\u00e9cautions prendre avant de partir pour voyager sereinement et faire face aux impr\u00e9vus.\",\"breadcrumb\":{\"@id\":\"http:\/\/awe-amazonia.com\/index.php\/conseils-sante-en-amazonie\/#breadcrumb\"},\"inLanguage\":\"fr-FR\",\"potentialAction\":[{\"@type\":\"ReadAction\",\"target\":[\"http:\/\/awe-amazonia.com\/index.php\/conseils-sante-en-amazonie\/\"]}]},{\"@type\":\"ImageObject\",\"inLanguage\":\"fr-FR\",\"@id\":\"http:\/\/awe-amazonia.com\/index.php\/conseils-sante-en-amazonie\/#primaryimage\",\"url\":\"http:\/\/awe-amazonia.com\/wp-content\/uploads\/2020\/12\/famille-en-amazonie.jpg\",\"contentUrl\":\"http:\/\/awe-amazonia.com\/wp-content\/uploads\/2020\/12\/famille-en-amazonie.jpg\",\"width\":1431,\"height\":820,\"caption\":\"en pirogue voyage bresil\"},{\"@type\":\"BreadcrumbList\",\"@id\":\"http:\/\/awe-amazonia.com\/index.php\/conseils-sante-en-amazonie\/#breadcrumb\",\"itemListElement\":[{\"@type\":\"ListItem\",\"position\":1,\"name\":\"Accueil\",\"item\":\"https:\/\/awe-amazonia.com\/\"},{\"@type\":\"ListItem\",\"position\":2,\"name\":\"Partir en Amazonie : Conseils sant\u00e9\"}]},{\"@type\":\"WebSite\",\"@id\":\"https:\/\/awe-amazonia.com\/#website\",\"url\":\"https:\/\/awe-amazonia.com\/\",\"name\":\"Amazonia Wild Experience\",\"description\":\"Voyage sur mesure en Amazonie - Aventures au Br\u00e9sil et au Guyana\",\"publisher\":{\"@id\":\"https:\/\/awe-amazonia.com\/#organization\"},\"potentialAction\":[{\"@type\":\"SearchAction\",\"target\":{\"@type\":\"EntryPoint\",\"urlTemplate\":\"https:\/\/awe-amazonia.com\/?s={search_term_string}\"},\"query-input\":{\"@type\":\"PropertyValueSpecification\",\"valueRequired\":true,\"valueName\":\"search_term_string\"}}],\"inLanguage\":\"fr-FR\"},{\"@type\":\"Organization\",\"@id\":\"https:\/\/awe-amazonia.com\/#organization\",\"name\":\"Amazonia Wild Experience\",\"url\":\"https:\/\/awe-amazonia.com\/\",\"logo\":{\"@type\":\"ImageObject\",\"inLanguage\":\"fr-FR\",\"@id\":\"https:\/\/awe-amazonia.com\/#\/schema\/logo\/image\/\",\"url\":\"https:\/\/awe-amazonia.com\/wp-content\/uploads\/2020\/09\/cropped-Logo.png\",\"contentUrl\":\"https:\/\/awe-amazonia.com\/wp-content\/uploads\/2020\/09\/cropped-Logo.png\",\"width\":512,\"height\":512,\"caption\":\"Amazonia Wild Experience\"},\"image\":{\"@id\":\"https:\/\/awe-amazonia.com\/#\/schema\/logo\/image\/\"}}]}<\/script>\n<!-- \/ Yoast SEO plugin. -->","yoast_head_json":{"title":"Partir en Amazonie : Conseils sant\u00e9 - Amazonia Wild Experience","description":"Retrouvez nos conseils sant\u00e9 concernant la pr\u00e9paration de votre voyage et les vaccins recommand\u00e9s pour l'Amazonie. Quelles pr\u00e9cautions prendre avant de partir pour voyager sereinement et faire face aux impr\u00e9vus.","robots":{"index":"index","follow":"follow","max-snippet":"max-snippet:-1","max-image-preview":"max-image-preview:large","max-video-preview":"max-video-preview:-1"},"canonical":"http:\/\/awe-amazonia.com\/index.php\/conseils-sante-en-amazonie\/","og_locale":"fr_FR","og_type":"article","og_title":"Partir en Amazonie : Conseils sant\u00e9 - Amazonia Wild Experience","og_description":"Retrouvez nos conseils sant\u00e9 concernant la pr\u00e9paration de votre voyage et les vaccins recommand\u00e9s pour l'Amazonie. Quelles pr\u00e9cautions prendre avant de partir pour voyager sereinement et faire face aux impr\u00e9vus.","og_url":"http:\/\/awe-amazonia.com\/index.php\/conseils-sante-en-amazonie\/","og_site_name":"Amazonia Wild Experience","article_modified_time":"2021-04-21T11:37:30+00:00","og_image":[{"width":1431,"height":820,"url":"https:\/\/awe-amazonia.com\/wp-content\/uploads\/2020\/12\/famille-en-amazonie.jpg","type":"image\/jpeg"}],"twitter_card":"summary_large_image","twitter_misc":{"Dur\u00e9e de lecture estim\u00e9e":"2 minutes"},"schema":{"@context":"https:\/\/schema.org","@graph":[{"@type":"WebPage","@id":"http:\/\/awe-amazonia.com\/index.php\/conseils-sante-en-amazonie\/","url":"http:\/\/awe-amazonia.com\/index.php\/conseils-sante-en-amazonie\/","name":"Partir en Amazonie : Conseils sant\u00e9 - Amazonia Wild Experience","isPartOf":{"@id":"https:\/\/awe-amazonia.com\/#website"},"primaryImageOfPage":{"@id":"http:\/\/awe-amazonia.com\/index.php\/conseils-sante-en-amazonie\/#primaryimage"},"image":{"@id":"http:\/\/awe-amazonia.com\/index.php\/conseils-sante-en-amazonie\/#primaryimage"},"thumbnailUrl":"http:\/\/awe-amazonia.com\/wp-content\/uploads\/2020\/12\/famille-en-amazonie.jpg","datePublished":"2020-09-21T12:04:30+00:00","dateModified":"2021-04-21T11:37:30+00:00","description":"Retrouvez nos conseils sant\u00e9 concernant la pr\u00e9paration de votre voyage et les vaccins recommand\u00e9s pour l'Amazonie. Quelles pr\u00e9cautions prendre avant de partir pour voyager sereinement et faire face aux impr\u00e9vus.","breadcrumb":{"@id":"http:\/\/awe-amazonia.com\/index.php\/conseils-sante-en-amazonie\/#breadcrumb"},"inLanguage":"fr-FR","potentialAction":[{"@type":"ReadAction","target":["http:\/\/awe-amazonia.com\/index.php\/conseils-sante-en-amazonie\/"]}]},{"@type":"ImageObject","inLanguage":"fr-FR","@id":"http:\/\/awe-amazonia.com\/index.php\/conseils-sante-en-amazonie\/#primaryimage","url":"http:\/\/awe-amazonia.com\/wp-content\/uploads\/2020\/12\/famille-en-amazonie.jpg","contentUrl":"http:\/\/awe-amazonia.com\/wp-content\/uploads\/2020\/12\/famille-en-amazonie.jpg","width":1431,"height":820,"caption":"en pirogue voyage bresil"},{"@type":"BreadcrumbList","@id":"http:\/\/awe-amazonia.com\/index.php\/conseils-sante-en-amazonie\/#breadcrumb","itemListElement":[{"@type":"ListItem","position":1,"name":"Accueil","item":"https:\/\/awe-amazonia.com\/"},{"@type":"ListItem","position":2,"name":"Partir en Amazonie : Conseils sant\u00e9"}]},{"@type":"WebSite","@id":"https:\/\/awe-amazonia.com\/#website","url":"https:\/\/awe-amazonia.com\/","name":"Amazonia Wild Experience","description":"Voyage sur mesure en Amazonie - Aventures au Br\u00e9sil et au Guyana","publisher":{"@id":"https:\/\/awe-amazonia.com\/#organization"},"potentialAction":[{"@type":"SearchAction","target":{"@type":"EntryPoint","urlTemplate":"https:\/\/awe-amazonia.com\/?s={search_term_string}"},"query-input":{"@type":"PropertyValueSpecification","valueRequired":true,"valueName":"search_term_string"}}],"inLanguage":"fr-FR"},{"@type":"Organization","@id":"https:\/\/awe-amazonia.com\/#organization","name":"Amazonia Wild Experience","url":"https:\/\/awe-amazonia.com\/","logo":{"@type":"ImageObject","inLanguage":"fr-FR","@id":"https:\/\/awe-amazonia.com\/#\/schema\/logo\/image\/","url":"https:\/\/awe-amazonia.com\/wp-content\/uploads\/2020\/09\/cropped-Logo.png","contentUrl":"https:\/\/awe-amazonia.com\/wp-content\/uploads\/2020\/09\/cropped-Logo.png","width":512,"height":512,"caption":"Amazonia Wild Experience"},"image":{"@id":"https:\/\/awe-amazonia.com\/#\/schema\/logo\/image\/"}}]}},"_links":{"self":[{"href":"http:\/\/awe-amazonia.com\/index.php\/wp-json\/wp\/v2\/pages\/4586","targetHints":{"allow":["GET"]}}],"collection":[{"href":"http:\/\/awe-amazonia.com\/index.php\/wp-json\/wp\/v2\/pages"}],"about":[{"href":"http:\/\/awe-amazonia.com\/index.php\/wp-json\/wp\/v2\/types\/page"}],"author":[{"embeddable":true,"href":"http:\/\/awe-amazonia.com\/index.php\/wp-json\/wp\/v2\/users\/1"}],"replies":[{"embeddable":true,"href":"http:\/\/awe-amazonia.com\/index.php\/wp-json\/wp\/v2\/comments?post=4586"}],"version-history":[{"count":42,"href":"http:\/\/awe-amazonia.com\/index.php\/wp-json\/wp\/v2\/pages\/4586\/revisions"}],"predecessor-version":[{"id":10767,"href":"http:\/\/awe-amazonia.com\/index.php\/wp-json\/wp\/v2\/pages\/4586\/revisions\/10767"}],"wp:featuredmedia":[{"embeddable":true,"href":"http:\/\/awe-amazonia.com\/index.php\/wp-json\/wp\/v2\/media\/6139"}],"wp:attachment":[{"href":"http:\/\/awe-amazonia.com\/index.php\/wp-json\/wp\/v2\/media?parent=4586"}],"curies":[{"name":"wp","href":"https:\/\/api.w.org\/{rel}","templated":true}]}}