{"id":5164,"date":"2020-10-01T14:44:00","date_gmt":"2020-10-01T12:44:00","guid":{"rendered":"https:\/\/awe-amazonia.com\/?page_id=5164"},"modified":"2021-06-11T16:51:54","modified_gmt":"2021-06-11T14:51:54","slug":"paiement-et-conditions-de-reservations","status":"publish","type":"page","link":"http:\/\/awe-amazonia.com\/index.php\/paiement-et-conditions-de-reservations\/","title":{"rendered":"Paiement et conditions g\u00e9n\u00e9rales de r\u00e9servation"},"content":{"rendered":"<div  class=\"one withsmallpadding ppb_header \" style=\"text-align:left;padding:30px 0 30px 0;\" >\n<div class=\"standard_wrapper\">\n<div class=\"page_content_wrapper\">\n<div class=\"inner\">\n<div style=\"margin:auto;width:100%\">\n<div class=\"ppb_header_content\">\n<div class=\"pp_accordion has_icon\">\n<h3><a href=\"#\">Conditions g\u00e9n\u00e9rales de r\u00e9servation<\/a><\/h3>\n<div>\n<p>\nAfin de confirmer votre r\u00e9servation avec Amaz\u00f4nia Wild Experience, il est n\u00e9cessaire d\u2019effectuer un acompte de 50% du montant total.<br \/>\nNous vous enverrons une confirmation \u00e9crite dans les 72h suivant la r\u00e9ception du paiement.<br \/>\nLe reste du solde sera r\u00e9gl\u00e9 30 jours avant la date de d\u00e9but du s\u00e9jour.<br \/>\nLes r\u00e9servations ayant lieu moins de 30 jours avant le d\u00e9but de l\u2019exp\u00e9dition n\u00e9cessitent un virement du montant total de la somme.<br \/>\nLes paiements hors d\u00e9lai peuvent \u00eatre sujets \u00e0 des annulations de notre part.<\/p>\n<\/div>\n<\/div>\n<div class=\"pp_accordion has_icon\">\n<h3><a href=\"#\">Conditions d\u2019annulation<\/a><\/h3>\n<div>\n<p> Une annulation \u00e0 plus de 30 jours du d\u00e9part r\u00e9sulte en la perte du montant de l\u2019acompte initial (50% du montant total).<br \/>\nUne annulation \u00e0 moins de 30 jours du d\u00e9part r\u00e9sulte en la perte du montant total de la r\u00e9servation.<br \/>\nLa date de r\u00e9f\u00e9rence selon laquelle nous nous baserons pour calculer les modalit\u00e9s de remboursement de l&#8217;annulation correspond \u00e0 la date \u00e0 laquelle nous recevrons la notification de l&#8217;annulation par le client.<br \/>\nNous d\u00e9duisons les frais bancaires aux remboursements que nous effectuons.<br \/>\nAmaz\u00f4nia Wild Experience applique strictement sa politique d\u2019annulation. <\/p>\n<\/div>\n<\/div>\n<div class=\"pp_accordion has_icon\">\n<h3><a href=\"#\">Assurance Voyage<\/a><\/h3>\n<div>\n<p> Nous vous recommandons fortement de souscrire \u00e0 une assurance voyage dans les 2 semaines suivant votre r\u00e9servation.<br \/>\nL\u2019assurance voyage doit vous permettre de couvrir la plupart des co\u00fbts li\u00e9s \u00e0 une annulation ou un changement de plan. Elle vous permet aussi d\u2019obtenir des soins m\u00e9dicaux et une assistance m\u00e9dicale d\u2019urgence. Amaz\u00f4nia Wild Experience d\u00e9cline toute responsabilit\u00e9 concernant les annulations de vols, les vols rat\u00e9s et les pertes de bagages.<\/p>\n<\/div>\n<\/div>\n<div class=\"pp_accordion has_icon\">\n<h3><a href=\"#\">Prix<\/a><\/h3>\n<div>\n<p> Les prix sont affich\u00e9s en Euro \u20ac pour faciliter la lecture mais le paiement sera r\u00e9alis\u00e9 en real R$ selon le taux de change en vigueur le jour de la transaction.\n<\/p>\n<\/div>\n<\/div>\n<\/div>\n<\/div>\n<\/div>\n<\/div>\n<\/div>\n<\/div>\n","protected":false},"excerpt":{"rendered":"<p>Conditions g\u00e9n\u00e9rales de r\u00e9servation Afin de confirmer votre r\u00e9servation avec Amaz\u00f4nia Wild Experience, il est n\u00e9cessaire d\u2019effectuer un acompte de 50% du montant total. Nous vous enverrons une confirmation \u00e9crite dans les 72h suivant la r\u00e9ception du paiement. Le reste [&hellip;]<\/p>\n","protected":false},"author":1,"featured_media":6057,"parent":0,"menu_order":0,"comment_status":"closed","ping_status":"closed","template":"","meta":{"iawp_total_views":387,"footnotes":""},"class_list":["post-5164","page","type-page","status-publish","has-post-thumbnail","hentry"],"yoast_head":"<!-- This site is optimized with the Yoast SEO plugin v27.1.1 - https:\/\/yoast.com\/product\/yoast-seo-wordpress\/ -->\n<title>Paiement et conditions g\u00e9n\u00e9rales de r\u00e9servation - Amazonia Wild Experience<\/title>\n<meta name=\"description\" content=\"Retrouvez nos conditions de paiement et de r\u00e9servation pour votre voyage en amazonie au Br\u00e9sil et au Guyana.\" \/>\n<meta name=\"robots\" content=\"index, follow, max-snippet:-1, max-image-preview:large, max-video-preview:-1\" \/>\n<link rel=\"canonical\" href=\"http:\/\/awe-amazonia.com\/index.php\/paiement-et-conditions-de-reservations\/\" \/>\n<meta property=\"og:locale\" content=\"fr_FR\" \/>\n<meta property=\"og:type\" content=\"article\" \/>\n<meta property=\"og:title\" content=\"Paiement et conditions g\u00e9n\u00e9rales de r\u00e9servation - Amazonia Wild Experience\" \/>\n<meta property=\"og:description\" content=\"Retrouvez nos conditions de paiement et de r\u00e9servation pour votre voyage en amazonie au Br\u00e9sil et au Guyana.\" \/>\n<meta property=\"og:url\" content=\"http:\/\/awe-amazonia.com\/index.php\/paiement-et-conditions-de-reservations\/\" \/>\n<meta property=\"og:site_name\" content=\"Amazonia Wild Experience\" \/>\n<meta property=\"article:modified_time\" content=\"2021-06-11T14:51:54+00:00\" \/>\n<meta property=\"og:image\" content=\"https:\/\/awe-amazonia.com\/wp-content\/uploads\/2020\/12\/Animaux-4.jpg\" \/>\n\t<meta property=\"og:image:width\" content=\"1277\" \/>\n\t<meta property=\"og:image:height\" content=\"850\" \/>\n\t<meta property=\"og:image:type\" content=\"image\/jpeg\" \/>\n<meta name=\"twitter:card\" content=\"summary_large_image\" \/>\n<meta name=\"twitter:label1\" content=\"Dur\u00e9e de lecture estim\u00e9e\" \/>\n\t<meta name=\"twitter:data1\" content=\"2 minutes\" \/>\n<script type=\"application\/ld+json\" class=\"yoast-schema-graph\">{\"@context\":\"https:\/\/schema.org\",\"@graph\":[{\"@type\":\"WebPage\",\"@id\":\"http:\/\/awe-amazonia.com\/index.php\/paiement-et-conditions-de-reservations\/\",\"url\":\"http:\/\/awe-amazonia.com\/index.php\/paiement-et-conditions-de-reservations\/\",\"name\":\"Paiement et conditions g\u00e9n\u00e9rales de r\u00e9servation - Amazonia Wild Experience\",\"isPartOf\":{\"@id\":\"https:\/\/awe-amazonia.com\/#website\"},\"primaryImageOfPage\":{\"@id\":\"http:\/\/awe-amazonia.com\/index.php\/paiement-et-conditions-de-reservations\/#primaryimage\"},\"image\":{\"@id\":\"http:\/\/awe-amazonia.com\/index.php\/paiement-et-conditions-de-reservations\/#primaryimage\"},\"thumbnailUrl\":\"http:\/\/awe-amazonia.com\/wp-content\/uploads\/2020\/12\/Animaux-4.jpg\",\"datePublished\":\"2020-10-01T12:44:00+00:00\",\"dateModified\":\"2021-06-11T14:51:54+00:00\",\"description\":\"Retrouvez nos conditions de paiement et de r\u00e9servation pour votre voyage en amazonie au Br\u00e9sil et au Guyana.\",\"breadcrumb\":{\"@id\":\"http:\/\/awe-amazonia.com\/index.php\/paiement-et-conditions-de-reservations\/#breadcrumb\"},\"inLanguage\":\"fr-FR\",\"potentialAction\":[{\"@type\":\"ReadAction\",\"target\":[\"http:\/\/awe-amazonia.com\/index.php\/paiement-et-conditions-de-reservations\/\"]}]},{\"@type\":\"ImageObject\",\"inLanguage\":\"fr-FR\",\"@id\":\"http:\/\/awe-amazonia.com\/index.php\/paiement-et-conditions-de-reservations\/#primaryimage\",\"url\":\"http:\/\/awe-amazonia.com\/wp-content\/uploads\/2020\/12\/Animaux-4.jpg\",\"contentUrl\":\"http:\/\/awe-amazonia.com\/wp-content\/uploads\/2020\/12\/Animaux-4.jpg\",\"width\":1277,\"height\":850,\"caption\":\"Singe en amazonie\"},{\"@type\":\"BreadcrumbList\",\"@id\":\"http:\/\/awe-amazonia.com\/index.php\/paiement-et-conditions-de-reservations\/#breadcrumb\",\"itemListElement\":[{\"@type\":\"ListItem\",\"position\":1,\"name\":\"Accueil\",\"item\":\"https:\/\/awe-amazonia.com\/\"},{\"@type\":\"ListItem\",\"position\":2,\"name\":\"Paiement et conditions g\u00e9n\u00e9rales de r\u00e9servation\"}]},{\"@type\":\"WebSite\",\"@id\":\"https:\/\/awe-amazonia.com\/#website\",\"url\":\"https:\/\/awe-amazonia.com\/\",\"name\":\"Amazonia Wild Experience\",\"description\":\"Voyage sur mesure en Amazonie - Aventures au Br\u00e9sil et au Guyana\",\"publisher\":{\"@id\":\"https:\/\/awe-amazonia.com\/#organization\"},\"potentialAction\":[{\"@type\":\"SearchAction\",\"target\":{\"@type\":\"EntryPoint\",\"urlTemplate\":\"https:\/\/awe-amazonia.com\/?s={search_term_string}\"},\"query-input\":{\"@type\":\"PropertyValueSpecification\",\"valueRequired\":true,\"valueName\":\"search_term_string\"}}],\"inLanguage\":\"fr-FR\"},{\"@type\":\"Organization\",\"@id\":\"https:\/\/awe-amazonia.com\/#organization\",\"name\":\"Amazonia Wild Experience\",\"url\":\"https:\/\/awe-amazonia.com\/\",\"logo\":{\"@type\":\"ImageObject\",\"inLanguage\":\"fr-FR\",\"@id\":\"https:\/\/awe-amazonia.com\/#\/schema\/logo\/image\/\",\"url\":\"https:\/\/awe-amazonia.com\/wp-content\/uploads\/2020\/09\/cropped-Logo.png\",\"contentUrl\":\"https:\/\/awe-amazonia.com\/wp-content\/uploads\/2020\/09\/cropped-Logo.png\",\"width\":512,\"height\":512,\"caption\":\"Amazonia Wild Experience\"},\"image\":{\"@id\":\"https:\/\/awe-amazonia.com\/#\/schema\/logo\/image\/\"}}]}<\/script>\n<!-- \/ Yoast SEO plugin. -->","yoast_head_json":{"title":"Paiement et conditions g\u00e9n\u00e9rales de r\u00e9servation - Amazonia Wild Experience","description":"Retrouvez nos conditions de paiement et de r\u00e9servation pour votre voyage en amazonie au Br\u00e9sil et au Guyana.","robots":{"index":"index","follow":"follow","max-snippet":"max-snippet:-1","max-image-preview":"max-image-preview:large","max-video-preview":"max-video-preview:-1"},"canonical":"http:\/\/awe-amazonia.com\/index.php\/paiement-et-conditions-de-reservations\/","og_locale":"fr_FR","og_type":"article","og_title":"Paiement et conditions g\u00e9n\u00e9rales de r\u00e9servation - Amazonia Wild Experience","og_description":"Retrouvez nos conditions de paiement et de r\u00e9servation pour votre voyage en amazonie au Br\u00e9sil et au Guyana.","og_url":"http:\/\/awe-amazonia.com\/index.php\/paiement-et-conditions-de-reservations\/","og_site_name":"Amazonia Wild Experience","article_modified_time":"2021-06-11T14:51:54+00:00","og_image":[{"width":1277,"height":850,"url":"https:\/\/awe-amazonia.com\/wp-content\/uploads\/2020\/12\/Animaux-4.jpg","type":"image\/jpeg"}],"twitter_card":"summary_large_image","twitter_misc":{"Dur\u00e9e de lecture estim\u00e9e":"2 minutes"},"schema":{"@context":"https:\/\/schema.org","@graph":[{"@type":"WebPage","@id":"http:\/\/awe-amazonia.com\/index.php\/paiement-et-conditions-de-reservations\/","url":"http:\/\/awe-amazonia.com\/index.php\/paiement-et-conditions-de-reservations\/","name":"Paiement et conditions g\u00e9n\u00e9rales de r\u00e9servation - Amazonia Wild Experience","isPartOf":{"@id":"https:\/\/awe-amazonia.com\/#website"},"primaryImageOfPage":{"@id":"http:\/\/awe-amazonia.com\/index.php\/paiement-et-conditions-de-reservations\/#primaryimage"},"image":{"@id":"http:\/\/awe-amazonia.com\/index.php\/paiement-et-conditions-de-reservations\/#primaryimage"},"thumbnailUrl":"http:\/\/awe-amazonia.com\/wp-content\/uploads\/2020\/12\/Animaux-4.jpg","datePublished":"2020-10-01T12:44:00+00:00","dateModified":"2021-06-11T14:51:54+00:00","description":"Retrouvez nos conditions de paiement et de r\u00e9servation pour votre voyage en amazonie au Br\u00e9sil et au Guyana.","breadcrumb":{"@id":"http:\/\/awe-amazonia.com\/index.php\/paiement-et-conditions-de-reservations\/#breadcrumb"},"inLanguage":"fr-FR","potentialAction":[{"@type":"ReadAction","target":["http:\/\/awe-amazonia.com\/index.php\/paiement-et-conditions-de-reservations\/"]}]},{"@type":"ImageObject","inLanguage":"fr-FR","@id":"http:\/\/awe-amazonia.com\/index.php\/paiement-et-conditions-de-reservations\/#primaryimage","url":"http:\/\/awe-amazonia.com\/wp-content\/uploads\/2020\/12\/Animaux-4.jpg","contentUrl":"http:\/\/awe-amazonia.com\/wp-content\/uploads\/2020\/12\/Animaux-4.jpg","width":1277,"height":850,"caption":"Singe en amazonie"},{"@type":"BreadcrumbList","@id":"http:\/\/awe-amazonia.com\/index.php\/paiement-et-conditions-de-reservations\/#breadcrumb","itemListElement":[{"@type":"ListItem","position":1,"name":"Accueil","item":"https:\/\/awe-amazonia.com\/"},{"@type":"ListItem","position":2,"name":"Paiement et conditions g\u00e9n\u00e9rales de r\u00e9servation"}]},{"@type":"WebSite","@id":"https:\/\/awe-amazonia.com\/#website","url":"https:\/\/awe-amazonia.com\/","name":"Amazonia Wild Experience","description":"Voyage sur mesure en Amazonie - Aventures au Br\u00e9sil et au Guyana","publisher":{"@id":"https:\/\/awe-amazonia.com\/#organization"},"potentialAction":[{"@type":"SearchAction","target":{"@type":"EntryPoint","urlTemplate":"https:\/\/awe-amazonia.com\/?s={search_term_string}"},"query-input":{"@type":"PropertyValueSpecification","valueRequired":true,"valueName":"search_term_string"}}],"inLanguage":"fr-FR"},{"@type":"Organization","@id":"https:\/\/awe-amazonia.com\/#organization","name":"Amazonia Wild Experience","url":"https:\/\/awe-amazonia.com\/","logo":{"@type":"ImageObject","inLanguage":"fr-FR","@id":"https:\/\/awe-amazonia.com\/#\/schema\/logo\/image\/","url":"https:\/\/awe-amazonia.com\/wp-content\/uploads\/2020\/09\/cropped-Logo.png","contentUrl":"https:\/\/awe-amazonia.com\/wp-content\/uploads\/2020\/09\/cropped-Logo.png","width":512,"height":512,"caption":"Amazonia Wild Experience"},"image":{"@id":"https:\/\/awe-amazonia.com\/#\/schema\/logo\/image\/"}}]}},"_links":{"self":[{"href":"http:\/\/awe-amazonia.com\/index.php\/wp-json\/wp\/v2\/pages\/5164","targetHints":{"allow":["GET"]}}],"collection":[{"href":"http:\/\/awe-amazonia.com\/index.php\/wp-json\/wp\/v2\/pages"}],"about":[{"href":"http:\/\/awe-amazonia.com\/index.php\/wp-json\/wp\/v2\/types\/page"}],"author":[{"embeddable":true,"href":"http:\/\/awe-amazonia.com\/index.php\/wp-json\/wp\/v2\/users\/1"}],"replies":[{"embeddable":true,"href":"http:\/\/awe-amazonia.com\/index.php\/wp-json\/wp\/v2\/comments?post=5164"}],"version-history":[{"count":13,"href":"http:\/\/awe-amazonia.com\/index.php\/wp-json\/wp\/v2\/pages\/5164\/revisions"}],"predecessor-version":[{"id":12188,"href":"http:\/\/awe-amazonia.com\/index.php\/wp-json\/wp\/v2\/pages\/5164\/revisions\/12188"}],"wp:featuredmedia":[{"embeddable":true,"href":"http:\/\/awe-amazonia.com\/index.php\/wp-json\/wp\/v2\/media\/6057"}],"wp:attachment":[{"href":"http:\/\/awe-amazonia.com\/index.php\/wp-json\/wp\/v2\/media?parent=5164"}],"curies":[{"name":"wp","href":"https:\/\/api.w.org\/{rel}","templated":true}]}}