{"id":6262,"date":"2020-12-28T14:36:39","date_gmt":"2020-12-28T13:36:39","guid":{"rendered":"https:\/\/awe-amazonia.com\/?page_id=6262"},"modified":"2021-03-19T15:49:44","modified_gmt":"2021-03-19T14:49:44","slug":"faq-preparer-son-voyage","status":"publish","type":"page","link":"http:\/\/awe-amazonia.com\/index.php\/faq-preparer-son-voyage\/","title":{"rendered":"FAQ &#8211; Pr\u00e9parer son voyage en Amazonie"},"content":{"rendered":"<div  class=\"one withsmallpadding ppb_text\" style=\"text-align:left;padding:30px 0 30px 0;\" >\n<div class=\"standard_wrapper\">\n<div class=\"page_content_wrapper\">\n<div class=\"inner\">\n<div style=\"margin:auto;width:100%\">\n<h2>Organisation du s\u00e9jour avant de partir en Amazonie<\/h2>\n<div class=\"pp_accordion_close has_icon\">\n<h3><a href=\"#\">Quels papiers sont n\u00e9cessaires pour voyager au Br\u00e9sil et au Guyana ?<\/a><\/h3>\n<div>\n<p>Un passeport en cours de validit\u00e9 est obligatoire.<br \/>\nDe plus, il est indispensable de v\u00e9rifier aupr\u00e8s de votre ambassade la n\u00e9cessit\u00e9 de documents suppl\u00e9mentaires, n\u00e9anmoins, presque tous les citoyens europ\u00e9ens, sud-am\u00e9ricains et nord-am\u00e9ricains peuvent voyager sans visa au Br\u00e9sil ainsi qu\u2019au Guyana.<br \/>\nLe carnet de vaccination international est demand\u00e9 \u00e0 la fronti\u00e8re du Guyana pour v\u00e9rifier si vous \u00eates vaccin\u00e9s contre la fi\u00e8vre jaune, vaccin obligatoire.<\/p>\n<\/div>\n<\/div>\n<div class=\"pp_accordion_close has_icon\">\n<h3><a href=\"#\">Dois-je souscrire \u00e0 une assurance voyage ?<\/a><\/h3>\n<div>\n<p>Oui, une assurance voyage incluant le remboursement des frais m\u00e9dicaux mais aussi une garantie rapatriement est indispensable.<\/p>\n<\/div>\n<\/div>\n<div class=\"pp_accordion_close has_icon\">\n<h3><a href=\"#\">Est-ce que mes enfants peuvent venir ?<\/a><\/h3>\n<div>\n<p>Selon leur \u00e2ge et le type d\u2019exp\u00e9ditions que vous d\u00e9sirez faire, nous pouvons organiser une exp\u00e9dition familiale. Notons n\u00e9anmoins que d\u2019une fa\u00e7on g\u00e9n\u00e9rale, les s\u00e9jours en bivouac au c\u0153ur de la for\u00eat ne sont pas recommand\u00e9s pour les enfants.<br \/>\nNos s\u00e9jours de type croisi\u00e8re sont plus adapt\u00e9s aux enfants.<\/p>\n<\/div>\n<\/div>\n<div class=\"pp_accordion_close has_icon\">\n<h3><a href=\"#\">Puis-je annuler mon s\u00e9jour ?<\/a><\/h3>\n<div>\n<p>Le remboursement de 75% du total de la somme sera effectu\u00e9 si vous annulez plus de 45 jours avant la date pr\u00e9vue. Si vous annulez moins de 45 jours avant votre d\u00e9part, aucun remboursement ne sera possible.<\/p>\n<\/div>\n<\/div>\n<\/div>\n<\/div>\n<\/div>\n<\/div>\n<\/div>\n<div  class=\"one withsmallpadding ppb_text\" style=\"text-align:left;padding:30px 0 30px 0;\" >\n<div class=\"standard_wrapper\">\n<div class=\"page_content_wrapper\">\n<div class=\"inner\">\n<div style=\"margin:auto;width:100%\">\n<h2>Derniers conseils avant de partir en Amazonie<\/h2>\n<div class=\"pp_accordion_close has_icon\">\n<h3><a href=\"#\">Est ce que je dois prendre un traitement contre le paludisme ? <\/a><\/h3>\n<div>\n<p>Une consultation m\u00e9dicale dans un centre de vaccinations internationales et de conseils aux voyageurs est indispensable avant votre d\u00e9part.<br \/>\nLa d\u00e9cision de prescrire ou non un traitement pr\u00e9ventif du paludisme sera prise par votre m\u00e9decin en fonction de divers param\u00e8tres : la zone visit\u00e9e et son altitude, la saison du voyage, la dur\u00e9e du s\u00e9jour, votre \u00e9tat de sant\u00e9.<\/p>\n<\/div>\n<\/div>\n<div class=\"pp_accordion_close has_icon\">\n<h3><a href=\"#\">Est ce que je dois me faire vacciner contre la fi\u00e8vre jaune ? <\/a><\/h3>\n<div>\n<p>Une consultation m\u00e9dicale dans un centre de vaccinations international et de conseils aux voyageurs est indispensable avant votre d\u00e9part.<br \/>\nLa vaccination contre la fi\u00e8vre jaune est tr\u00e8s fortement recommand\u00e9e \u00e0 tous les voyageurs (1 injection 10 jours avant le d\u00e9part minimum). Pour un voyage au Guyana, ce vaccin est obligatoire.<\/p>\n<\/div>\n<\/div>\n<div class=\"pp_accordion_close has_icon\">\n<h3><a href=\"#\">Quels v\u00eatements dois-je prendre avec moi et comment m&#8217;habiller pour la jungle ? <\/a><\/h3>\n<div>\n<p>Vous retrouverez l&#8217;ensemble des d\u00e9tails sur notre page <a href=\"https:\/\/awe-amazonia.com\/index.php\/faire-son-sac-foret-amazonienne\/\" target=\"_blank\" rel=\"noopener noreferrer\"><span style=\"color: #339966;\">Comment faire son sac pour voyager en Amazonie ?<\/span><\/a><br \/>\n.<\/p>\n<\/div>\n<\/div>\n<div class=\"pp_accordion_close has_icon\">\n<h3><a href=\"#\">Combien de sacs dois-je prendre ?<\/a><\/h3>\n<div>\n<p>Pas de valise en Amazonie, il vous faudra un sac \u00e0 dos robuste. Le sac doit \u00eatre solide et spacieux (60\/70 litres), si possible \u00e9tanche, et doit poss\u00e9der des poches lat\u00e9rales pour une meilleur r\u00e9partition de votre mat\u00e9riel. Vous trouverez les d\u00e9tails sur notre page<span style=\"color: #339966;\"> <a style=\"color: #339966;\" href=\"https:\/\/awe-amazonia.com\/index.php\/faire-son-sac-foret-amazonienne\/\" target=\"_blank\" rel=\"noopener noreferrer\">Comment faire son sac pour voyager en Amazonie ?<\/a><\/span><\/p>\n<\/div>\n<\/div>\n<\/div>\n<\/div>\n<\/div>\n<\/div>\n<\/div>\n<div  class=\"one withsmallpadding ppb_text\" style=\"text-align:left;padding:30px 0 30px 0;\" >\n<div class=\"standard_wrapper\">\n<div class=\"page_content_wrapper\">\n<div class=\"inner\">\n<div style=\"margin:auto;width:100%\">\n<h2>Pendant votre s\u00e9jour dans la for\u00eat Amazonienne<\/h2>\n<div class=\"pp_accordion_close has_icon\">\n<h3><a href=\"#\">Puis je toucher ou prendre dans mes bras les animaux que nous verrons ?<\/a><\/h3>\n<div>\n<p>Nos valeurs s\u2019inscrivent dans le respect de la faune et de la flore. Vous aurez la possibilit\u00e9 de prendre des centaines de clich\u00e9s tous les jours, d\u2019animaux sauvages que nous croiserons \u00e9voluant dans leur milieu naturel, au gr\u00e9 des surprises de nos rencontres. M\u00eame si quelques animaux peuvent \u00eatre curieux quant \u00e0 notre pr\u00e9sence, rarement ils ne se laisseront approcher.<\/p>\n<\/div>\n<\/div>\n<div class=\"pp_accordion_close has_icon\">\n<h3><a href=\"#\">Est-ce que mon appareil photo va prendre l\u2019humidit\u00e9 ?<\/a><\/h3>\n<div>\n<p>Certains appareils sont affect\u00e9s par l\u2019humidit\u00e9 bien que les mod\u00e8les r\u00e9cents ne le soient de moins en moins. Assurez-vous que votre \u00e9quipement, aussi bien le boitier que l\u2019objectif, soient tropicalis\u00e9s.<\/p>\n<\/div>\n<\/div>\n<\/div>\n<\/div>\n<\/div>\n<\/div>\n<\/div>\n","protected":false},"excerpt":{"rendered":"<p>Organisation du s\u00e9jour avant de partir en Amazonie Quels papiers sont n\u00e9cessaires pour voyager au Br\u00e9sil et au Guyana ? Un passeport en cours de validit\u00e9 est obligatoire. De plus, il est indispensable de v\u00e9rifier aupr\u00e8s de votre ambassade la [&hellip;]<\/p>\n","protected":false},"author":1,"featured_media":6263,"parent":0,"menu_order":0,"comment_status":"closed","ping_status":"closed","template":"","meta":{"iawp_total_views":459,"footnotes":""},"class_list":["post-6262","page","type-page","status-publish","has-post-thumbnail","hentry"],"yoast_head":"<!-- This site is optimized with the Yoast SEO plugin v27.1.1 - https:\/\/yoast.com\/product\/yoast-seo-wordpress\/ -->\n<title>FAQ - Pr\u00e9parer son voyage en Amazonie - Amazonia Wild Experience<\/title>\n<meta name=\"description\" content=\"Retrouvez tous nos conseils afin de pr\u00e9parer votre voyage dans la for\u00eat amazonienne. R\u00e9ponses aux questions pour votre s\u00e9jour en Amazonie.\" \/>\n<meta name=\"robots\" content=\"index, follow, max-snippet:-1, max-image-preview:large, max-video-preview:-1\" \/>\n<link rel=\"canonical\" href=\"http:\/\/awe-amazonia.com\/index.php\/faq-preparer-son-voyage\/\" \/>\n<meta property=\"og:locale\" content=\"fr_FR\" \/>\n<meta property=\"og:type\" content=\"article\" \/>\n<meta property=\"og:title\" content=\"FAQ - Pr\u00e9parer son voyage en Amazonie - Amazonia Wild Experience\" \/>\n<meta property=\"og:description\" content=\"Retrouvez tous nos conseils afin de pr\u00e9parer votre voyage dans la for\u00eat amazonienne. R\u00e9ponses aux questions pour votre s\u00e9jour en Amazonie.\" \/>\n<meta property=\"og:url\" content=\"http:\/\/awe-amazonia.com\/index.php\/faq-preparer-son-voyage\/\" \/>\n<meta property=\"og:site_name\" content=\"Amazonia Wild Experience\" \/>\n<meta property=\"article:modified_time\" content=\"2021-03-19T14:49:44+00:00\" \/>\n<meta property=\"og:image\" content=\"http:\/\/awe-amazonia.com\/wp-content\/uploads\/2020\/12\/papillon.jpg\" \/>\n\t<meta property=\"og:image:width\" content=\"1936\" \/>\n\t<meta property=\"og:image:height\" content=\"1089\" \/>\n\t<meta property=\"og:image:type\" content=\"image\/jpeg\" \/>\n<meta name=\"twitter:card\" content=\"summary_large_image\" \/>\n<meta name=\"twitter:label1\" content=\"Dur\u00e9e de lecture estim\u00e9e\" \/>\n\t<meta name=\"twitter:data1\" content=\"3 minutes\" \/>\n<script type=\"application\/ld+json\" class=\"yoast-schema-graph\">{\"@context\":\"https:\/\/schema.org\",\"@graph\":[{\"@type\":\"WebPage\",\"@id\":\"http:\/\/awe-amazonia.com\/index.php\/faq-preparer-son-voyage\/\",\"url\":\"http:\/\/awe-amazonia.com\/index.php\/faq-preparer-son-voyage\/\",\"name\":\"FAQ - Pr\u00e9parer son voyage en Amazonie - Amazonia Wild Experience\",\"isPartOf\":{\"@id\":\"https:\/\/awe-amazonia.com\/#website\"},\"primaryImageOfPage\":{\"@id\":\"http:\/\/awe-amazonia.com\/index.php\/faq-preparer-son-voyage\/#primaryimage\"},\"image\":{\"@id\":\"http:\/\/awe-amazonia.com\/index.php\/faq-preparer-son-voyage\/#primaryimage\"},\"thumbnailUrl\":\"http:\/\/awe-amazonia.com\/wp-content\/uploads\/2020\/12\/papillon.jpg\",\"datePublished\":\"2020-12-28T13:36:39+00:00\",\"dateModified\":\"2021-03-19T14:49:44+00:00\",\"description\":\"Retrouvez tous nos conseils afin de pr\u00e9parer votre voyage dans la for\u00eat amazonienne. R\u00e9ponses aux questions pour votre s\u00e9jour en Amazonie.\",\"breadcrumb\":{\"@id\":\"http:\/\/awe-amazonia.com\/index.php\/faq-preparer-son-voyage\/#breadcrumb\"},\"inLanguage\":\"fr-FR\",\"potentialAction\":[{\"@type\":\"ReadAction\",\"target\":[\"http:\/\/awe-amazonia.com\/index.php\/faq-preparer-son-voyage\/\"]}]},{\"@type\":\"ImageObject\",\"inLanguage\":\"fr-FR\",\"@id\":\"http:\/\/awe-amazonia.com\/index.php\/faq-preparer-son-voyage\/#primaryimage\",\"url\":\"http:\/\/awe-amazonia.com\/wp-content\/uploads\/2020\/12\/papillon.jpg\",\"contentUrl\":\"http:\/\/awe-amazonia.com\/wp-content\/uploads\/2020\/12\/papillon.jpg\",\"width\":1936,\"height\":1089,\"caption\":\"Papillon pos\u00e9 sur une branche\"},{\"@type\":\"BreadcrumbList\",\"@id\":\"http:\/\/awe-amazonia.com\/index.php\/faq-preparer-son-voyage\/#breadcrumb\",\"itemListElement\":[{\"@type\":\"ListItem\",\"position\":1,\"name\":\"Accueil\",\"item\":\"https:\/\/awe-amazonia.com\/\"},{\"@type\":\"ListItem\",\"position\":2,\"name\":\"FAQ &#8211; Pr\u00e9parer son voyage en Amazonie\"}]},{\"@type\":\"WebSite\",\"@id\":\"https:\/\/awe-amazonia.com\/#website\",\"url\":\"https:\/\/awe-amazonia.com\/\",\"name\":\"Amazonia Wild Experience\",\"description\":\"Voyage sur mesure en Amazonie - Aventures au Br\u00e9sil et au Guyana\",\"publisher\":{\"@id\":\"https:\/\/awe-amazonia.com\/#organization\"},\"potentialAction\":[{\"@type\":\"SearchAction\",\"target\":{\"@type\":\"EntryPoint\",\"urlTemplate\":\"https:\/\/awe-amazonia.com\/?s={search_term_string}\"},\"query-input\":{\"@type\":\"PropertyValueSpecification\",\"valueRequired\":true,\"valueName\":\"search_term_string\"}}],\"inLanguage\":\"fr-FR\"},{\"@type\":\"Organization\",\"@id\":\"https:\/\/awe-amazonia.com\/#organization\",\"name\":\"Amazonia Wild Experience\",\"url\":\"https:\/\/awe-amazonia.com\/\",\"logo\":{\"@type\":\"ImageObject\",\"inLanguage\":\"fr-FR\",\"@id\":\"https:\/\/awe-amazonia.com\/#\/schema\/logo\/image\/\",\"url\":\"https:\/\/awe-amazonia.com\/wp-content\/uploads\/2020\/09\/cropped-Logo.png\",\"contentUrl\":\"https:\/\/awe-amazonia.com\/wp-content\/uploads\/2020\/09\/cropped-Logo.png\",\"width\":512,\"height\":512,\"caption\":\"Amazonia Wild Experience\"},\"image\":{\"@id\":\"https:\/\/awe-amazonia.com\/#\/schema\/logo\/image\/\"}}]}<\/script>\n<!-- \/ Yoast SEO plugin. -->","yoast_head_json":{"title":"FAQ - Pr\u00e9parer son voyage en Amazonie - Amazonia Wild Experience","description":"Retrouvez tous nos conseils afin de pr\u00e9parer votre voyage dans la for\u00eat amazonienne. R\u00e9ponses aux questions pour votre s\u00e9jour en Amazonie.","robots":{"index":"index","follow":"follow","max-snippet":"max-snippet:-1","max-image-preview":"max-image-preview:large","max-video-preview":"max-video-preview:-1"},"canonical":"http:\/\/awe-amazonia.com\/index.php\/faq-preparer-son-voyage\/","og_locale":"fr_FR","og_type":"article","og_title":"FAQ - Pr\u00e9parer son voyage en Amazonie - Amazonia Wild Experience","og_description":"Retrouvez tous nos conseils afin de pr\u00e9parer votre voyage dans la for\u00eat amazonienne. R\u00e9ponses aux questions pour votre s\u00e9jour en Amazonie.","og_url":"http:\/\/awe-amazonia.com\/index.php\/faq-preparer-son-voyage\/","og_site_name":"Amazonia Wild Experience","article_modified_time":"2021-03-19T14:49:44+00:00","og_image":[{"width":1936,"height":1089,"url":"http:\/\/awe-amazonia.com\/wp-content\/uploads\/2020\/12\/papillon.jpg","type":"image\/jpeg"}],"twitter_card":"summary_large_image","twitter_misc":{"Dur\u00e9e de lecture estim\u00e9e":"3 minutes"},"schema":{"@context":"https:\/\/schema.org","@graph":[{"@type":"WebPage","@id":"http:\/\/awe-amazonia.com\/index.php\/faq-preparer-son-voyage\/","url":"http:\/\/awe-amazonia.com\/index.php\/faq-preparer-son-voyage\/","name":"FAQ - Pr\u00e9parer son voyage en Amazonie - Amazonia Wild Experience","isPartOf":{"@id":"https:\/\/awe-amazonia.com\/#website"},"primaryImageOfPage":{"@id":"http:\/\/awe-amazonia.com\/index.php\/faq-preparer-son-voyage\/#primaryimage"},"image":{"@id":"http:\/\/awe-amazonia.com\/index.php\/faq-preparer-son-voyage\/#primaryimage"},"thumbnailUrl":"http:\/\/awe-amazonia.com\/wp-content\/uploads\/2020\/12\/papillon.jpg","datePublished":"2020-12-28T13:36:39+00:00","dateModified":"2021-03-19T14:49:44+00:00","description":"Retrouvez tous nos conseils afin de pr\u00e9parer votre voyage dans la for\u00eat amazonienne. R\u00e9ponses aux questions pour votre s\u00e9jour en Amazonie.","breadcrumb":{"@id":"http:\/\/awe-amazonia.com\/index.php\/faq-preparer-son-voyage\/#breadcrumb"},"inLanguage":"fr-FR","potentialAction":[{"@type":"ReadAction","target":["http:\/\/awe-amazonia.com\/index.php\/faq-preparer-son-voyage\/"]}]},{"@type":"ImageObject","inLanguage":"fr-FR","@id":"http:\/\/awe-amazonia.com\/index.php\/faq-preparer-son-voyage\/#primaryimage","url":"http:\/\/awe-amazonia.com\/wp-content\/uploads\/2020\/12\/papillon.jpg","contentUrl":"http:\/\/awe-amazonia.com\/wp-content\/uploads\/2020\/12\/papillon.jpg","width":1936,"height":1089,"caption":"Papillon pos\u00e9 sur une branche"},{"@type":"BreadcrumbList","@id":"http:\/\/awe-amazonia.com\/index.php\/faq-preparer-son-voyage\/#breadcrumb","itemListElement":[{"@type":"ListItem","position":1,"name":"Accueil","item":"https:\/\/awe-amazonia.com\/"},{"@type":"ListItem","position":2,"name":"FAQ &#8211; Pr\u00e9parer son voyage en Amazonie"}]},{"@type":"WebSite","@id":"https:\/\/awe-amazonia.com\/#website","url":"https:\/\/awe-amazonia.com\/","name":"Amazonia Wild Experience","description":"Voyage sur mesure en Amazonie - Aventures au Br\u00e9sil et au Guyana","publisher":{"@id":"https:\/\/awe-amazonia.com\/#organization"},"potentialAction":[{"@type":"SearchAction","target":{"@type":"EntryPoint","urlTemplate":"https:\/\/awe-amazonia.com\/?s={search_term_string}"},"query-input":{"@type":"PropertyValueSpecification","valueRequired":true,"valueName":"search_term_string"}}],"inLanguage":"fr-FR"},{"@type":"Organization","@id":"https:\/\/awe-amazonia.com\/#organization","name":"Amazonia Wild Experience","url":"https:\/\/awe-amazonia.com\/","logo":{"@type":"ImageObject","inLanguage":"fr-FR","@id":"https:\/\/awe-amazonia.com\/#\/schema\/logo\/image\/","url":"https:\/\/awe-amazonia.com\/wp-content\/uploads\/2020\/09\/cropped-Logo.png","contentUrl":"https:\/\/awe-amazonia.com\/wp-content\/uploads\/2020\/09\/cropped-Logo.png","width":512,"height":512,"caption":"Amazonia Wild Experience"},"image":{"@id":"https:\/\/awe-amazonia.com\/#\/schema\/logo\/image\/"}}]}},"_links":{"self":[{"href":"http:\/\/awe-amazonia.com\/index.php\/wp-json\/wp\/v2\/pages\/6262","targetHints":{"allow":["GET"]}}],"collection":[{"href":"http:\/\/awe-amazonia.com\/index.php\/wp-json\/wp\/v2\/pages"}],"about":[{"href":"http:\/\/awe-amazonia.com\/index.php\/wp-json\/wp\/v2\/types\/page"}],"author":[{"embeddable":true,"href":"http:\/\/awe-amazonia.com\/index.php\/wp-json\/wp\/v2\/users\/1"}],"replies":[{"embeddable":true,"href":"http:\/\/awe-amazonia.com\/index.php\/wp-json\/wp\/v2\/comments?post=6262"}],"version-history":[{"count":13,"href":"http:\/\/awe-amazonia.com\/index.php\/wp-json\/wp\/v2\/pages\/6262\/revisions"}],"predecessor-version":[{"id":8270,"href":"http:\/\/awe-amazonia.com\/index.php\/wp-json\/wp\/v2\/pages\/6262\/revisions\/8270"}],"wp:featuredmedia":[{"embeddable":true,"href":"http:\/\/awe-amazonia.com\/index.php\/wp-json\/wp\/v2\/media\/6263"}],"wp:attachment":[{"href":"http:\/\/awe-amazonia.com\/index.php\/wp-json\/wp\/v2\/media?parent=6262"}],"curies":[{"name":"wp","href":"https:\/\/api.w.org\/{rel}","templated":true}]}}