{"id":9175,"date":"2020-11-27T17:23:28","date_gmt":"2020-11-27T16:23:28","guid":{"rendered":"https:\/\/awe-amazonia.com\/index.php\/notre-vision\/"},"modified":"2021-04-01T14:04:11","modified_gmt":"2021-04-01T12:04:11","slug":"notre-vision","status":"publish","type":"page","link":"http:\/\/awe-amazonia.com\/index.php\/notre-vision\/?lang=pt-br","title":{"rendered":"Nossa vis\u00e3o, nossa raz\u00e3o de ser"},"content":{"rendered":"<div  class=\"one withsmallpadding ppb_header \" style=\"text-align:left;padding:30px 0 30px 0;\" >\n<div class=\"standard_wrapper\">\n<div class=\"page_content_wrapper\">\n<div class=\"inner\">\n<div style=\"margin:auto;width:100%\">\n<div class=\"ppb_header_content\">\n<h3><span style=\"color: #ffffff;\">\u00ab Reinventar o turismo de aventura propondo um modelo de viagem com impacto social e ambiental positivo \u00bb<\/span><\/h3>\n<\/div>\n<\/div>\n<\/div>\n<\/div>\n<\/div>\n<\/div>\n<div  class=\"one withsmallpadding ppb_text\" style=\"text-align:left;padding:30px 0 30px 0;\" >\n<div class=\"standard_wrapper\">\n<div class=\"page_content_wrapper\">\n<div class=\"inner\">\n<div style=\"margin:auto;width:100%\">\n<p>Quando n\u00f3s criamos a Amaz\u00f4nia Wild Experience, n\u00f3s t\u00ednhamos essa obsess\u00e3o pela aventura, pelas paisagens, pelos encontros, pela observa\u00e7\u00e3o dos animais, mas tamb\u00e9m e principalmente <strong>pela pr\u00e1tica de um turismo em harmonia com o meio ambiente e com as comunidades locais<\/strong>.<\/p>\n<p>Na Amaz\u00f4nia Wild Experience, nosso desafio di\u00e1rio <strong>\u00e9 conciliar o desenvolvimento da nossa atividade com o respeito ao meio ambiente e as popula\u00e7\u00f5es locais<\/strong>.<\/p>\n<p>Negar os nossos valores n\u00e3o teria o menor sentido, j\u00e1 que esse \u00e9 o nosso compromisso que nos motiva todos os dias e \u00e9 uma terra preservada e aut\u00eantica diante da qual voc\u00ea quer se encantar!<\/p>\n<p>\u00c9 como se estiv\u00e9ssemos todos comprometidos nessa busca por um turismo com impacto social e ambiental positivo. N\u00f3s, os sonhadores. Voc\u00eas, os aventureiros. Eles, os locais. Ela, a nossa terra.<\/p>\n<p>Ecoturismo, turismo igualit\u00e1rio, turismo respons\u00e1vel&#8230; S\u00e3o tantas as express\u00f5es que est\u00e3o na moda atualmente. Essas palavras s\u00f3 representam o in\u00edcio de um processo complexo, primordial para existir, mas que s\u00e3o rapidamente limitados se eles n\u00e3o s\u00e3o acompanhados de a\u00e7\u00f5es efetivas.<\/p>\n<p>Com o objetivo de se posicionar numa iniciativa\/ perspectiva de qualidade do turismo na Amaz\u00f4nia e de apoiar um turismo que respeita o meio ambiente e as popula\u00e7\u00f5es, a Amaz\u00f4nia Wild Experience \u00e9 associada ao:\u00a0<a href=\"http:\/\/ifronteiras.org\/\">Instituto Fronteiras<\/a>. Essa associa\u00e7\u00e3o preza pelo desenvolvimento das comunidades locais e participa de v\u00e1rios projetos de reflorestamento.<\/p>\n<p>\u00a0<\/p>\n<p><strong>Impacto Social Positivo:<\/strong><\/p>\n<ul>\n<li>Ajudar as popula\u00e7\u00f5es locais nos territ\u00f3rios que n\u00f3s frequentamos;<\/li>\n<li>Desenvolvimento das comunidades locais;<\/li>\n<li>Remunera\u00e7\u00f5es justas aos parceiros locais.<\/li>\n<\/ul>\n<p><strong>Impacto ambiental positivo:<\/strong><\/p>\n<ul>\n<li style=\"list-style-type: none;\"><\/li>\n<\/ul>\n<ul>\n<li>Res\u00edduos materiais\/ lixo limitados, separados e reciclados durante as nossas excurs\u00f5es e limpeza das \u00e1reas exploradas;<\/li>\n<li>Consciendas popula\u00e7\u00f5es locais quanto a preserva\u00e7\u00e3o da fauna e da flora;<\/li>\n<\/ul>\n<ul>\n<li>Compensa\u00e7\u00e3o das emiss\u00f5es de gases de efeito estufa lan\u00e7ados pelas embarca\u00e7\u00f5es que n\u00f3s utilizamos com um programa de reflorestamento.<\/li>\n<\/ul>\n<\/div>\n<\/div>\n<\/div>\n<\/div>\n<\/div>\n<div  class=\"one withsmallpadding ppb_text\" style=\"text-align:left;padding:30px 0 30px 0;\" >\n<div class=\"standard_wrapper\">\n<div class=\"page_content_wrapper\">\n<div class=\"inner\">\n<div style=\"margin:auto;width:100%\">\n<p>Quando n\u00f3s criamos a Amaz\u00f4nia Wild Experience, n\u00f3s t\u00ednhamos essa obsess\u00e3o pela aventura, pelas paisagens, pelos encontros, pela observa\u00e7\u00e3o dos animais, mas tamb\u00e9m e principalmente <strong>pela pr\u00e1tica de um turismo em harmonia com o meio ambiente e com as comunidades locais<\/strong>.<\/p>\n<p>Na Amaz\u00f4nia Wild Experience, nosso desafio di\u00e1rio <strong>\u00e9 conciliar o desenvolvimento da nossa atividade com o respeito ao meio ambiente e as popula\u00e7\u00f5es locais<\/strong>.<\/p>\n<p>Negar os nossos valores n\u00e3o teria o menor sentido, j\u00e1 que esse \u00e9 o nosso compromisso que nos motiva todos os dias e \u00e9 uma terra preservada e aut\u00eantica diante da qual voc\u00ea quer se encantar!<\/p>\n<p>\u00c9 como se estiv\u00e9ssemos todos comprometidos nessa busca por um turismo com impacto social e ambiental positivo. N\u00f3s, os sonhadores. Voc\u00eas, os aventureiros. Eles, os locais. Ela, a nossa terra.<\/p>\n<p>Ecoturismo, turismo igualit\u00e1rio, turismo respons\u00e1vel&#8230; S\u00e3o tantas as express\u00f5es que est\u00e3o na moda atualmente. Essas palavras s\u00f3 representam o in\u00edcio de um processo complexo, primordial para existir, mas que s\u00e3o rapidamente limitados se eles n\u00e3o s\u00e3o acompanhados de a\u00e7\u00f5es efetivas.<\/p>\n<p>Com o objetivo de se posicionar numa iniciativa\/ perspectiva de qualidade do turismo na Amaz\u00f4nia e de apoiar um turismo que respeita o meio ambiente e as popula\u00e7\u00f5es, a Amaz\u00f4nia Wild Experience \u00e9 associada ao:\u00a0<a href=\"http:\/\/ifronteiras.org\/\">Instituto Fronteiras<\/a>. Essa associa\u00e7\u00e3o preza pelo desenvolvimento das comunidades locais e participa de v\u00e1rios projetos de reflorestamento.<\/p>\n<p>\u00a0<\/p>\n<p><strong>Impacto Social Positivo:<\/strong><\/p>\n<ul>\n<li>Ajudar as popula\u00e7\u00f5es locais nos territ\u00f3rios que n\u00f3s frequentamos;<\/li>\n<li>Desenvolvimento das comunidades locais;<\/li>\n<li>Remunera\u00e7\u00f5es justas aos parceiros locais.<\/li>\n<\/ul>\n<p><strong>Impacto ambiental positivo:<\/strong><\/p>\n<ul>\n<li style=\"list-style-type: none;\"><\/li>\n<\/ul>\n<ul>\n<li>Res\u00edduos materiais\/ lixo limitados, separados e reciclados durante as nossas excurs\u00f5es e limpeza das \u00e1reas exploradas;<\/li>\n<li>Consciendas popula\u00e7\u00f5es locais quanto a preserva\u00e7\u00e3o da fauna e da flora;<\/li>\n<\/ul>\n<ul>\n<li>Compensa\u00e7\u00e3o das emiss\u00f5es de gases de efeito estufa lan\u00e7ados pelas embarca\u00e7\u00f5es que n\u00f3s utilizamos com um programa de reflorestamento.<\/li>\n<\/ul>\n<\/div>\n<\/div>\n<\/div>\n<\/div>\n<\/div>\n","protected":false},"excerpt":{"rendered":"<p>\u00ab Reinventar o turismo de aventura propondo um modelo de viagem com impacto social e ambiental positivo \u00bb Quando n\u00f3s criamos a Amaz\u00f4nia Wild Experience, n\u00f3s t\u00ednhamos essa obsess\u00e3o pela aventura, pelas paisagens, pelos encontros, pela observa\u00e7\u00e3o dos animais, mas [&hellip;]<\/p>\n","protected":false},"author":1,"featured_media":9176,"parent":0,"menu_order":0,"comment_status":"closed","ping_status":"closed","template":"","meta":{"iawp_total_views":36,"footnotes":""},"class_list":["post-9175","page","type-page","status-publish","has-post-thumbnail","hentry"],"yoast_head":"<!-- This site is optimized with the Yoast SEO plugin v27.1.1 - https:\/\/yoast.com\/product\/yoast-seo-wordpress\/ -->\n<title>Nossa vis\u00e3o, nossa raz\u00e3o de ser - Amazonia Wild Experience<\/title>\n<meta name=\"robots\" content=\"index, follow, max-snippet:-1, max-image-preview:large, max-video-preview:-1\" \/>\n<link rel=\"canonical\" href=\"http:\/\/awe-amazonia.com\/index.php\/notre-vision\/\" \/>\n<meta property=\"og:locale\" content=\"fr_FR\" \/>\n<meta property=\"og:type\" content=\"article\" \/>\n<meta property=\"og:title\" content=\"Nossa vis\u00e3o, nossa raz\u00e3o de ser - Amazonia Wild Experience\" \/>\n<meta property=\"og:description\" content=\"\u00ab Reinventar o turismo de aventura propondo um modelo de viagem com impacto social e ambiental positivo \u00bb Quando n\u00f3s criamos a Amaz\u00f4nia Wild Experience, n\u00f3s t\u00ednhamos essa obsess\u00e3o pela aventura, pelas paisagens, pelos encontros, pela observa\u00e7\u00e3o dos animais, mas [&hellip;]\" \/>\n<meta property=\"og:url\" content=\"http:\/\/awe-amazonia.com\/index.php\/notre-vision\/?lang=pt-br\" \/>\n<meta property=\"og:site_name\" content=\"Amazonia Wild Experience\" \/>\n<meta property=\"article:modified_time\" content=\"2021-04-01T12:04:11+00:00\" \/>\n<meta property=\"og:image\" content=\"http:\/\/awe-amazonia.com\/wp-content\/uploads\/2020\/12\/decouverte-en-pirogue-de-lamazonie.jpg\" \/>\n\t<meta property=\"og:image:width\" content=\"1998\" \/>\n\t<meta property=\"og:image:height\" content=\"1332\" \/>\n\t<meta property=\"og:image:type\" content=\"image\/jpeg\" \/>\n<meta name=\"twitter:card\" content=\"summary_large_image\" \/>\n<meta name=\"twitter:label1\" content=\"Dur\u00e9e de lecture estim\u00e9e\" \/>\n\t<meta name=\"twitter:data1\" content=\"3 minutes\" \/>\n<script type=\"application\/ld+json\" class=\"yoast-schema-graph\">{\"@context\":\"https:\/\/schema.org\",\"@graph\":[{\"@type\":\"WebPage\",\"@id\":\"http:\/\/awe-amazonia.com\/index.php\/notre-vision\/?lang=pt-br\",\"url\":\"http:\/\/awe-amazonia.com\/index.php\/notre-vision\/?lang=pt-br\",\"name\":\"Nossa vis\u00e3o, nossa raz\u00e3o de ser - Amazonia Wild Experience\",\"isPartOf\":{\"@id\":\"https:\/\/awe-amazonia.com\/#website\"},\"primaryImageOfPage\":{\"@id\":\"http:\/\/awe-amazonia.com\/index.php\/notre-vision\/?lang=pt-br#primaryimage\"},\"image\":{\"@id\":\"http:\/\/awe-amazonia.com\/index.php\/notre-vision\/?lang=pt-br#primaryimage\"},\"thumbnailUrl\":\"http:\/\/awe-amazonia.com\/wp-content\/uploads\/2020\/12\/decouverte-en-pirogue-de-lamazonie.jpg\",\"datePublished\":\"2020-11-27T16:23:28+00:00\",\"dateModified\":\"2021-04-01T12:04:11+00:00\",\"breadcrumb\":{\"@id\":\"http:\/\/awe-amazonia.com\/index.php\/notre-vision\/?lang=pt-br#breadcrumb\"},\"inLanguage\":\"fr-FR\",\"potentialAction\":[{\"@type\":\"ReadAction\",\"target\":[\"http:\/\/awe-amazonia.com\/index.php\/notre-vision\/?lang=pt-br\"]}]},{\"@type\":\"ImageObject\",\"inLanguage\":\"fr-FR\",\"@id\":\"http:\/\/awe-amazonia.com\/index.php\/notre-vision\/?lang=pt-br#primaryimage\",\"url\":\"http:\/\/awe-amazonia.com\/wp-content\/uploads\/2020\/12\/decouverte-en-pirogue-de-lamazonie.jpg\",\"contentUrl\":\"http:\/\/awe-amazonia.com\/wp-content\/uploads\/2020\/12\/decouverte-en-pirogue-de-lamazonie.jpg\",\"width\":1998,\"height\":1332},{\"@type\":\"BreadcrumbList\",\"@id\":\"http:\/\/awe-amazonia.com\/index.php\/notre-vision\/?lang=pt-br#breadcrumb\",\"itemListElement\":[{\"@type\":\"ListItem\",\"position\":1,\"name\":\"Accueil\",\"item\":\"https:\/\/awe-amazonia.com\/\"},{\"@type\":\"ListItem\",\"position\":2,\"name\":\"Nossa vis\u00e3o, nossa raz\u00e3o de ser\"}]},{\"@type\":\"WebSite\",\"@id\":\"https:\/\/awe-amazonia.com\/#website\",\"url\":\"https:\/\/awe-amazonia.com\/\",\"name\":\"Amazonia Wild Experience\",\"description\":\"Voyage sur mesure en Amazonie - Aventures au Br\u00e9sil et au Guyana\",\"publisher\":{\"@id\":\"https:\/\/awe-amazonia.com\/#organization\"},\"potentialAction\":[{\"@type\":\"SearchAction\",\"target\":{\"@type\":\"EntryPoint\",\"urlTemplate\":\"https:\/\/awe-amazonia.com\/?s={search_term_string}\"},\"query-input\":{\"@type\":\"PropertyValueSpecification\",\"valueRequired\":true,\"valueName\":\"search_term_string\"}}],\"inLanguage\":\"fr-FR\"},{\"@type\":\"Organization\",\"@id\":\"https:\/\/awe-amazonia.com\/#organization\",\"name\":\"Amazonia Wild Experience\",\"url\":\"https:\/\/awe-amazonia.com\/\",\"logo\":{\"@type\":\"ImageObject\",\"inLanguage\":\"fr-FR\",\"@id\":\"https:\/\/awe-amazonia.com\/#\/schema\/logo\/image\/\",\"url\":\"https:\/\/awe-amazonia.com\/wp-content\/uploads\/2020\/09\/cropped-Logo.png\",\"contentUrl\":\"https:\/\/awe-amazonia.com\/wp-content\/uploads\/2020\/09\/cropped-Logo.png\",\"width\":512,\"height\":512,\"caption\":\"Amazonia Wild Experience\"},\"image\":{\"@id\":\"https:\/\/awe-amazonia.com\/#\/schema\/logo\/image\/\"}}]}<\/script>\n<!-- \/ Yoast SEO plugin. -->","yoast_head_json":{"title":"Nossa vis\u00e3o, nossa raz\u00e3o de ser - Amazonia Wild Experience","robots":{"index":"index","follow":"follow","max-snippet":"max-snippet:-1","max-image-preview":"max-image-preview:large","max-video-preview":"max-video-preview:-1"},"canonical":"http:\/\/awe-amazonia.com\/index.php\/notre-vision\/","og_locale":"fr_FR","og_type":"article","og_title":"Nossa vis\u00e3o, nossa raz\u00e3o de ser - Amazonia Wild Experience","og_description":"\u00ab Reinventar o turismo de aventura propondo um modelo de viagem com impacto social e ambiental positivo \u00bb Quando n\u00f3s criamos a Amaz\u00f4nia Wild Experience, n\u00f3s t\u00ednhamos essa obsess\u00e3o pela aventura, pelas paisagens, pelos encontros, pela observa\u00e7\u00e3o dos animais, mas [&hellip;]","og_url":"http:\/\/awe-amazonia.com\/index.php\/notre-vision\/?lang=pt-br","og_site_name":"Amazonia Wild Experience","article_modified_time":"2021-04-01T12:04:11+00:00","og_image":[{"width":1998,"height":1332,"url":"http:\/\/awe-amazonia.com\/wp-content\/uploads\/2020\/12\/decouverte-en-pirogue-de-lamazonie.jpg","type":"image\/jpeg"}],"twitter_card":"summary_large_image","twitter_misc":{"Dur\u00e9e de lecture estim\u00e9e":"3 minutes"},"schema":{"@context":"https:\/\/schema.org","@graph":[{"@type":"WebPage","@id":"http:\/\/awe-amazonia.com\/index.php\/notre-vision\/?lang=pt-br","url":"http:\/\/awe-amazonia.com\/index.php\/notre-vision\/?lang=pt-br","name":"Nossa vis\u00e3o, nossa raz\u00e3o de ser - Amazonia Wild Experience","isPartOf":{"@id":"https:\/\/awe-amazonia.com\/#website"},"primaryImageOfPage":{"@id":"http:\/\/awe-amazonia.com\/index.php\/notre-vision\/?lang=pt-br#primaryimage"},"image":{"@id":"http:\/\/awe-amazonia.com\/index.php\/notre-vision\/?lang=pt-br#primaryimage"},"thumbnailUrl":"http:\/\/awe-amazonia.com\/wp-content\/uploads\/2020\/12\/decouverte-en-pirogue-de-lamazonie.jpg","datePublished":"2020-11-27T16:23:28+00:00","dateModified":"2021-04-01T12:04:11+00:00","breadcrumb":{"@id":"http:\/\/awe-amazonia.com\/index.php\/notre-vision\/?lang=pt-br#breadcrumb"},"inLanguage":"fr-FR","potentialAction":[{"@type":"ReadAction","target":["http:\/\/awe-amazonia.com\/index.php\/notre-vision\/?lang=pt-br"]}]},{"@type":"ImageObject","inLanguage":"fr-FR","@id":"http:\/\/awe-amazonia.com\/index.php\/notre-vision\/?lang=pt-br#primaryimage","url":"http:\/\/awe-amazonia.com\/wp-content\/uploads\/2020\/12\/decouverte-en-pirogue-de-lamazonie.jpg","contentUrl":"http:\/\/awe-amazonia.com\/wp-content\/uploads\/2020\/12\/decouverte-en-pirogue-de-lamazonie.jpg","width":1998,"height":1332},{"@type":"BreadcrumbList","@id":"http:\/\/awe-amazonia.com\/index.php\/notre-vision\/?lang=pt-br#breadcrumb","itemListElement":[{"@type":"ListItem","position":1,"name":"Accueil","item":"https:\/\/awe-amazonia.com\/"},{"@type":"ListItem","position":2,"name":"Nossa vis\u00e3o, nossa raz\u00e3o de ser"}]},{"@type":"WebSite","@id":"https:\/\/awe-amazonia.com\/#website","url":"https:\/\/awe-amazonia.com\/","name":"Amazonia Wild Experience","description":"Voyage sur mesure en Amazonie - Aventures au Br\u00e9sil et au Guyana","publisher":{"@id":"https:\/\/awe-amazonia.com\/#organization"},"potentialAction":[{"@type":"SearchAction","target":{"@type":"EntryPoint","urlTemplate":"https:\/\/awe-amazonia.com\/?s={search_term_string}"},"query-input":{"@type":"PropertyValueSpecification","valueRequired":true,"valueName":"search_term_string"}}],"inLanguage":"fr-FR"},{"@type":"Organization","@id":"https:\/\/awe-amazonia.com\/#organization","name":"Amazonia Wild Experience","url":"https:\/\/awe-amazonia.com\/","logo":{"@type":"ImageObject","inLanguage":"fr-FR","@id":"https:\/\/awe-amazonia.com\/#\/schema\/logo\/image\/","url":"https:\/\/awe-amazonia.com\/wp-content\/uploads\/2020\/09\/cropped-Logo.png","contentUrl":"https:\/\/awe-amazonia.com\/wp-content\/uploads\/2020\/09\/cropped-Logo.png","width":512,"height":512,"caption":"Amazonia Wild Experience"},"image":{"@id":"https:\/\/awe-amazonia.com\/#\/schema\/logo\/image\/"}}]}},"_links":{"self":[{"href":"http:\/\/awe-amazonia.com\/index.php\/wp-json\/wp\/v2\/pages\/9175","targetHints":{"allow":["GET"]}}],"collection":[{"href":"http:\/\/awe-amazonia.com\/index.php\/wp-json\/wp\/v2\/pages"}],"about":[{"href":"http:\/\/awe-amazonia.com\/index.php\/wp-json\/wp\/v2\/types\/page"}],"author":[{"embeddable":true,"href":"http:\/\/awe-amazonia.com\/index.php\/wp-json\/wp\/v2\/users\/1"}],"replies":[{"embeddable":true,"href":"http:\/\/awe-amazonia.com\/index.php\/wp-json\/wp\/v2\/comments?post=9175"}],"version-history":[{"count":7,"href":"http:\/\/awe-amazonia.com\/index.php\/wp-json\/wp\/v2\/pages\/9175\/revisions"}],"predecessor-version":[{"id":9480,"href":"http:\/\/awe-amazonia.com\/index.php\/wp-json\/wp\/v2\/pages\/9175\/revisions\/9480"}],"wp:featuredmedia":[{"embeddable":true,"href":"http:\/\/awe-amazonia.com\/index.php\/wp-json\/wp\/v2\/media\/9176"}],"wp:attachment":[{"href":"http:\/\/awe-amazonia.com\/index.php\/wp-json\/wp\/v2\/media?parent=9175"}],"curies":[{"name":"wp","href":"https:\/\/api.w.org\/{rel}","templated":true}]}}