{"id":9182,"date":"2020-09-09T20:53:25","date_gmt":"2020-09-09T18:53:25","guid":{"rendered":"https:\/\/awe-amazonia.com\/index.php\/lequipe\/"},"modified":"2025-04-21T15:40:38","modified_gmt":"2025-04-21T13:40:38","slug":"lequipe","status":"publish","type":"page","link":"http:\/\/awe-amazonia.com\/index.php\/lequipe\/?lang=pt-br","title":{"rendered":"Nossa equipe"},"content":{"rendered":"<div  class=\"one ppb_card_two_cols_with_image\" style=\"position:relative;padding:40px 0 40px 0;\" >\n<div class=\"standard_wrapper\">\n<div class=\"page_content_wrapper\">\n<div class=\"inner\">\n<div class=\"one_half parallax_scroll\" style=\"width:40%;position:absolute;padding:40px;z-index:2;block !important;background:#fff;\" data-stellar-ratio=\"1.3\">\n<h2 class=\"ppb_title\" style=\"\">Uma aventura humana<\/h2>\n<div class=\"ppb_header_content\">\n<p>Amaz\u00f4nia Wild Experience nasceu da amizade entre aventureiros, apaixonados pela natureza e pela Amaz\u00f4nia.<br \/>\nA partir de um primeiro encontro durante uma aventura de \u00ab sobreviv\u00eancia \u00bb no Estado do Amazonas, as expedi\u00e7\u00f5es se sucederam por toda a bacia amazonense at\u00e9 a Guiana. Experi\u00eancias incr\u00edveis, momentos inesquec\u00edveis, uma amizade pr\u00f3spera.<\/p>\n<\/div>\n<\/div>\n<div class=\"one_half parallax_scroll_image last\" style=\"width:65%;\">\n<div class=\"image_classic_frame expand\">\n<div class=\"image_wrapper\"><img decoding=\"async\" src=\"http:\/\/awe-amazonia.com\/wp-content\/uploads\/2020\/12\/AWE-Os-donos..jpg\" alt=\"\" class=\"portfolio_img\"\/><\/div>\n<\/div>\n<\/div>\n<p><br class=\"clear\"\/><\/div>\n<\/div>\n<\/div>\n<\/div>\n<div class=\"standard_wrapper\">\n<div  class=\"one_half withsmallpadding ppb_text\" style=\"text-align:center;padding:40px 0 40px 0;\" >\n<div class=\"standard_wrapper\">\n<div class=\"page_content_wrapper\">\n<div class=\"inner\">\n<div style=\"margin:auto;width:100%\">\n<p><img loading=\"lazy\" decoding=\"async\" class=\"aligncenter size-full wp-image-9194\" src=\"https:\/\/awe-amazonia.com\/wp-content\/uploads\/2020\/12\/profil-antho.jpg\" alt=\"Anthony amazonia wild experience\" width=\"619\" height=\"619\" \/><\/p>\n<h4 class=\"p1\" style=\"text-align: center;\"><span class=\"s1\"><b>Anthony<\/b><\/span><\/h4>\n<p style=\"text-align: center;\">Anthony \u00e9 franco-brasileiro, ele \u00e9 curioso com sede de aventuras e que depois de conhecer v\u00e1rios pa\u00edses, escolheu o Rio para viver. \u00a0Para ele, no in\u00edcio a Amaz\u00f4nia era uma v\u00e1lvula de escape, mas rapidamente se transformou numa fonte de inspira\u00e7\u00e3o. Defensor fervoroso das culturas locais, \u00e9 no meio da selva que ele se sente vivo, livre. Sua miss\u00e3o? dividir essas experi\u00eancias que acalmam qualquer pessoa.<\/p>\n<\/div>\n<\/div>\n<\/div>\n<\/div>\n<\/div>\n<\/div>\n<div class=\"standard_wrapper\">\n<div  class=\"one_half last withsmallpadding ppb_text\" style=\"text-align:center;padding:40px 0 40px 0;\" >\n<div class=\"standard_wrapper\">\n<div class=\"page_content_wrapper\">\n<div class=\"inner\">\n<div style=\"margin:auto;width:100%\">\n<p><img loading=\"lazy\" decoding=\"async\" class=\"aligncenter size-full wp-image-9192\" src=\"https:\/\/awe-amazonia.com\/wp-content\/uploads\/2020\/12\/Antonio-clever.jpg\" alt=\"antonio amazonia wild experience\" width=\"468\" height=\"468\" \/><\/p>\n<h4 class=\"p1\" style=\"text-align: center;\"><span class=\"s1\"><b>Clever \u00ab\u00a0Ant\u00f3nio\u00a0\u00bb<br \/>\n<\/b><\/span><\/h4>\n<p style=\"text-align: center;\">Ant\u00f3nio conhece a Amazonia melhor que qualquer um. O motivo? Foi onde ele nasceu!<br \/>\nDesde os seus primeiros passos na regi\u00e3o do Rupununi na Guiana, ele est\u00e1 em contato diariamente com essa floresta exuberante. Ant\u00f3nio conhece a selva conforme as tradi\u00e7\u00f5es mais puras dos ind\u00edgenas, a m\u00e3e dele \u00e9 de origem Arawak e \u00e9 de origem pai de origem Wapishana. Adulto, motivado pela curiosidade, ele foi ao Brasil e rapidamente ele come\u00e7ou a trabalhar como guia. Hoje, ele divide a paix\u00e3o dele pela floresta e pela aventura com a Amaz\u00f4nia Wild Experience.<\/p>\n<\/div>\n<\/div>\n<\/div>\n<\/div>\n<\/div>\n<\/div>\n<div  class=\"one ppb_card_two_cols_with_image\" style=\"position:relative;padding:40px 0 40px 0;\" >\n<div class=\"standard_wrapper\">\n<div class=\"page_content_wrapper\">\n<div class=\"inner\">\n<div class=\"one_half parallax_scroll\" style=\"width:40%;position:absolute;padding:40px;z-index:2;block !important;background:#fff;\" data-stellar-ratio=\"1.3\">\n<h2 class=\"ppb_title\" style=\"\">A ideia<\/h2>\n<div class=\"ppb_header_content\">\n<p>Se encantar navegando o Rio Amazonas diante do p\u00f4r do sol e o som da floresta como fundo sonoro. Se desligar durante v\u00e1rios dias de uma vida estressante. Acordar num acampamento no meio da floresta exuberante e dividir emo\u00e7\u00f5es m\u00e1gicas com amigos&#8230;. Tantos argumentos que nos deram a ideia de compartilhar essas aventuras.<\/p>\n<p>Durante uma expedi\u00e7\u00e3o no territ\u00f3rio WaiWai, deitados nas nossas redes, surgiu a ideia e n\u00f3s come\u00e7amos juntos a esbo\u00e7ar o que em ser\u00e1 em seguida a Amaz\u00f4nia Wild Experience. Gra\u00e7as a essa ag\u00eancia n\u00f3s podemos dividir nossa paix\u00e3o pela fauna, pela flora, pelas descobertas de novos modos de vida e pela preserva\u00e7\u00e3o da Amaz\u00f4nia.<\/p>\n<p>Expedi\u00e7\u00f5es que permitem entender a imensid\u00e3o da Amaz\u00f4nia, a paz que ela exala e a necessidade de defend\u00ea-la e preserv\u00e1-la. Com o objetivo de proteger a imensa biodiversidade da regi\u00e3o, nossos esfor\u00e7os se orientam em apoiar as comunidades locais com um trabalho de sensibiliza\u00e7\u00e3o cotidiano.<\/p>\n<\/div>\n<\/div>\n<div class=\"one_half parallax_scroll_image last\" style=\"width:65%;\">\n<div class=\"image_classic_frame expand\">\n<div class=\"image_wrapper\"><img decoding=\"async\" src=\"http:\/\/awe-amazonia.com\/wp-content\/uploads\/2020\/12\/tous-les-guides.jpg\" alt=\"\" class=\"portfolio_img\"\/><\/div>\n<\/div>\n<\/div>\n<p><br class=\"clear\"\/><\/div>\n<\/div>\n<\/div>\n<\/div>\n","protected":false},"excerpt":{"rendered":"<p>Uma aventura humana Amaz\u00f4nia Wild Experience nasceu da amizade entre aventureiros, apaixonados pela natureza e pela Amaz\u00f4nia. A partir de um primeiro encontro durante uma aventura de \u00ab sobreviv\u00eancia \u00bb no Estado do Amazonas, as expedi\u00e7\u00f5es se sucederam por toda [&hellip;]<\/p>\n","protected":false},"author":1,"featured_media":9184,"parent":0,"menu_order":0,"comment_status":"closed","ping_status":"closed","template":"","meta":{"iawp_total_views":274,"footnotes":""},"class_list":["post-9182","page","type-page","status-publish","has-post-thumbnail","hentry"],"yoast_head":"<!-- This site is optimized with the Yoast SEO plugin v27.1.1 - https:\/\/yoast.com\/product\/yoast-seo-wordpress\/ -->\n<title>Nossa equipe - Amazonia Wild Experience<\/title>\n<meta name=\"robots\" content=\"index, follow, max-snippet:-1, max-image-preview:large, max-video-preview:-1\" \/>\n<link rel=\"canonical\" href=\"http:\/\/awe-amazonia.com\/index.php\/lequipe\/\" \/>\n<meta property=\"og:locale\" content=\"fr_FR\" \/>\n<meta property=\"og:type\" content=\"article\" \/>\n<meta property=\"og:title\" content=\"Nossa equipe - Amazonia Wild Experience\" \/>\n<meta property=\"og:description\" content=\"Uma aventura humana Amaz\u00f4nia Wild Experience nasceu da amizade entre aventureiros, apaixonados pela natureza e pela Amaz\u00f4nia. A partir de um primeiro encontro durante uma aventura de \u00ab sobreviv\u00eancia \u00bb no Estado do Amazonas, as expedi\u00e7\u00f5es se sucederam por toda [&hellip;]\" \/>\n<meta property=\"og:url\" content=\"http:\/\/awe-amazonia.com\/index.php\/lequipe\/?lang=pt-br\" \/>\n<meta property=\"og:site_name\" content=\"Amazonia Wild Experience\" \/>\n<meta property=\"article:modified_time\" content=\"2025-04-21T13:40:38+00:00\" \/>\n<meta property=\"og:image\" content=\"https:\/\/awe-amazonia.com\/wp-content\/uploads\/2020\/12\/couche-de-soleil-vers-manaus.jpg\" \/>\n\t<meta property=\"og:image:width\" content=\"1432\" \/>\n\t<meta property=\"og:image:height\" content=\"660\" \/>\n\t<meta property=\"og:image:type\" content=\"image\/jpeg\" \/>\n<meta name=\"twitter:card\" content=\"summary_large_image\" \/>\n<meta name=\"twitter:label1\" content=\"Dur\u00e9e de lecture estim\u00e9e\" \/>\n\t<meta name=\"twitter:data1\" content=\"3 minutes\" \/>\n<script type=\"application\/ld+json\" class=\"yoast-schema-graph\">{\"@context\":\"https:\/\/schema.org\",\"@graph\":[{\"@type\":\"WebPage\",\"@id\":\"http:\/\/awe-amazonia.com\/index.php\/lequipe\/?lang=pt-br\",\"url\":\"http:\/\/awe-amazonia.com\/index.php\/lequipe\/?lang=pt-br\",\"name\":\"Nossa equipe - Amazonia Wild Experience\",\"isPartOf\":{\"@id\":\"https:\/\/awe-amazonia.com\/?lang=en\/#website\"},\"primaryImageOfPage\":{\"@id\":\"http:\/\/awe-amazonia.com\/index.php\/lequipe\/?lang=pt-br#primaryimage\"},\"image\":{\"@id\":\"http:\/\/awe-amazonia.com\/index.php\/lequipe\/?lang=pt-br#primaryimage\"},\"thumbnailUrl\":\"http:\/\/awe-amazonia.com\/wp-content\/uploads\/2020\/12\/couche-de-soleil-vers-manaus.jpg\",\"datePublished\":\"2020-09-09T18:53:25+00:00\",\"dateModified\":\"2025-04-21T13:40:38+00:00\",\"breadcrumb\":{\"@id\":\"http:\/\/awe-amazonia.com\/index.php\/lequipe\/?lang=pt-br#breadcrumb\"},\"inLanguage\":\"fr-FR\",\"potentialAction\":[{\"@type\":\"ReadAction\",\"target\":[\"http:\/\/awe-amazonia.com\/index.php\/lequipe\/?lang=pt-br\"]}]},{\"@type\":\"ImageObject\",\"inLanguage\":\"fr-FR\",\"@id\":\"http:\/\/awe-amazonia.com\/index.php\/lequipe\/?lang=pt-br#primaryimage\",\"url\":\"http:\/\/awe-amazonia.com\/wp-content\/uploads\/2020\/12\/couche-de-soleil-vers-manaus.jpg\",\"contentUrl\":\"http:\/\/awe-amazonia.com\/wp-content\/uploads\/2020\/12\/couche-de-soleil-vers-manaus.jpg\",\"width\":1432,\"height\":660},{\"@type\":\"BreadcrumbList\",\"@id\":\"http:\/\/awe-amazonia.com\/index.php\/lequipe\/?lang=pt-br#breadcrumb\",\"itemListElement\":[{\"@type\":\"ListItem\",\"position\":1,\"name\":\"Accueil\",\"item\":\"https:\/\/awe-amazonia.com\/\"},{\"@type\":\"ListItem\",\"position\":2,\"name\":\"Nossa equipe\"}]},{\"@type\":\"WebSite\",\"@id\":\"https:\/\/awe-amazonia.com\/?lang=en\/#website\",\"url\":\"https:\/\/awe-amazonia.com\/?lang=en\/\",\"name\":\"Amazonia Wild Experience\",\"description\":\"Voyage sur mesure en Amazonie - Aventures au Br\u00e9sil et au Guyana\",\"publisher\":{\"@id\":\"https:\/\/awe-amazonia.com\/?lang=en\/#organization\"},\"potentialAction\":[{\"@type\":\"SearchAction\",\"target\":{\"@type\":\"EntryPoint\",\"urlTemplate\":\"https:\/\/awe-amazonia.com\/?lang=en\/?s={search_term_string}\"},\"query-input\":{\"@type\":\"PropertyValueSpecification\",\"valueRequired\":true,\"valueName\":\"search_term_string\"}}],\"inLanguage\":\"fr-FR\"},{\"@type\":\"Organization\",\"@id\":\"https:\/\/awe-amazonia.com\/?lang=en\/#organization\",\"name\":\"Amazonia Wild Experience\",\"url\":\"https:\/\/awe-amazonia.com\/?lang=en\/\",\"logo\":{\"@type\":\"ImageObject\",\"inLanguage\":\"fr-FR\",\"@id\":\"https:\/\/awe-amazonia.com\/?lang=en\/#\/schema\/logo\/image\/\",\"url\":\"https:\/\/awe-amazonia.com\/wp-content\/uploads\/2020\/09\/cropped-Logo.png\",\"contentUrl\":\"https:\/\/awe-amazonia.com\/wp-content\/uploads\/2020\/09\/cropped-Logo.png\",\"width\":512,\"height\":512,\"caption\":\"Amazonia Wild Experience\"},\"image\":{\"@id\":\"https:\/\/awe-amazonia.com\/?lang=en\/#\/schema\/logo\/image\/\"}}]}<\/script>\n<!-- \/ Yoast SEO plugin. -->","yoast_head_json":{"title":"Nossa equipe - Amazonia Wild Experience","robots":{"index":"index","follow":"follow","max-snippet":"max-snippet:-1","max-image-preview":"max-image-preview:large","max-video-preview":"max-video-preview:-1"},"canonical":"http:\/\/awe-amazonia.com\/index.php\/lequipe\/","og_locale":"fr_FR","og_type":"article","og_title":"Nossa equipe - Amazonia Wild Experience","og_description":"Uma aventura humana Amaz\u00f4nia Wild Experience nasceu da amizade entre aventureiros, apaixonados pela natureza e pela Amaz\u00f4nia. A partir de um primeiro encontro durante uma aventura de \u00ab sobreviv\u00eancia \u00bb no Estado do Amazonas, as expedi\u00e7\u00f5es se sucederam por toda [&hellip;]","og_url":"http:\/\/awe-amazonia.com\/index.php\/lequipe\/?lang=pt-br","og_site_name":"Amazonia Wild Experience","article_modified_time":"2025-04-21T13:40:38+00:00","og_image":[{"width":1432,"height":660,"url":"https:\/\/awe-amazonia.com\/wp-content\/uploads\/2020\/12\/couche-de-soleil-vers-manaus.jpg","type":"image\/jpeg"}],"twitter_card":"summary_large_image","twitter_misc":{"Dur\u00e9e de lecture estim\u00e9e":"3 minutes"},"schema":{"@context":"https:\/\/schema.org","@graph":[{"@type":"WebPage","@id":"http:\/\/awe-amazonia.com\/index.php\/lequipe\/?lang=pt-br","url":"http:\/\/awe-amazonia.com\/index.php\/lequipe\/?lang=pt-br","name":"Nossa equipe - Amazonia Wild Experience","isPartOf":{"@id":"https:\/\/awe-amazonia.com\/?lang=en\/#website"},"primaryImageOfPage":{"@id":"http:\/\/awe-amazonia.com\/index.php\/lequipe\/?lang=pt-br#primaryimage"},"image":{"@id":"http:\/\/awe-amazonia.com\/index.php\/lequipe\/?lang=pt-br#primaryimage"},"thumbnailUrl":"http:\/\/awe-amazonia.com\/wp-content\/uploads\/2020\/12\/couche-de-soleil-vers-manaus.jpg","datePublished":"2020-09-09T18:53:25+00:00","dateModified":"2025-04-21T13:40:38+00:00","breadcrumb":{"@id":"http:\/\/awe-amazonia.com\/index.php\/lequipe\/?lang=pt-br#breadcrumb"},"inLanguage":"fr-FR","potentialAction":[{"@type":"ReadAction","target":["http:\/\/awe-amazonia.com\/index.php\/lequipe\/?lang=pt-br"]}]},{"@type":"ImageObject","inLanguage":"fr-FR","@id":"http:\/\/awe-amazonia.com\/index.php\/lequipe\/?lang=pt-br#primaryimage","url":"http:\/\/awe-amazonia.com\/wp-content\/uploads\/2020\/12\/couche-de-soleil-vers-manaus.jpg","contentUrl":"http:\/\/awe-amazonia.com\/wp-content\/uploads\/2020\/12\/couche-de-soleil-vers-manaus.jpg","width":1432,"height":660},{"@type":"BreadcrumbList","@id":"http:\/\/awe-amazonia.com\/index.php\/lequipe\/?lang=pt-br#breadcrumb","itemListElement":[{"@type":"ListItem","position":1,"name":"Accueil","item":"https:\/\/awe-amazonia.com\/"},{"@type":"ListItem","position":2,"name":"Nossa equipe"}]},{"@type":"WebSite","@id":"https:\/\/awe-amazonia.com\/?lang=en\/#website","url":"https:\/\/awe-amazonia.com\/?lang=en\/","name":"Amazonia Wild Experience","description":"Voyage sur mesure en Amazonie - Aventures au Br\u00e9sil et au Guyana","publisher":{"@id":"https:\/\/awe-amazonia.com\/?lang=en\/#organization"},"potentialAction":[{"@type":"SearchAction","target":{"@type":"EntryPoint","urlTemplate":"https:\/\/awe-amazonia.com\/?lang=en\/?s={search_term_string}"},"query-input":{"@type":"PropertyValueSpecification","valueRequired":true,"valueName":"search_term_string"}}],"inLanguage":"fr-FR"},{"@type":"Organization","@id":"https:\/\/awe-amazonia.com\/?lang=en\/#organization","name":"Amazonia Wild Experience","url":"https:\/\/awe-amazonia.com\/?lang=en\/","logo":{"@type":"ImageObject","inLanguage":"fr-FR","@id":"https:\/\/awe-amazonia.com\/?lang=en\/#\/schema\/logo\/image\/","url":"https:\/\/awe-amazonia.com\/wp-content\/uploads\/2020\/09\/cropped-Logo.png","contentUrl":"https:\/\/awe-amazonia.com\/wp-content\/uploads\/2020\/09\/cropped-Logo.png","width":512,"height":512,"caption":"Amazonia Wild Experience"},"image":{"@id":"https:\/\/awe-amazonia.com\/?lang=en\/#\/schema\/logo\/image\/"}}]}},"_links":{"self":[{"href":"http:\/\/awe-amazonia.com\/index.php\/wp-json\/wp\/v2\/pages\/9182","targetHints":{"allow":["GET"]}}],"collection":[{"href":"http:\/\/awe-amazonia.com\/index.php\/wp-json\/wp\/v2\/pages"}],"about":[{"href":"http:\/\/awe-amazonia.com\/index.php\/wp-json\/wp\/v2\/types\/page"}],"author":[{"embeddable":true,"href":"http:\/\/awe-amazonia.com\/index.php\/wp-json\/wp\/v2\/users\/1"}],"replies":[{"embeddable":true,"href":"http:\/\/awe-amazonia.com\/index.php\/wp-json\/wp\/v2\/comments?post=9182"}],"version-history":[{"count":11,"href":"http:\/\/awe-amazonia.com\/index.php\/wp-json\/wp\/v2\/pages\/9182\/revisions"}],"predecessor-version":[{"id":29945,"href":"http:\/\/awe-amazonia.com\/index.php\/wp-json\/wp\/v2\/pages\/9182\/revisions\/29945"}],"wp:featuredmedia":[{"embeddable":true,"href":"http:\/\/awe-amazonia.com\/index.php\/wp-json\/wp\/v2\/media\/9184"}],"wp:attachment":[{"href":"http:\/\/awe-amazonia.com\/index.php\/wp-json\/wp\/v2\/media?parent=9182"}],"curies":[{"name":"wp","href":"https:\/\/api.w.org\/{rel}","templated":true}]}}