{"id":9394,"date":"2020-10-01T14:44:00","date_gmt":"2020-10-01T12:44:00","guid":{"rendered":"https:\/\/awe-amazonia.com\/index.php\/paiement-et-conditions-de-reservations\/"},"modified":"2021-04-05T00:14:59","modified_gmt":"2021-04-04T22:14:59","slug":"paiement-et-conditions-de-reservations","status":"publish","type":"page","link":"http:\/\/awe-amazonia.com\/index.php\/paiement-et-conditions-de-reservations\/?lang=pt-br","title":{"rendered":"Pagamento e condi\u00e7\u00f5es gerais da reserva"},"content":{"rendered":"<div  class=\"one withsmallpadding ppb_header \" style=\"text-align:left;padding:40px 0 40px 0;\" >\n<div class=\"standard_wrapper\">\n<div class=\"page_content_wrapper\">\n<div class=\"inner\">\n<div style=\"margin:auto;width:100%\">\n<div class=\"ppb_header_content\">\n<div class=\"pp_accordion has_icon\">\n<h3><a href=\"#\">Condi\u00e7\u00f5es gerais da reserva<\/a><\/h3>\n<div>\n<p>\nPara confirmar a sua reserva com a Amaz\u00f4nia Wild Experience, \u00e9 necess\u00e1rio fazer o pagamento de 50% do valor total.<br \/>\nN\u00f3s enviaremos uma confirma\u00e7\u00e3o 72 horas depois de receber a confirma\u00e7\u00e3o do pagamento.<br \/>\nO restante do pagamento ser\u00e1 feito 30 dias antes do in\u00edcio da sua viagem.<br \/>\nNo caso das reservas feitas com menos de 30 dias antes da expedi\u00e7\u00e3o, o valor total dever\u00e1 ser pago.<br \/>\nOs pagamentos fora do prazo podem estar sujeitos a anula\u00e7\u00f5es da nossa parte.<\/p>\n<\/div>\n<\/div>\n<div class=\"pp_accordion has_icon\">\n<h3><a href=\"#\">Condi\u00e7\u00f5es e Pol\u00edtica de Cancelamento<\/a><\/h3>\n<div>\n<p> Uma anula\u00e7\u00e3o com mais de 30 dias do in\u00edcio da expedi\u00e7\u00e3o resulta na perda do valor inicial depositado (50% do valor total).<br \/>\nUma anula\u00e7\u00e3o com menos de 30 dias do in\u00edcio da expedi\u00e7\u00e3o resulta na perda do valor total da reserva.<br \/>\nA anteced\u00eancia da anula\u00e7\u00e3o \u00e9 calculada a partir da data de recebimento da notifica\u00e7\u00e3o do cancelamento pelo cliente.<br \/>\nN\u00f3s descontamos as tarifas banc\u00e1rias nos reembolsos que n\u00f3s fazemos.<br \/>\nA Amaz\u00f4nia Wild Experience emprega rigorosamente a pol\u00edtica de anula\u00e7\u00e3o. <\/p>\n<\/div>\n<\/div>\n<div class=\"pp_accordion has_icon\">\n<h3><a href=\"#\">Seguro-viagem<\/a><\/h3>\n<div>\n<p> N\u00f3s recomendamos vigorosamente contratar um seguro-viagem duas semanas depois de fazer a reserva da sua expedi\u00e7\u00e3o.<br \/>\nO seguro-viagem deve lhe garantir a maior parte dos custos ligados a anula\u00e7\u00e3o ou a uma mudan\u00e7a de planos. O seguro permite tamb\u00e9m obter os cuidados m\u00e9dicos e assist\u00eancia m\u00e9dica de urg\u00eancia. A Amaz\u00f4nia Wild Experience se isenta de toda responsabilidade relacionada as anula\u00e7\u00f5es de voos, voos perdidos e perdas de bagagem.<\/p>\n<\/div>\n<\/div>\n<\/div>\n<\/div>\n<\/div>\n<\/div>\n<\/div>\n<\/div>\n","protected":false},"excerpt":{"rendered":"<p>Condi\u00e7\u00f5es gerais da reserva Para confirmar a sua reserva com a Amaz\u00f4nia Wild Experience, \u00e9 necess\u00e1rio fazer o pagamento de 50% do valor total. N\u00f3s enviaremos uma confirma\u00e7\u00e3o 72 horas depois de receber a confirma\u00e7\u00e3o do pagamento. O restante do [&hellip;]<\/p>\n","protected":false},"author":1,"featured_media":9395,"parent":0,"menu_order":0,"comment_status":"closed","ping_status":"closed","template":"","meta":{"iawp_total_views":14,"footnotes":""},"class_list":["post-9394","page","type-page","status-publish","has-post-thumbnail","hentry"],"yoast_head":"<!-- This site is optimized with the Yoast SEO plugin v27.1.1 - https:\/\/yoast.com\/product\/yoast-seo-wordpress\/ -->\n<title>Pagamento e condi\u00e7\u00f5es gerais da reserva - Amazonia Wild Experience<\/title>\n<meta name=\"description\" content=\"Encontre nossas condi\u00e7\u00f5es de pagamento e reserva para sua viagem na Amaz\u00f4nia no Brasil e na Guiana.\" \/>\n<meta name=\"robots\" content=\"index, follow, max-snippet:-1, max-image-preview:large, max-video-preview:-1\" \/>\n<link rel=\"canonical\" href=\"http:\/\/awe-amazonia.com\/index.php\/paiement-et-conditions-de-reservations\/\" \/>\n<meta property=\"og:locale\" content=\"fr_FR\" \/>\n<meta property=\"og:type\" content=\"article\" \/>\n<meta property=\"og:title\" content=\"Pagamento e condi\u00e7\u00f5es gerais da reserva - Amazonia Wild Experience\" \/>\n<meta property=\"og:description\" content=\"Encontre nossas condi\u00e7\u00f5es de pagamento e reserva para sua viagem na Amaz\u00f4nia no Brasil e na Guiana.\" \/>\n<meta property=\"og:url\" content=\"http:\/\/awe-amazonia.com\/index.php\/paiement-et-conditions-de-reservations\/?lang=pt-br\" \/>\n<meta property=\"og:site_name\" content=\"Amazonia Wild Experience\" \/>\n<meta property=\"article:modified_time\" content=\"2021-04-04T22:14:59+00:00\" \/>\n<meta property=\"og:image\" content=\"http:\/\/awe-amazonia.com\/wp-content\/uploads\/2020\/12\/Animaux-4.jpg\" \/>\n\t<meta property=\"og:image:width\" content=\"1277\" \/>\n\t<meta property=\"og:image:height\" content=\"850\" \/>\n\t<meta property=\"og:image:type\" content=\"image\/jpeg\" \/>\n<meta name=\"twitter:card\" content=\"summary_large_image\" \/>\n<meta name=\"twitter:label1\" content=\"Dur\u00e9e de lecture estim\u00e9e\" \/>\n\t<meta name=\"twitter:data1\" content=\"1 minute\" \/>\n<script type=\"application\/ld+json\" class=\"yoast-schema-graph\">{\"@context\":\"https:\/\/schema.org\",\"@graph\":[{\"@type\":\"WebPage\",\"@id\":\"http:\/\/awe-amazonia.com\/index.php\/paiement-et-conditions-de-reservations\/?lang=pt-br\",\"url\":\"http:\/\/awe-amazonia.com\/index.php\/paiement-et-conditions-de-reservations\/?lang=pt-br\",\"name\":\"Pagamento e condi\u00e7\u00f5es gerais da reserva - Amazonia Wild Experience\",\"isPartOf\":{\"@id\":\"https:\/\/awe-amazonia.com\/?lang=en\/#website\"},\"primaryImageOfPage\":{\"@id\":\"http:\/\/awe-amazonia.com\/index.php\/paiement-et-conditions-de-reservations\/?lang=pt-br#primaryimage\"},\"image\":{\"@id\":\"http:\/\/awe-amazonia.com\/index.php\/paiement-et-conditions-de-reservations\/?lang=pt-br#primaryimage\"},\"thumbnailUrl\":\"http:\/\/awe-amazonia.com\/wp-content\/uploads\/2020\/12\/Animaux-4.jpg\",\"datePublished\":\"2020-10-01T12:44:00+00:00\",\"dateModified\":\"2021-04-04T22:14:59+00:00\",\"description\":\"Encontre nossas condi\u00e7\u00f5es de pagamento e reserva para sua viagem na Amaz\u00f4nia no Brasil e na Guiana.\",\"breadcrumb\":{\"@id\":\"http:\/\/awe-amazonia.com\/index.php\/paiement-et-conditions-de-reservations\/?lang=pt-br#breadcrumb\"},\"inLanguage\":\"fr-FR\",\"potentialAction\":[{\"@type\":\"ReadAction\",\"target\":[\"http:\/\/awe-amazonia.com\/index.php\/paiement-et-conditions-de-reservations\/?lang=pt-br\"]}]},{\"@type\":\"ImageObject\",\"inLanguage\":\"fr-FR\",\"@id\":\"http:\/\/awe-amazonia.com\/index.php\/paiement-et-conditions-de-reservations\/?lang=pt-br#primaryimage\",\"url\":\"http:\/\/awe-amazonia.com\/wp-content\/uploads\/2020\/12\/Animaux-4.jpg\",\"contentUrl\":\"http:\/\/awe-amazonia.com\/wp-content\/uploads\/2020\/12\/Animaux-4.jpg\",\"width\":1277,\"height\":850},{\"@type\":\"BreadcrumbList\",\"@id\":\"http:\/\/awe-amazonia.com\/index.php\/paiement-et-conditions-de-reservations\/?lang=pt-br#breadcrumb\",\"itemListElement\":[{\"@type\":\"ListItem\",\"position\":1,\"name\":\"Accueil\",\"item\":\"https:\/\/awe-amazonia.com\/\"},{\"@type\":\"ListItem\",\"position\":2,\"name\":\"Pagamento e condi\u00e7\u00f5es gerais da reserva\"}]},{\"@type\":\"WebSite\",\"@id\":\"https:\/\/awe-amazonia.com\/?lang=en\/#website\",\"url\":\"https:\/\/awe-amazonia.com\/?lang=en\/\",\"name\":\"Amazonia Wild Experience\",\"description\":\"Voyage sur mesure en Amazonie - Aventures au Br\u00e9sil et au Guyana\",\"publisher\":{\"@id\":\"https:\/\/awe-amazonia.com\/?lang=en\/#organization\"},\"potentialAction\":[{\"@type\":\"SearchAction\",\"target\":{\"@type\":\"EntryPoint\",\"urlTemplate\":\"https:\/\/awe-amazonia.com\/?lang=en\/?s={search_term_string}\"},\"query-input\":{\"@type\":\"PropertyValueSpecification\",\"valueRequired\":true,\"valueName\":\"search_term_string\"}}],\"inLanguage\":\"fr-FR\"},{\"@type\":\"Organization\",\"@id\":\"https:\/\/awe-amazonia.com\/?lang=en\/#organization\",\"name\":\"Amazonia Wild Experience\",\"url\":\"https:\/\/awe-amazonia.com\/?lang=en\/\",\"logo\":{\"@type\":\"ImageObject\",\"inLanguage\":\"fr-FR\",\"@id\":\"https:\/\/awe-amazonia.com\/?lang=en\/#\/schema\/logo\/image\/\",\"url\":\"https:\/\/awe-amazonia.com\/wp-content\/uploads\/2020\/09\/cropped-Logo.png\",\"contentUrl\":\"https:\/\/awe-amazonia.com\/wp-content\/uploads\/2020\/09\/cropped-Logo.png\",\"width\":512,\"height\":512,\"caption\":\"Amazonia Wild Experience\"},\"image\":{\"@id\":\"https:\/\/awe-amazonia.com\/?lang=en\/#\/schema\/logo\/image\/\"}}]}<\/script>\n<!-- \/ Yoast SEO plugin. -->","yoast_head_json":{"title":"Pagamento e condi\u00e7\u00f5es gerais da reserva - Amazonia Wild Experience","description":"Encontre nossas condi\u00e7\u00f5es de pagamento e reserva para sua viagem na Amaz\u00f4nia no Brasil e na Guiana.","robots":{"index":"index","follow":"follow","max-snippet":"max-snippet:-1","max-image-preview":"max-image-preview:large","max-video-preview":"max-video-preview:-1"},"canonical":"http:\/\/awe-amazonia.com\/index.php\/paiement-et-conditions-de-reservations\/","og_locale":"fr_FR","og_type":"article","og_title":"Pagamento e condi\u00e7\u00f5es gerais da reserva - Amazonia Wild Experience","og_description":"Encontre nossas condi\u00e7\u00f5es de pagamento e reserva para sua viagem na Amaz\u00f4nia no Brasil e na Guiana.","og_url":"http:\/\/awe-amazonia.com\/index.php\/paiement-et-conditions-de-reservations\/?lang=pt-br","og_site_name":"Amazonia Wild Experience","article_modified_time":"2021-04-04T22:14:59+00:00","og_image":[{"width":1277,"height":850,"url":"http:\/\/awe-amazonia.com\/wp-content\/uploads\/2020\/12\/Animaux-4.jpg","type":"image\/jpeg"}],"twitter_card":"summary_large_image","twitter_misc":{"Dur\u00e9e de lecture estim\u00e9e":"1 minute"},"schema":{"@context":"https:\/\/schema.org","@graph":[{"@type":"WebPage","@id":"http:\/\/awe-amazonia.com\/index.php\/paiement-et-conditions-de-reservations\/?lang=pt-br","url":"http:\/\/awe-amazonia.com\/index.php\/paiement-et-conditions-de-reservations\/?lang=pt-br","name":"Pagamento e condi\u00e7\u00f5es gerais da reserva - Amazonia Wild Experience","isPartOf":{"@id":"https:\/\/awe-amazonia.com\/?lang=en\/#website"},"primaryImageOfPage":{"@id":"http:\/\/awe-amazonia.com\/index.php\/paiement-et-conditions-de-reservations\/?lang=pt-br#primaryimage"},"image":{"@id":"http:\/\/awe-amazonia.com\/index.php\/paiement-et-conditions-de-reservations\/?lang=pt-br#primaryimage"},"thumbnailUrl":"http:\/\/awe-amazonia.com\/wp-content\/uploads\/2020\/12\/Animaux-4.jpg","datePublished":"2020-10-01T12:44:00+00:00","dateModified":"2021-04-04T22:14:59+00:00","description":"Encontre nossas condi\u00e7\u00f5es de pagamento e reserva para sua viagem na Amaz\u00f4nia no Brasil e na Guiana.","breadcrumb":{"@id":"http:\/\/awe-amazonia.com\/index.php\/paiement-et-conditions-de-reservations\/?lang=pt-br#breadcrumb"},"inLanguage":"fr-FR","potentialAction":[{"@type":"ReadAction","target":["http:\/\/awe-amazonia.com\/index.php\/paiement-et-conditions-de-reservations\/?lang=pt-br"]}]},{"@type":"ImageObject","inLanguage":"fr-FR","@id":"http:\/\/awe-amazonia.com\/index.php\/paiement-et-conditions-de-reservations\/?lang=pt-br#primaryimage","url":"http:\/\/awe-amazonia.com\/wp-content\/uploads\/2020\/12\/Animaux-4.jpg","contentUrl":"http:\/\/awe-amazonia.com\/wp-content\/uploads\/2020\/12\/Animaux-4.jpg","width":1277,"height":850},{"@type":"BreadcrumbList","@id":"http:\/\/awe-amazonia.com\/index.php\/paiement-et-conditions-de-reservations\/?lang=pt-br#breadcrumb","itemListElement":[{"@type":"ListItem","position":1,"name":"Accueil","item":"https:\/\/awe-amazonia.com\/"},{"@type":"ListItem","position":2,"name":"Pagamento e condi\u00e7\u00f5es gerais da reserva"}]},{"@type":"WebSite","@id":"https:\/\/awe-amazonia.com\/?lang=en\/#website","url":"https:\/\/awe-amazonia.com\/?lang=en\/","name":"Amazonia Wild Experience","description":"Voyage sur mesure en Amazonie - Aventures au Br\u00e9sil et au Guyana","publisher":{"@id":"https:\/\/awe-amazonia.com\/?lang=en\/#organization"},"potentialAction":[{"@type":"SearchAction","target":{"@type":"EntryPoint","urlTemplate":"https:\/\/awe-amazonia.com\/?lang=en\/?s={search_term_string}"},"query-input":{"@type":"PropertyValueSpecification","valueRequired":true,"valueName":"search_term_string"}}],"inLanguage":"fr-FR"},{"@type":"Organization","@id":"https:\/\/awe-amazonia.com\/?lang=en\/#organization","name":"Amazonia Wild Experience","url":"https:\/\/awe-amazonia.com\/?lang=en\/","logo":{"@type":"ImageObject","inLanguage":"fr-FR","@id":"https:\/\/awe-amazonia.com\/?lang=en\/#\/schema\/logo\/image\/","url":"https:\/\/awe-amazonia.com\/wp-content\/uploads\/2020\/09\/cropped-Logo.png","contentUrl":"https:\/\/awe-amazonia.com\/wp-content\/uploads\/2020\/09\/cropped-Logo.png","width":512,"height":512,"caption":"Amazonia Wild Experience"},"image":{"@id":"https:\/\/awe-amazonia.com\/?lang=en\/#\/schema\/logo\/image\/"}}]}},"_links":{"self":[{"href":"http:\/\/awe-amazonia.com\/index.php\/wp-json\/wp\/v2\/pages\/9394","targetHints":{"allow":["GET"]}}],"collection":[{"href":"http:\/\/awe-amazonia.com\/index.php\/wp-json\/wp\/v2\/pages"}],"about":[{"href":"http:\/\/awe-amazonia.com\/index.php\/wp-json\/wp\/v2\/types\/page"}],"author":[{"embeddable":true,"href":"http:\/\/awe-amazonia.com\/index.php\/wp-json\/wp\/v2\/users\/1"}],"replies":[{"embeddable":true,"href":"http:\/\/awe-amazonia.com\/index.php\/wp-json\/wp\/v2\/comments?post=9394"}],"version-history":[{"count":9,"href":"http:\/\/awe-amazonia.com\/index.php\/wp-json\/wp\/v2\/pages\/9394\/revisions"}],"predecessor-version":[{"id":9794,"href":"http:\/\/awe-amazonia.com\/index.php\/wp-json\/wp\/v2\/pages\/9394\/revisions\/9794"}],"wp:featuredmedia":[{"embeddable":true,"href":"http:\/\/awe-amazonia.com\/index.php\/wp-json\/wp\/v2\/media\/9395"}],"wp:attachment":[{"href":"http:\/\/awe-amazonia.com\/index.php\/wp-json\/wp\/v2\/media?parent=9394"}],"curies":[{"name":"wp","href":"https:\/\/api.w.org\/{rel}","templated":true}]}}