{"id":9411,"date":"2020-12-27T13:34:38","date_gmt":"2020-12-27T12:34:38","guid":{"rendered":"https:\/\/awe-amazonia.com\/index.php\/la-faune-et-la-flore-en-amazonie\/"},"modified":"2021-04-14T14:28:45","modified_gmt":"2021-04-14T12:28:45","slug":"fauna-flora-amazonia","status":"publish","type":"page","link":"http:\/\/awe-amazonia.com\/index.php\/fauna-flora-amazonia\/?lang=pt-br","title":{"rendered":"A fauna e a flora na Amaz\u00f4nia"},"content":{"rendered":"<div  class=\"one withsmallpadding ppb_text\" style=\"text-align:left;padding:30px 0 30px 0;\" >\n<div class=\"standard_wrapper\">\n<div class=\"page_content_wrapper\">\n<div class=\"inner\">\n<div style=\"margin:auto;width:100%\">\n<div class=\"one_half \" style=\"\">\n<div class=\"image_classic_frame border\"><img decoding=\"async\" src=\"https:\/\/awe-amazonia.com\/wp-content\/uploads\/2020\/12\/Tatou-1.jpg\" alt=\"\" class=\"\" data-animation=\"\" style=\"\" \/><\/div>\n<\/div>\n<div class=\"one_half last \" style=\"\">\n<div class=\"image_classic_frame glow\"><img decoding=\"async\" src=\"https:\/\/awe-amazonia.com\/wp-content\/uploads\/2020\/12\/Animaux-4.jpg\" alt=\"\" class=\"\" data-animation=\"\" style=\"\" \/><\/div>\n<\/div>\n<p><br class=\"clear\"\/><br \/>\n<br class=\"clear\" \/><\/p>\n<div class=\"one_half \" style=\"\">\n<div class=\"image_classic_frame dropshadow\"><img decoding=\"async\" src=\"https:\/\/awe-amazonia.com\/wp-content\/uploads\/2020\/12\/Oiseaux-jaune-amazonie.jpg\" alt=\"\" class=\"\" data-animation=\"\" style=\"\" \/><\/div>\n<\/div>\n<div class=\"one_half last \" style=\"\">\n<div class=\"image_classic_frame bottomshadow\"><img decoding=\"async\" src=\"https:\/\/awe-amazonia.com\/wp-content\/uploads\/2020\/12\/Vue-aerienne.jpg\" alt=\"\" class=\"\" data-animation=\"\" style=\"\" \/><\/div>\n<\/div>\n<p><br class=\"clear\"\/><\/p>\n<\/div>\n<\/div>\n<\/div>\n<\/div>\n<\/div>\n<div  class=\"one withsmallpadding ppb_header \" style=\"text-align:left;padding:30px 0 30px 0;\" >\n<div class=\"standard_wrapper\">\n<div class=\"page_content_wrapper\">\n<div class=\"inner\">\n<div style=\"margin:auto;width:100%\">\n<h2 class=\"ppb_title\" style=\"\">Uma biodiversidade extraordin\u00e1ria <\/h2>\n<div class=\"ppb_header_content\">\n<p>Que a floresta amaz\u00f4nica seja encantada ou enigm\u00e1tica, um \u00ab para\u00edso \u00bb ou um \u00ab inferno verde \u00bb, ela \u00e9 um lugar totalmente \u00fanico no mundo pela diversidade da fauna e da flora que ela possui. Ela abriga quase a metade de todas as esp\u00e9cies vivas da Terra.<br \/>\nA Amaz\u00f4nia abriga uma biodiversidade extraordin\u00e1ria: 40.000 esp\u00e9cies de plantas, 3.000 esp\u00e9cies de peixes de \u00e1gua doce, 300 esp\u00e9cies de mam\u00edferos, 1.300 esp\u00e9cies de p\u00e1ssaros, v\u00e1rios milh\u00f5es em variedades de insetos e mais de 370 esp\u00e9cies de r\u00e9pteis, ou seja, uma esp\u00e9cie a cada 10 conhecida na Terra.<br \/>\nA essa biodiversidade acrescenta-se os 550 milh\u00f5es de hectares de floresta densa, um ter\u00e7o das florestas tropicais \u00famidas restante no planeta e 6 762 km de rios sinuosos&#8230; Tantos recursos que justificam a import\u00e2ncia da Amaz\u00f4nia para o planeta todo. Esses n\u00fameros aumentam visto que todos os anos ainda descobrimos dezenas de esp\u00e9cies.<\/p>\n<\/div>\n<\/div>\n<\/div>\n<\/div>\n<\/div>\n<\/div>\n<div  class=\"one withsmallpadding ppb_text\" style=\"text-align:left;padding:30px 0 30px 0;\" >\n<div class=\"standard_wrapper\">\n<div class=\"page_content_wrapper\">\n<div class=\"inner\">\n<div style=\"margin:auto;width:100%\">\n<div class=\"one_half \" style=\"\"><img decoding=\"async\" src=\"https:\/\/awe-amazonia.com\/wp-content\/uploads\/2021\/01\/Vue-aerienne-fleuve-en-amazonie.jpg\" alt=\"\" class=\"animated\" data-animation=\"slideRight\" style=\"\" \/><\/div>\n<div class=\"one_half last \" style=\"\">\n<h3>A flora<\/h3>\n<p>A plan\u00edcie da Amaz\u00f4nia \u00e9 a maior superf\u00edcie equatorial \u00famida do planeta e a floresta Amaz\u00f4nica representa literalmente o pulm\u00e3o verde dela.<br \/>\nPrimeiro rio do mundo, o Amazonas se estende por 6 762 km e tem 1 100 afluentes com \u00e1guas multicores. Com um fluxo de 200 000 m\u00b3 por segundo, o Amazonas desagua no oceano um quinto da \u00e1gua doce do planeta. O rio \u00e9 t\u00e3o imenso que os efeitos da mar\u00e9 s\u00e3o sentidos 800 km rio acima na foz.<br \/>\nQuando as \u00e1guas se encontram no oceano, no per\u00edodo de mar\u00e9 alta, o choque produz uma onda r\u00e1pida e devastadora, a pororoca, aud\u00edvel a quil\u00f4metros de dist\u00e2ncia.<br \/>\nO Amazonas \u00e9 naveg\u00e1vel por 3 700 km. Perto de Manaus, as \u00e1guas barrentas do Amazonas se encontram com as \u00e1guas escuras do Rio Negro. As \u00e1guas n\u00e3o se misturam logo. Elas correm uma do lado da outra, como se elas se ignorassem, durante dezenas de quil\u00f4metros, um espet\u00e1culo extraordin\u00e1rio.<\/p>\n<\/div>\n<p><br class=\"clear\"\/><br \/>\n<br class=\"clear\" \/><\/p>\n<div class=\"one_half \" style=\"\">\n<h3>A <strong>selva: para\u00edso ou inferno verde<\/strong> ?<\/h3>\n<p>A floresta prim\u00e1ria, com \u00e1rvores de 30 a 50 metros de altura possui a maior diversidade de toda a floresta. As \u00e1rvores t\u00eam copas t\u00e3o densas que bloqueiam quase toda a luz das camadas inferiores da floresta onde uma quantidade de esp\u00e9cies prolifera.<br \/>\nA floresta pode tamb\u00e9m se estender as terras inundadas, frequentemente perto do leito dos rios. A floresta inundada apresenta em m\u00e9dia 4% da superf\u00edcie total da floresta e ela pode ser constantemente observada durante as viagens de barco.<br \/>\nO ecossistema da Amaz\u00f4nia inclui tanto os mangues no lado do Atl\u00e2ntico, quanto nas montanhas rochosas no plat\u00f4\/planalto das Guianas. Plat\u00f4 que apresenta uma fauna e uma flora originais.<br \/>\nNas regi\u00f5es do Brasil, como no Amap\u00e1, em Roraima, na Amaz\u00f4nia ou ainda na Guiana, existe tamb\u00e9m regi\u00f5es de savana onde voc\u00ea poder\u00e1 assistir a pores do sol espetaculares.<\/p>\n<\/div>\n<div class=\"one_half last \" style=\"\"><img decoding=\"async\" src=\"https:\/\/awe-amazonia.com\/wp-content\/uploads\/2020\/12\/Amazonie-janauaca.jpg\" alt=\"\" class=\"animated\" data-animation=\"slideLeft\" style=\"\" \/><\/div>\n<p><br class=\"clear\"\/><br \/>\n<br class=\"clear\" \/><\/p>\n<div class=\"one_half \" style=\"\"><img decoding=\"async\" src=\"https:\/\/awe-amazonia.com\/wp-content\/uploads\/2020\/09\/Animaux-18-Tapir.jpg\" alt=\"\" class=\"animated\" data-animation=\"slideUp\" style=\"\" \/><\/div>\n<div class=\"one_half last \" style=\"\">\n<h3>A fauna na Amaz\u00f4nia<\/h3>\n<p><strong>Aqui est\u00e1 alguns exemplos de animais que a gente pode encontrar na Amaz\u00f4nia: <\/strong><br \/>\nO jaguar e o puma, a on\u00e7a e a su\u00e7uarana ou on\u00e7a-parda, donos das florestas brasileiras. Pouco perigosos para o homem, eles vivem em toda a regi\u00e3o. Eles s\u00e3o excelentes nadadores.<br \/>\nOs felinos s\u00e3o numerosos: \u00a0jaguarondi- gato-mourisco, jaguatirica gatos malgaxes ou selvagens povoam esse ambiente\/ essa regi\u00e3o.<br \/>\nO catitu ou porco do mato, com a pele espessa que o protege das cobras, \u00e9 um primo do javali.<br \/>\nA anta \u00e9 um animal solit\u00e1rio que pode atingir at\u00e9 2 metros e pesar 280 quilos. Ela pode atravessar uma enseada ou um rio andando pelo fundo, como o hipop\u00f3tamo.<br \/>\n<u>Entre os v\u00e1rios roedores,<\/u> a capivara leva a vida de um mam\u00edfero social e semiaqu\u00e1tico. Ela nada muito r\u00e1pido e vive em grupo. As cutias e as pacas s\u00e3o outros roedores que voc\u00ea encontrar\u00e1.<\/p>\n<\/div>\n<p><br class=\"clear\"\/><\/p>\n<p><br class=\"clear\" \/><\/p>\n<div class=\"one_half \" style=\"\">\n<p>O tatu, animal noturno e solit\u00e1rio tem o corpo coberto por uma carapa\u00e7a de prote\u00e7\u00e3o de cor marrom claro.<br \/>\nO formigueiro gigante se alimenta nas regi\u00f5es abertas e descansam nas \u00e1reas mais arborizadas da floresta.<br \/>\nA gente encontra o gamb\u00e1 peludo que sobe nos galhos das \u00e1rvores gra\u00e7as a sua calda pre\u00eansil que permite tanto se segurar nas \u00e1rvores como para ataque. E o Sarigu\u00ea, que os filhotes ficam agarrados no corpo da m\u00e3e.<\/p>\n<p><strong>Entre os macacos<\/strong><br \/>\nO macaco le\u00e3o dorme num buraco na \u00e1rvore.<br \/>\nO macaco-prego-do-papo-amarelo- tem o focinho azulado.<br \/>\nO Macaco-prego-galego quebra as nozes com pedras.<br \/>\nO macaco-prego-de-cara-branca deixa que a gente se aproxime.<br \/>\nO macaco aranha possui um rabo longo pre\u00eansil.<br \/>\nLe douroucouli- O macaco da noite \u00e9 um macaco noturno com olhos enormes.<br \/>\nOs saguis s\u00e3o os menores macacos do mundo.<br \/>\nO grito do Macaco Uivador ou macaco bugio pode ser escutado por quil\u00f4metros.<br \/>\nO bicho pregui\u00e7a \u00e9 um animal curioso cjavascript:;om uma lentid\u00e3o famosa.<\/p>\n<\/div>\n<div class=\"one_half last \" style=\"\"><img decoding=\"async\" src=\"https:\/\/awe-amazonia.com\/wp-content\/uploads\/2020\/12\/foumilier-dans-la-savane.jpg\" alt=\"\" class=\"animated\" data-animation=\"fadeIn\" style=\"\" \/><\/div>\n<p><br class=\"clear\"\/><br \/>\n<br class=\"clear\" \/><\/p>\n<div class=\"one_half \" style=\"\"><\/div>\n<\/div>\n<\/div>\n<\/div>\n<\/div>\n<\/div>\n<div  class=\"one withsmallpadding ppb_text\" style=\"text-align:left;padding:30px 0 30px 0;\" >\n<div class=\"standard_wrapper\">\n<div class=\"page_content_wrapper\">\n<div class=\"inner\">\n<div style=\"margin:auto;width:100%\">\n<div class=\"one_half \" style=\"\"><img decoding=\"async\" src=\"https:\/\/awe-amazonia.com\/wp-content\/uploads\/2020\/12\/Animaux-26.jpg\" alt=\"\" class=\"animated\" data-animation=\"slideRight\" style=\"\" \/><\/div>\n<div class=\"one_half last \" style=\"\">\n<h3>1300 <strong>esp\u00e9cies de p\u00e1ssaros<\/strong><\/h3>\n<p>Nas florestas pluviais tropicais, todos os alimentos, insetos, frutas, n\u00e9ctar est\u00e3o dispon\u00edveis no local.<br \/>\nO tucano \u00e9 um vol\u00e1til charmoso que vive na floresta tropical, no topo e no meio das \u00e1rvores. O enorme bico dele \u00e9 um enigma. Existe 37 esp\u00e9cies de tucanos na Amaz\u00f4nia.<br \/>\nO colibri \u00e9 o \u00fanico p\u00e1ssaro que o batimento das asas \u00e9 para frente e para tr\u00e1s, ele pode voar para tr\u00e1s como um inseto. Ele \u00e9 capaz de sair voando de forma impressionante. As asas batem de 20 a 80 vezes por segundo. Para sustentar essa intensa atividade, o colibri saboreia do n\u00e9ctar das flores inodoras, em m\u00e9dia 50% do peso dele por dia. O cora\u00e7\u00e3o do colibri \u00e9 grande e em repouso bate 500 vezes por minuto.<\/p>\n<\/div>\n<p><br class=\"clear\"\/><br \/>\n<br class=\"clear\" \/><\/p>\n<div class=\"one_half \" style=\"\">\n<p>O papagaio \u00e9 um psitac\u00eddeo monog\u00e2mico. Os casais ficam junto o ano todo, voam juntos de manh\u00e3 cedo e se alimentam e alisam as plumas juntos. \u00c9 o \u00fanico p\u00e1ssaro que pega a fruta com a pata para comer. N\u00f3s conhec\u00eassemos 300 esp\u00e9cies, das quais uma quinzena acabou de desaparecer. Ele pode viver vinte quatro anos.<br \/>\nO Gavi\u00e3o real\u00a0\u00e9 a ave de rapina mais potente do mundo, ela se alimenta de macacos.<\/p>\n<p><strong>A Amaz\u00f4nia, terra de recordes<\/strong>: a serpente d\u2019\u00e1gua anaconda tem 9 metros de comprimento e pode engolir uma capivara inteira, os peixes de \u00e1gua doce como o pirarucu e a pira\u00edba pesam mais ou menos 140 quilos e finalmente a on\u00e7a que possui a mand\u00edbula mais potente de todos os felinos.<\/p>\n<\/div>\n<div class=\"one_half last \" style=\"\"><img decoding=\"async\" src=\"https:\/\/awe-amazonia.com\/wp-content\/uploads\/2020\/12\/Anaconda.jpg\" alt=\"\" class=\"animated\" data-animation=\"slideLeft\" style=\"\" \/><\/div>\n<p><br class=\"clear\"\/><br \/>\n<br class=\"clear\" \/><\/p>\n<div class=\"one_half \" style=\"\"><img decoding=\"async\" src=\"https:\/\/awe-amazonia.com\/wp-content\/uploads\/2020\/12\/Singe-Jau.jpg\" alt=\"\" class=\"animated\" data-animation=\"slideUp\" style=\"\" \/><\/div>\n<div class=\"one_half last \" style=\"\">\n<h3>A<strong>nimais admir\u00e1veis e amea\u00e7ados <\/strong><\/h3>\n<p>A iguana verde, lagarto com o corpo coberto por escamas pode atingir 2 metros e ficar debaixo d\u2019\u00e1gua at\u00e9 4h30. A jib\u00f3ia pode medir at\u00e9 5,60 m.<br \/>\nA cobra coral \u00e9 magnifica, mas perigosa.<br \/>\nLe ca\u00efman ou jacar\u00e9, pode medir at\u00e9 6 m.<br \/>\nA r\u00e3 flecha azul ou sapo azul tem a pele t\u00f3xica, os \u00edndios se servem dela para impregnar as flechas ou proceder ao ritual do Kamb\u00f4.<br \/>\nLa mygale- A tar\u00eantula \u00e9 na verdade inofensiva.<br \/>\nLe col\u00e9opt\u00e8re dynaste hercule- o Besouro H\u00e9rcules mede at\u00e9 17 cm, a borboleta Morpho mede 14 cm e \u00e9 de um azul met\u00e1lico encantador. Existe mais de um milh\u00e3o de esp\u00e9cies de insetos na Amaz\u00f4nia.<\/p>\n<\/div>\n<p><br class=\"clear\"\/><\/p>\n<p><br class=\"clear\" \/><\/p>\n<div class=\"one_half \" style=\"\">\n<h3>O R\u00edo Amazonas, 3 000 esp\u00e9cies de peixes<\/h3>\n<p>A Amaz\u00f4nia tem mais de 3 000 esp\u00e9cies de peixes, ou seja 10% das esp\u00e9cies de peixes do planeta identificadas at\u00e9 hoje.<\/p>\n<p>Piranhas, enguias el\u00e9tricas, arraias, tucunar\u00e9s, ja\u00f9s, jaraquis\u2026 algumas esp\u00e9cies intrigantes.\u00a0 Tal como os peixes min\u00fasculos que voc\u00ea sonharia ter no aqu\u00e1rio e que est\u00e3o em cardumes nas \u00e1guas amazonenses: o peixe anjo d\u2019\u00e1gua doce, o peixe-tetra neon ou o peixe l\u00e1pis dourado.<br \/>\nN\u00e3o podemos esquecer do famoso Pirarucu ou Arapa\u00efma, um dos maiores peixes de \u00e1gua doce do mundo.<\/p>\n<p>Finalmente o lend\u00e1rio golfinho da Amaz\u00f4nia, nos far\u00e1 companhia durante a viagem de barco. Calcula-se um casal por quilometro quadrado. Ele vem \u00e0 tona a cada trinta segundos e mergulha logo. Um espet\u00e1culo maravilhoso para observar de dentro do barco ou na \u00e1gua. Em 2010 uma equipe de cientistas descobriu uma esp\u00e9cie nova de golfinho nas \u00e1guas do Araguaia<\/p>\n<p>A impressionante Amaz\u00f4nia que n\u00e3o para de nos contar os seus segredos.<\/p>\n<\/div>\n<div class=\"one_half last \" style=\"\"><img decoding=\"async\" src=\"https:\/\/awe-amazonia.com\/wp-content\/uploads\/2020\/12\/Boto-dauphin.jpg\" alt=\"\" class=\"animated\" data-animation=\"fadeIn\" style=\"\" \/><\/div>\n<p><br class=\"clear\"\/><\/p>\n<\/div>\n<\/div>\n<\/div>\n<\/div>\n<\/div>\n","protected":false},"excerpt":{"rendered":"<p>Uma biodiversidade extraordin\u00e1ria Que a floresta amaz\u00f4nica seja encantada ou enigm\u00e1tica, um \u00ab para\u00edso \u00bb ou um \u00ab inferno verde \u00bb, ela \u00e9 um lugar totalmente \u00fanico no mundo pela diversidade da fauna e da flora que ela possui. Ela [&hellip;]<\/p>\n","protected":false},"author":1,"featured_media":16130,"parent":0,"menu_order":0,"comment_status":"closed","ping_status":"closed","template":"","meta":{"iawp_total_views":21847,"footnotes":""},"class_list":["post-9411","page","type-page","status-publish","has-post-thumbnail","hentry"],"yoast_head":"<!-- This site is optimized with the Yoast SEO plugin v27.1.1 - https:\/\/yoast.com\/product\/yoast-seo-wordpress\/ -->\n<title>A fauna e a flora na Amaz\u00f4nia - Amazonia Wild Experience<\/title>\n<meta name=\"description\" content=\"Quais animais vivem na Amaz\u00f4nia? Quais plantas crescem na Amaz\u00f4nia? Descubra a biodiversidade da fauna e da flora na Amaz\u00f4nia.\" \/>\n<meta name=\"robots\" content=\"index, follow, max-snippet:-1, max-image-preview:large, max-video-preview:-1\" \/>\n<link rel=\"canonical\" href=\"http:\/\/awe-amazonia.com\/index.php\/fauna-flora-amazonia\/\" \/>\n<meta property=\"og:locale\" content=\"fr_FR\" \/>\n<meta property=\"og:type\" content=\"article\" \/>\n<meta property=\"og:title\" content=\"A fauna e a flora na Amaz\u00f4nia - Amazonia Wild Experience\" \/>\n<meta property=\"og:description\" content=\"Quais animais vivem na Amaz\u00f4nia? Quais plantas crescem na Amaz\u00f4nia? Descubra a biodiversidade da fauna e da flora na Amaz\u00f4nia.\" \/>\n<meta property=\"og:url\" content=\"http:\/\/awe-amazonia.com\/index.php\/fauna-flora-amazonia\/?lang=pt-br\" \/>\n<meta property=\"og:site_name\" content=\"Amazonia Wild Experience\" \/>\n<meta property=\"article:modified_time\" content=\"2021-04-14T12:28:45+00:00\" \/>\n<meta property=\"og:image\" content=\"https:\/\/awe-amazonia.com\/wp-content\/uploads\/2021\/11\/jaguar-en-action.jpg\" \/>\n\t<meta property=\"og:image:width\" content=\"1639\" \/>\n\t<meta property=\"og:image:height\" content=\"1092\" \/>\n\t<meta property=\"og:image:type\" content=\"image\/jpeg\" \/>\n<meta name=\"twitter:card\" content=\"summary_large_image\" \/>\n<meta name=\"twitter:label1\" content=\"Dur\u00e9e de lecture estim\u00e9e\" \/>\n\t<meta name=\"twitter:data1\" content=\"7 minutes\" \/>\n<script type=\"application\/ld+json\" class=\"yoast-schema-graph\">{\"@context\":\"https:\/\/schema.org\",\"@graph\":[{\"@type\":\"WebPage\",\"@id\":\"http:\/\/awe-amazonia.com\/index.php\/fauna-flora-amazonia\/?lang=pt-br\",\"url\":\"http:\/\/awe-amazonia.com\/index.php\/fauna-flora-amazonia\/?lang=pt-br\",\"name\":\"A fauna e a flora na Amaz\u00f4nia - Amazonia Wild Experience\",\"isPartOf\":{\"@id\":\"https:\/\/awe-amazonia.com\/#website\"},\"primaryImageOfPage\":{\"@id\":\"http:\/\/awe-amazonia.com\/index.php\/fauna-flora-amazonia\/?lang=pt-br#primaryimage\"},\"image\":{\"@id\":\"http:\/\/awe-amazonia.com\/index.php\/fauna-flora-amazonia\/?lang=pt-br#primaryimage\"},\"thumbnailUrl\":\"http:\/\/awe-amazonia.com\/wp-content\/uploads\/2021\/11\/jaguar-en-action.jpg\",\"datePublished\":\"2020-12-27T12:34:38+00:00\",\"dateModified\":\"2021-04-14T12:28:45+00:00\",\"description\":\"Quais animais vivem na Amaz\u00f4nia? Quais plantas crescem na Amaz\u00f4nia? Descubra a biodiversidade da fauna e da flora na Amaz\u00f4nia.\",\"breadcrumb\":{\"@id\":\"http:\/\/awe-amazonia.com\/index.php\/fauna-flora-amazonia\/?lang=pt-br#breadcrumb\"},\"inLanguage\":\"fr-FR\",\"potentialAction\":[{\"@type\":\"ReadAction\",\"target\":[\"http:\/\/awe-amazonia.com\/index.php\/fauna-flora-amazonia\/?lang=pt-br\"]}]},{\"@type\":\"ImageObject\",\"inLanguage\":\"fr-FR\",\"@id\":\"http:\/\/awe-amazonia.com\/index.php\/fauna-flora-amazonia\/?lang=pt-br#primaryimage\",\"url\":\"http:\/\/awe-amazonia.com\/wp-content\/uploads\/2021\/11\/jaguar-en-action.jpg\",\"contentUrl\":\"http:\/\/awe-amazonia.com\/wp-content\/uploads\/2021\/11\/jaguar-en-action.jpg\",\"width\":1639,\"height\":1092,\"caption\":\"jaguar dans l'eau\"},{\"@type\":\"BreadcrumbList\",\"@id\":\"http:\/\/awe-amazonia.com\/index.php\/fauna-flora-amazonia\/?lang=pt-br#breadcrumb\",\"itemListElement\":[{\"@type\":\"ListItem\",\"position\":1,\"name\":\"Accueil\",\"item\":\"https:\/\/awe-amazonia.com\/\"},{\"@type\":\"ListItem\",\"position\":2,\"name\":\"A fauna e a flora na Amaz\u00f4nia\"}]},{\"@type\":\"WebSite\",\"@id\":\"https:\/\/awe-amazonia.com\/#website\",\"url\":\"https:\/\/awe-amazonia.com\/\",\"name\":\"Amazonia Wild Experience\",\"description\":\"Voyage sur mesure en Amazonie - Aventures au Br\u00e9sil et au Guyana\",\"publisher\":{\"@id\":\"https:\/\/awe-amazonia.com\/#organization\"},\"potentialAction\":[{\"@type\":\"SearchAction\",\"target\":{\"@type\":\"EntryPoint\",\"urlTemplate\":\"https:\/\/awe-amazonia.com\/?s={search_term_string}\"},\"query-input\":{\"@type\":\"PropertyValueSpecification\",\"valueRequired\":true,\"valueName\":\"search_term_string\"}}],\"inLanguage\":\"fr-FR\"},{\"@type\":\"Organization\",\"@id\":\"https:\/\/awe-amazonia.com\/#organization\",\"name\":\"Amazonia Wild Experience\",\"url\":\"https:\/\/awe-amazonia.com\/\",\"logo\":{\"@type\":\"ImageObject\",\"inLanguage\":\"fr-FR\",\"@id\":\"https:\/\/awe-amazonia.com\/#\/schema\/logo\/image\/\",\"url\":\"https:\/\/awe-amazonia.com\/wp-content\/uploads\/2020\/09\/cropped-Logo.png\",\"contentUrl\":\"https:\/\/awe-amazonia.com\/wp-content\/uploads\/2020\/09\/cropped-Logo.png\",\"width\":512,\"height\":512,\"caption\":\"Amazonia Wild Experience\"},\"image\":{\"@id\":\"https:\/\/awe-amazonia.com\/#\/schema\/logo\/image\/\"}}]}<\/script>\n<!-- \/ Yoast SEO plugin. -->","yoast_head_json":{"title":"A fauna e a flora na Amaz\u00f4nia - Amazonia Wild Experience","description":"Quais animais vivem na Amaz\u00f4nia? Quais plantas crescem na Amaz\u00f4nia? Descubra a biodiversidade da fauna e da flora na Amaz\u00f4nia.","robots":{"index":"index","follow":"follow","max-snippet":"max-snippet:-1","max-image-preview":"max-image-preview:large","max-video-preview":"max-video-preview:-1"},"canonical":"http:\/\/awe-amazonia.com\/index.php\/fauna-flora-amazonia\/","og_locale":"fr_FR","og_type":"article","og_title":"A fauna e a flora na Amaz\u00f4nia - Amazonia Wild Experience","og_description":"Quais animais vivem na Amaz\u00f4nia? Quais plantas crescem na Amaz\u00f4nia? Descubra a biodiversidade da fauna e da flora na Amaz\u00f4nia.","og_url":"http:\/\/awe-amazonia.com\/index.php\/fauna-flora-amazonia\/?lang=pt-br","og_site_name":"Amazonia Wild Experience","article_modified_time":"2021-04-14T12:28:45+00:00","og_image":[{"width":1639,"height":1092,"url":"https:\/\/awe-amazonia.com\/wp-content\/uploads\/2021\/11\/jaguar-en-action.jpg","type":"image\/jpeg"}],"twitter_card":"summary_large_image","twitter_misc":{"Dur\u00e9e de lecture estim\u00e9e":"7 minutes"},"schema":{"@context":"https:\/\/schema.org","@graph":[{"@type":"WebPage","@id":"http:\/\/awe-amazonia.com\/index.php\/fauna-flora-amazonia\/?lang=pt-br","url":"http:\/\/awe-amazonia.com\/index.php\/fauna-flora-amazonia\/?lang=pt-br","name":"A fauna e a flora na Amaz\u00f4nia - Amazonia Wild Experience","isPartOf":{"@id":"https:\/\/awe-amazonia.com\/#website"},"primaryImageOfPage":{"@id":"http:\/\/awe-amazonia.com\/index.php\/fauna-flora-amazonia\/?lang=pt-br#primaryimage"},"image":{"@id":"http:\/\/awe-amazonia.com\/index.php\/fauna-flora-amazonia\/?lang=pt-br#primaryimage"},"thumbnailUrl":"http:\/\/awe-amazonia.com\/wp-content\/uploads\/2021\/11\/jaguar-en-action.jpg","datePublished":"2020-12-27T12:34:38+00:00","dateModified":"2021-04-14T12:28:45+00:00","description":"Quais animais vivem na Amaz\u00f4nia? Quais plantas crescem na Amaz\u00f4nia? Descubra a biodiversidade da fauna e da flora na Amaz\u00f4nia.","breadcrumb":{"@id":"http:\/\/awe-amazonia.com\/index.php\/fauna-flora-amazonia\/?lang=pt-br#breadcrumb"},"inLanguage":"fr-FR","potentialAction":[{"@type":"ReadAction","target":["http:\/\/awe-amazonia.com\/index.php\/fauna-flora-amazonia\/?lang=pt-br"]}]},{"@type":"ImageObject","inLanguage":"fr-FR","@id":"http:\/\/awe-amazonia.com\/index.php\/fauna-flora-amazonia\/?lang=pt-br#primaryimage","url":"http:\/\/awe-amazonia.com\/wp-content\/uploads\/2021\/11\/jaguar-en-action.jpg","contentUrl":"http:\/\/awe-amazonia.com\/wp-content\/uploads\/2021\/11\/jaguar-en-action.jpg","width":1639,"height":1092,"caption":"jaguar dans l'eau"},{"@type":"BreadcrumbList","@id":"http:\/\/awe-amazonia.com\/index.php\/fauna-flora-amazonia\/?lang=pt-br#breadcrumb","itemListElement":[{"@type":"ListItem","position":1,"name":"Accueil","item":"https:\/\/awe-amazonia.com\/"},{"@type":"ListItem","position":2,"name":"A fauna e a flora na Amaz\u00f4nia"}]},{"@type":"WebSite","@id":"https:\/\/awe-amazonia.com\/#website","url":"https:\/\/awe-amazonia.com\/","name":"Amazonia Wild Experience","description":"Voyage sur mesure en Amazonie - Aventures au Br\u00e9sil et au Guyana","publisher":{"@id":"https:\/\/awe-amazonia.com\/#organization"},"potentialAction":[{"@type":"SearchAction","target":{"@type":"EntryPoint","urlTemplate":"https:\/\/awe-amazonia.com\/?s={search_term_string}"},"query-input":{"@type":"PropertyValueSpecification","valueRequired":true,"valueName":"search_term_string"}}],"inLanguage":"fr-FR"},{"@type":"Organization","@id":"https:\/\/awe-amazonia.com\/#organization","name":"Amazonia Wild Experience","url":"https:\/\/awe-amazonia.com\/","logo":{"@type":"ImageObject","inLanguage":"fr-FR","@id":"https:\/\/awe-amazonia.com\/#\/schema\/logo\/image\/","url":"https:\/\/awe-amazonia.com\/wp-content\/uploads\/2020\/09\/cropped-Logo.png","contentUrl":"https:\/\/awe-amazonia.com\/wp-content\/uploads\/2020\/09\/cropped-Logo.png","width":512,"height":512,"caption":"Amazonia Wild Experience"},"image":{"@id":"https:\/\/awe-amazonia.com\/#\/schema\/logo\/image\/"}}]}},"_links":{"self":[{"href":"http:\/\/awe-amazonia.com\/index.php\/wp-json\/wp\/v2\/pages\/9411","targetHints":{"allow":["GET"]}}],"collection":[{"href":"http:\/\/awe-amazonia.com\/index.php\/wp-json\/wp\/v2\/pages"}],"about":[{"href":"http:\/\/awe-amazonia.com\/index.php\/wp-json\/wp\/v2\/types\/page"}],"author":[{"embeddable":true,"href":"http:\/\/awe-amazonia.com\/index.php\/wp-json\/wp\/v2\/users\/1"}],"replies":[{"embeddable":true,"href":"http:\/\/awe-amazonia.com\/index.php\/wp-json\/wp\/v2\/comments?post=9411"}],"version-history":[{"count":12,"href":"http:\/\/awe-amazonia.com\/index.php\/wp-json\/wp\/v2\/pages\/9411\/revisions"}],"predecessor-version":[{"id":10433,"href":"http:\/\/awe-amazonia.com\/index.php\/wp-json\/wp\/v2\/pages\/9411\/revisions\/10433"}],"wp:featuredmedia":[{"embeddable":true,"href":"http:\/\/awe-amazonia.com\/index.php\/wp-json\/wp\/v2\/media\/16130"}],"wp:attachment":[{"href":"http:\/\/awe-amazonia.com\/index.php\/wp-json\/wp\/v2\/media?parent=9411"}],"curies":[{"name":"wp","href":"https:\/\/api.w.org\/{rel}","templated":true}]}}