{"id":9426,"date":"2020-09-07T12:06:36","date_gmt":"2020-09-07T10:06:36","guid":{"rendered":"https:\/\/awe-amazonia.com\/index.php\/quand-partir-en-amazonie-au-bresil\/"},"modified":"2021-04-12T14:01:28","modified_gmt":"2021-04-12T12:01:28","slug":"quando-viajar-amazonia","status":"publish","type":"page","link":"http:\/\/awe-amazonia.com\/index.php\/quando-viajar-amazonia\/?lang=pt-br","title":{"rendered":"Quando ir para Amaz\u00f4nia?"},"content":{"rendered":"<div  class=\"one withsmallpadding ppb_header \" style=\"text-align:center;padding:0px 0 0px 0;margin-top:50px;margin-bottom:50px;\" >\n<div class=\"standard_wrapper\">\n<div class=\"page_content_wrapper\">\n<div class=\"inner\">\n<div style=\"margin:auto;width:100%\">\n<h2 class=\"ppb_title\" style=\"\">Qual \u00e9 o melhor per\u00edodo para viajar para a Amaz\u00f4nia? <\/h2>\n<div class=\"page_tagline\" style=\"\">Existe uma esta\u00e7\u00e3o ideal para descobrir a floresta Amaz\u00f4nica? <\/div>\n<div class=\"ppb_header_content\">\n<p>O clima da floresta se caracteriza por um calor imenso e fortes chuvas o ano todo.<br \/>\nMas \u00e9 verdade que as mudan\u00e7as do \u00edndice pluviom\u00e9trico variam durante o ano e apresentam 2 esta\u00e7\u00f5es bem definidas. A esta\u00e7\u00e3o seca de maio a outubro, quando os leitos do rio diminuem e aparecem as praias; e a esta\u00e7\u00e3o das chuvas, de novembro a abril, quando os rios transbordam e inundam as florestas. <\/p>\n<p>De modo geral, os moradores da regi\u00e3o amazonense, onde quer que eles estejam, designam a esta\u00e7\u00e3o seca como \u00ab ver\u00e3o \u00bb e a esta\u00e7\u00e3o de chuvas como \u00ab inverno \u00bb.<br \/>\nDurante os meses de julho e agosto, o sul da Amaz\u00f4nia \u00e9 impactado pelas fuma\u00e7as dos fogos gigantescos devido a atividade humana, o que chamamos de<br \/>\n \u00ab arco do desmatamento \u00bb, que causa s\u00e9rios problemas respirat\u00f3rios as popula\u00e7\u00f5es que vivem nessa regi\u00e3o. <\/p>\n<p>No extremo norte dos estados do Amazonas e do Par\u00e1, a oeste do Amap\u00e1 e em todo o estado de Roraima, as esta\u00e7\u00f5es secas e \u00famidas ocorrem ao contr\u00e1rio das outras regi\u00f5es.<br \/>\nDessa forma, voc\u00ea pode descobrir a Amaz\u00f4nia todos os meses do ano, com um charme diferente conforme a esta\u00e7\u00e3o. Conv\u00e9m ent\u00e3o de fixar a \u00e9poca do ano que voc\u00ea deseja viajar em fun\u00e7\u00e3o da regi\u00e3o que voc\u00ea quer conhecer.<\/p>\n<\/div>\n<\/div>\n<\/div>\n<\/div>\n<\/div>\n<\/div>\n<div  class=\"one withsmallpadding ppb_text\" style=\"text-align:left;padding:0px 0 0px 0;margin-top:20px;\" >\n<div class=\"standard_wrapper\">\n<div class=\"page_content_wrapper\">\n<div class=\"inner\">\n<div style=\"margin:auto;width:100%\">\n<div class=\"one_half \" style=\"\"><img decoding=\"async\" src=\"http:\/\/awe-amazonia.com\/wp-content\/uploads\/2020\/12\/navigation-sur-le-rio-negro-anavilhanas.jpg\" alt=\"\" class=\"\" data-animation=\"\" style=\"\" \/><\/div>\n<div class=\"one_half last \" style=\"\">\n<h3>O clima na <strong>regi\u00e3o de Manaus<\/strong><\/h3>\n<p>Os melhores per\u00edodos para viajar na regi\u00e3o de Manaus s\u00e3o os meses relativamente secos, entre junho at\u00e9 a metade do m\u00eas de dezembro. De janeiro a julho \u00e9 o inverno, a temperatura \u00e9 de 23 \u00e0 30 \u00b0C para um clima \u00famido. De agosto a dezembro, \u00e9 o ver\u00e3o, o tempo \u00e9 quente e seco. A temperatura pode subir at\u00e9 40\u00b0 e ficar v\u00e1rios dias sem chover.<\/p>\n<p>As vezes no ver\u00e3o, o c\u00e9u fica encoberto e de repente a natureza reage&#8230; vai chover! 20 minutos de chuva e ent\u00e3o o sol volta.<\/p>\n<p>Faz parte do charme da Amaz\u00f4nia.<\/p>\n<p>\u00a0<\/p>\n<\/div>\n<p><br class=\"clear\"\/><br \/>\n<br class=\"clear\" \/><\/p>\n<div class=\"one_half \" style=\"\">\n<h3>O clima no norte da <strong>Amaz\u00f4nia brasileira, em Roraima e na Guiana<\/strong><\/h3>\n<p>Apesar da quantidade total de precipita\u00e7\u00f5es ser alta como em toda a regi\u00e3o da Amaz\u00f4nia, aqui tem uma esta\u00e7\u00e3o seca. De mar\u00e7o a outubro, a esta\u00e7\u00e3o \u00e9 bem definida e longa o suficiente para definir o clima tropical.<\/p>\n<p>Em abril e em setembro as chuvas s\u00e3o moderadas, enquanto de maio a agosto elas s\u00e3o abundantes.<\/p>\n<p>Essa regi\u00e3o oferece in\u00fameras possibilidades para descobrir a natureza, o ecoturismo, a aventura e os treks.<br \/>\nA cultura ind\u00edgena \u00e9 bastante presente na Guiana. Descobrir a floresta intacta das terras ind\u00edgenas do norte do Brasil e a da Guiana constitui uma experi\u00eancia \u00fanica. N\u00f3s convidamos voc\u00eas a viajar nessa parte da Amaz\u00f4nia, fora dos locais clich\u00eas e fora do tempo.<\/p>\n<p>\u00a0<\/p>\n<\/div>\n<div class=\"one_half last \" style=\"\"><img decoding=\"async\" src=\"http:\/\/awe-amazonia.com\/wp-content\/uploads\/2020\/12\/foret-amazonienne-dense-et-humide.jpg\" alt=\"\" class=\"animated\" data-animation=\"slideLeft\" style=\"\" \/><\/div>\n<p><br class=\"clear\"\/><br \/>\n<br class=\"clear\" \/><\/p>\n<div class=\"one_half \" style=\"\"><img decoding=\"async\" src=\"http:\/\/awe-amazonia.com\/wp-content\/uploads\/2020\/12\/vila-de-moura.jpg\" alt=\"\" class=\"animated\" data-animation=\"slideUp\" style=\"\" \/><\/div>\n<div class=\"one_half last \" style=\"\">\n<h3>O clima <strong>na regi\u00e3o de S\u00e3o Gabriel da Cachoeira<\/strong><\/h3>\n<p>N\u00f3s aconselhamos viajar nos meses mais secos, ou seja, de junho at\u00e9 meado de dezembro. A cidade fica a 850 km de Manaus.<\/p>\n<p>Esse pequeno enclave na floresta amaz\u00f4nica a beira do Rio Negro \u00e9 o principal ponto de acesso ao Pico da Neblina, como tamb\u00e9m de terras ind\u00edgenas pr\u00f3ximas.<\/p>\n<p>90% da popula\u00e7\u00e3o da cidade \u00e9 composta por \u00edndios onde mais ou menos 23 etnias convivem. Para chegar as terras ind\u00edgenas da regi\u00e3o, que mant\u00e9m pr\u00e1ticas tradicionais, \u00e9 preciso uma autoriza\u00e7\u00e3o espec\u00edfica para a nossa expedi\u00e7\u00e3o.<\/p>\n<\/div>\n<p><br class=\"clear\"\/><\/p>\n<\/div>\n<\/div>\n<\/div>\n<\/div>\n<\/div>\n","protected":false},"excerpt":{"rendered":"<p>Qual \u00e9 o melhor per\u00edodo para viajar para a Amaz\u00f4nia? Existe uma esta\u00e7\u00e3o ideal para descobrir a floresta Amaz\u00f4nica? O clima da floresta se caracteriza por um calor imenso e fortes chuvas o ano todo. Mas \u00e9 verdade que as [&hellip;]<\/p>\n","protected":false},"author":1,"featured_media":9428,"parent":0,"menu_order":0,"comment_status":"closed","ping_status":"closed","template":"","meta":{"iawp_total_views":508,"footnotes":""},"class_list":["post-9426","page","type-page","status-publish","has-post-thumbnail","hentry"],"yoast_head":"<!-- This site is optimized with the Yoast SEO plugin v27.1.1 - https:\/\/yoast.com\/product\/yoast-seo-wordpress\/ -->\n<title>Quando ir para Amaz\u00f4nia? - Amazonia Wild Experience<\/title>\n<meta name=\"description\" content=\"Com frequ\u00eancia, nossos clientes nos perguntam: &quot;Qual \u00e9 a melhor \u00e9poca par ir para a Amaz\u00f4nia? &quot;. O clima varia de acordo com a regi\u00e3o amaz\u00f4nica: Manaus, boa vista...\" \/>\n<meta name=\"robots\" content=\"index, follow, max-snippet:-1, max-image-preview:large, max-video-preview:-1\" \/>\n<link rel=\"canonical\" href=\"http:\/\/awe-amazonia.com\/index.php\/quando-viajar-amazonia\/\" \/>\n<meta property=\"og:locale\" content=\"fr_FR\" \/>\n<meta property=\"og:type\" content=\"article\" \/>\n<meta property=\"og:title\" content=\"Quando ir para Amaz\u00f4nia? - Amazonia Wild Experience\" \/>\n<meta property=\"og:description\" content=\"Com frequ\u00eancia, nossos clientes nos perguntam: &quot;Qual \u00e9 a melhor \u00e9poca par ir para a Amaz\u00f4nia? &quot;. O clima varia de acordo com a regi\u00e3o amaz\u00f4nica: Manaus, boa vista...\" \/>\n<meta property=\"og:url\" content=\"http:\/\/awe-amazonia.com\/index.php\/quando-viajar-amazonia\/?lang=pt-br\" \/>\n<meta property=\"og:site_name\" content=\"Amazonia Wild Experience\" \/>\n<meta property=\"article:modified_time\" content=\"2021-04-12T12:01:28+00:00\" \/>\n<meta property=\"og:image\" content=\"http:\/\/awe-amazonia.com\/wp-content\/uploads\/2020\/12\/moura1.jpg\" \/>\n\t<meta property=\"og:image:width\" content=\"1071\" \/>\n\t<meta property=\"og:image:height\" content=\"508\" \/>\n\t<meta property=\"og:image:type\" content=\"image\/jpeg\" \/>\n<meta name=\"twitter:card\" content=\"summary_large_image\" \/>\n<meta name=\"twitter:label1\" content=\"Dur\u00e9e de lecture estim\u00e9e\" \/>\n\t<meta name=\"twitter:data1\" content=\"3 minutes\" \/>\n<script type=\"application\/ld+json\" class=\"yoast-schema-graph\">{\"@context\":\"https:\/\/schema.org\",\"@graph\":[{\"@type\":\"WebPage\",\"@id\":\"http:\/\/awe-amazonia.com\/index.php\/quando-viajar-amazonia\/?lang=pt-br\",\"url\":\"http:\/\/awe-amazonia.com\/index.php\/quando-viajar-amazonia\/?lang=pt-br\",\"name\":\"Quando ir para Amaz\u00f4nia? - Amazonia Wild Experience\",\"isPartOf\":{\"@id\":\"https:\/\/awe-amazonia.com\/#website\"},\"primaryImageOfPage\":{\"@id\":\"http:\/\/awe-amazonia.com\/index.php\/quando-viajar-amazonia\/?lang=pt-br#primaryimage\"},\"image\":{\"@id\":\"http:\/\/awe-amazonia.com\/index.php\/quando-viajar-amazonia\/?lang=pt-br#primaryimage\"},\"thumbnailUrl\":\"http:\/\/awe-amazonia.com\/wp-content\/uploads\/2020\/12\/moura1.jpg\",\"datePublished\":\"2020-09-07T10:06:36+00:00\",\"dateModified\":\"2021-04-12T12:01:28+00:00\",\"description\":\"Com frequ\u00eancia, nossos clientes nos perguntam: \\\"Qual \u00e9 a melhor \u00e9poca par ir para a Amaz\u00f4nia? \\\". O clima varia de acordo com a regi\u00e3o amaz\u00f4nica: Manaus, boa vista...\",\"breadcrumb\":{\"@id\":\"http:\/\/awe-amazonia.com\/index.php\/quando-viajar-amazonia\/?lang=pt-br#breadcrumb\"},\"inLanguage\":\"fr-FR\",\"potentialAction\":[{\"@type\":\"ReadAction\",\"target\":[\"http:\/\/awe-amazonia.com\/index.php\/quando-viajar-amazonia\/?lang=pt-br\"]}]},{\"@type\":\"ImageObject\",\"inLanguage\":\"fr-FR\",\"@id\":\"http:\/\/awe-amazonia.com\/index.php\/quando-viajar-amazonia\/?lang=pt-br#primaryimage\",\"url\":\"http:\/\/awe-amazonia.com\/wp-content\/uploads\/2020\/12\/moura1.jpg\",\"contentUrl\":\"http:\/\/awe-amazonia.com\/wp-content\/uploads\/2020\/12\/moura1.jpg\",\"width\":1071,\"height\":508},{\"@type\":\"BreadcrumbList\",\"@id\":\"http:\/\/awe-amazonia.com\/index.php\/quando-viajar-amazonia\/?lang=pt-br#breadcrumb\",\"itemListElement\":[{\"@type\":\"ListItem\",\"position\":1,\"name\":\"Accueil\",\"item\":\"https:\/\/awe-amazonia.com\/\"},{\"@type\":\"ListItem\",\"position\":2,\"name\":\"Quando ir para Amaz\u00f4nia?\"}]},{\"@type\":\"WebSite\",\"@id\":\"https:\/\/awe-amazonia.com\/#website\",\"url\":\"https:\/\/awe-amazonia.com\/\",\"name\":\"Amazonia Wild Experience\",\"description\":\"Voyage sur mesure en Amazonie - Aventures au Br\u00e9sil et au Guyana\",\"publisher\":{\"@id\":\"https:\/\/awe-amazonia.com\/#organization\"},\"potentialAction\":[{\"@type\":\"SearchAction\",\"target\":{\"@type\":\"EntryPoint\",\"urlTemplate\":\"https:\/\/awe-amazonia.com\/?s={search_term_string}\"},\"query-input\":{\"@type\":\"PropertyValueSpecification\",\"valueRequired\":true,\"valueName\":\"search_term_string\"}}],\"inLanguage\":\"fr-FR\"},{\"@type\":\"Organization\",\"@id\":\"https:\/\/awe-amazonia.com\/#organization\",\"name\":\"Amazonia Wild Experience\",\"url\":\"https:\/\/awe-amazonia.com\/\",\"logo\":{\"@type\":\"ImageObject\",\"inLanguage\":\"fr-FR\",\"@id\":\"https:\/\/awe-amazonia.com\/#\/schema\/logo\/image\/\",\"url\":\"https:\/\/awe-amazonia.com\/wp-content\/uploads\/2020\/09\/cropped-Logo.png\",\"contentUrl\":\"https:\/\/awe-amazonia.com\/wp-content\/uploads\/2020\/09\/cropped-Logo.png\",\"width\":512,\"height\":512,\"caption\":\"Amazonia Wild Experience\"},\"image\":{\"@id\":\"https:\/\/awe-amazonia.com\/#\/schema\/logo\/image\/\"}}]}<\/script>\n<!-- \/ Yoast SEO plugin. -->","yoast_head_json":{"title":"Quando ir para Amaz\u00f4nia? - Amazonia Wild Experience","description":"Com frequ\u00eancia, nossos clientes nos perguntam: \"Qual \u00e9 a melhor \u00e9poca par ir para a Amaz\u00f4nia? \". O clima varia de acordo com a regi\u00e3o amaz\u00f4nica: Manaus, boa vista...","robots":{"index":"index","follow":"follow","max-snippet":"max-snippet:-1","max-image-preview":"max-image-preview:large","max-video-preview":"max-video-preview:-1"},"canonical":"http:\/\/awe-amazonia.com\/index.php\/quando-viajar-amazonia\/","og_locale":"fr_FR","og_type":"article","og_title":"Quando ir para Amaz\u00f4nia? - Amazonia Wild Experience","og_description":"Com frequ\u00eancia, nossos clientes nos perguntam: \"Qual \u00e9 a melhor \u00e9poca par ir para a Amaz\u00f4nia? \". O clima varia de acordo com a regi\u00e3o amaz\u00f4nica: Manaus, boa vista...","og_url":"http:\/\/awe-amazonia.com\/index.php\/quando-viajar-amazonia\/?lang=pt-br","og_site_name":"Amazonia Wild Experience","article_modified_time":"2021-04-12T12:01:28+00:00","og_image":[{"width":1071,"height":508,"url":"http:\/\/awe-amazonia.com\/wp-content\/uploads\/2020\/12\/moura1.jpg","type":"image\/jpeg"}],"twitter_card":"summary_large_image","twitter_misc":{"Dur\u00e9e de lecture estim\u00e9e":"3 minutes"},"schema":{"@context":"https:\/\/schema.org","@graph":[{"@type":"WebPage","@id":"http:\/\/awe-amazonia.com\/index.php\/quando-viajar-amazonia\/?lang=pt-br","url":"http:\/\/awe-amazonia.com\/index.php\/quando-viajar-amazonia\/?lang=pt-br","name":"Quando ir para Amaz\u00f4nia? - Amazonia Wild Experience","isPartOf":{"@id":"https:\/\/awe-amazonia.com\/#website"},"primaryImageOfPage":{"@id":"http:\/\/awe-amazonia.com\/index.php\/quando-viajar-amazonia\/?lang=pt-br#primaryimage"},"image":{"@id":"http:\/\/awe-amazonia.com\/index.php\/quando-viajar-amazonia\/?lang=pt-br#primaryimage"},"thumbnailUrl":"http:\/\/awe-amazonia.com\/wp-content\/uploads\/2020\/12\/moura1.jpg","datePublished":"2020-09-07T10:06:36+00:00","dateModified":"2021-04-12T12:01:28+00:00","description":"Com frequ\u00eancia, nossos clientes nos perguntam: \"Qual \u00e9 a melhor \u00e9poca par ir para a Amaz\u00f4nia? \". O clima varia de acordo com a regi\u00e3o amaz\u00f4nica: Manaus, boa vista...","breadcrumb":{"@id":"http:\/\/awe-amazonia.com\/index.php\/quando-viajar-amazonia\/?lang=pt-br#breadcrumb"},"inLanguage":"fr-FR","potentialAction":[{"@type":"ReadAction","target":["http:\/\/awe-amazonia.com\/index.php\/quando-viajar-amazonia\/?lang=pt-br"]}]},{"@type":"ImageObject","inLanguage":"fr-FR","@id":"http:\/\/awe-amazonia.com\/index.php\/quando-viajar-amazonia\/?lang=pt-br#primaryimage","url":"http:\/\/awe-amazonia.com\/wp-content\/uploads\/2020\/12\/moura1.jpg","contentUrl":"http:\/\/awe-amazonia.com\/wp-content\/uploads\/2020\/12\/moura1.jpg","width":1071,"height":508},{"@type":"BreadcrumbList","@id":"http:\/\/awe-amazonia.com\/index.php\/quando-viajar-amazonia\/?lang=pt-br#breadcrumb","itemListElement":[{"@type":"ListItem","position":1,"name":"Accueil","item":"https:\/\/awe-amazonia.com\/"},{"@type":"ListItem","position":2,"name":"Quando ir para Amaz\u00f4nia?"}]},{"@type":"WebSite","@id":"https:\/\/awe-amazonia.com\/#website","url":"https:\/\/awe-amazonia.com\/","name":"Amazonia Wild Experience","description":"Voyage sur mesure en Amazonie - Aventures au Br\u00e9sil et au Guyana","publisher":{"@id":"https:\/\/awe-amazonia.com\/#organization"},"potentialAction":[{"@type":"SearchAction","target":{"@type":"EntryPoint","urlTemplate":"https:\/\/awe-amazonia.com\/?s={search_term_string}"},"query-input":{"@type":"PropertyValueSpecification","valueRequired":true,"valueName":"search_term_string"}}],"inLanguage":"fr-FR"},{"@type":"Organization","@id":"https:\/\/awe-amazonia.com\/#organization","name":"Amazonia Wild Experience","url":"https:\/\/awe-amazonia.com\/","logo":{"@type":"ImageObject","inLanguage":"fr-FR","@id":"https:\/\/awe-amazonia.com\/#\/schema\/logo\/image\/","url":"https:\/\/awe-amazonia.com\/wp-content\/uploads\/2020\/09\/cropped-Logo.png","contentUrl":"https:\/\/awe-amazonia.com\/wp-content\/uploads\/2020\/09\/cropped-Logo.png","width":512,"height":512,"caption":"Amazonia Wild Experience"},"image":{"@id":"https:\/\/awe-amazonia.com\/#\/schema\/logo\/image\/"}}]}},"_links":{"self":[{"href":"http:\/\/awe-amazonia.com\/index.php\/wp-json\/wp\/v2\/pages\/9426","targetHints":{"allow":["GET"]}}],"collection":[{"href":"http:\/\/awe-amazonia.com\/index.php\/wp-json\/wp\/v2\/pages"}],"about":[{"href":"http:\/\/awe-amazonia.com\/index.php\/wp-json\/wp\/v2\/types\/page"}],"author":[{"embeddable":true,"href":"http:\/\/awe-amazonia.com\/index.php\/wp-json\/wp\/v2\/users\/1"}],"replies":[{"embeddable":true,"href":"http:\/\/awe-amazonia.com\/index.php\/wp-json\/wp\/v2\/comments?post=9426"}],"version-history":[{"count":9,"href":"http:\/\/awe-amazonia.com\/index.php\/wp-json\/wp\/v2\/pages\/9426\/revisions"}],"predecessor-version":[{"id":10077,"href":"http:\/\/awe-amazonia.com\/index.php\/wp-json\/wp\/v2\/pages\/9426\/revisions\/10077"}],"wp:featuredmedia":[{"embeddable":true,"href":"http:\/\/awe-amazonia.com\/index.php\/wp-json\/wp\/v2\/media\/9428"}],"wp:attachment":[{"href":"http:\/\/awe-amazonia.com\/index.php\/wp-json\/wp\/v2\/media?parent=9426"}],"curies":[{"name":"wp","href":"https:\/\/api.w.org\/{rel}","templated":true}]}}