{"id":9774,"date":"2020-09-21T17:48:58","date_gmt":"2020-09-21T15:48:58","guid":{"rendered":"https:\/\/awe-amazonia.com\/index.php\/romans-et-lectures-sur-lamazonie\/"},"modified":"2021-04-05T11:02:27","modified_gmt":"2021-04-05T09:02:27","slug":"livros-amazonia","status":"publish","type":"page","link":"http:\/\/awe-amazonia.com\/index.php\/livros-amazonia\/?lang=pt-br","title":{"rendered":"Leituras sobre a Amaz\u00f4nia"},"content":{"rendered":"<div  class=\"one withsmallpadding ppb_header \" style=\"text-align:center;padding:40px 0 40px 0;\" >\n<div class=\"standard_wrapper\">\n<div class=\"page_content_wrapper\">\n<div class=\"inner\">\n<div style=\"margin:auto;width:100%\">\n<h2 class=\"ppb_title\" style=\"\">Quais livros para descobrir a Amaz\u00f4nia?<\/h2>\n<div class=\"ppb_header_content\">\n<p>\u00c9 muito dif\u00edcil criar uma lista de livros para ler sobre a Amaz\u00f4nia, j\u00e1 que os assuntos que se referem sobre esse territ\u00f3rio s\u00e3o vastos.<br \/>\nFauna, flora, \u00edndios, xamanismo, medicina tradicional, etnologia, geografia, romance de aventura s\u00e3o tantos os temas que merecem ser aprofundados. <\/p>\n<p>N\u00f3s selecionamos v\u00e1rios livros para voc\u00eas que possibilitam descobrir a Amaz\u00f4nia, \u00f3bvio que se trata de uma lista n\u00e3o completa.<\/p>\n<\/div>\n<\/div>\n<\/div>\n<\/div>\n<\/div>\n<\/div>\n<div  class=\"one withsmallpadding ppb_text\" style=\"text-align:left;padding:40px 0 40px 0;\" >\n<div class=\"standard_wrapper\">\n<div class=\"page_content_wrapper\">\n<div class=\"inner\">\n<div style=\"margin:auto;width:100%\">\n<div class=\"su-row\">\n<div class=\"su-column su-column-size-1-4\">\n<div class=\"su-column-inner su-u-clearfix su-u-trim\">\n<div class=\"image_classic_frame glow\"><img decoding=\"async\" src=\"https:\/\/awe-amazonia.com\/wp-content\/uploads\/2020\/09\/Raoni-dernier-voyage.jpg\" alt=\"\" class=\"animated\" data-animation=\"slideUp\" style=\"\" \/><\/div>\n<p><strong>Raoni, mon dernier voyage<\/strong> &#8211; Jean Pierre Dutilleux. \u00ab J\u2019ai v\u00e9cu une longue vie. Elle m\u2019a donn\u00e9 joies et tristesses. Elle m\u2019a aussi beaucoup appris. Pour moi, l\u2019heure est venue de vous transmettre mon savoir. \u00bb <\/div>\n<\/div>\n<div class=\"su-column su-column-size-1-4\">\n<div class=\"su-column-inner su-u-clearfix su-u-trim\">\n<div class=\"image_classic_frame glow\"><img decoding=\"async\" src=\"https:\/\/awe-amazonia.com\/wp-content\/uploads\/2020\/09\/yanoami-lesprit-de-la-foret.jpg\" alt=\"\" class=\"animated\" data-animation=\"slideUp\" style=\"\" \/><\/div>\n<p><strong>Yanomami, l\u2019esprit de la for\u00eat<\/strong> \u2013 Davi Kopenawa &#038; Fondation Cartier.\u00a0 Revue de l\u2019exposition sur les Yanomamis. <\/div>\n<\/div>\n<div class=\"su-column su-column-size-1-4\">\n<div class=\"su-column-inner su-u-clearfix su-u-trim\">\n<div class=\"image_classic_frame glow\"><img decoding=\"async\" src=\"https:\/\/awe-amazonia.com\/wp-content\/uploads\/2020\/09\/lamazonie-disparue.jpg\" alt=\"\" class=\"animated\" data-animation=\"slideUp\" style=\"\" \/><\/div>\n<p><strong>L\u2019Amazonie disparue<\/strong> \u2013 Antoine Lef\u00e9bure. Textes et en images, la phase de reconqu\u00eate du \u201d continent vert \u201d au d\u00e9but du XXe si\u00e8cle dans ses d\u00e9lires et atrocit\u00e9s. <\/div>\n<\/div>\n<div class=\"su-column su-column-size-1-4\">\n<div class=\"su-column-inner su-u-clearfix su-u-trim\">\n<div class=\"image_classic_frame glow\"><img decoding=\"async\" src=\"https:\/\/awe-amazonia.com\/wp-content\/uploads\/2020\/09\/les-amazoniens-en-sursis.jpg\" alt=\"\" class=\"animated\" data-animation=\"slideUp\" style=\"\" \/><\/div>\n<p><strong>Les amazoniens en sursis<\/strong> \u2013 Nicolas Bourcier. Quel futur pour les indiens et leur environnement ? <\/div>\n<\/div>\n<\/div>\n<\/div>\n<\/div>\n<\/div>\n<\/div>\n<\/div>\n<div  class=\"one withsmallpadding ppb_text\" style=\"text-align:left;padding:40px 0 40px 0;\" >\n<div class=\"standard_wrapper\">\n<div class=\"page_content_wrapper\">\n<div class=\"inner\">\n<div style=\"margin:auto;width:100%\">\n<div class=\"su-row\">\n<div class=\"su-column su-column-size-1-4\">\n<div class=\"su-column-inner su-u-clearfix su-u-trim\">\n<div class=\"image_classic_frame glow\"><img decoding=\"async\" src=\"https:\/\/awe-amazonia.com\/wp-content\/uploads\/2020\/09\/A-la-recherche-de-mon-fils.jpg\" alt=\"\" class=\"animated\" data-animation=\"slideUp\" style=\"\" \/><\/div>\n<p><strong>A la recherche de mon fils <\/strong> &#8211; Edgar Maufrais. Histoire vraie d\u2019Edgar Maufrais qui parcourt l\u2019Amazonie \u00e0 la recherche de son fils disparu en for\u00eat entre la Guyane et le Br\u00e9sil.<\/div>\n<\/div>\n<div class=\"su-column su-column-size-1-4\">\n<div class=\"su-column-inner su-u-clearfix su-u-trim\">\n<div class=\"image_classic_frame glow\"><img decoding=\"async\" src=\"https:\/\/awe-amazonia.com\/wp-content\/uploads\/2020\/09\/Les-Gardiens-de-la-Foret-des-Ombres-Jabiru-Prod.jpg\" alt=\"\" class=\"animated\" data-animation=\"slideUp\" style=\"\" \/><\/div>\n<p><strong>Les gardiens de la for\u00eat et des ombres<\/strong> \u2013 Paul Dequidt. Un beau livre avec de belles photographies qui nous exposent la vie des peuples indig\u00e8nes d&#8217;Amazonie et les menaces qui les entourent. <\/div>\n<\/div>\n<div class=\"su-column su-column-size-1-4\">\n<div class=\"su-column-inner su-u-clearfix su-u-trim\">\n<div class=\"image_classic_frame glow\"><img decoding=\"async\" src=\"https:\/\/awe-amazonia.com\/wp-content\/uploads\/2020\/09\/philosophe-pas-sage.jpg\" alt=\"\" class=\"animated\" data-animation=\"slideUp\" style=\"\" \/><\/div>\n<p><strong>Le philosophe qui n&#8217;\u00e9tait pas sage<\/strong> \u2013 Laurent Gounelle. \u00c0 travers l\u2019histoire de Sandro, l\u2019auteur nous offre une r\u00e9flexion sur notre mod\u00e8le de soci\u00e9t\u00e9.<\/div>\n<\/div>\n<div class=\"su-column su-column-size-1-4\">\n<div class=\"su-column-inner su-u-clearfix su-u-trim\">\n<div class=\"image_classic_frame glow\"><img decoding=\"async\" src=\"https:\/\/awe-amazonia.com\/wp-content\/uploads\/2020\/09\/Les-lances-du-crepuscule_1552.jpeg\" alt=\"\" class=\"animated\" data-animation=\"slideUp\" style=\"\" \/><\/div>\n<p><strong>Les lances du cr\u00e9puscule<\/strong> \u2013 Philippe Descola. Ce livre est une chronique de leur d\u00e9couverte et un hommage \u00e0 leur r\u00e9sistance. Philippe Descola y relate le quotidien de ce peuple dont il a partag\u00e9 l\u2019existence pendant pr\u00e8s de trois ann\u00e9es en tant qu\u2019anthropologue. <\/div>\n<\/div>\n<\/div>\n<\/div>\n<\/div>\n<\/div>\n<\/div>\n<\/div>\n<div  class=\"one withsmallpadding ppb_text\" style=\"text-align:left;padding:40px 0 40px 0;\" >\n<div class=\"standard_wrapper\">\n<div class=\"page_content_wrapper\">\n<div class=\"inner\">\n<div style=\"margin:auto;width:100%\">\n<div class=\"su-row\">\n<div class=\"su-column su-column-size-1-4\">\n<div class=\"su-column-inner su-u-clearfix su-u-trim\">\n<div class=\"image_classic_frame glow\"><img decoding=\"async\" src=\"https:\/\/awe-amazonia.com\/wp-content\/uploads\/2020\/09\/le-chant-du-silbaco.jpg\" alt=\"\" class=\"animated\" data-animation=\"slideUp\" style=\"\" \/><\/div>\n<p><strong>Le Chant du Silbaco <\/strong>&#8211; Jacques Meunier &#038; Anne-Marie Savarin. Leur livre est \u00e0 la fois un ouvrage d&#8217;historiens, un essai ethnographique, un recueil de r\u00e9cits \u00e9mouvants ou atroces, un pamphlet, un chant d&#8217;amour et de rage&#8230;<\/div>\n<\/div>\n<div class=\"su-column su-column-size-1-4\">\n<div class=\"su-column-inner su-u-clearfix su-u-trim\">\n<div class=\"image_classic_frame glow\"><img decoding=\"async\" src=\"https:\/\/awe-amazonia.com\/wp-content\/uploads\/2020\/09\/foret-vierge-jmf-de-castro.jpg\" alt=\"\" class=\"animated\" data-animation=\"slideUp\" style=\"\" \/><\/div>\n<p><strong>For\u00eat vierge<\/strong> \u2013 JMF de Castro. Ce roman est un documentaire \u00e9difiant, il \u00e9voque l&#8217;Amazonie dans toute sa beaut\u00e9 et toute son horreur. Il donne la parole au monde qui hante ce climat d&#8217;eau, et de feu&#8221;\u00a0 <\/div>\n<\/div>\n<div class=\"su-column su-column-size-1-4\">\n<div class=\"su-column-inner su-u-clearfix su-u-trim\">\n<div class=\"image_classic_frame glow\"><img decoding=\"async\" src=\"https:\/\/awe-amazonia.com\/wp-content\/uploads\/2020\/09\/amazone-un-geant-blesse.jpg\" alt=\"\" class=\"animated\" data-animation=\"slideUp\" style=\"\" \/><\/div>\n<p><strong>L\u2019Amazone : Un g\u00e9ant bless\u00e9 <\/strong>&#8211; Alain Gheerbrant. Tout en retra\u00e7ant les \u00e9tapes de la d\u00e9couverte et de l&#8217;exploration de l&#8217;Amazonie, Alain Gheerbrant, explorateur et \u00e9crivain, lance un cri d&#8217;alarme devant le danger qui menace le patrimoine de l&#8217;humanit\u00e9 tout enti\u00e8re.<\/div>\n<\/div>\n<div class=\"su-column su-column-size-1-4\">\n<div class=\"su-column-inner su-u-clearfix su-u-trim\">\n<div class=\"image_classic_frame glow\"><img decoding=\"async\" src=\"https:\/\/awe-amazonia.com\/wp-content\/uploads\/2020\/09\/le-vieux-qui-lisait-des-romans-damour.jpg\" alt=\"\" class=\"animated\" data-animation=\"slideUp\" style=\"\" \/><\/div>\n<p><strong>Le Vieux qui lisait des romans d\u2019amour <\/strong> \u2013 Luis Sepulveda. Antonio Jos\u00e9 Bolivar conna\u00eet les profondeurs de la for\u00eat amazonienne et le noble peuple des Shuars. Lorsque les villageois d&#8217;El Idilio les accusent \u00e0 tort du meurtre d&#8217;un chasseur, le vieil homme quitte ses romans d&#8217;amour &#8211; seule \u00e9chappatoire \u00e0 la barbarie des hommes &#8211; pour chasser le vrai coupable, une panth\u00e8re majestueuse&#8230; <\/div>\n<\/div>\n<\/div>\n<\/div>\n<\/div>\n<\/div>\n<\/div>\n<\/div>\n","protected":false},"excerpt":{"rendered":"<p>Quais livros para descobrir a Amaz\u00f4nia? \u00c9 muito dif\u00edcil criar uma lista de livros para ler sobre a Amaz\u00f4nia, j\u00e1 que os assuntos que se referem sobre esse territ\u00f3rio s\u00e3o vastos. Fauna, flora, \u00edndios, xamanismo, medicina tradicional, etnologia, geografia, romance [&hellip;]<\/p>\n","protected":false},"author":1,"featured_media":9776,"parent":0,"menu_order":0,"comment_status":"closed","ping_status":"closed","template":"","meta":{"iawp_total_views":21,"footnotes":""},"class_list":["post-9774","page","type-page","status-publish","has-post-thumbnail","hentry"],"yoast_head":"<!-- This site is optimized with the Yoast SEO plugin v27.5 - https:\/\/yoast.com\/product\/yoast-seo-wordpress\/ -->\n<title>Leituras sobre a Amaz\u00f4nia - Amazonia Wild Experience<\/title>\n<meta name=\"robots\" content=\"index, follow, max-snippet:-1, max-image-preview:large, max-video-preview:-1\" \/>\n<link rel=\"canonical\" href=\"http:\/\/awe-amazonia.com\/index.php\/livros-amazonia\/\" \/>\n<meta property=\"og:locale\" content=\"fr_FR\" \/>\n<meta property=\"og:type\" content=\"article\" \/>\n<meta property=\"og:title\" content=\"Leituras sobre a Amaz\u00f4nia - Amazonia Wild Experience\" \/>\n<meta property=\"og:description\" content=\"Quais livros para descobrir a Amaz\u00f4nia? \u00c9 muito dif\u00edcil criar uma lista de livros para ler sobre a Amaz\u00f4nia, j\u00e1 que os assuntos que se referem sobre esse territ\u00f3rio s\u00e3o vastos. Fauna, flora, \u00edndios, xamanismo, medicina tradicional, etnologia, geografia, romance [&hellip;]\" \/>\n<meta property=\"og:url\" content=\"http:\/\/awe-amazonia.com\/index.php\/livros-amazonia\/?lang=pt-br\" \/>\n<meta property=\"og:site_name\" content=\"Amazonia Wild Experience\" \/>\n<meta property=\"article:modified_time\" content=\"2021-04-05T09:02:27+00:00\" \/>\n<meta property=\"og:image\" content=\"https:\/\/awe-amazonia.com\/wp-content\/uploads\/2021\/01\/Casas-de-ribeirinho.jpg\" \/>\n\t<meta property=\"og:image:width\" content=\"1268\" \/>\n\t<meta property=\"og:image:height\" content=\"793\" \/>\n\t<meta property=\"og:image:type\" content=\"image\/jpeg\" \/>\n<meta name=\"twitter:card\" content=\"summary_large_image\" \/>\n<meta name=\"twitter:label1\" content=\"Dur\u00e9e de lecture estim\u00e9e\" \/>\n\t<meta name=\"twitter:data1\" content=\"3 minutes\" \/>\n<script type=\"application\/ld+json\" class=\"yoast-schema-graph\">{\"@context\":\"https:\\\/\\\/schema.org\",\"@graph\":[{\"@type\":\"WebPage\",\"@id\":\"http:\\\/\\\/awe-amazonia.com\\\/index.php\\\/livros-amazonia\\\/?lang=pt-br\",\"url\":\"http:\\\/\\\/awe-amazonia.com\\\/index.php\\\/livros-amazonia\\\/?lang=pt-br\",\"name\":\"Leituras sobre a Amaz\u00f4nia - Amazonia Wild Experience\",\"isPartOf\":{\"@id\":\"https:\\\/\\\/awe-amazonia.com\\\/#website\"},\"primaryImageOfPage\":{\"@id\":\"http:\\\/\\\/awe-amazonia.com\\\/index.php\\\/livros-amazonia\\\/?lang=pt-br#primaryimage\"},\"image\":{\"@id\":\"http:\\\/\\\/awe-amazonia.com\\\/index.php\\\/livros-amazonia\\\/?lang=pt-br#primaryimage\"},\"thumbnailUrl\":\"http:\\\/\\\/awe-amazonia.com\\\/wp-content\\\/uploads\\\/2021\\\/01\\\/Casas-de-ribeirinho.jpg\",\"datePublished\":\"2020-09-21T15:48:58+00:00\",\"dateModified\":\"2021-04-05T09:02:27+00:00\",\"breadcrumb\":{\"@id\":\"http:\\\/\\\/awe-amazonia.com\\\/index.php\\\/livros-amazonia\\\/?lang=pt-br#breadcrumb\"},\"inLanguage\":\"fr-FR\",\"potentialAction\":[{\"@type\":\"ReadAction\",\"target\":[\"http:\\\/\\\/awe-amazonia.com\\\/index.php\\\/livros-amazonia\\\/?lang=pt-br\"]}]},{\"@type\":\"ImageObject\",\"inLanguage\":\"fr-FR\",\"@id\":\"http:\\\/\\\/awe-amazonia.com\\\/index.php\\\/livros-amazonia\\\/?lang=pt-br#primaryimage\",\"url\":\"http:\\\/\\\/awe-amazonia.com\\\/wp-content\\\/uploads\\\/2021\\\/01\\\/Casas-de-ribeirinho.jpg\",\"contentUrl\":\"http:\\\/\\\/awe-amazonia.com\\\/wp-content\\\/uploads\\\/2021\\\/01\\\/Casas-de-ribeirinho.jpg\",\"width\":1268,\"height\":793,\"caption\":\"Village au bord de l'eau en amazonie\"},{\"@type\":\"BreadcrumbList\",\"@id\":\"http:\\\/\\\/awe-amazonia.com\\\/index.php\\\/livros-amazonia\\\/?lang=pt-br#breadcrumb\",\"itemListElement\":[{\"@type\":\"ListItem\",\"position\":1,\"name\":\"Accueil\",\"item\":\"https:\\\/\\\/awe-amazonia.com\\\/\"},{\"@type\":\"ListItem\",\"position\":2,\"name\":\"Leituras sobre a Amaz\u00f4nia\"}]},{\"@type\":\"WebSite\",\"@id\":\"https:\\\/\\\/awe-amazonia.com\\\/#website\",\"url\":\"https:\\\/\\\/awe-amazonia.com\\\/\",\"name\":\"Amazonia Wild Experience\",\"description\":\"Voyage sur mesure en Amazonie - Aventures au Br\u00e9sil et au Guyana\",\"publisher\":{\"@id\":\"https:\\\/\\\/awe-amazonia.com\\\/#organization\"},\"potentialAction\":[{\"@type\":\"SearchAction\",\"target\":{\"@type\":\"EntryPoint\",\"urlTemplate\":\"https:\\\/\\\/awe-amazonia.com\\\/?s={search_term_string}\"},\"query-input\":{\"@type\":\"PropertyValueSpecification\",\"valueRequired\":true,\"valueName\":\"search_term_string\"}}],\"inLanguage\":\"fr-FR\"},{\"@type\":\"Organization\",\"@id\":\"https:\\\/\\\/awe-amazonia.com\\\/#organization\",\"name\":\"Amazonia Wild Experience\",\"url\":\"https:\\\/\\\/awe-amazonia.com\\\/\",\"logo\":{\"@type\":\"ImageObject\",\"inLanguage\":\"fr-FR\",\"@id\":\"https:\\\/\\\/awe-amazonia.com\\\/#\\\/schema\\\/logo\\\/image\\\/\",\"url\":\"https:\\\/\\\/awe-amazonia.com\\\/wp-content\\\/uploads\\\/2020\\\/09\\\/cropped-Logo.png\",\"contentUrl\":\"https:\\\/\\\/awe-amazonia.com\\\/wp-content\\\/uploads\\\/2020\\\/09\\\/cropped-Logo.png\",\"width\":512,\"height\":512,\"caption\":\"Amazonia Wild Experience\"},\"image\":{\"@id\":\"https:\\\/\\\/awe-amazonia.com\\\/#\\\/schema\\\/logo\\\/image\\\/\"}}]}<\/script>\n<!-- \/ Yoast SEO plugin. -->","yoast_head_json":{"title":"Leituras sobre a Amaz\u00f4nia - Amazonia Wild Experience","robots":{"index":"index","follow":"follow","max-snippet":"max-snippet:-1","max-image-preview":"max-image-preview:large","max-video-preview":"max-video-preview:-1"},"canonical":"http:\/\/awe-amazonia.com\/index.php\/livros-amazonia\/","og_locale":"fr_FR","og_type":"article","og_title":"Leituras sobre a Amaz\u00f4nia - Amazonia Wild Experience","og_description":"Quais livros para descobrir a Amaz\u00f4nia? \u00c9 muito dif\u00edcil criar uma lista de livros para ler sobre a Amaz\u00f4nia, j\u00e1 que os assuntos que se referem sobre esse territ\u00f3rio s\u00e3o vastos. Fauna, flora, \u00edndios, xamanismo, medicina tradicional, etnologia, geografia, romance [&hellip;]","og_url":"http:\/\/awe-amazonia.com\/index.php\/livros-amazonia\/?lang=pt-br","og_site_name":"Amazonia Wild Experience","article_modified_time":"2021-04-05T09:02:27+00:00","og_image":[{"width":1268,"height":793,"url":"https:\/\/awe-amazonia.com\/wp-content\/uploads\/2021\/01\/Casas-de-ribeirinho.jpg","type":"image\/jpeg"}],"twitter_card":"summary_large_image","twitter_misc":{"Dur\u00e9e de lecture estim\u00e9e":"3 minutes"},"schema":{"@context":"https:\/\/schema.org","@graph":[{"@type":"WebPage","@id":"http:\/\/awe-amazonia.com\/index.php\/livros-amazonia\/?lang=pt-br","url":"http:\/\/awe-amazonia.com\/index.php\/livros-amazonia\/?lang=pt-br","name":"Leituras sobre a Amaz\u00f4nia - Amazonia Wild Experience","isPartOf":{"@id":"https:\/\/awe-amazonia.com\/#website"},"primaryImageOfPage":{"@id":"http:\/\/awe-amazonia.com\/index.php\/livros-amazonia\/?lang=pt-br#primaryimage"},"image":{"@id":"http:\/\/awe-amazonia.com\/index.php\/livros-amazonia\/?lang=pt-br#primaryimage"},"thumbnailUrl":"http:\/\/awe-amazonia.com\/wp-content\/uploads\/2021\/01\/Casas-de-ribeirinho.jpg","datePublished":"2020-09-21T15:48:58+00:00","dateModified":"2021-04-05T09:02:27+00:00","breadcrumb":{"@id":"http:\/\/awe-amazonia.com\/index.php\/livros-amazonia\/?lang=pt-br#breadcrumb"},"inLanguage":"fr-FR","potentialAction":[{"@type":"ReadAction","target":["http:\/\/awe-amazonia.com\/index.php\/livros-amazonia\/?lang=pt-br"]}]},{"@type":"ImageObject","inLanguage":"fr-FR","@id":"http:\/\/awe-amazonia.com\/index.php\/livros-amazonia\/?lang=pt-br#primaryimage","url":"http:\/\/awe-amazonia.com\/wp-content\/uploads\/2021\/01\/Casas-de-ribeirinho.jpg","contentUrl":"http:\/\/awe-amazonia.com\/wp-content\/uploads\/2021\/01\/Casas-de-ribeirinho.jpg","width":1268,"height":793,"caption":"Village au bord de l'eau en amazonie"},{"@type":"BreadcrumbList","@id":"http:\/\/awe-amazonia.com\/index.php\/livros-amazonia\/?lang=pt-br#breadcrumb","itemListElement":[{"@type":"ListItem","position":1,"name":"Accueil","item":"https:\/\/awe-amazonia.com\/"},{"@type":"ListItem","position":2,"name":"Leituras sobre a Amaz\u00f4nia"}]},{"@type":"WebSite","@id":"https:\/\/awe-amazonia.com\/#website","url":"https:\/\/awe-amazonia.com\/","name":"Amazonia Wild Experience","description":"Voyage sur mesure en Amazonie - Aventures au Br\u00e9sil et au Guyana","publisher":{"@id":"https:\/\/awe-amazonia.com\/#organization"},"potentialAction":[{"@type":"SearchAction","target":{"@type":"EntryPoint","urlTemplate":"https:\/\/awe-amazonia.com\/?s={search_term_string}"},"query-input":{"@type":"PropertyValueSpecification","valueRequired":true,"valueName":"search_term_string"}}],"inLanguage":"fr-FR"},{"@type":"Organization","@id":"https:\/\/awe-amazonia.com\/#organization","name":"Amazonia Wild Experience","url":"https:\/\/awe-amazonia.com\/","logo":{"@type":"ImageObject","inLanguage":"fr-FR","@id":"https:\/\/awe-amazonia.com\/#\/schema\/logo\/image\/","url":"https:\/\/awe-amazonia.com\/wp-content\/uploads\/2020\/09\/cropped-Logo.png","contentUrl":"https:\/\/awe-amazonia.com\/wp-content\/uploads\/2020\/09\/cropped-Logo.png","width":512,"height":512,"caption":"Amazonia Wild Experience"},"image":{"@id":"https:\/\/awe-amazonia.com\/#\/schema\/logo\/image\/"}}]}},"_links":{"self":[{"href":"http:\/\/awe-amazonia.com\/index.php\/wp-json\/wp\/v2\/pages\/9774","targetHints":{"allow":["GET"]}}],"collection":[{"href":"http:\/\/awe-amazonia.com\/index.php\/wp-json\/wp\/v2\/pages"}],"about":[{"href":"http:\/\/awe-amazonia.com\/index.php\/wp-json\/wp\/v2\/types\/page"}],"author":[{"embeddable":true,"href":"http:\/\/awe-amazonia.com\/index.php\/wp-json\/wp\/v2\/users\/1"}],"replies":[{"embeddable":true,"href":"http:\/\/awe-amazonia.com\/index.php\/wp-json\/wp\/v2\/comments?post=9774"}],"version-history":[{"count":4,"href":"http:\/\/awe-amazonia.com\/index.php\/wp-json\/wp\/v2\/pages\/9774\/revisions"}],"predecessor-version":[{"id":9807,"href":"http:\/\/awe-amazonia.com\/index.php\/wp-json\/wp\/v2\/pages\/9774\/revisions\/9807"}],"wp:featuredmedia":[{"embeddable":true,"href":"http:\/\/awe-amazonia.com\/index.php\/wp-json\/wp\/v2\/media\/9776"}],"wp:attachment":[{"href":"http:\/\/awe-amazonia.com\/index.php\/wp-json\/wp\/v2\/media?parent=9774"}],"curies":[{"name":"wp","href":"https:\/\/api.w.org\/{rel}","templated":true}]}}