{"id":4127,"date":"2020-09-06T17:49:54","date_gmt":"2020-09-06T15:49:54","guid":{"rendered":"https:\/\/awe-amazonia.com\/?page_id=4127"},"modified":"2023-11-17T14:55:04","modified_gmt":"2023-11-17T13:55:04","slug":"faire-son-sac-foret-amazonienne","status":"publish","type":"page","link":"https:\/\/awe-amazonia.com\/index.php\/faire-son-sac-foret-amazonienne\/","title":{"rendered":"Comment faire son sac pour voyager en Amazonie ?"},"content":{"rendered":"<div  class=\"one withsmallpadding ppb_header \" style=\"text-align:center;padding:0px 0 0px 0;margin-top:50px;margin-bottom:50px;\" >\n<div class=\"standard_wrapper\">\n<div class=\"page_content_wrapper\">\n<div class=\"inner\">\n<div style=\"margin:auto;width:100%\">\n<h2 class=\"ppb_title\" style=\"\">Pas de valise en Amazonie, il vous faudra un sac \u00e0 dos robuste. La libert\u00e9 ne d\u00e9pend pas de roulettes\u2026<\/h2>\n<div class=\"ppb_header_content\">\n<p>Souvent, vous devrez porter votre sac pendant l\u2019exp\u00e9dition, ne vous chargez pas trop en v\u00eatements de rechange. Ayez tout en double mais seulement en double. Pour imager ce propos, il est au dit au Br\u00e9sil \u00ab\u00a0<em>Quando tu tem dois, tu tem um. Se tu tem um, tu nao tem nenhum. (Quand tu en as deux, tu en as un. Si tu n\u2019en as qu\u2019un, tu n\u2019as rien).\u00a0\u00bb<\/em><\/p>\n<p>Le sac \u00e0 dos doit \u00eatre solide et spacieux (60 litres environ), si possible \u00e9tanche, et doit poss\u00e9der des poches lat\u00e9rales pour une meilleure r\u00e9partition de votre mat\u00e9riel.<br \/>\nVous glisserez dans votre sac \u00e0 dos un grand sac poubelle en plastique \u00e9pais de 100 litres par exemple, cette enveloppe \u00e9tanche prot\u00e9gera vos effets.<\/p>\n<\/div>\n<\/div>\n<\/div>\n<\/div>\n<\/div>\n<\/div>\n<div  class=\"one withsmallpadding ppb_text\" style=\"text-align:left;padding:0px 0 0px 0;margin-top:20px;\" >\n<div class=\"standard_wrapper\">\n<div class=\"page_content_wrapper\">\n<div class=\"inner\">\n<div style=\"margin:auto;width:100%\">\n<div class=\"one_half \" style=\"\"><img decoding=\"async\" src=\"https:\/\/awe-amazonia.com\/wp-content\/uploads\/2020\/12\/Preparation-sac-a-dos.jpg\" alt=\"\" class=\"\" data-animation=\"\" style=\"\" \/><\/div>\n<div class=\"one_half last \" style=\"\">\n<h3>A l&rsquo;int\u00e9rieur du sac<\/h3>\n<p>Dans le sac :<br \/>\n&#8211; Votre hamac et sa moustiquaire (que nous fournirons)<br \/>\n&#8211; Plusieurs sachets plastiques de diff\u00e9rentes tailles dans lesquels seront plac\u00e9s vos v\u00eatements et autres effets sensibles. Nous vous conseillons des v\u00eatements longs afin de prot\u00e9ger l\u2019ensemble de votre corps (pantalon, manche longue et chaussette haute)<br \/>\n&#8211; Un jogging ou similaire pour bivouac, car les nuits sont humides donc fraiches en for\u00eat.<br \/>\n&#8211; Des affaires de toilette avec du savon de Marseille pour sa qualit\u00e9 bact\u00e9ricide. Il s\u2019av\u00e8re \u00e9galement utile pour la toilette, les v\u00eatements et la vaisselle.<br \/>\n&#8211; Votre serviette de bain qui pourra \u00eatre en Pertex, un tissu l\u00e9ger ayant l\u2019avantage de s\u00e9cher rapidement.<br \/>\n&#8211; Un v\u00eatement de pluie type poncho<br \/>\n&#8211; Une gourde avec filtre \u00e0 eau.<br \/>\n&#8211; Une paire de jumelle si vous le souhaitez<br \/>\n&#8211; Un chapeau ou une casquette, des lunettes de soleil<\/p>\n<\/div>\n<p><br class=\"clear\"\/><br \/>\n<br class=\"clear\" \/><\/p>\n<div class=\"one_half \" style=\"\">\n<h3>Pr\u00e9voir une sacoche \u00e9tanche<\/h3>\n<p>Un petit sac \u00e9tanche dans lequel vous mettrez le petit mat\u00e9riel tel :<br \/>\nUne lampe de poche \u00e9tanche avec pile de rechange, une lampe frontale, un couteau pliant, deux briquets.<\/p>\n<p>Il serait bon d\u2019avoir votre propre pharmacie qui comprendra :<br \/>\n&#8211; De la cr\u00e8me solaire<br \/>\n&#8211; Du Talc pour les pieds (facultatif)<br \/>\n&#8211; Un spray r\u00e9pulsif<br \/>\n&#8211; Une pommade pour les irritations (facultatif)<br \/>\n&#8211; Une pince \u00e0 \u00e9piler\/aiguilles<br \/>\n&#8211; Un antihistaminique<br \/>\n&#8211; Un antipalud\u00e9en prescrit si votre m\u00e9decin en juge la n\u00e9cessit\u00e9, celui-ci en quantit\u00e9 suffisante pour couvrir tout le s\u00e9jour.<\/p>\n<\/div>\n<div class=\"one_half last \" style=\"\"><img decoding=\"async\" src=\"https:\/\/awe-amazonia.com\/wp-content\/uploads\/2020\/12\/Traversee-des-rapides.jpg\" alt=\"\" class=\"animated\" data-animation=\"slideLeft\" style=\"\" \/><\/div>\n<p><br class=\"clear\"\/><br \/>\n<br class=\"clear\" \/><\/p>\n<div class=\"one_half \" style=\"\"><img decoding=\"async\" src=\"https:\/\/awe-amazonia.com\/wp-content\/uploads\/2020\/12\/Guide-avec-tarantule.jpeg\" alt=\"\" class=\"animated\" data-animation=\"slideUp\" style=\"\" \/><\/div>\n<div class=\"one_half last \" style=\"\">\n<h3>Quels v\u00eatements porter en for\u00eat amazonienne ?<\/h3>\n<p>Privil\u00e9giez les v\u00eatements et sous-v\u00eatements en coton. Les chaussettes seront en laine, hautes sur le mollet afin d\u2019\u00e9viter tout frottement du bord de la chaussure sur la peau. Pr\u00e9voyez une paire pour le soir au bivouac. \u00c9vitez les v\u00eatements en mati\u00e8re synth\u00e9tique qui vous donneront des irritations lors de notre avanc\u00e9e. Privil\u00e9giez des couleurs discr\u00e8tes afin de se fondre dans la jungle.<\/p>\n<p>Portez une veste large ou une chemise que vous laisserez ouverte pour permettre une meilleure circulation de l\u2019air. Les manches seront rabattues sur les poignets afin d\u2019\u00e9viter toute \u00e9corchure ou piqures d\u2019insectes. Vous pouvez aussi utiliser des t- shirt \u00e0 manches longues.<br \/>\nLe pantalon ample et ferm\u00e9 au niveau des chevilles s\u2019av\u00e8rera \u00eatre une excellente protection contre les morsures d\u2019insectes ou les herbes coupantes.<\/p>\n<p>Ne portez en aucun cas des v\u00eatements qui pourraient emp\u00eacher la thermor\u00e9gulation de votre corps.<\/p>\n<\/div>\n<p><br class=\"clear\"\/><\/p>\n<p><br class=\"clear\" \/><\/p>\n<div class=\"one_half \" style=\"\">\n<h3>Quelles chaussures pour l&rsquo;Amazonie ?<\/h3>\n<p>Privil\u00e9giez les chaussures de marche robustes, l\u00e9g\u00e8res, respirantes et si possible, \u00e9tanches ou encore en toile de type Pataugas qui permettent une tr\u00e8s bonne a\u00e9ration des pieds et s\u00e8chent tr\u00e8s vite.<\/p>\n<p>Soyez vigilant \u00e0 bien avoir essay\u00e9 vos chaussures avant le d\u00e9part afin de ne pas avoir la mauvaise surprise de voyager avec une paire trop petite, chose qui pourrait passer inaper\u00e7ue lors d\u2019un essai en magasin.<\/p>\n<p>Pour les arr\u00eats au bivouac, pr\u00e9voyez des sandales ouvertes qui permettront aux pieds de s\u2019a\u00e9rer et respirer.\n<\/p>\n<\/div>\n<div class=\"one_half last \" style=\"\"><img decoding=\"async\" src=\"https:\/\/awe-amazonia.com\/wp-content\/uploads\/2020\/12\/chaussures-randonnee.jpg\" alt=\"\" class=\"animated\" data-animation=\"fadeIn\" style=\"\" \/><\/div>\n<p><br class=\"clear\"\/><br \/>\n<br class=\"clear\" \/><\/p>\n<div class=\"one_half \" style=\"\"><\/div>\n<\/div>\n<\/div>\n<\/div>\n<\/div>\n<\/div>\n","protected":false},"excerpt":{"rendered":"<p>Pas de valise en Amazonie, il vous faudra un sac \u00e0 dos robuste. La libert\u00e9 ne d\u00e9pend pas de roulettes\u2026 Souvent, vous devrez porter votre sac pendant l\u2019exp\u00e9dition, ne vous chargez pas trop en v\u00eatements de rechange. Ayez tout en [&hellip;]<\/p>\n","protected":false},"author":1,"featured_media":6129,"parent":0,"menu_order":0,"comment_status":"closed","ping_status":"closed","template":"","meta":{"iawp_total_views":5404,"footnotes":""},"class_list":["post-4127","page","type-page","status-publish","has-post-thumbnail","hentry"],"yoast_head":"<!-- This site is optimized with the Yoast SEO plugin v27.1.1 - https:\/\/yoast.com\/product\/yoast-seo-wordpress\/ -->\n<title>Comment faire son sac pour voyager en Amazonie ? - Travel Tips<\/title>\n<meta name=\"description\" content=\"D\u00e9couvrez comment pr\u00e9parer votre sac avant de partir pour une aventure en Amazonie. De l&#039;\u00e9quipement essentiel pour la jungle aux v\u00eatements adapt\u00e9s au climat tropical, apprenez comment bien vous pr\u00e9parer pour votre voyage en Amazonie et profiter pleinement de cette exp\u00e9rience unique au c\u0153ur de la nature sauvage.\" \/>\n<meta name=\"robots\" content=\"index, follow, max-snippet:-1, max-image-preview:large, max-video-preview:-1\" \/>\n<link rel=\"canonical\" href=\"https:\/\/awe-amazonia.com\/index.php\/faire-son-sac-foret-amazonienne\/\" \/>\n<meta property=\"og:locale\" content=\"fr_FR\" \/>\n<meta property=\"og:type\" content=\"article\" \/>\n<meta property=\"og:title\" content=\"Comment faire son sac pour voyager en Amazonie ? - Travel Tips\" \/>\n<meta property=\"og:description\" content=\"D\u00e9couvrez comment pr\u00e9parer votre sac avant de partir pour une aventure en Amazonie. De l&#039;\u00e9quipement essentiel pour la jungle aux v\u00eatements adapt\u00e9s au climat tropical, apprenez comment bien vous pr\u00e9parer pour votre voyage en Amazonie et profiter pleinement de cette exp\u00e9rience unique au c\u0153ur de la nature sauvage.\" \/>\n<meta property=\"og:url\" content=\"https:\/\/awe-amazonia.com\/index.php\/faire-son-sac-foret-amazonienne\/\" \/>\n<meta property=\"og:site_name\" content=\"Amazonia Wild Experience\" \/>\n<meta property=\"article:modified_time\" content=\"2023-11-17T13:55:04+00:00\" \/>\n<meta property=\"og:image\" content=\"https:\/\/awe-amazonia.com\/wp-content\/uploads\/2020\/12\/navigation-AWE-sur-le-rio-negro.jpg\" \/>\n\t<meta property=\"og:image:width\" content=\"1339\" \/>\n\t<meta property=\"og:image:height\" content=\"675\" \/>\n\t<meta property=\"og:image:type\" content=\"image\/jpeg\" \/>\n<meta name=\"twitter:card\" content=\"summary_large_image\" \/>\n<meta name=\"twitter:label1\" content=\"Dur\u00e9e de lecture estim\u00e9e\" \/>\n\t<meta name=\"twitter:data1\" content=\"4 minutes\" \/>\n<script type=\"application\/ld+json\" class=\"yoast-schema-graph\">{\"@context\":\"https:\/\/schema.org\",\"@graph\":[{\"@type\":\"WebPage\",\"@id\":\"https:\/\/awe-amazonia.com\/index.php\/faire-son-sac-foret-amazonienne\/\",\"url\":\"https:\/\/awe-amazonia.com\/index.php\/faire-son-sac-foret-amazonienne\/\",\"name\":\"Comment faire son sac pour voyager en Amazonie ? - Travel Tips\",\"isPartOf\":{\"@id\":\"https:\/\/awe-amazonia.com\/#website\"},\"primaryImageOfPage\":{\"@id\":\"https:\/\/awe-amazonia.com\/index.php\/faire-son-sac-foret-amazonienne\/#primaryimage\"},\"image\":{\"@id\":\"https:\/\/awe-amazonia.com\/index.php\/faire-son-sac-foret-amazonienne\/#primaryimage\"},\"thumbnailUrl\":\"https:\/\/awe-amazonia.com\/wp-content\/uploads\/2020\/12\/navigation-AWE-sur-le-rio-negro.jpg\",\"datePublished\":\"2020-09-06T15:49:54+00:00\",\"dateModified\":\"2023-11-17T13:55:04+00:00\",\"description\":\"D\u00e9couvrez comment pr\u00e9parer votre sac avant de partir pour une aventure en Amazonie. De l'\u00e9quipement essentiel pour la jungle aux v\u00eatements adapt\u00e9s au climat tropical, apprenez comment bien vous pr\u00e9parer pour votre voyage en Amazonie et profiter pleinement de cette exp\u00e9rience unique au c\u0153ur de la nature sauvage.\",\"breadcrumb\":{\"@id\":\"https:\/\/awe-amazonia.com\/index.php\/faire-son-sac-foret-amazonienne\/#breadcrumb\"},\"inLanguage\":\"fr-FR\",\"potentialAction\":[{\"@type\":\"ReadAction\",\"target\":[\"https:\/\/awe-amazonia.com\/index.php\/faire-son-sac-foret-amazonienne\/\"]}]},{\"@type\":\"ImageObject\",\"inLanguage\":\"fr-FR\",\"@id\":\"https:\/\/awe-amazonia.com\/index.php\/faire-son-sac-foret-amazonienne\/#primaryimage\",\"url\":\"https:\/\/awe-amazonia.com\/wp-content\/uploads\/2020\/12\/navigation-AWE-sur-le-rio-negro.jpg\",\"contentUrl\":\"https:\/\/awe-amazonia.com\/wp-content\/uploads\/2020\/12\/navigation-AWE-sur-le-rio-negro.jpg\",\"width\":1339,\"height\":675,\"caption\":\"visite archipel anavilhanas avec guide\"},{\"@type\":\"BreadcrumbList\",\"@id\":\"https:\/\/awe-amazonia.com\/index.php\/faire-son-sac-foret-amazonienne\/#breadcrumb\",\"itemListElement\":[{\"@type\":\"ListItem\",\"position\":1,\"name\":\"Accueil\",\"item\":\"https:\/\/awe-amazonia.com\/\"},{\"@type\":\"ListItem\",\"position\":2,\"name\":\"Comment faire son sac pour voyager en Amazonie ?\"}]},{\"@type\":\"WebSite\",\"@id\":\"https:\/\/awe-amazonia.com\/#website\",\"url\":\"https:\/\/awe-amazonia.com\/\",\"name\":\"Amazonia Wild Experience\",\"description\":\"Voyage sur mesure en Amazonie - Aventures au Br\u00e9sil et au Guyana\",\"publisher\":{\"@id\":\"https:\/\/awe-amazonia.com\/#organization\"},\"potentialAction\":[{\"@type\":\"SearchAction\",\"target\":{\"@type\":\"EntryPoint\",\"urlTemplate\":\"https:\/\/awe-amazonia.com\/?s={search_term_string}\"},\"query-input\":{\"@type\":\"PropertyValueSpecification\",\"valueRequired\":true,\"valueName\":\"search_term_string\"}}],\"inLanguage\":\"fr-FR\"},{\"@type\":\"Organization\",\"@id\":\"https:\/\/awe-amazonia.com\/#organization\",\"name\":\"Amazonia Wild Experience\",\"url\":\"https:\/\/awe-amazonia.com\/\",\"logo\":{\"@type\":\"ImageObject\",\"inLanguage\":\"fr-FR\",\"@id\":\"https:\/\/awe-amazonia.com\/#\/schema\/logo\/image\/\",\"url\":\"https:\/\/awe-amazonia.com\/wp-content\/uploads\/2020\/09\/cropped-Logo.png\",\"contentUrl\":\"https:\/\/awe-amazonia.com\/wp-content\/uploads\/2020\/09\/cropped-Logo.png\",\"width\":512,\"height\":512,\"caption\":\"Amazonia Wild Experience\"},\"image\":{\"@id\":\"https:\/\/awe-amazonia.com\/#\/schema\/logo\/image\/\"}}]}<\/script>\n<!-- \/ Yoast SEO plugin. -->","yoast_head_json":{"title":"Comment faire son sac pour voyager en Amazonie ? - Travel Tips","description":"D\u00e9couvrez comment pr\u00e9parer votre sac avant de partir pour une aventure en Amazonie. De l'\u00e9quipement essentiel pour la jungle aux v\u00eatements adapt\u00e9s au climat tropical, apprenez comment bien vous pr\u00e9parer pour votre voyage en Amazonie et profiter pleinement de cette exp\u00e9rience unique au c\u0153ur de la nature sauvage.","robots":{"index":"index","follow":"follow","max-snippet":"max-snippet:-1","max-image-preview":"max-image-preview:large","max-video-preview":"max-video-preview:-1"},"canonical":"https:\/\/awe-amazonia.com\/index.php\/faire-son-sac-foret-amazonienne\/","og_locale":"fr_FR","og_type":"article","og_title":"Comment faire son sac pour voyager en Amazonie ? - Travel Tips","og_description":"D\u00e9couvrez comment pr\u00e9parer votre sac avant de partir pour une aventure en Amazonie. De l'\u00e9quipement essentiel pour la jungle aux v\u00eatements adapt\u00e9s au climat tropical, apprenez comment bien vous pr\u00e9parer pour votre voyage en Amazonie et profiter pleinement de cette exp\u00e9rience unique au c\u0153ur de la nature sauvage.","og_url":"https:\/\/awe-amazonia.com\/index.php\/faire-son-sac-foret-amazonienne\/","og_site_name":"Amazonia Wild Experience","article_modified_time":"2023-11-17T13:55:04+00:00","og_image":[{"width":1339,"height":675,"url":"https:\/\/awe-amazonia.com\/wp-content\/uploads\/2020\/12\/navigation-AWE-sur-le-rio-negro.jpg","type":"image\/jpeg"}],"twitter_card":"summary_large_image","twitter_misc":{"Dur\u00e9e de lecture estim\u00e9e":"4 minutes"},"schema":{"@context":"https:\/\/schema.org","@graph":[{"@type":"WebPage","@id":"https:\/\/awe-amazonia.com\/index.php\/faire-son-sac-foret-amazonienne\/","url":"https:\/\/awe-amazonia.com\/index.php\/faire-son-sac-foret-amazonienne\/","name":"Comment faire son sac pour voyager en Amazonie ? - Travel Tips","isPartOf":{"@id":"https:\/\/awe-amazonia.com\/#website"},"primaryImageOfPage":{"@id":"https:\/\/awe-amazonia.com\/index.php\/faire-son-sac-foret-amazonienne\/#primaryimage"},"image":{"@id":"https:\/\/awe-amazonia.com\/index.php\/faire-son-sac-foret-amazonienne\/#primaryimage"},"thumbnailUrl":"https:\/\/awe-amazonia.com\/wp-content\/uploads\/2020\/12\/navigation-AWE-sur-le-rio-negro.jpg","datePublished":"2020-09-06T15:49:54+00:00","dateModified":"2023-11-17T13:55:04+00:00","description":"D\u00e9couvrez comment pr\u00e9parer votre sac avant de partir pour une aventure en Amazonie. De l'\u00e9quipement essentiel pour la jungle aux v\u00eatements adapt\u00e9s au climat tropical, apprenez comment bien vous pr\u00e9parer pour votre voyage en Amazonie et profiter pleinement de cette exp\u00e9rience unique au c\u0153ur de la nature sauvage.","breadcrumb":{"@id":"https:\/\/awe-amazonia.com\/index.php\/faire-son-sac-foret-amazonienne\/#breadcrumb"},"inLanguage":"fr-FR","potentialAction":[{"@type":"ReadAction","target":["https:\/\/awe-amazonia.com\/index.php\/faire-son-sac-foret-amazonienne\/"]}]},{"@type":"ImageObject","inLanguage":"fr-FR","@id":"https:\/\/awe-amazonia.com\/index.php\/faire-son-sac-foret-amazonienne\/#primaryimage","url":"https:\/\/awe-amazonia.com\/wp-content\/uploads\/2020\/12\/navigation-AWE-sur-le-rio-negro.jpg","contentUrl":"https:\/\/awe-amazonia.com\/wp-content\/uploads\/2020\/12\/navigation-AWE-sur-le-rio-negro.jpg","width":1339,"height":675,"caption":"visite archipel anavilhanas avec guide"},{"@type":"BreadcrumbList","@id":"https:\/\/awe-amazonia.com\/index.php\/faire-son-sac-foret-amazonienne\/#breadcrumb","itemListElement":[{"@type":"ListItem","position":1,"name":"Accueil","item":"https:\/\/awe-amazonia.com\/"},{"@type":"ListItem","position":2,"name":"Comment faire son sac pour voyager en Amazonie ?"}]},{"@type":"WebSite","@id":"https:\/\/awe-amazonia.com\/#website","url":"https:\/\/awe-amazonia.com\/","name":"Amazonia Wild Experience","description":"Voyage sur mesure en Amazonie - Aventures au Br\u00e9sil et au Guyana","publisher":{"@id":"https:\/\/awe-amazonia.com\/#organization"},"potentialAction":[{"@type":"SearchAction","target":{"@type":"EntryPoint","urlTemplate":"https:\/\/awe-amazonia.com\/?s={search_term_string}"},"query-input":{"@type":"PropertyValueSpecification","valueRequired":true,"valueName":"search_term_string"}}],"inLanguage":"fr-FR"},{"@type":"Organization","@id":"https:\/\/awe-amazonia.com\/#organization","name":"Amazonia Wild Experience","url":"https:\/\/awe-amazonia.com\/","logo":{"@type":"ImageObject","inLanguage":"fr-FR","@id":"https:\/\/awe-amazonia.com\/#\/schema\/logo\/image\/","url":"https:\/\/awe-amazonia.com\/wp-content\/uploads\/2020\/09\/cropped-Logo.png","contentUrl":"https:\/\/awe-amazonia.com\/wp-content\/uploads\/2020\/09\/cropped-Logo.png","width":512,"height":512,"caption":"Amazonia Wild Experience"},"image":{"@id":"https:\/\/awe-amazonia.com\/#\/schema\/logo\/image\/"}}]}},"_links":{"self":[{"href":"https:\/\/awe-amazonia.com\/index.php\/wp-json\/wp\/v2\/pages\/4127","targetHints":{"allow":["GET"]}}],"collection":[{"href":"https:\/\/awe-amazonia.com\/index.php\/wp-json\/wp\/v2\/pages"}],"about":[{"href":"https:\/\/awe-amazonia.com\/index.php\/wp-json\/wp\/v2\/types\/page"}],"author":[{"embeddable":true,"href":"https:\/\/awe-amazonia.com\/index.php\/wp-json\/wp\/v2\/users\/1"}],"replies":[{"embeddable":true,"href":"https:\/\/awe-amazonia.com\/index.php\/wp-json\/wp\/v2\/comments?post=4127"}],"version-history":[{"count":50,"href":"https:\/\/awe-amazonia.com\/index.php\/wp-json\/wp\/v2\/pages\/4127\/revisions"}],"predecessor-version":[{"id":29930,"href":"https:\/\/awe-amazonia.com\/index.php\/wp-json\/wp\/v2\/pages\/4127\/revisions\/29930"}],"wp:featuredmedia":[{"embeddable":true,"href":"https:\/\/awe-amazonia.com\/index.php\/wp-json\/wp\/v2\/media\/6129"}],"wp:attachment":[{"href":"https:\/\/awe-amazonia.com\/index.php\/wp-json\/wp\/v2\/media?parent=4127"}],"curies":[{"name":"wp","href":"https:\/\/api.w.org\/{rel}","templated":true}]}}