{"id":4265,"date":"2020-09-09T20:53:25","date_gmt":"2020-09-09T18:53:25","guid":{"rendered":"https:\/\/awe-amazonia.com\/?page_id=4265"},"modified":"2025-04-21T15:38:09","modified_gmt":"2025-04-21T13:38:09","slug":"lequipe","status":"publish","type":"page","link":"https:\/\/awe-amazonia.com\/index.php\/lequipe\/","title":{"rendered":"Notre \u00e9quipe"},"content":{"rendered":"<div  class=\"one ppb_card_two_cols_with_image\" style=\"position:relative;padding:40px 0 40px 0;\" >\n<div class=\"standard_wrapper\">\n<div class=\"page_content_wrapper\">\n<div class=\"inner\">\n<div class=\"one_half parallax_scroll\" style=\"width:40%;position:absolute;padding:40px;z-index:2;block !important;background:#fff;\" data-stellar-ratio=\"1.3\">\n<h2 class=\"ppb_title\" style=\"\">Passionn\u00e9s, engag\u00e9s, une aventure humaine<\/h2>\n<div class=\"ppb_header_content\">\n<p>Amaz\u00f4nia Wild Experience est n\u00e9e de l\u2019amiti\u00e9 entre aventuriers, passionn\u00e9s de la nature et de l\u2019Amazonie.<br \/>\nUne premi\u00e8re rencontre lors d\u2019un p\u00e9riple \u00ab survie \u00bb dans l&rsquo;\u00e9tat de l&rsquo;Amazonas, les exp\u00e9ditions se sont ensuite enchain\u00e9es dans tout le bassin amazonien jusqu&rsquo;au Guyana.<br \/>\nDes exp\u00e9riences incroyables, des moments inoubliables, une amiti\u00e9 fertile\u2026<\/p>\n<\/div>\n<\/div>\n<div class=\"one_half parallax_scroll_image last\" style=\"width:65%;\">\n<div class=\"image_classic_frame expand\">\n<div class=\"image_wrapper\"><img decoding=\"async\" src=\"https:\/\/awe-amazonia.com\/wp-content\/uploads\/2020\/12\/AWE-Os-donos..jpg\" alt=\"\" class=\"portfolio_img\"\/><\/div>\n<\/div>\n<\/div>\n<p><br class=\"clear\"\/><\/div>\n<\/div>\n<\/div>\n<\/div>\n<div class=\"standard_wrapper\">\n<div  class=\"one_half withsmallpadding ppb_text\" style=\"text-align:center;padding:40px 0 40px 0;\" >\n<div class=\"standard_wrapper\">\n<div class=\"page_content_wrapper\">\n<div class=\"inner\">\n<div style=\"margin:auto;width:100%\">\n<p><img loading=\"lazy\" decoding=\"async\" class=\"aligncenter size-full wp-image-6161\" src=\"https:\/\/awe-amazonia.com\/wp-content\/uploads\/2020\/12\/Antonio-clever.jpg\" alt=\"antonio amazonia wild experience\" width=\"468\" height=\"468\" \/><\/p>\n<h4 class=\"p1\" style=\"text-align: center;\"><span class=\"s1\"><b>Clever \u00ab\u00a0Antonio\u00a0\u00bb<br \/>\n<\/b><\/span><\/h4>\n<p style=\"text-align: center;\">Clever connait l\u2019Amazonie mieux que quiconque. La raison ? Il y est n\u00e9 !<br \/>\nDepuis ses premiers pas dans la r\u00e9gion du Rupununi au Guyana, il c\u00f4toie quotidiennement cette for\u00eat luxuriante.<br \/>\nAntonio connait la jungle selon les plus pures traditions am\u00e9rindiennes, sa m\u00e8re \u00e9tant Arawak et son p\u00e8re Wapishana. A l\u2019\u00e2ge adulte, pouss\u00e9 par sa curiosit\u00e9, il est all\u00e9 au proche Br\u00e9sil o\u00f9 rapidement il devient guide. Il partage aujourd&rsquo;hui sa passion pour la for\u00eat et l&rsquo;aventure avec Amaz\u00f4nia Wild Experience.<\/p>\n<\/div>\n<\/div>\n<\/div>\n<\/div>\n<\/div>\n<\/div>\n<div class=\"standard_wrapper\">\n<div  class=\"one_half last withsmallpadding ppb_text\" style=\"text-align:center;padding:40px 0 40px 0;\" >\n<div class=\"standard_wrapper\">\n<div class=\"page_content_wrapper\">\n<div class=\"inner\">\n<div style=\"margin:auto;width:100%\">\n<p><img loading=\"lazy\" decoding=\"async\" class=\"aligncenter size-full wp-image-6163\" src=\"https:\/\/awe-amazonia.com\/wp-content\/uploads\/2020\/12\/profil-antho.jpg\" alt=\"Anthony amazonia wild experience\" width=\"619\" height=\"619\" \/><\/p>\n<h4 class=\"p1\" style=\"text-align: center;\"><span class=\"s1\"><b>Anthony<\/b><\/span><\/h4>\n<p style=\"text-align: center;\">Anthony est franco-br\u00e9silien, un curieux en soif d\u2019aventures qui apr\u00e8s la d\u00e9couverte de plusieurs pays, a choisi Rio pour poser ses valises. Pour lui, l\u2019Amazonie \u00e9tait au d\u00e9but une soupape de d\u00e9compression qui est vite devenue une source d\u2019inspiration.<br \/>\nFervent d\u00e9fenseur des cultures locales, c\u2019est au milieu de la jungle qu\u2019il se sent vivant, libre. Sa mission ? Partager ces exp\u00e9riences qui apaisent \u00e0 long terme n\u2019importe quel \u00eatre.<\/p>\n<\/div>\n<\/div>\n<\/div>\n<\/div>\n<\/div>\n<\/div>\n<div  class=\"one ppb_card_two_cols_with_image\" style=\"position:relative;padding:40px 0 40px 0;\" >\n<div class=\"standard_wrapper\">\n<div class=\"page_content_wrapper\">\n<div class=\"inner\">\n<div class=\"one_half parallax_scroll\" style=\"width:40%;position:absolute;padding:40px;z-index:2;block !important;background:#fff;\" data-stellar-ratio=\"1.3\">\n<h2 class=\"ppb_title\" style=\"\">L&#039;id\u00e9e<\/h2>\n<div class=\"ppb_header_content\">\n<p>S\u2019\u00e9merveiller sur l\u2019Amazone devant le coucher de soleil, le son de la for\u00eat en fond sonore. Se d\u00e9connecter pendant plusieurs jours d\u2019une vie stressante. Se r\u00e9veiller au bivouac au milieu de la for\u00eat luxuriante et partager de belles \u00e9motions entre amis\u2026 autant d\u2019arguments qui nous ont sugg\u00e9r\u00e9 l\u2019id\u00e9e de partager ces aventures.<\/p>\n<p>En pleine exp\u00e9dition en territoire WaiWai, install\u00e9s dans nos hamacs, l\u2019id\u00e9e a surgi et nous avons dessin\u00e9 ensemble ce qui deviendra par la suite Amaz\u00f4nia Wild Experience. Une agence gr\u00e2ce \u00e0 laquelle nous pouvons partager notre passion pour la faune, la flore, la d\u00e9couverte de nouveau modes de vie et la pr\u00e9servation de l&rsquo;Amazonie.<\/p>\n<p>Des exp\u00e9ditions qui permettent de comprendre la grandeur de l\u2019Amazonie, la paix qu&rsquo;elle d\u00e9gage, et la n\u00e9cessit\u00e9 de la d\u00e9fendre, de la pr\u00e9server. Afin de prot\u00e9ger son immense biodiversit\u00e9, nos efforts se dirigent vers le soutien aux communaut\u00e9s locales par un travail de sensibilisation de tous les jours.<\/p>\n<\/div>\n<\/div>\n<div class=\"one_half parallax_scroll_image last\" style=\"width:65%;\">\n<div class=\"image_classic_frame expand\">\n<div class=\"image_wrapper\"><img decoding=\"async\" src=\"https:\/\/awe-amazonia.com\/wp-content\/uploads\/2020\/12\/tous-les-guides.jpg\" alt=\"\" class=\"portfolio_img\"\/><\/div>\n<\/div>\n<\/div>\n<p><br class=\"clear\"\/><\/div>\n<\/div>\n<\/div>\n<\/div>\n","protected":false},"excerpt":{"rendered":"<p>Passionn\u00e9s, engag\u00e9s, une aventure humaine Amaz\u00f4nia Wild Experience est n\u00e9e de l\u2019amiti\u00e9 entre aventuriers, passionn\u00e9s de la nature et de l\u2019Amazonie. Une premi\u00e8re rencontre lors d\u2019un p\u00e9riple \u00ab survie \u00bb dans l&rsquo;\u00e9tat de l&rsquo;Amazonas, les exp\u00e9ditions se sont ensuite enchain\u00e9es [&hellip;]<\/p>\n","protected":false},"author":1,"featured_media":6156,"parent":0,"menu_order":0,"comment_status":"closed","ping_status":"closed","template":"","meta":{"iawp_total_views":1472,"footnotes":""},"class_list":["post-4265","page","type-page","status-publish","has-post-thumbnail","hentry"],"yoast_head":"<!-- This site is optimized with the Yoast SEO plugin v27.1.1 - https:\/\/yoast.com\/product\/yoast-seo-wordpress\/ -->\n<title>Notre \u00e9quipe - Amazonia Wild Experience<\/title>\n<meta name=\"robots\" content=\"index, follow, max-snippet:-1, max-image-preview:large, max-video-preview:-1\" \/>\n<link rel=\"canonical\" href=\"https:\/\/awe-amazonia.com\/index.php\/lequipe\/\" \/>\n<meta property=\"og:locale\" content=\"fr_FR\" \/>\n<meta property=\"og:type\" content=\"article\" \/>\n<meta property=\"og:title\" content=\"Notre \u00e9quipe - Amazonia Wild Experience\" \/>\n<meta property=\"og:description\" content=\"Passionn\u00e9s, engag\u00e9s, une aventure humaine Amaz\u00f4nia Wild Experience est n\u00e9e de l\u2019amiti\u00e9 entre aventuriers, passionn\u00e9s de la nature et de l\u2019Amazonie. Une premi\u00e8re rencontre lors d\u2019un p\u00e9riple \u00ab survie \u00bb dans l&rsquo;\u00e9tat de l&rsquo;Amazonas, les exp\u00e9ditions se sont ensuite enchain\u00e9es [&hellip;]\" \/>\n<meta property=\"og:url\" content=\"https:\/\/awe-amazonia.com\/index.php\/lequipe\/\" \/>\n<meta property=\"og:site_name\" content=\"Amazonia Wild Experience\" \/>\n<meta property=\"article:modified_time\" content=\"2025-04-21T13:38:09+00:00\" \/>\n<meta property=\"og:image\" content=\"https:\/\/awe-amazonia.com\/wp-content\/uploads\/2020\/12\/couche-de-soleil-vers-manaus.jpg\" \/>\n\t<meta property=\"og:image:width\" content=\"1432\" \/>\n\t<meta property=\"og:image:height\" content=\"660\" \/>\n\t<meta property=\"og:image:type\" content=\"image\/jpeg\" \/>\n<meta name=\"twitter:card\" content=\"summary_large_image\" \/>\n<meta name=\"twitter:label1\" content=\"Dur\u00e9e de lecture estim\u00e9e\" \/>\n\t<meta name=\"twitter:data1\" content=\"3 minutes\" \/>\n<script type=\"application\/ld+json\" class=\"yoast-schema-graph\">{\"@context\":\"https:\/\/schema.org\",\"@graph\":[{\"@type\":\"WebPage\",\"@id\":\"https:\/\/awe-amazonia.com\/index.php\/lequipe\/\",\"url\":\"https:\/\/awe-amazonia.com\/index.php\/lequipe\/\",\"name\":\"Notre \u00e9quipe - Amazonia Wild Experience\",\"isPartOf\":{\"@id\":\"https:\/\/awe-amazonia.com\/?lang=en\/#website\"},\"primaryImageOfPage\":{\"@id\":\"https:\/\/awe-amazonia.com\/index.php\/lequipe\/#primaryimage\"},\"image\":{\"@id\":\"https:\/\/awe-amazonia.com\/index.php\/lequipe\/#primaryimage\"},\"thumbnailUrl\":\"https:\/\/awe-amazonia.com\/wp-content\/uploads\/2020\/12\/couche-de-soleil-vers-manaus.jpg\",\"datePublished\":\"2020-09-09T18:53:25+00:00\",\"dateModified\":\"2025-04-21T13:38:09+00:00\",\"breadcrumb\":{\"@id\":\"https:\/\/awe-amazonia.com\/index.php\/lequipe\/#breadcrumb\"},\"inLanguage\":\"fr-FR\",\"potentialAction\":[{\"@type\":\"ReadAction\",\"target\":[\"https:\/\/awe-amazonia.com\/index.php\/lequipe\/\"]}]},{\"@type\":\"ImageObject\",\"inLanguage\":\"fr-FR\",\"@id\":\"https:\/\/awe-amazonia.com\/index.php\/lequipe\/#primaryimage\",\"url\":\"https:\/\/awe-amazonia.com\/wp-content\/uploads\/2020\/12\/couche-de-soleil-vers-manaus.jpg\",\"contentUrl\":\"https:\/\/awe-amazonia.com\/wp-content\/uploads\/2020\/12\/couche-de-soleil-vers-manaus.jpg\",\"width\":1432,\"height\":660,\"caption\":\"couch\u00e9 de soleil guide voyage avec guide\"},{\"@type\":\"BreadcrumbList\",\"@id\":\"https:\/\/awe-amazonia.com\/index.php\/lequipe\/#breadcrumb\",\"itemListElement\":[{\"@type\":\"ListItem\",\"position\":1,\"name\":\"Accueil\",\"item\":\"https:\/\/awe-amazonia.com\/\"},{\"@type\":\"ListItem\",\"position\":2,\"name\":\"Notre \u00e9quipe\"}]},{\"@type\":\"WebSite\",\"@id\":\"https:\/\/awe-amazonia.com\/?lang=en\/#website\",\"url\":\"https:\/\/awe-amazonia.com\/?lang=en\/\",\"name\":\"Amazonia Wild Experience\",\"description\":\"Voyage sur mesure en Amazonie - Aventures au Br\u00e9sil et au Guyana\",\"publisher\":{\"@id\":\"https:\/\/awe-amazonia.com\/?lang=en\/#organization\"},\"potentialAction\":[{\"@type\":\"SearchAction\",\"target\":{\"@type\":\"EntryPoint\",\"urlTemplate\":\"https:\/\/awe-amazonia.com\/?lang=en\/?s={search_term_string}\"},\"query-input\":{\"@type\":\"PropertyValueSpecification\",\"valueRequired\":true,\"valueName\":\"search_term_string\"}}],\"inLanguage\":\"fr-FR\"},{\"@type\":\"Organization\",\"@id\":\"https:\/\/awe-amazonia.com\/?lang=en\/#organization\",\"name\":\"Amazonia Wild Experience\",\"url\":\"https:\/\/awe-amazonia.com\/?lang=en\/\",\"logo\":{\"@type\":\"ImageObject\",\"inLanguage\":\"fr-FR\",\"@id\":\"https:\/\/awe-amazonia.com\/?lang=en\/#\/schema\/logo\/image\/\",\"url\":\"https:\/\/awe-amazonia.com\/wp-content\/uploads\/2020\/09\/cropped-Logo.png\",\"contentUrl\":\"https:\/\/awe-amazonia.com\/wp-content\/uploads\/2020\/09\/cropped-Logo.png\",\"width\":512,\"height\":512,\"caption\":\"Amazonia Wild Experience\"},\"image\":{\"@id\":\"https:\/\/awe-amazonia.com\/?lang=en\/#\/schema\/logo\/image\/\"}}]}<\/script>\n<!-- \/ Yoast SEO plugin. -->","yoast_head_json":{"title":"Notre \u00e9quipe - Amazonia Wild Experience","robots":{"index":"index","follow":"follow","max-snippet":"max-snippet:-1","max-image-preview":"max-image-preview:large","max-video-preview":"max-video-preview:-1"},"canonical":"https:\/\/awe-amazonia.com\/index.php\/lequipe\/","og_locale":"fr_FR","og_type":"article","og_title":"Notre \u00e9quipe - Amazonia Wild Experience","og_description":"Passionn\u00e9s, engag\u00e9s, une aventure humaine Amaz\u00f4nia Wild Experience est n\u00e9e de l\u2019amiti\u00e9 entre aventuriers, passionn\u00e9s de la nature et de l\u2019Amazonie. Une premi\u00e8re rencontre lors d\u2019un p\u00e9riple \u00ab survie \u00bb dans l&rsquo;\u00e9tat de l&rsquo;Amazonas, les exp\u00e9ditions se sont ensuite enchain\u00e9es [&hellip;]","og_url":"https:\/\/awe-amazonia.com\/index.php\/lequipe\/","og_site_name":"Amazonia Wild Experience","article_modified_time":"2025-04-21T13:38:09+00:00","og_image":[{"width":1432,"height":660,"url":"https:\/\/awe-amazonia.com\/wp-content\/uploads\/2020\/12\/couche-de-soleil-vers-manaus.jpg","type":"image\/jpeg"}],"twitter_card":"summary_large_image","twitter_misc":{"Dur\u00e9e de lecture estim\u00e9e":"3 minutes"},"schema":{"@context":"https:\/\/schema.org","@graph":[{"@type":"WebPage","@id":"https:\/\/awe-amazonia.com\/index.php\/lequipe\/","url":"https:\/\/awe-amazonia.com\/index.php\/lequipe\/","name":"Notre \u00e9quipe - Amazonia Wild Experience","isPartOf":{"@id":"https:\/\/awe-amazonia.com\/?lang=en\/#website"},"primaryImageOfPage":{"@id":"https:\/\/awe-amazonia.com\/index.php\/lequipe\/#primaryimage"},"image":{"@id":"https:\/\/awe-amazonia.com\/index.php\/lequipe\/#primaryimage"},"thumbnailUrl":"https:\/\/awe-amazonia.com\/wp-content\/uploads\/2020\/12\/couche-de-soleil-vers-manaus.jpg","datePublished":"2020-09-09T18:53:25+00:00","dateModified":"2025-04-21T13:38:09+00:00","breadcrumb":{"@id":"https:\/\/awe-amazonia.com\/index.php\/lequipe\/#breadcrumb"},"inLanguage":"fr-FR","potentialAction":[{"@type":"ReadAction","target":["https:\/\/awe-amazonia.com\/index.php\/lequipe\/"]}]},{"@type":"ImageObject","inLanguage":"fr-FR","@id":"https:\/\/awe-amazonia.com\/index.php\/lequipe\/#primaryimage","url":"https:\/\/awe-amazonia.com\/wp-content\/uploads\/2020\/12\/couche-de-soleil-vers-manaus.jpg","contentUrl":"https:\/\/awe-amazonia.com\/wp-content\/uploads\/2020\/12\/couche-de-soleil-vers-manaus.jpg","width":1432,"height":660,"caption":"couch\u00e9 de soleil guide voyage avec guide"},{"@type":"BreadcrumbList","@id":"https:\/\/awe-amazonia.com\/index.php\/lequipe\/#breadcrumb","itemListElement":[{"@type":"ListItem","position":1,"name":"Accueil","item":"https:\/\/awe-amazonia.com\/"},{"@type":"ListItem","position":2,"name":"Notre \u00e9quipe"}]},{"@type":"WebSite","@id":"https:\/\/awe-amazonia.com\/?lang=en\/#website","url":"https:\/\/awe-amazonia.com\/?lang=en\/","name":"Amazonia Wild Experience","description":"Voyage sur mesure en Amazonie - Aventures au Br\u00e9sil et au Guyana","publisher":{"@id":"https:\/\/awe-amazonia.com\/?lang=en\/#organization"},"potentialAction":[{"@type":"SearchAction","target":{"@type":"EntryPoint","urlTemplate":"https:\/\/awe-amazonia.com\/?lang=en\/?s={search_term_string}"},"query-input":{"@type":"PropertyValueSpecification","valueRequired":true,"valueName":"search_term_string"}}],"inLanguage":"fr-FR"},{"@type":"Organization","@id":"https:\/\/awe-amazonia.com\/?lang=en\/#organization","name":"Amazonia Wild Experience","url":"https:\/\/awe-amazonia.com\/?lang=en\/","logo":{"@type":"ImageObject","inLanguage":"fr-FR","@id":"https:\/\/awe-amazonia.com\/?lang=en\/#\/schema\/logo\/image\/","url":"https:\/\/awe-amazonia.com\/wp-content\/uploads\/2020\/09\/cropped-Logo.png","contentUrl":"https:\/\/awe-amazonia.com\/wp-content\/uploads\/2020\/09\/cropped-Logo.png","width":512,"height":512,"caption":"Amazonia Wild Experience"},"image":{"@id":"https:\/\/awe-amazonia.com\/?lang=en\/#\/schema\/logo\/image\/"}}]}},"_links":{"self":[{"href":"https:\/\/awe-amazonia.com\/index.php\/wp-json\/wp\/v2\/pages\/4265","targetHints":{"allow":["GET"]}}],"collection":[{"href":"https:\/\/awe-amazonia.com\/index.php\/wp-json\/wp\/v2\/pages"}],"about":[{"href":"https:\/\/awe-amazonia.com\/index.php\/wp-json\/wp\/v2\/types\/page"}],"author":[{"embeddable":true,"href":"https:\/\/awe-amazonia.com\/index.php\/wp-json\/wp\/v2\/users\/1"}],"replies":[{"embeddable":true,"href":"https:\/\/awe-amazonia.com\/index.php\/wp-json\/wp\/v2\/comments?post=4265"}],"version-history":[{"count":120,"href":"https:\/\/awe-amazonia.com\/index.php\/wp-json\/wp\/v2\/pages\/4265\/revisions"}],"predecessor-version":[{"id":29943,"href":"https:\/\/awe-amazonia.com\/index.php\/wp-json\/wp\/v2\/pages\/4265\/revisions\/29943"}],"wp:featuredmedia":[{"embeddable":true,"href":"https:\/\/awe-amazonia.com\/index.php\/wp-json\/wp\/v2\/media\/6156"}],"wp:attachment":[{"href":"https:\/\/awe-amazonia.com\/index.php\/wp-json\/wp\/v2\/media?parent=4265"}],"curies":[{"name":"wp","href":"https:\/\/api.w.org\/{rel}","templated":true}]}}