{"id":4372,"date":"2020-09-11T10:11:58","date_gmt":"2020-09-11T08:11:58","guid":{"rendered":"https:\/\/awe-amazonia.com\/?page_id=4372"},"modified":"2021-04-03T18:29:59","modified_gmt":"2021-04-03T16:29:59","slug":"plats-et-cuisine-en-amazonie","status":"publish","type":"page","link":"https:\/\/awe-amazonia.com\/index.php\/plats-et-cuisine-en-amazonie\/","title":{"rendered":"Plats et cuisine en Amazonie"},"content":{"rendered":"<div  class=\"one withsmallpadding ppb_header \" style=\"text-align:center;padding:0px 0 0px 0;margin-top:50px;margin-bottom:50px;\" >\n<div class=\"standard_wrapper\">\n<div class=\"page_content_wrapper\">\n<div class=\"inner\">\n<div style=\"margin:auto;width:100%\">\n<h2 class=\"ppb_title\" style=\"\">La richesse de la cuisine du bassin amazonien<\/h2>\n<div class=\"ppb_header_content\">\n<p>La cuisine et les habitudes alimentaires de l\u2019Amazonie refl\u00e8tent les traditions des populations am\u00e9rindiennes, color\u00e9es par l\u2019influence d\u2019autres cultures.<br \/>\nLa nourriture est fondamentale, c\u2019est aussi une mani\u00e8re de d\u00e9couvrir l\u2019histoire, la g\u00e9ographie, les traditions et le quotidien de l\u00e0 o\u00f9 vous vous trouvez. En Amazonie c\u2019est particuli\u00e8rement vrai, \u00e9tant donn\u00e9 que les traditions culinaires sont bas\u00e9es pour la plupart sur des savoirs am\u00e9rindiens ancestraux. On ne peut pas g\u00e9n\u00e9raliser les habitudes culinaires en Amazonie : la r\u00e9gion a trop de nuances culturelles.<br \/>\nAu-del\u00e0 des \u00e9l\u00e9ments culturels, la quantit\u00e9 des ingr\u00e9dients ainsi que les diff\u00e9rentes fa\u00e7ons de les cuisiner depuis les pots en terre cuite des tribus jusqu\u2019aux cuisines modernes de Manaus ou de Bel\u00e9m, il existe une vari\u00e9t\u00e9 d\u2019influences&#8230;<br \/>\nIl faut cependant souligner que la base de la cuisine d\u2019Amazonie est le <strong>manioc<\/strong>. Il est consomm\u00e9 par toutes les classes sociales de diff\u00e9rentes mani\u00e8res : pel\u00e9, r\u00e2p\u00e9 ou encore press\u00e9. Les feuilles, la racine\u2026 dans le manioc, tout est consomm\u00e9 pour cr\u00e9er une multitude de plats.<\/p>\n<p>L\u2019assimilation et la r\u00e9interpr\u00e9tation de l\u2019essence de ces mets nous offrent des plats particuliers en termes d\u2019ar\u00f4mes et de gouts. Une table remplie de plats typiques d\u2019Amazonie, \u00e0 la fois doux et savoureux est une exp\u00e9rience unique.<br \/>\nLes noms sont d\u00e9j\u00e0 succulents : caruru, tacac\u00e1, tucupi, vatap\u00e1, jambu\u2026<\/p>\n<\/div>\n<\/div>\n<\/div>\n<\/div>\n<\/div>\n<\/div>\n<div  class=\"one withsmallpadding ppb_text\" style=\"text-align:left;padding:0px 0 0px 0;margin-top:20px;\" >\n<div class=\"standard_wrapper\">\n<div class=\"page_content_wrapper\">\n<div class=\"inner\">\n<div style=\"margin:auto;width:100%\">\n<div class=\"one_half \" style=\"\"><img decoding=\"async\" src=\"https:\/\/awe-amazonia.com\/wp-content\/uploads\/2020\/12\/plats-en-amazonie.jpg\" alt=\"\" class=\"\" data-animation=\"\" style=\"\" \/><\/div>\n<div class=\"one_half last \" style=\"\">\n<h3>Une infinit\u00e9 de saveurs<\/h3>\n<p><strong>Parmi les plats les plus typiques nous retrouvons :<\/strong><br \/>\nCaldeirada : C\u2019est une bouillabaisse o\u00f9 le poisson pirarucu ou le tambaqui remplacent le congre. Elle est faite de tomates, d\u2019oignons, d\u2019\u0153ufs, de piments, de pommes de terre, de farine.<\/p>\n<p>Mani\u00e7oba : Il faut une semaine pour pr\u00e9parer le mani\u00e7oba, l\u2019autre grand plat typique du Nord avec le pato no tucupi. Les am\u00e9rindiens gardaient la viande de cachitou (sorte de porc) et de capivara en l\u2019enterrant sous des feuilles de bananier et en l\u2019humectant de temps en temps (certains ingr\u00e9dients crus sont v\u00e9n\u00e9neux). Le plat d\u00e9riv\u00e9, \u00e0 base de maniva, feuilles de manioc (mandioca), cuit pendant 4 jours ; on y ajoute du b\u0153uf, les parties de porc, du manioc, du riz, des haricots.<\/p>\n<\/div>\n<p><br class=\"clear\"\/><br \/>\n<br class=\"clear\" \/><\/p>\n<div class=\"one_half \" style=\"\">\n<h3>Les noms sont d\u00e9j\u00e0 succulents : caruru, tacac\u00e1, tucupi, vatap\u00e1, jambu\u2026<\/h3>\n<p>Pato no tucupi : C\u2019est la grande sp\u00e9cialit\u00e9 r\u00e9gionale. Le canard, coup\u00e9 en morceaux, est servi dans une sauce de manioc, d\u2019ail et de jambu (un fruit local), chicor\u00e9e longuement, bouillie et anesth\u00e9siante. C\u2019est d\u00e9licieux et un peu \u00e2pre, car le manioc en fermentant produit de l\u2019acide nitrique. On sert le tout avec du riz, du poivre et, selon les go\u00fbts, du manioc.<br \/>\nTacac\u00e1 : C\u2019est une coutume de d\u00e9but de soir\u00e9e pour les Paraenses. On en trouve \u00e0 tous les coins de rue. C\u2019est cette soupe vert \u00e9meraude servie dans la rue dans une calebasse\u2026 Une forte \u00e9motion. Des crevettes surnagent dans un jus de tapioca, d\u2019ail, de plantes locales et de manioc.<br \/>\nVatap\u00e1 : Le vatap\u00e1 typique du Par\u00e1 est diff\u00e9rent du vatap\u00e1 bahianais. Les crevettes s\u00e9ch\u00e9es sont pel\u00e9es et saut\u00e9es avec des oignons, des tomates et du dend\u00ea. On ajoute du lait de noix de coco et du riz ou du bl\u00e9. Le tout est servi avec du riz blanc.<\/p>\n<\/div>\n<div class=\"one_half last \" style=\"\"><img decoding=\"async\" src=\"https:\/\/awe-amazonia.com\/wp-content\/uploads\/2020\/12\/racines-de-manioc.jpg\" alt=\"\" class=\"animated\" data-animation=\"slideLeft\" style=\"\" \/><\/div>\n<p><br class=\"clear\"\/><br \/>\n<br class=\"clear\" \/><\/p>\n<div class=\"one_half \" style=\"\"><img decoding=\"async\" src=\"https:\/\/awe-amazonia.com\/wp-content\/uploads\/2020\/12\/acai.jpg\" alt=\"\" class=\"animated\" data-animation=\"slideUp\" style=\"\" \/><\/div>\n<div class=\"one_half last \" style=\"\">\n<h3>A\u00e7ai, le superfruit de l\u2019Amazonie<\/h3>\n<p>Consommer la pulpe d\u2019a\u00e7a\u00ed, obtenue \u00e0 partir de l\u2019extraction de la baie du palmier a\u00e7a\u00ed est une tradition culinaire partag\u00e9e par l\u2019ensemble de la population du bassin amazonien.<br \/>\nLe partage de cette tradition pourrait venir de la large distribution de l\u2019esp\u00e8ce dans tout l\u2019estuaire amazonien ainsi que des propri\u00e9t\u00e9s nutritionnelles du fruit. La pulpe d\u2019a\u00e7a\u00ed se consomme localement naturelle, m\u00e9lang\u00e9e ou non \u00e0 de la farine de manioc, accompagnant des plats de poisson frit, de crevettes ou de b\u0153uf sal\u00e9-s\u00e9ch\u00e9.<\/p>\n<p>Les baies d\u2019a\u00e7ai sont 4 fois plus riches en antioxydants que la grenade et 10 fois plus que les baies de cranberry. Ce fruit est \u00e9galement riche en om\u00e9gas, en fibres et en min\u00e9raux comme le calcium, le fer et le magn\u00e9sium.<\/p>\n<\/div>\n<p><br class=\"clear\"\/><\/p>\n<p><br class=\"clear\" \/><\/p>\n<div class=\"one_half \" style=\"\">\n<h3>Une grande diversit\u00e9 d&#8217;ingr\u00e9dients<\/h3>\n<p>La richesse de la for\u00eat offre un large \u00e9ventail d\u2019ingr\u00e9dients comme\u00a0les castanhas do Par\u00e1 : elles sont associ\u00e9es par 7 ou 8 dans une gousse grosse comme le poing.<br \/>\nBeaucoup de ces noms de fruits sont intraduisibles pour la bonne raison qu\u2019on ne les trouve pas en Europe. On retrouve ainsi : le cupua\u00e7u, le bacuri, le pupunha, le tucum, le muruci, le piquia, le tapereba.<\/p>\n<p>L\u2019Amazonie enchante par l\u2019\u00e9norme vari\u00e9t\u00e9 de ses fruits, qui entrent pour une large part dans la composition des desserts locaux. Ils sont aussi consomm\u00e9s simplement en jus. On se laissera tenter par des saveurs exotiques : a\u00e7a\u00ed, acerola, cupua\u00e7u, bacuri.<br \/>\nEssayez le jus de cupua\u00e7u ou de caja !<\/p>\n<\/div>\n<div class=\"one_half last \" style=\"\"><img decoding=\"async\" src=\"https:\/\/awe-amazonia.com\/wp-content\/uploads\/2020\/12\/ananas.jpg\" alt=\"\" class=\"animated\" data-animation=\"fadeIn\" style=\"\" \/><\/div>\n<p><br class=\"clear\"\/><br \/>\n<br class=\"clear\" \/><\/p>\n<div class=\"one_half \" style=\"\"><\/div>\n<\/div>\n<\/div>\n<\/div>\n<\/div>\n<\/div>\n","protected":false},"excerpt":{"rendered":"<p>La richesse de la cuisine du bassin amazonien La cuisine et les habitudes alimentaires de l\u2019Amazonie refl\u00e8tent les traditions des populations am\u00e9rindiennes, color\u00e9es par l\u2019influence d\u2019autres cultures. La nourriture est fondamentale, c\u2019est aussi une mani\u00e8re de d\u00e9couvrir l\u2019histoire, la g\u00e9ographie, [&hellip;]<\/p>\n","protected":false},"author":1,"featured_media":6077,"parent":0,"menu_order":0,"comment_status":"closed","ping_status":"closed","template":"","meta":{"iawp_total_views":1193,"footnotes":""},"class_list":["post-4372","page","type-page","status-publish","has-post-thumbnail","hentry"],"yoast_head":"<!-- This site is optimized with the Yoast SEO plugin v27.1.1 - https:\/\/yoast.com\/product\/yoast-seo-wordpress\/ -->\n<title>Plats et cuisine en Amazonie - Amazonia Wild Experience<\/title>\n<meta name=\"description\" content=\"D\u00e9couvrez la cuisine amazonienne et les plats que vous d\u00e9couvrirez lors d&#039;un voyage en Amazonie. Une multitude de fruit et de saveurs...\" \/>\n<meta name=\"robots\" content=\"index, follow, max-snippet:-1, max-image-preview:large, max-video-preview:-1\" \/>\n<link rel=\"canonical\" href=\"https:\/\/awe-amazonia.com\/index.php\/plats-et-cuisine-en-amazonie\/\" \/>\n<meta property=\"og:locale\" content=\"fr_FR\" \/>\n<meta property=\"og:type\" content=\"article\" \/>\n<meta property=\"og:title\" content=\"Plats et cuisine en Amazonie - Amazonia Wild Experience\" \/>\n<meta property=\"og:description\" content=\"D\u00e9couvrez la cuisine amazonienne et les plats que vous d\u00e9couvrirez lors d&#039;un voyage en Amazonie. Une multitude de fruit et de saveurs...\" \/>\n<meta property=\"og:url\" content=\"https:\/\/awe-amazonia.com\/index.php\/plats-et-cuisine-en-amazonie\/\" \/>\n<meta property=\"og:site_name\" content=\"Amazonia Wild Experience\" \/>\n<meta property=\"article:modified_time\" content=\"2021-04-03T16:29:59+00:00\" \/>\n<meta property=\"og:image\" content=\"http:\/\/awe-amazonia.com\/wp-content\/uploads\/2020\/12\/cuisiner.jpg\" \/>\n\t<meta property=\"og:image:width\" content=\"1743\" \/>\n\t<meta property=\"og:image:height\" content=\"1167\" \/>\n\t<meta property=\"og:image:type\" content=\"image\/jpeg\" \/>\n<meta name=\"twitter:card\" content=\"summary_large_image\" \/>\n<meta name=\"twitter:label1\" content=\"Dur\u00e9e de lecture estim\u00e9e\" \/>\n\t<meta name=\"twitter:data1\" content=\"4 minutes\" \/>\n<script type=\"application\/ld+json\" class=\"yoast-schema-graph\">{\"@context\":\"https:\/\/schema.org\",\"@graph\":[{\"@type\":\"WebPage\",\"@id\":\"https:\/\/awe-amazonia.com\/index.php\/plats-et-cuisine-en-amazonie\/\",\"url\":\"https:\/\/awe-amazonia.com\/index.php\/plats-et-cuisine-en-amazonie\/\",\"name\":\"Plats et cuisine en Amazonie - Amazonia Wild Experience\",\"isPartOf\":{\"@id\":\"https:\/\/awe-amazonia.com\/#website\"},\"primaryImageOfPage\":{\"@id\":\"https:\/\/awe-amazonia.com\/index.php\/plats-et-cuisine-en-amazonie\/#primaryimage\"},\"image\":{\"@id\":\"https:\/\/awe-amazonia.com\/index.php\/plats-et-cuisine-en-amazonie\/#primaryimage\"},\"thumbnailUrl\":\"https:\/\/awe-amazonia.com\/wp-content\/uploads\/2020\/12\/cuisiner.jpg\",\"datePublished\":\"2020-09-11T08:11:58+00:00\",\"dateModified\":\"2021-04-03T16:29:59+00:00\",\"description\":\"D\u00e9couvrez la cuisine amazonienne et les plats que vous d\u00e9couvrirez lors d'un voyage en Amazonie. Une multitude de fruit et de saveurs...\",\"breadcrumb\":{\"@id\":\"https:\/\/awe-amazonia.com\/index.php\/plats-et-cuisine-en-amazonie\/#breadcrumb\"},\"inLanguage\":\"fr-FR\",\"potentialAction\":[{\"@type\":\"ReadAction\",\"target\":[\"https:\/\/awe-amazonia.com\/index.php\/plats-et-cuisine-en-amazonie\/\"]}]},{\"@type\":\"ImageObject\",\"inLanguage\":\"fr-FR\",\"@id\":\"https:\/\/awe-amazonia.com\/index.php\/plats-et-cuisine-en-amazonie\/#primaryimage\",\"url\":\"https:\/\/awe-amazonia.com\/wp-content\/uploads\/2020\/12\/cuisiner.jpg\",\"contentUrl\":\"https:\/\/awe-amazonia.com\/wp-content\/uploads\/2020\/12\/cuisiner.jpg\",\"width\":1743,\"height\":1167,\"caption\":\"cuisine dans la maloca\"},{\"@type\":\"BreadcrumbList\",\"@id\":\"https:\/\/awe-amazonia.com\/index.php\/plats-et-cuisine-en-amazonie\/#breadcrumb\",\"itemListElement\":[{\"@type\":\"ListItem\",\"position\":1,\"name\":\"Accueil\",\"item\":\"https:\/\/awe-amazonia.com\/\"},{\"@type\":\"ListItem\",\"position\":2,\"name\":\"Plats et cuisine en Amazonie\"}]},{\"@type\":\"WebSite\",\"@id\":\"https:\/\/awe-amazonia.com\/#website\",\"url\":\"https:\/\/awe-amazonia.com\/\",\"name\":\"Amazonia Wild Experience\",\"description\":\"Voyage sur mesure en Amazonie - Aventures au Br\u00e9sil et au Guyana\",\"publisher\":{\"@id\":\"https:\/\/awe-amazonia.com\/#organization\"},\"potentialAction\":[{\"@type\":\"SearchAction\",\"target\":{\"@type\":\"EntryPoint\",\"urlTemplate\":\"https:\/\/awe-amazonia.com\/?s={search_term_string}\"},\"query-input\":{\"@type\":\"PropertyValueSpecification\",\"valueRequired\":true,\"valueName\":\"search_term_string\"}}],\"inLanguage\":\"fr-FR\"},{\"@type\":\"Organization\",\"@id\":\"https:\/\/awe-amazonia.com\/#organization\",\"name\":\"Amazonia Wild Experience\",\"url\":\"https:\/\/awe-amazonia.com\/\",\"logo\":{\"@type\":\"ImageObject\",\"inLanguage\":\"fr-FR\",\"@id\":\"https:\/\/awe-amazonia.com\/#\/schema\/logo\/image\/\",\"url\":\"https:\/\/awe-amazonia.com\/wp-content\/uploads\/2020\/09\/cropped-Logo.png\",\"contentUrl\":\"https:\/\/awe-amazonia.com\/wp-content\/uploads\/2020\/09\/cropped-Logo.png\",\"width\":512,\"height\":512,\"caption\":\"Amazonia Wild Experience\"},\"image\":{\"@id\":\"https:\/\/awe-amazonia.com\/#\/schema\/logo\/image\/\"}}]}<\/script>\n<!-- \/ Yoast SEO plugin. -->","yoast_head_json":{"title":"Plats et cuisine en Amazonie - Amazonia Wild Experience","description":"D\u00e9couvrez la cuisine amazonienne et les plats que vous d\u00e9couvrirez lors d'un voyage en Amazonie. Une multitude de fruit et de saveurs...","robots":{"index":"index","follow":"follow","max-snippet":"max-snippet:-1","max-image-preview":"max-image-preview:large","max-video-preview":"max-video-preview:-1"},"canonical":"https:\/\/awe-amazonia.com\/index.php\/plats-et-cuisine-en-amazonie\/","og_locale":"fr_FR","og_type":"article","og_title":"Plats et cuisine en Amazonie - Amazonia Wild Experience","og_description":"D\u00e9couvrez la cuisine amazonienne et les plats que vous d\u00e9couvrirez lors d'un voyage en Amazonie. Une multitude de fruit et de saveurs...","og_url":"https:\/\/awe-amazonia.com\/index.php\/plats-et-cuisine-en-amazonie\/","og_site_name":"Amazonia Wild Experience","article_modified_time":"2021-04-03T16:29:59+00:00","og_image":[{"width":1743,"height":1167,"url":"http:\/\/awe-amazonia.com\/wp-content\/uploads\/2020\/12\/cuisiner.jpg","type":"image\/jpeg"}],"twitter_card":"summary_large_image","twitter_misc":{"Dur\u00e9e de lecture estim\u00e9e":"4 minutes"},"schema":{"@context":"https:\/\/schema.org","@graph":[{"@type":"WebPage","@id":"https:\/\/awe-amazonia.com\/index.php\/plats-et-cuisine-en-amazonie\/","url":"https:\/\/awe-amazonia.com\/index.php\/plats-et-cuisine-en-amazonie\/","name":"Plats et cuisine en Amazonie - Amazonia Wild Experience","isPartOf":{"@id":"https:\/\/awe-amazonia.com\/#website"},"primaryImageOfPage":{"@id":"https:\/\/awe-amazonia.com\/index.php\/plats-et-cuisine-en-amazonie\/#primaryimage"},"image":{"@id":"https:\/\/awe-amazonia.com\/index.php\/plats-et-cuisine-en-amazonie\/#primaryimage"},"thumbnailUrl":"https:\/\/awe-amazonia.com\/wp-content\/uploads\/2020\/12\/cuisiner.jpg","datePublished":"2020-09-11T08:11:58+00:00","dateModified":"2021-04-03T16:29:59+00:00","description":"D\u00e9couvrez la cuisine amazonienne et les plats que vous d\u00e9couvrirez lors d'un voyage en Amazonie. Une multitude de fruit et de saveurs...","breadcrumb":{"@id":"https:\/\/awe-amazonia.com\/index.php\/plats-et-cuisine-en-amazonie\/#breadcrumb"},"inLanguage":"fr-FR","potentialAction":[{"@type":"ReadAction","target":["https:\/\/awe-amazonia.com\/index.php\/plats-et-cuisine-en-amazonie\/"]}]},{"@type":"ImageObject","inLanguage":"fr-FR","@id":"https:\/\/awe-amazonia.com\/index.php\/plats-et-cuisine-en-amazonie\/#primaryimage","url":"https:\/\/awe-amazonia.com\/wp-content\/uploads\/2020\/12\/cuisiner.jpg","contentUrl":"https:\/\/awe-amazonia.com\/wp-content\/uploads\/2020\/12\/cuisiner.jpg","width":1743,"height":1167,"caption":"cuisine dans la maloca"},{"@type":"BreadcrumbList","@id":"https:\/\/awe-amazonia.com\/index.php\/plats-et-cuisine-en-amazonie\/#breadcrumb","itemListElement":[{"@type":"ListItem","position":1,"name":"Accueil","item":"https:\/\/awe-amazonia.com\/"},{"@type":"ListItem","position":2,"name":"Plats et cuisine en Amazonie"}]},{"@type":"WebSite","@id":"https:\/\/awe-amazonia.com\/#website","url":"https:\/\/awe-amazonia.com\/","name":"Amazonia Wild Experience","description":"Voyage sur mesure en Amazonie - Aventures au Br\u00e9sil et au Guyana","publisher":{"@id":"https:\/\/awe-amazonia.com\/#organization"},"potentialAction":[{"@type":"SearchAction","target":{"@type":"EntryPoint","urlTemplate":"https:\/\/awe-amazonia.com\/?s={search_term_string}"},"query-input":{"@type":"PropertyValueSpecification","valueRequired":true,"valueName":"search_term_string"}}],"inLanguage":"fr-FR"},{"@type":"Organization","@id":"https:\/\/awe-amazonia.com\/#organization","name":"Amazonia Wild Experience","url":"https:\/\/awe-amazonia.com\/","logo":{"@type":"ImageObject","inLanguage":"fr-FR","@id":"https:\/\/awe-amazonia.com\/#\/schema\/logo\/image\/","url":"https:\/\/awe-amazonia.com\/wp-content\/uploads\/2020\/09\/cropped-Logo.png","contentUrl":"https:\/\/awe-amazonia.com\/wp-content\/uploads\/2020\/09\/cropped-Logo.png","width":512,"height":512,"caption":"Amazonia Wild Experience"},"image":{"@id":"https:\/\/awe-amazonia.com\/#\/schema\/logo\/image\/"}}]}},"_links":{"self":[{"href":"https:\/\/awe-amazonia.com\/index.php\/wp-json\/wp\/v2\/pages\/4372","targetHints":{"allow":["GET"]}}],"collection":[{"href":"https:\/\/awe-amazonia.com\/index.php\/wp-json\/wp\/v2\/pages"}],"about":[{"href":"https:\/\/awe-amazonia.com\/index.php\/wp-json\/wp\/v2\/types\/page"}],"author":[{"embeddable":true,"href":"https:\/\/awe-amazonia.com\/index.php\/wp-json\/wp\/v2\/users\/1"}],"replies":[{"embeddable":true,"href":"https:\/\/awe-amazonia.com\/index.php\/wp-json\/wp\/v2\/comments?post=4372"}],"version-history":[{"count":41,"href":"https:\/\/awe-amazonia.com\/index.php\/wp-json\/wp\/v2\/pages\/4372\/revisions"}],"predecessor-version":[{"id":9640,"href":"https:\/\/awe-amazonia.com\/index.php\/wp-json\/wp\/v2\/pages\/4372\/revisions\/9640"}],"wp:featuredmedia":[{"embeddable":true,"href":"https:\/\/awe-amazonia.com\/index.php\/wp-json\/wp\/v2\/media\/6077"}],"wp:attachment":[{"href":"https:\/\/awe-amazonia.com\/index.php\/wp-json\/wp\/v2\/media?parent=4372"}],"curies":[{"name":"wp","href":"https:\/\/api.w.org\/{rel}","templated":true}]}}