{"id":4603,"date":"2020-09-21T17:48:58","date_gmt":"2020-09-21T15:48:58","guid":{"rendered":"https:\/\/awe-amazonia.com\/?page_id=4603"},"modified":"2021-11-17T13:51:28","modified_gmt":"2021-11-17T12:51:28","slug":"romans-et-lectures-sur-lamazonie","status":"publish","type":"page","link":"https:\/\/awe-amazonia.com\/index.php\/romans-et-lectures-sur-lamazonie\/","title":{"rendered":"Ouvrages et lectures sur l&#8217;Amazonie"},"content":{"rendered":"<div  class=\"one withsmallpadding ppb_header \" style=\"text-align:left;padding:30px 0 30px 0;\" >\n<div class=\"standard_wrapper\">\n<div class=\"page_content_wrapper\">\n<div class=\"inner\">\n<div style=\"margin:auto;width:100%\">\n<h2 class=\"ppb_title\" style=\"\">Quels livres pour d\u00e9couvrir l&#039;Amazonie ?<\/h2>\n<div class=\"ppb_header_content\">\n<p>Il est tr\u00e8s difficile de dresser une liste de livres \u00e0 lire sur l&rsquo;Amazonie tant les sujets qui concernent ce territoire sont vari\u00e9s.<br \/>\nFaune, flore, am\u00e9rindiens, chamanisme, m\u00e9decine traditionnelle, ethnologie, g\u00e9ographie, roman d&rsquo;aventures autant de th\u00e8mes qui m\u00e9ritent d&rsquo;\u00eatre approfondis.<\/p>\n<p>Nous vous avons s\u00e9lectionn\u00e9 plusieurs livres qui permettent de d\u00e9couvrir l&rsquo;Amazonie, il s&rsquo;agit bien entendu d&rsquo;une liste non exhaustive.<\/p>\n<\/div>\n<\/div>\n<\/div>\n<\/div>\n<\/div>\n<\/div>\n<div  class=\"one withsmallpadding ppb_text\" style=\"text-align:left;padding:30px 0 30px 0;\" >\n<div class=\"standard_wrapper\">\n<div class=\"page_content_wrapper\">\n<div class=\"inner\">\n<div style=\"margin:auto;width:100%\">\n<div class=\"su-row\">\n<div class=\"su-column su-column-size-1-4\">\n<div class=\"su-column-inner su-u-clearfix su-u-trim\">\n<div class=\"image_classic_frame glow\"><img decoding=\"async\" src=\"https:\/\/awe-amazonia.com\/wp-content\/uploads\/2020\/09\/Raoni-dernier-voyage.jpg\" alt=\"\" class=\"animated\" data-animation=\"slideUp\" style=\"\" \/><\/div>\n<p><strong>Raoni, mon dernier voyage<\/strong> &#8211; Jean Pierre Dutilleux. \u00ab J\u2019ai v\u00e9cu une longue vie. Elle m\u2019a donn\u00e9 joies et tristesses. Elle m\u2019a aussi beaucoup appris. Pour moi, l\u2019heure est venue de vous transmettre mon savoir. \u00bb <\/div>\n<\/div>\n<div class=\"su-column su-column-size-1-4\">\n<div class=\"su-column-inner su-u-clearfix su-u-trim\">\n<div class=\"image_classic_frame glow\"><img decoding=\"async\" src=\"https:\/\/awe-amazonia.com\/wp-content\/uploads\/2020\/09\/yanoami-lesprit-de-la-foret.jpg\" alt=\"\" class=\"animated\" data-animation=\"slideUp\" style=\"\" \/><\/div>\n<p><strong>Yanomami, l\u2019esprit de la for\u00eat<\/strong> \u2013 Davi Kopenawa &#038; Fondation Cartier.\u00a0 Revue de l\u2019exposition sur les Yanomamis. <\/div>\n<\/div>\n<div class=\"su-column su-column-size-1-4\">\n<div class=\"su-column-inner su-u-clearfix su-u-trim\">\n<div class=\"image_classic_frame glow\"><img decoding=\"async\" src=\"https:\/\/awe-amazonia.com\/wp-content\/uploads\/2020\/09\/lamazonie-disparue.jpg\" alt=\"\" class=\"animated\" data-animation=\"slideUp\" style=\"\" \/><\/div>\n<p><strong>L\u2019Amazonie disparue<\/strong> \u2013 Antoine Lef\u00e9bure. Textes et en images, la phase de reconqu\u00eate du \u201d continent vert \u201d au d\u00e9but du XXe si\u00e8cle dans ses d\u00e9lires et atrocit\u00e9s. <\/div>\n<\/div>\n<div class=\"su-column su-column-size-1-4\">\n<div class=\"su-column-inner su-u-clearfix su-u-trim\">\n<div class=\"image_classic_frame glow\"><img decoding=\"async\" src=\"https:\/\/awe-amazonia.com\/wp-content\/uploads\/2020\/09\/les-amazoniens-en-sursis.jpg\" alt=\"\" class=\"animated\" data-animation=\"slideUp\" style=\"\" \/><\/div>\n<p><strong>Les amazoniens en sursis<\/strong> \u2013 Nicolas Bourcier. Quel futur pour les indiens et leur environnement ? <\/div>\n<\/div>\n<\/div>\n<\/div>\n<\/div>\n<\/div>\n<\/div>\n<\/div>\n<div  class=\"one withsmallpadding ppb_text\" style=\"text-align:left;padding:30px 0 30px 0;\" >\n<div class=\"standard_wrapper\">\n<div class=\"page_content_wrapper\">\n<div class=\"inner\">\n<div style=\"margin:auto;width:100%\">\n<div class=\"su-row\">\n<div class=\"su-column su-column-size-1-4\">\n<div class=\"su-column-inner su-u-clearfix su-u-trim\">\n<div class=\"image_classic_frame glow\"><img decoding=\"async\" src=\"https:\/\/awe-amazonia.com\/wp-content\/uploads\/2020\/09\/A-la-recherche-de-mon-fils.jpg\" alt=\"\" class=\"animated\" data-animation=\"slideUp\" style=\"\" \/><\/div>\n<p><strong>A la recherche de mon fils <\/strong> &#8211; Edgar Maufrais. Histoire vraie d\u2019Edgar Maufrais qui parcourt l\u2019Amazonie \u00e0 la recherche de son fils disparu en for\u00eat entre la Guyane et le Br\u00e9sil.<\/div>\n<\/div>\n<div class=\"su-column su-column-size-1-4\">\n<div class=\"su-column-inner su-u-clearfix su-u-trim\">\n<div class=\"image_classic_frame glow\"><img decoding=\"async\" src=\"https:\/\/awe-amazonia.com\/wp-content\/uploads\/2020\/09\/Les-Gardiens-de-la-Foret-des-Ombres-Jabiru-Prod.jpg\" alt=\"\" class=\"animated\" data-animation=\"slideUp\" style=\"\" \/><\/div>\n<p><strong>Les gardiens de la for\u00eat et des ombres<\/strong> \u2013 Paul Dequidt. Un beau livre avec de belles photographies qui nous exposent la vie des peuples indig\u00e8nes d&rsquo;Amazonie et les menaces qui les entourent. <\/div>\n<\/div>\n<div class=\"su-column su-column-size-1-4\">\n<div class=\"su-column-inner su-u-clearfix su-u-trim\">\n<div class=\"image_classic_frame glow\"><img decoding=\"async\" src=\"https:\/\/awe-amazonia.com\/wp-content\/uploads\/2020\/09\/philosophe-pas-sage.jpg\" alt=\"\" class=\"animated\" data-animation=\"slideUp\" style=\"\" \/><\/div>\n<p><strong>Le philosophe qui n&rsquo;\u00e9tait pas sage<\/strong> \u2013 Laurent Gounelle. \u00c0 travers l\u2019histoire de Sandro, l\u2019auteur nous offre une r\u00e9flexion sur notre mod\u00e8le de soci\u00e9t\u00e9.<\/div>\n<\/div>\n<div class=\"su-column su-column-size-1-4\">\n<div class=\"su-column-inner su-u-clearfix su-u-trim\">\n<div class=\"image_classic_frame glow\"><img decoding=\"async\" src=\"https:\/\/awe-amazonia.com\/wp-content\/uploads\/2020\/09\/Les-lances-du-crepuscule_1552.jpeg\" alt=\"\" class=\"animated\" data-animation=\"slideUp\" style=\"\" \/><\/div>\n<p><strong>Les lances du cr\u00e9puscule<\/strong> \u2013 Philippe Descola. Ce livre est une chronique de leur d\u00e9couverte et un hommage \u00e0 leur r\u00e9sistance. Philippe Descola y relate le quotidien de ce peuple dont il a partag\u00e9 l\u2019existence pendant pr\u00e8s de trois ann\u00e9es en tant qu\u2019anthropologue. <\/div>\n<\/div>\n<\/div>\n<\/div>\n<\/div>\n<\/div>\n<\/div>\n<\/div>\n<div  class=\"one withsmallpadding ppb_text\" style=\"text-align:left;padding:30px 0 30px 0;\" >\n<div class=\"standard_wrapper\">\n<div class=\"page_content_wrapper\">\n<div class=\"inner\">\n<div style=\"margin:auto;width:100%\">\n<div class=\"su-row\">\n<div class=\"su-column su-column-size-1-4\">\n<div class=\"su-column-inner su-u-clearfix su-u-trim\">\n<div class=\"image_classic_frame glow\"><img decoding=\"async\" src=\"https:\/\/awe-amazonia.com\/wp-content\/uploads\/2020\/09\/le-chant-du-silbaco.jpg\" alt=\"\" class=\"animated\" data-animation=\"slideUp\" style=\"\" \/><\/div>\n<p><strong>Le Chant du Silbaco <\/strong>&#8211; Jacques Meunier &#038; Anne-Marie Savarin. Leur livre est \u00e0 la fois un ouvrage d&rsquo;historiens, un essai ethnographique, un recueil de r\u00e9cits \u00e9mouvants ou atroces, un pamphlet, un chant d&rsquo;amour et de rage&#8230;<\/div>\n<\/div>\n<div class=\"su-column su-column-size-1-4\">\n<div class=\"su-column-inner su-u-clearfix su-u-trim\">\n<div class=\"image_classic_frame glow\"><img decoding=\"async\" src=\"https:\/\/awe-amazonia.com\/wp-content\/uploads\/2020\/09\/foret-vierge-jmf-de-castro.jpg\" alt=\"\" class=\"animated\" data-animation=\"slideUp\" style=\"\" \/><\/div>\n<p><strong>For\u00eat vierge<\/strong> \u2013 JMF de Castro. Ce roman est un documentaire \u00e9difiant, il \u00e9voque l&rsquo;Amazonie dans toute sa beaut\u00e9 et toute son horreur. Il donne la parole au monde qui hante ce climat d&rsquo;eau, et de feu\u00a0\u00bb\u00a0 <\/div>\n<\/div>\n<div class=\"su-column su-column-size-1-4\">\n<div class=\"su-column-inner su-u-clearfix su-u-trim\">\n<div class=\"image_classic_frame glow\"><img decoding=\"async\" src=\"https:\/\/awe-amazonia.com\/wp-content\/uploads\/2020\/09\/amazone-un-geant-blesse.jpg\" alt=\"\" class=\"animated\" data-animation=\"slideUp\" style=\"\" \/><\/div>\n<p><strong>L\u2019Amazone : Un g\u00e9ant bless\u00e9 <\/strong>&#8211; Alain Gheerbrant. Tout en retra\u00e7ant les \u00e9tapes de la d\u00e9couverte et de l&rsquo;exploration de l&rsquo;Amazonie, Alain Gheerbrant, explorateur et \u00e9crivain, lance un cri d&rsquo;alarme devant le danger qui menace le patrimoine de l&rsquo;humanit\u00e9 tout enti\u00e8re.<\/div>\n<\/div>\n<div class=\"su-column su-column-size-1-4\">\n<div class=\"su-column-inner su-u-clearfix su-u-trim\">\n<div class=\"image_classic_frame glow\"><img decoding=\"async\" src=\"https:\/\/awe-amazonia.com\/wp-content\/uploads\/2020\/09\/le-vieux-qui-lisait-des-romans-damour.jpg\" alt=\"\" class=\"animated\" data-animation=\"slideUp\" style=\"\" \/><\/div>\n<p><strong>Le Vieux qui lisait des romans d\u2019amour <\/strong> \u2013 Luis Sepulveda. Antonio Jos\u00e9 Bolivar conna\u00eet les profondeurs de la for\u00eat amazonienne et le noble peuple des Shuars. Lorsque les villageois d&rsquo;El Idilio les accusent \u00e0 tort du meurtre d&rsquo;un chasseur, le vieil homme quitte ses romans d&rsquo;amour &#8211; seule \u00e9chappatoire \u00e0 la barbarie des hommes &#8211; pour chasser le vrai coupable, une panth\u00e8re majestueuse&#8230; <\/div>\n<\/div>\n<\/div>\n<\/div>\n<\/div>\n<\/div>\n<\/div>\n<\/div>\n<div  class=\"one withsmallpadding ppb_text\" style=\"text-align:left;padding:30px 0 30px 0;\" >\n<div class=\"standard_wrapper\">\n<div class=\"page_content_wrapper\">\n<div class=\"inner\">\n<div style=\"margin:auto;width:100%\">\n<h2 style=\"text-align: center;\">Quels livres pour d\u00e9couvrir la faune et la flore de l&rsquo;Amazonie ?<\/h2>\n<p style=\"text-align: center;\">Voici quelques ouvrages qui vous permettront de vous renseigner sur les diff\u00e9rents animaux qui vivent en Amazonie. Ces ouvrages sont complets et tous en anglais, il n&rsquo;existe malheureusement pas de version fran\u00e7aise digne de ce nom \u00e0 l&rsquo;heure actuelle.<\/p>\n<\/div>\n<\/div>\n<\/div>\n<\/div>\n<\/div>\n<div  class=\"one withsmallpadding ppb_text\" style=\"text-align:left;padding:30px 0 30px 0;\" >\n<div class=\"standard_wrapper\">\n<div class=\"page_content_wrapper\">\n<div class=\"inner\">\n<div style=\"margin:auto;width:100%\">\n<div class=\"su-row\">\n<div class=\"su-column su-column-size-1-4\">\n<div class=\"su-column-inner su-u-clearfix su-u-trim\"><img decoding=\"async\" loading=\"lazy\" class=\"aligncenter size-full wp-image-15981\" src=\"https:\/\/awe-amazonia.com\/wp-content\/uploads\/2021\/11\/Neotropical-rainforest-mammals.jpg\" alt=\"books cover Neotropical rainforest mammals\" width=\"583\" height=\"852\" \/><strong>Neotropical Rainforest Mammals: A Field Guide<\/strong> &#8211; Louise H. Emmons. Chaque description d&rsquo;esp\u00e8ce comprend des informations sur les caract\u00e9ristiques d&rsquo;identification, les esp\u00e8ces similaires, les vocalisations, le comportement et l&rsquo;histoire naturelle, l&rsquo;aire de r\u00e9partition g\u00e9ographique, le statut de conservation, les noms locaux et les r\u00e9f\u00e9rences \u00e0 la litt\u00e9rature scientifique. <\/div>\n<\/div>\n<div class=\"su-column su-column-size-1-4\">\n<div class=\"su-column-inner su-u-clearfix su-u-trim\">\n<div class=\"image_classic_frame glow\"><img decoding=\"async\" src=\"https:\/\/awe-amazonia.com\/wp-content\/uploads\/2021\/11\/birds-of-brazil.jpg\" alt=\"\" class=\"animated\" data-animation=\"slideUp\" style=\"\" \/><\/div>\n<p><strong>A field guide to the birds of Brazil<\/strong> \u2013 Ber Van Perlo.\u00a0 La diversit\u00e9 des oiseaux du Br\u00e9sil est l&rsquo;une des plus riches au monde. Et pourtant, il n&rsquo;y a jamais eu de guide de terrain complet sur cette avifaune splendide et insaisissable. Jusqu&rsquo;\u00e0 aujourd&rsquo;hui.<br \/>\nLe texte et les images soigneusement v\u00e9rifi\u00e9s sont les premiers \u00e0 couvrir toute la gamme des oiseaux de ce pays vaste et vari\u00e9. Toutes les esp\u00e8ces et les nombreuses sous-esp\u00e8ces de chaque r\u00e9gion du Br\u00e9sil sont repr\u00e9sent\u00e9es, avec une attention particuli\u00e8re pour les 218 esp\u00e8ces end\u00e9miques du Br\u00e9sil. <\/div>\n<\/div>\n<div class=\"su-column su-column-size-1-4\">\n<div class=\"su-column-inner su-u-clearfix su-u-trim\">\n<div class=\"image_classic_frame glow\"><img decoding=\"async\" src=\"https:\/\/awe-amazonia.com\/wp-content\/uploads\/2021\/11\/Field-Guide-to-the-fishes-of-the-amazon-guianas.jpg\" alt=\"\" class=\"animated\" data-animation=\"slideUp\" style=\"\" \/><\/div>\n<p><strong>Field Guide to the Fishes of the Amazon, Orinoco, and Guianas<\/strong> \u2013 James S. Albert. Plus de 50 experts scientifiques ont contribu\u00e9 \u00e0 ce guide. Ils r\u00e9sument l&rsquo;\u00e9tat actuel des connaissances sur la taxonomie, la richesse des esp\u00e8ces et l&rsquo;\u00e9cologie de ces groupes de poissons, et fournissent des r\u00e9f\u00e9rences \u00e0 la litt\u00e9rature pertinente pour l&rsquo;identification des esp\u00e8ces. Ce guide richement illustr\u00e9 contient 700 dessins d\u00e9taill\u00e9s, 190 photos couleur et 500 cartes de distribution, qui couvrent tous les genres. Un glossaire complet et illustr\u00e9 aide les lecteurs \u00e0 utiliser les cl\u00e9s d&rsquo;identification. <\/div>\n<\/div>\n<div class=\"su-column su-column-size-1-4\">\n<div class=\"su-column-inner su-u-clearfix su-u-trim\">\n<div class=\"image_classic_frame glow\"><img decoding=\"async\" src=\"https:\/\/awe-amazonia.com\/wp-content\/uploads\/2021\/11\/reptiles-of-the-amazon.jpg\" alt=\"\" class=\"animated\" data-animation=\"slideUp\" style=\"\" \/><\/div>\n<p><strong>Reptiles and Amphibians of the Amazon : An Ecotourist&rsquo;s Guid<\/strong>e \u2013 Richard D. Barlett. Si les voyages dans le bassin de l&rsquo;Amazone n&rsquo;\u00e9taient autrefois accessibles qu&rsquo;aux explorateurs les plus intr\u00e9pides, la r\u00e9gion est aujourd&rsquo;hui une destination populaire pour de nombreux \u00e9cotouristes, des visiteurs qui sont susceptibles d&rsquo;observer 50 esp\u00e8ces de reptiles et d&rsquo;amphibiens au cours d&rsquo;un seul voyage d&rsquo;une semaine. Jusqu&rsquo;\u00e0 la publication de ce guide de terrain illustr\u00e9, il n&rsquo;existait aucun ouvrage permettant d&rsquo;identifier ces cr\u00e9atures charmantes, \u00e9tonnantes et parfois venimeuses. <\/div>\n<\/div>\n<\/div>\n<\/div>\n<\/div>\n<\/div>\n<\/div>\n<\/div>\n","protected":false},"excerpt":{"rendered":"<p>Quels livres pour d\u00e9couvrir l&#039;Amazonie ? Il est tr\u00e8s difficile de dresser une liste de livres \u00e0 lire sur l&rsquo;Amazonie tant les sujets qui concernent ce territoire sont vari\u00e9s. Faune, flore, am\u00e9rindiens, chamanisme, m\u00e9decine traditionnelle, ethnologie, g\u00e9ographie, roman d&rsquo;aventures autant [&hellip;]<\/p>\n","protected":false},"author":1,"featured_media":6711,"parent":0,"menu_order":0,"comment_status":"closed","ping_status":"closed","template":"","meta":{"iawp_total_views":848,"footnotes":""},"class_list":["post-4603","page","type-page","status-publish","has-post-thumbnail","hentry"],"yoast_head":"<!-- This site is optimized with the Yoast SEO plugin v27.1.1 - https:\/\/yoast.com\/product\/yoast-seo-wordpress\/ -->\n<title>Ouvrages et lectures sur l&#039;Amazonie - Amazonia Wild Experience<\/title>\n<meta name=\"robots\" content=\"index, follow, max-snippet:-1, max-image-preview:large, max-video-preview:-1\" \/>\n<link rel=\"canonical\" href=\"https:\/\/awe-amazonia.com\/index.php\/romans-et-lectures-sur-lamazonie\/\" \/>\n<meta property=\"og:locale\" content=\"fr_FR\" \/>\n<meta property=\"og:type\" content=\"article\" \/>\n<meta property=\"og:title\" content=\"Ouvrages et lectures sur l&#039;Amazonie - Amazonia Wild Experience\" \/>\n<meta property=\"og:description\" content=\"Quels livres pour d\u00e9couvrir l&#039;Amazonie ? Il est tr\u00e8s difficile de dresser une liste de livres \u00e0 lire sur l&rsquo;Amazonie tant les sujets qui concernent ce territoire sont vari\u00e9s. Faune, flore, am\u00e9rindiens, chamanisme, m\u00e9decine traditionnelle, ethnologie, g\u00e9ographie, roman d&rsquo;aventures autant [&hellip;]\" \/>\n<meta property=\"og:url\" content=\"https:\/\/awe-amazonia.com\/index.php\/romans-et-lectures-sur-lamazonie\/\" \/>\n<meta property=\"og:site_name\" content=\"Amazonia Wild Experience\" \/>\n<meta property=\"article:modified_time\" content=\"2021-11-17T12:51:28+00:00\" \/>\n<meta property=\"og:image\" content=\"https:\/\/awe-amazonia.com\/wp-content\/uploads\/2021\/01\/Casas-de-ribeirinho.jpg\" \/>\n\t<meta property=\"og:image:width\" content=\"1268\" \/>\n\t<meta property=\"og:image:height\" content=\"793\" \/>\n\t<meta property=\"og:image:type\" content=\"image\/jpeg\" \/>\n<meta name=\"twitter:card\" content=\"summary_large_image\" \/>\n<meta name=\"twitter:label1\" content=\"Dur\u00e9e de lecture estim\u00e9e\" \/>\n\t<meta name=\"twitter:data1\" content=\"5 minutes\" \/>\n<script type=\"application\/ld+json\" class=\"yoast-schema-graph\">{\"@context\":\"https:\/\/schema.org\",\"@graph\":[{\"@type\":\"WebPage\",\"@id\":\"https:\/\/awe-amazonia.com\/index.php\/romans-et-lectures-sur-lamazonie\/\",\"url\":\"https:\/\/awe-amazonia.com\/index.php\/romans-et-lectures-sur-lamazonie\/\",\"name\":\"Ouvrages et lectures sur l'Amazonie - Amazonia Wild Experience\",\"isPartOf\":{\"@id\":\"https:\/\/awe-amazonia.com\/#website\"},\"primaryImageOfPage\":{\"@id\":\"https:\/\/awe-amazonia.com\/index.php\/romans-et-lectures-sur-lamazonie\/#primaryimage\"},\"image\":{\"@id\":\"https:\/\/awe-amazonia.com\/index.php\/romans-et-lectures-sur-lamazonie\/#primaryimage\"},\"thumbnailUrl\":\"https:\/\/awe-amazonia.com\/wp-content\/uploads\/2021\/01\/Casas-de-ribeirinho.jpg\",\"datePublished\":\"2020-09-21T15:48:58+00:00\",\"dateModified\":\"2021-11-17T12:51:28+00:00\",\"breadcrumb\":{\"@id\":\"https:\/\/awe-amazonia.com\/index.php\/romans-et-lectures-sur-lamazonie\/#breadcrumb\"},\"inLanguage\":\"fr-FR\",\"potentialAction\":[{\"@type\":\"ReadAction\",\"target\":[\"https:\/\/awe-amazonia.com\/index.php\/romans-et-lectures-sur-lamazonie\/\"]}]},{\"@type\":\"ImageObject\",\"inLanguage\":\"fr-FR\",\"@id\":\"https:\/\/awe-amazonia.com\/index.php\/romans-et-lectures-sur-lamazonie\/#primaryimage\",\"url\":\"https:\/\/awe-amazonia.com\/wp-content\/uploads\/2021\/01\/Casas-de-ribeirinho.jpg\",\"contentUrl\":\"https:\/\/awe-amazonia.com\/wp-content\/uploads\/2021\/01\/Casas-de-ribeirinho.jpg\",\"width\":1268,\"height\":793,\"caption\":\"Village au bord de l'eau en amazonie\"},{\"@type\":\"BreadcrumbList\",\"@id\":\"https:\/\/awe-amazonia.com\/index.php\/romans-et-lectures-sur-lamazonie\/#breadcrumb\",\"itemListElement\":[{\"@type\":\"ListItem\",\"position\":1,\"name\":\"Accueil\",\"item\":\"https:\/\/awe-amazonia.com\/\"},{\"@type\":\"ListItem\",\"position\":2,\"name\":\"Ouvrages et lectures sur l&#8217;Amazonie\"}]},{\"@type\":\"WebSite\",\"@id\":\"https:\/\/awe-amazonia.com\/#website\",\"url\":\"https:\/\/awe-amazonia.com\/\",\"name\":\"Amazonia Wild Experience\",\"description\":\"Voyage sur mesure en Amazonie - Aventures au Br\u00e9sil et au Guyana\",\"publisher\":{\"@id\":\"https:\/\/awe-amazonia.com\/#organization\"},\"potentialAction\":[{\"@type\":\"SearchAction\",\"target\":{\"@type\":\"EntryPoint\",\"urlTemplate\":\"https:\/\/awe-amazonia.com\/?s={search_term_string}\"},\"query-input\":{\"@type\":\"PropertyValueSpecification\",\"valueRequired\":true,\"valueName\":\"search_term_string\"}}],\"inLanguage\":\"fr-FR\"},{\"@type\":\"Organization\",\"@id\":\"https:\/\/awe-amazonia.com\/#organization\",\"name\":\"Amazonia Wild Experience\",\"url\":\"https:\/\/awe-amazonia.com\/\",\"logo\":{\"@type\":\"ImageObject\",\"inLanguage\":\"fr-FR\",\"@id\":\"https:\/\/awe-amazonia.com\/#\/schema\/logo\/image\/\",\"url\":\"https:\/\/awe-amazonia.com\/wp-content\/uploads\/2020\/09\/cropped-Logo.png\",\"contentUrl\":\"https:\/\/awe-amazonia.com\/wp-content\/uploads\/2020\/09\/cropped-Logo.png\",\"width\":512,\"height\":512,\"caption\":\"Amazonia Wild Experience\"},\"image\":{\"@id\":\"https:\/\/awe-amazonia.com\/#\/schema\/logo\/image\/\"}}]}<\/script>\n<!-- \/ Yoast SEO plugin. -->","yoast_head_json":{"title":"Ouvrages et lectures sur l'Amazonie - Amazonia Wild Experience","robots":{"index":"index","follow":"follow","max-snippet":"max-snippet:-1","max-image-preview":"max-image-preview:large","max-video-preview":"max-video-preview:-1"},"canonical":"https:\/\/awe-amazonia.com\/index.php\/romans-et-lectures-sur-lamazonie\/","og_locale":"fr_FR","og_type":"article","og_title":"Ouvrages et lectures sur l'Amazonie - Amazonia Wild Experience","og_description":"Quels livres pour d\u00e9couvrir l&#039;Amazonie ? Il est tr\u00e8s difficile de dresser une liste de livres \u00e0 lire sur l&rsquo;Amazonie tant les sujets qui concernent ce territoire sont vari\u00e9s. Faune, flore, am\u00e9rindiens, chamanisme, m\u00e9decine traditionnelle, ethnologie, g\u00e9ographie, roman d&rsquo;aventures autant [&hellip;]","og_url":"https:\/\/awe-amazonia.com\/index.php\/romans-et-lectures-sur-lamazonie\/","og_site_name":"Amazonia Wild Experience","article_modified_time":"2021-11-17T12:51:28+00:00","og_image":[{"width":1268,"height":793,"url":"https:\/\/awe-amazonia.com\/wp-content\/uploads\/2021\/01\/Casas-de-ribeirinho.jpg","type":"image\/jpeg"}],"twitter_card":"summary_large_image","twitter_misc":{"Dur\u00e9e de lecture estim\u00e9e":"5 minutes"},"schema":{"@context":"https:\/\/schema.org","@graph":[{"@type":"WebPage","@id":"https:\/\/awe-amazonia.com\/index.php\/romans-et-lectures-sur-lamazonie\/","url":"https:\/\/awe-amazonia.com\/index.php\/romans-et-lectures-sur-lamazonie\/","name":"Ouvrages et lectures sur l'Amazonie - Amazonia Wild Experience","isPartOf":{"@id":"https:\/\/awe-amazonia.com\/#website"},"primaryImageOfPage":{"@id":"https:\/\/awe-amazonia.com\/index.php\/romans-et-lectures-sur-lamazonie\/#primaryimage"},"image":{"@id":"https:\/\/awe-amazonia.com\/index.php\/romans-et-lectures-sur-lamazonie\/#primaryimage"},"thumbnailUrl":"https:\/\/awe-amazonia.com\/wp-content\/uploads\/2021\/01\/Casas-de-ribeirinho.jpg","datePublished":"2020-09-21T15:48:58+00:00","dateModified":"2021-11-17T12:51:28+00:00","breadcrumb":{"@id":"https:\/\/awe-amazonia.com\/index.php\/romans-et-lectures-sur-lamazonie\/#breadcrumb"},"inLanguage":"fr-FR","potentialAction":[{"@type":"ReadAction","target":["https:\/\/awe-amazonia.com\/index.php\/romans-et-lectures-sur-lamazonie\/"]}]},{"@type":"ImageObject","inLanguage":"fr-FR","@id":"https:\/\/awe-amazonia.com\/index.php\/romans-et-lectures-sur-lamazonie\/#primaryimage","url":"https:\/\/awe-amazonia.com\/wp-content\/uploads\/2021\/01\/Casas-de-ribeirinho.jpg","contentUrl":"https:\/\/awe-amazonia.com\/wp-content\/uploads\/2021\/01\/Casas-de-ribeirinho.jpg","width":1268,"height":793,"caption":"Village au bord de l'eau en amazonie"},{"@type":"BreadcrumbList","@id":"https:\/\/awe-amazonia.com\/index.php\/romans-et-lectures-sur-lamazonie\/#breadcrumb","itemListElement":[{"@type":"ListItem","position":1,"name":"Accueil","item":"https:\/\/awe-amazonia.com\/"},{"@type":"ListItem","position":2,"name":"Ouvrages et lectures sur l&#8217;Amazonie"}]},{"@type":"WebSite","@id":"https:\/\/awe-amazonia.com\/#website","url":"https:\/\/awe-amazonia.com\/","name":"Amazonia Wild Experience","description":"Voyage sur mesure en Amazonie - Aventures au Br\u00e9sil et au Guyana","publisher":{"@id":"https:\/\/awe-amazonia.com\/#organization"},"potentialAction":[{"@type":"SearchAction","target":{"@type":"EntryPoint","urlTemplate":"https:\/\/awe-amazonia.com\/?s={search_term_string}"},"query-input":{"@type":"PropertyValueSpecification","valueRequired":true,"valueName":"search_term_string"}}],"inLanguage":"fr-FR"},{"@type":"Organization","@id":"https:\/\/awe-amazonia.com\/#organization","name":"Amazonia Wild Experience","url":"https:\/\/awe-amazonia.com\/","logo":{"@type":"ImageObject","inLanguage":"fr-FR","@id":"https:\/\/awe-amazonia.com\/#\/schema\/logo\/image\/","url":"https:\/\/awe-amazonia.com\/wp-content\/uploads\/2020\/09\/cropped-Logo.png","contentUrl":"https:\/\/awe-amazonia.com\/wp-content\/uploads\/2020\/09\/cropped-Logo.png","width":512,"height":512,"caption":"Amazonia Wild Experience"},"image":{"@id":"https:\/\/awe-amazonia.com\/#\/schema\/logo\/image\/"}}]}},"_links":{"self":[{"href":"https:\/\/awe-amazonia.com\/index.php\/wp-json\/wp\/v2\/pages\/4603","targetHints":{"allow":["GET"]}}],"collection":[{"href":"https:\/\/awe-amazonia.com\/index.php\/wp-json\/wp\/v2\/pages"}],"about":[{"href":"https:\/\/awe-amazonia.com\/index.php\/wp-json\/wp\/v2\/types\/page"}],"author":[{"embeddable":true,"href":"https:\/\/awe-amazonia.com\/index.php\/wp-json\/wp\/v2\/users\/1"}],"replies":[{"embeddable":true,"href":"https:\/\/awe-amazonia.com\/index.php\/wp-json\/wp\/v2\/comments?post=4603"}],"version-history":[{"count":70,"href":"https:\/\/awe-amazonia.com\/index.php\/wp-json\/wp\/v2\/pages\/4603\/revisions"}],"predecessor-version":[{"id":15987,"href":"https:\/\/awe-amazonia.com\/index.php\/wp-json\/wp\/v2\/pages\/4603\/revisions\/15987"}],"wp:featuredmedia":[{"embeddable":true,"href":"https:\/\/awe-amazonia.com\/index.php\/wp-json\/wp\/v2\/media\/6711"}],"wp:attachment":[{"href":"https:\/\/awe-amazonia.com\/index.php\/wp-json\/wp\/v2\/media?parent=4603"}],"curies":[{"name":"wp","href":"https:\/\/api.w.org\/{rel}","templated":true}]}}