{"id":6177,"date":"2020-12-27T13:34:38","date_gmt":"2020-12-27T12:34:38","guid":{"rendered":"https:\/\/awe-amazonia.com\/?page_id=6177"},"modified":"2022-03-21T17:28:12","modified_gmt":"2022-03-21T16:28:12","slug":"la-faune-et-la-flore-en-amazonie","status":"publish","type":"page","link":"https:\/\/awe-amazonia.com\/index.php\/la-faune-et-la-flore-en-amazonie\/","title":{"rendered":"La faune et la flore en Amazonie"},"content":{"rendered":"<div  class=\"one withsmallpadding ppb_header \" style=\"text-align:left;padding:30px 0 30px 0;\" >\n<div class=\"standard_wrapper\">\n<div class=\"page_content_wrapper\">\n<div class=\"inner\">\n<div style=\"margin:auto;width:100%\">\n<h2 class=\"ppb_title\" style=\"\">Une biodiversit\u00e9 ph\u00e9nom\u00e9nale<\/h2>\n<div class=\"ppb_header_content\">\n<p>Par la splendeur de ses paysages, l\u2019\u00e9trange beaut\u00e9 de sa flore et de sa faune, et les dangers mortels de ses myst\u00e9rieux sous-bois aux richesses inou\u00efs, la r\u00e9gion Amazonienne cristallise depuis toujours les r\u00eaves les plus fous.<br \/>\nQue la for\u00eat soit enchant\u00e9e ou \u00e9nigmatique, un \u00ab paradis \u00bb ou un \u00ab enfer vert \u00bb, il s\u2019agit d\u2019un lieu totalement unique au monde pour la diversit\u00e9 de sa faune et de sa flore. Elle abrite presque la moiti\u00e9 de toutes les esp\u00e8ces vivantes sur terre.<br \/>\n\tL\u2019Amazonie h\u00e9berge une biodiversit\u00e9 ph\u00e9nom\u00e9nale : 40 000 esp\u00e8ces de plantes, 3 000 esp\u00e8ces de poissons d&rsquo;eau douce, 300 esp\u00e8ces de mammif\u00e8res, 1 300 d\u2019oiseaux, plusieurs millions de vari\u00e9t\u00e9s d\u2019insectes et plus de 370 de reptiles, soit une esp\u00e8ce sur dix connues sur Terre. \u00c0 cette biodiversit\u00e9 s\u2019ajoute les 550 millions d\u2019hectares de for\u00eats denses, le tiers des for\u00eats tropicales humides restantes de la plan\u00e8te et 6 762 km de rivi\u00e8res sinueuses&#8230; Autant d\u2019atouts qui justifient \u2019importance de l&rsquo;Amazonie pour l&rsquo;ensemble de la plan\u00e8te. Ces chiffres \u00e9voluent encore puisque chaque ann\u00e9e nous d\u00e9couvrons encore des dizaines d\u2019esp\u00e8ces.<\/p>\n<\/div>\n<\/div>\n<\/div>\n<\/div>\n<\/div>\n<\/div>\n<div  class=\"one withsmallpadding ppb_text\" style=\"text-align:left;padding:30px 0 30px 0;\" >\n<div class=\"standard_wrapper\">\n<div class=\"page_content_wrapper\">\n<div class=\"inner\">\n<div style=\"margin:auto;width:100%\">\n<div class=\"one_half \" style=\"\"><img decoding=\"async\" src=\"https:\/\/awe-amazonia.com\/wp-content\/uploads\/2022\/03\/Photos_Marc3.jpg\" alt=\"\" class=\"animated\" data-animation=\"slideRight\" style=\"\" \/><\/div>\n<div class=\"one_half last \" style=\"\">\n<h3>La Flore<\/h3>\n<p>La plaine d\u2019Amazonie est la plus grande surface \u00e9quatoriale humide de la plan\u00e8te et la for\u00eat qui la recouvre repr\u00e9sente litt\u00e9ralement son poumon vert.<br \/>\nPremier fleuve du monde, l\u2019Amazone s\u2019\u00e9coule sur 6 762 km et re\u00e7oit 1 100 affluents, aux eaux multicolores. Avec un d\u00e9bit de 200 000 m\u00b3 \u00e0 la seconde, l\u2019Amazone d\u00e9verse dans l\u2019oc\u00e9an un cinqui\u00e8me de l\u2019eau douce du globe. Le fleuve est si large que les effets de la mar\u00e9e se font sentir \u00e0 800 km en amont de l\u2019embouchure. Lorsque ses eaux rencontrent l\u2019oc\u00e9an en p\u00e9riode de fortes mar\u00e9es, le choc produit un mascaret, une vague rapide et d\u00e9vastatrice, la pororoca, audible \u00e0 des kilom\u00e8tres \u00e0 la ronde. L\u2019Amazone est navigable sur 3 700 km. Pr\u00e8s de Manaus, les eaux ocre de l\u2019Amazone rencontrent les eaux noires du Rio Negro. Les eaux ne se m\u00e9langent pas tout de suite. Elles coulent l\u2019une \u00e0 c\u00f4t\u00e9 de l\u2019autre, en s\u2019ignorant, sur des dizaines de kilom\u00e8tres, un spectacle fantastique.\n<\/p>\n<\/div>\n<p><br class=\"clear\"\/><br \/>\n<br class=\"clear\" \/><\/p>\n<div class=\"one_half \" style=\"\">\n<h3>La jungle, paradis ou enfer vert ?<\/h3>\n<p>Sa for\u00eat primaire, avec des arbres de 30 \u00e0 50m de haut contient le plus haut taux de biodiversit\u00e9 de toute la for\u00eat. Les arbres de la canop\u00e9e sont tellement denses qu\u2019ils bloquent presque toute la lumi\u00e8re des strates inf\u00e9rieures de la for\u00eat dans lesquelles un nombre spectaculaire de petites esp\u00e8ces prolif\u00e8re.<br \/>\nLa for\u00eat peut \u00e9galement s\u2019\u00e9tendre sur des terres inond\u00e9es, souvent proche du lit des cours d\u2019eaux. La for\u00eat inond\u00e9e pr\u00e9sente environ 4% de la surface totale de la for\u00eat, le plus souvent observ\u00e9e lors de voyages en bateau.<br \/>\nL\u2019\u00e9cosyst\u00e8me amazonien inclut \u00e9galement des mangroves pr\u00e9sentes sur la c\u00f4te Atlantique mais aussi des montagnes rocheuses sur le plateau des Guyanes. Plateau qui pr\u00e9sente une faune et une flore uniques.<br \/>\nDans les r\u00e9gions du Br\u00e9sil telles l\u2019Amapa, le Roraima ou encore au Guyana, l\u2019Amazonie est \u00e9galement constitu\u00e9e de savane dans laquelle vous pourrez assister \u00e0 des couch\u00e9s de soleil spectaculaires.\n<\/p>\n<\/div>\n<div class=\"one_half last \" style=\"\"><img decoding=\"async\" src=\"https:\/\/awe-amazonia.com\/wp-content\/uploads\/2020\/12\/Amazonie-janauaca.jpg\" alt=\"\" class=\"animated\" data-animation=\"slideLeft\" style=\"\" \/><\/div>\n<p><br class=\"clear\"\/><br \/>\n<br class=\"clear\" \/><\/p>\n<div class=\"one_half \" style=\"\"><img decoding=\"async\" src=\"https:\/\/awe-amazonia.com\/wp-content\/uploads\/2020\/09\/Animaux-18-Tapir.jpg\" alt=\"\" class=\"animated\" data-animation=\"slideUp\" style=\"\" \/><\/div>\n<div class=\"one_half last \" style=\"\">\n<h3>La faune en Amazonie<\/h3>\n<p><strong>Voici quelques exemples d\u2019animaux que l\u2019on peut rencontrer en Amazonie<\/strong> :<br \/>\nLe jaguar et le puma, ma\u00eetres des for\u00eats br\u00e9siliennes. Peu dangereux pour l\u2019homme, ils habitent tous les milieux. Ils sont d\u2019excellents nageurs.<br \/>\nLes f\u00e9lins sont nombreux : jaguarondi, ocelot ou chats margay peuplent cet environnement.<br \/>\nLe p\u00e9cari \u00e0 collier, \u00e0 la peau \u00e9paisse le prot\u00e9geant des serpents, est un cousin de notre sanglier.<br \/>\nLe tapir est un animal solitaire pouvant atteindre 2m pour 280 kg, il peut traverser une crique ou un fleuve en marchant sur le fond, \u00e0 l\u2019instar de l\u2019hippopotame.<br \/>\nParmi les rongeurs, le grand Cabia\u00ef ou Capybara m\u00e8ne la vie d&rsquo;un mammif\u00e8re social et semi-aquatique. Il nage tr\u00e8s bien et vit en groupe. Les agoutis et les pacas sont les autres rongeurs que vous croiserez.\n<\/div>\n<p><br class=\"clear\"\/><\/p>\n<p><br class=\"clear\" \/><\/p>\n<div class=\"one_half \" style=\"\">\n<p>Le tatou, animal nocturne et solitaire poss\u00e8de sur l\u2019ensemble du corps des \u00e9cailles de protection de couleur marron clair.<br \/>\nLe tamanoir ou fourmilier g\u00e9ant se nourrit dans les zones ouvertes et se reposent dans des zones plus bois\u00e9es.<br \/>\nOn trouve l\u2019opossum laineux qui grimpe aux branches gr\u00e2ce \u00e0 sa queue pr\u00e9hensile, et la sarigue, dont les petits en bas \u00e2ge restent accroch\u00e9s au corps de la m\u00e8re.<\/p>\n<p><strong>Parmi les singes <\/strong><br \/>\nLe singe-lion dort dans un trou d\u2019arbre. Le sapajou jaune a le museau bleu. Le sapajou fauve casse les noix avec des pierres. Le capucin fac\u00e9tieux se laisse approcher. L\u2019at\u00e8le, ou singe-araign\u00e9e, poss\u00e8de une longue queue pr\u00e9hensile. Le douroucouli est un singe nocturne aux yeux surdimensionn\u00e9s. Le ouistiti est l\u2019un des plus petits singes du monde. Le cri du singe hurleur rouge se fait entendre sur plusieurs kilom\u00e8tres<br \/>\nLe paresseux est un curieux animal \u00e0 la lenteur l\u00e9gendaire.\n<\/div>\n<div class=\"one_half last \" style=\"\"><img decoding=\"async\" src=\"https:\/\/awe-amazonia.com\/wp-content\/uploads\/2020\/12\/foumilier-dans-la-savane.jpg\" alt=\"\" class=\"animated\" data-animation=\"fadeIn\" style=\"\" \/><\/div>\n<p><br class=\"clear\"\/><br \/>\n<br class=\"clear\" \/><\/p>\n<div class=\"one_half \" style=\"\"><\/div>\n<\/div>\n<\/div>\n<\/div>\n<\/div>\n<\/div>\n<div  class=\"one withsmallpadding ppb_text\" style=\"text-align:left;padding:30px 0 30px 0;\" >\n<div class=\"standard_wrapper\">\n<div class=\"page_content_wrapper\">\n<div class=\"inner\">\n<div style=\"margin:auto;width:100%\">\n<div class=\"one_half \" style=\"\"><img decoding=\"async\" src=\"https:\/\/awe-amazonia.com\/wp-content\/uploads\/2020\/12\/Animaux-26.jpg\" alt=\"\" class=\"animated\" data-animation=\"slideRight\" style=\"\" \/><\/div>\n<div class=\"one_half last \" style=\"\">\n<h3>1300 esp\u00e8ces d&rsquo;oiseaux<\/h3>\n<p>Dans les for\u00eats pluviales tropicales, tous les aliments, insectes, fruits, nectar, sont disponibles sur place.<br \/>\nLe toucan, charmant volatile qui vit dans la for\u00eat tropicale, aux cimes et aux \u00e9tages interm\u00e9diaires des arbres. Son bec \u00e9norme est une \u00e9nigme On compte 37 esp\u00e8ces de toucan en Amazonie<br \/>\nLe colibri, seul oiseau dont le battement d\u2019aile fournit pouss\u00e9e et propulsion, il peut faire marche arri\u00e8re comme un insecte. Il est capable d\u2019avoir des d\u00e9parts fulgurants. Ses ailes battent de 20 \u00e0 80 fois par seconde. Pour soutenir cette intense activit\u00e9, le colibri se d\u00e9lecte toutes les dix minutes du nectar de fleurs inodores \u00e0 raison de 50 % de son poids par jour. Son c\u0153ur volumineux bat au repos 500 fois par minute\n<\/p>\n<\/div>\n<p><br class=\"clear\"\/><br \/>\n<br class=\"clear\" \/><\/p>\n<div class=\"one_half \" style=\"\">\nLe perroquet est un psittacid\u00e9 monogame. Les couples se tiennent ensemble toute l\u2019ann\u00e9e, s\u2019envolent ensemble au petit matin et se nourrissent et lissent leurs plumes mutuellement. C\u2019est le seul oiseau qui prend son fruit avec la patte pour le manger. On en conna\u00eet 300 esp\u00e8ces, dont une quinzaine vient de dispara\u00eetre. Il peut vivre quatre-vingts ans.<br \/>\nLa harpie est le plus puissant rapace du monde, il se nourrit de singes.<\/p>\n<p><strong>L\u2019Amazonie, terre de records<\/strong> : le serpent d\u2019eau anaconda mesure 9 m de long et peut avaler un cabiai entier, les poissons d\u2019eau douce arapa\u00efma et pira\u00efba peuvent peser pr\u00e8s de 140 kg et enfin, le jaguar poss\u00e8de la m\u00e2choire la plus puissante de tous les f\u00e9lins.<\/div>\n<div class=\"one_half last \" style=\"\"><img decoding=\"async\" src=\"https:\/\/awe-amazonia.com\/wp-content\/uploads\/2020\/12\/Anaconda.jpg\" alt=\"\" class=\"animated\" data-animation=\"slideLeft\" style=\"\" \/><\/div>\n<p><br class=\"clear\"\/><br \/>\n<br class=\"clear\" \/><\/p>\n<div class=\"one_half \" style=\"\"><img decoding=\"async\" src=\"https:\/\/awe-amazonia.com\/wp-content\/uploads\/2020\/12\/Singe-Jau.jpg\" alt=\"\" class=\"animated\" data-animation=\"slideUp\" style=\"\" \/><\/div>\n<div class=\"one_half last \" style=\"\">\n<h3>Des animaux remarquables et menac\u00e9s<\/h3>\n<p>L\u2019iguane vert, l\u00e9zard au corps recouvert d\u2019\u00e9cailles peut atteindre 2m et rester immerg\u00e9 sous l\u2019eau jusqu\u2019\u00e0 4h30. Le boa constrictor peut mesurer jusqu\u2019\u00e0 5,60 m.<br \/>\nLe serpent corail est magnifique mais dangereux.<br \/>\nLe ca\u00efman, ou jacar\u00e9, peut mesurer jusqu\u2019\u00e0 6 m.<br \/>\nLa grenouille dendrobate, \u00e0 la peau toxique, dont les Indiens se servent pour impr\u00e9gner les fl\u00e9chettes ou proc\u00e9der au rituelle du Kambo.<br \/>\nLa mygale est en fait inoffensive.<br \/>\nLe col\u00e9opt\u00e8re dynaste hercule mesure jusqu\u2019\u00e0 17 cm, le papillon Morpho mesure 14 cm et est d\u2019un bleu m\u00e9tallique enchanteur. On trouve plus d\u2019un million d\u2019esp\u00e8ces d\u2019insectes en Amazonie.<\/p>\n<\/div>\n<p><br class=\"clear\"\/><\/p>\n<p><br class=\"clear\" \/><\/p>\n<div class=\"one_half \" style=\"\">\n<h3>L&rsquo;Amazone, 3 000 esp\u00e8ces de poissons<\/h3>\n<p>L\u2019Amazone compte 3 000 esp\u00e8ces de poissons, soit 10% des esp\u00e8ces de poissons de la plan\u00e8te recens\u00e9es \u00e0 ce jour.<\/p>\n<p>Piranhas, anguilles \u00e9lectriques, raies, tucunar\u00e9s, ja\u00f9s, jaraquis&#8230; autant d&rsquo;esp\u00e8ces intrigantes. Tout comme les poissons minuscules dont votre aquarium r\u00eaverait et qio sont l\u00e9gion dans les eaux amazoniennes : l\u2019ange d\u2019eau douce, le n\u00e9on t\u00e9tra ou le poisson-crayon.<br \/>\nN\u2019oublions pas le l\u00e9gendaire Pirarucu ou Arapa\u00efma, un des plus gros poissons d\u2019eaux douce au monde.<\/p>\n<p>Enfin, le l\u00e9gendaire dauphin de l\u2019Amazone vous fera compagnie lors de votre voyage en bateau. On compte un couple au kilom\u00e8tre carr\u00e9. Il fait surface toutes les trente secondes et replonge aussit\u00f4t. Un magnifique spectacle \u00e0 observer depuis votre barque ou dans l\u2019eau. En 2010, une \u00e9quipe de scientifiques a d\u00e9couvert une nouvelle esp\u00e8ce de dauphins dans les eaux de l&rsquo;Araguaia.<br \/>\n\u00c9tonnante Amazonie qui n&rsquo;a pas fini de nous livrer ses secrets.<\/p>\n<\/div>\n<div class=\"one_half last \" style=\"\"><img decoding=\"async\" src=\"https:\/\/awe-amazonia.com\/wp-content\/uploads\/2020\/12\/Boto-dauphin.jpg\" alt=\"\" class=\"animated\" data-animation=\"fadeIn\" style=\"\" \/><\/div>\n<p><br class=\"clear\"\/><\/p>\n<\/div>\n<\/div>\n<\/div>\n<\/div>\n<\/div>\n","protected":false},"excerpt":{"rendered":"<p>Une biodiversit\u00e9 ph\u00e9nom\u00e9nale Par la splendeur de ses paysages, l\u2019\u00e9trange beaut\u00e9 de sa flore et de sa faune, et les dangers mortels de ses myst\u00e9rieux sous-bois aux richesses inou\u00efs, la r\u00e9gion Amazonienne cristallise depuis toujours les r\u00eaves les plus fous. [&hellip;]<\/p>\n","protected":false},"author":1,"featured_media":16128,"parent":0,"menu_order":0,"comment_status":"closed","ping_status":"closed","template":"","meta":{"iawp_total_views":7973,"footnotes":""},"class_list":["post-6177","page","type-page","status-publish","has-post-thumbnail","hentry"],"yoast_head":"<!-- This site is optimized with the Yoast SEO plugin v27.1.1 - https:\/\/yoast.com\/product\/yoast-seo-wordpress\/ -->\n<title>La faune et la flore en Amazonie - Amazonia Wild Experience<\/title>\n<meta name=\"description\" content=\"Quelles animaux vivent en Amazonie ? Quelles plantes poussent en Amazonie ? D\u00e9couvrez la biodiversit\u00e9 de la faune et de la flore en Amazonie.\" \/>\n<meta name=\"robots\" content=\"index, follow, max-snippet:-1, max-image-preview:large, max-video-preview:-1\" \/>\n<link rel=\"canonical\" href=\"https:\/\/awe-amazonia.com\/index.php\/la-faune-et-la-flore-en-amazonie\/\" \/>\n<meta property=\"og:locale\" content=\"fr_FR\" \/>\n<meta property=\"og:type\" content=\"article\" \/>\n<meta property=\"og:title\" content=\"La faune et la flore en Amazonie - Amazonia Wild Experience\" \/>\n<meta property=\"og:description\" content=\"Quelles animaux vivent en Amazonie ? Quelles plantes poussent en Amazonie ? D\u00e9couvrez la biodiversit\u00e9 de la faune et de la flore en Amazonie.\" \/>\n<meta property=\"og:url\" content=\"https:\/\/awe-amazonia.com\/index.php\/la-faune-et-la-flore-en-amazonie\/\" \/>\n<meta property=\"og:site_name\" content=\"Amazonia Wild Experience\" \/>\n<meta property=\"article:modified_time\" content=\"2022-03-21T16:28:12+00:00\" \/>\n<meta property=\"og:image\" content=\"https:\/\/awe-amazonia.com\/wp-content\/uploads\/2021\/11\/jaguar-en-action.jpg\" \/>\n\t<meta property=\"og:image:width\" content=\"1639\" \/>\n\t<meta property=\"og:image:height\" content=\"1092\" \/>\n\t<meta property=\"og:image:type\" content=\"image\/jpeg\" \/>\n<meta name=\"twitter:card\" content=\"summary_large_image\" \/>\n<meta name=\"twitter:label1\" content=\"Dur\u00e9e de lecture estim\u00e9e\" \/>\n\t<meta name=\"twitter:data1\" content=\"7 minutes\" \/>\n<script type=\"application\/ld+json\" class=\"yoast-schema-graph\">{\"@context\":\"https:\/\/schema.org\",\"@graph\":[{\"@type\":\"WebPage\",\"@id\":\"https:\/\/awe-amazonia.com\/index.php\/la-faune-et-la-flore-en-amazonie\/\",\"url\":\"https:\/\/awe-amazonia.com\/index.php\/la-faune-et-la-flore-en-amazonie\/\",\"name\":\"La faune et la flore en Amazonie - Amazonia Wild Experience\",\"isPartOf\":{\"@id\":\"https:\/\/awe-amazonia.com\/?lang=en\/#website\"},\"primaryImageOfPage\":{\"@id\":\"https:\/\/awe-amazonia.com\/index.php\/la-faune-et-la-flore-en-amazonie\/#primaryimage\"},\"image\":{\"@id\":\"https:\/\/awe-amazonia.com\/index.php\/la-faune-et-la-flore-en-amazonie\/#primaryimage\"},\"thumbnailUrl\":\"https:\/\/awe-amazonia.com\/wp-content\/uploads\/2021\/11\/jaguar-en-action.jpg\",\"datePublished\":\"2020-12-27T12:34:38+00:00\",\"dateModified\":\"2022-03-21T16:28:12+00:00\",\"description\":\"Quelles animaux vivent en Amazonie ? Quelles plantes poussent en Amazonie ? D\u00e9couvrez la biodiversit\u00e9 de la faune et de la flore en Amazonie.\",\"breadcrumb\":{\"@id\":\"https:\/\/awe-amazonia.com\/index.php\/la-faune-et-la-flore-en-amazonie\/#breadcrumb\"},\"inLanguage\":\"fr-FR\",\"potentialAction\":[{\"@type\":\"ReadAction\",\"target\":[\"https:\/\/awe-amazonia.com\/index.php\/la-faune-et-la-flore-en-amazonie\/\"]}]},{\"@type\":\"ImageObject\",\"inLanguage\":\"fr-FR\",\"@id\":\"https:\/\/awe-amazonia.com\/index.php\/la-faune-et-la-flore-en-amazonie\/#primaryimage\",\"url\":\"https:\/\/awe-amazonia.com\/wp-content\/uploads\/2021\/11\/jaguar-en-action.jpg\",\"contentUrl\":\"https:\/\/awe-amazonia.com\/wp-content\/uploads\/2021\/11\/jaguar-en-action.jpg\",\"width\":1639,\"height\":1092,\"caption\":\"jaguar dans l'eau\"},{\"@type\":\"BreadcrumbList\",\"@id\":\"https:\/\/awe-amazonia.com\/index.php\/la-faune-et-la-flore-en-amazonie\/#breadcrumb\",\"itemListElement\":[{\"@type\":\"ListItem\",\"position\":1,\"name\":\"Accueil\",\"item\":\"http:\/\/awe-amazonia.com\/\"},{\"@type\":\"ListItem\",\"position\":2,\"name\":\"La faune et la flore en Amazonie\"}]},{\"@type\":\"WebSite\",\"@id\":\"https:\/\/awe-amazonia.com\/?lang=en\/#website\",\"url\":\"https:\/\/awe-amazonia.com\/?lang=en\/\",\"name\":\"Amazonia Wild Experience\",\"description\":\"Voyage sur mesure en Amazonie - Aventures au Br\u00e9sil et au Guyana\",\"publisher\":{\"@id\":\"https:\/\/awe-amazonia.com\/?lang=en\/#organization\"},\"potentialAction\":[{\"@type\":\"SearchAction\",\"target\":{\"@type\":\"EntryPoint\",\"urlTemplate\":\"https:\/\/awe-amazonia.com\/?lang=en\/?s={search_term_string}\"},\"query-input\":{\"@type\":\"PropertyValueSpecification\",\"valueRequired\":true,\"valueName\":\"search_term_string\"}}],\"inLanguage\":\"fr-FR\"},{\"@type\":\"Organization\",\"@id\":\"https:\/\/awe-amazonia.com\/?lang=en\/#organization\",\"name\":\"Amazonia Wild Experience\",\"url\":\"https:\/\/awe-amazonia.com\/?lang=en\/\",\"logo\":{\"@type\":\"ImageObject\",\"inLanguage\":\"fr-FR\",\"@id\":\"https:\/\/awe-amazonia.com\/?lang=en\/#\/schema\/logo\/image\/\",\"url\":\"https:\/\/awe-amazonia.com\/wp-content\/uploads\/2020\/09\/cropped-Logo.png\",\"contentUrl\":\"https:\/\/awe-amazonia.com\/wp-content\/uploads\/2020\/09\/cropped-Logo.png\",\"width\":512,\"height\":512,\"caption\":\"Amazonia Wild Experience\"},\"image\":{\"@id\":\"https:\/\/awe-amazonia.com\/?lang=en\/#\/schema\/logo\/image\/\"}}]}<\/script>\n<!-- \/ Yoast SEO plugin. -->","yoast_head_json":{"title":"La faune et la flore en Amazonie - Amazonia Wild Experience","description":"Quelles animaux vivent en Amazonie ? Quelles plantes poussent en Amazonie ? D\u00e9couvrez la biodiversit\u00e9 de la faune et de la flore en Amazonie.","robots":{"index":"index","follow":"follow","max-snippet":"max-snippet:-1","max-image-preview":"max-image-preview:large","max-video-preview":"max-video-preview:-1"},"canonical":"https:\/\/awe-amazonia.com\/index.php\/la-faune-et-la-flore-en-amazonie\/","og_locale":"fr_FR","og_type":"article","og_title":"La faune et la flore en Amazonie - Amazonia Wild Experience","og_description":"Quelles animaux vivent en Amazonie ? Quelles plantes poussent en Amazonie ? D\u00e9couvrez la biodiversit\u00e9 de la faune et de la flore en Amazonie.","og_url":"https:\/\/awe-amazonia.com\/index.php\/la-faune-et-la-flore-en-amazonie\/","og_site_name":"Amazonia Wild Experience","article_modified_time":"2022-03-21T16:28:12+00:00","og_image":[{"width":1639,"height":1092,"url":"https:\/\/awe-amazonia.com\/wp-content\/uploads\/2021\/11\/jaguar-en-action.jpg","type":"image\/jpeg"}],"twitter_card":"summary_large_image","twitter_misc":{"Dur\u00e9e de lecture estim\u00e9e":"7 minutes"},"schema":{"@context":"https:\/\/schema.org","@graph":[{"@type":"WebPage","@id":"https:\/\/awe-amazonia.com\/index.php\/la-faune-et-la-flore-en-amazonie\/","url":"https:\/\/awe-amazonia.com\/index.php\/la-faune-et-la-flore-en-amazonie\/","name":"La faune et la flore en Amazonie - Amazonia Wild Experience","isPartOf":{"@id":"https:\/\/awe-amazonia.com\/?lang=en\/#website"},"primaryImageOfPage":{"@id":"https:\/\/awe-amazonia.com\/index.php\/la-faune-et-la-flore-en-amazonie\/#primaryimage"},"image":{"@id":"https:\/\/awe-amazonia.com\/index.php\/la-faune-et-la-flore-en-amazonie\/#primaryimage"},"thumbnailUrl":"https:\/\/awe-amazonia.com\/wp-content\/uploads\/2021\/11\/jaguar-en-action.jpg","datePublished":"2020-12-27T12:34:38+00:00","dateModified":"2022-03-21T16:28:12+00:00","description":"Quelles animaux vivent en Amazonie ? Quelles plantes poussent en Amazonie ? D\u00e9couvrez la biodiversit\u00e9 de la faune et de la flore en Amazonie.","breadcrumb":{"@id":"https:\/\/awe-amazonia.com\/index.php\/la-faune-et-la-flore-en-amazonie\/#breadcrumb"},"inLanguage":"fr-FR","potentialAction":[{"@type":"ReadAction","target":["https:\/\/awe-amazonia.com\/index.php\/la-faune-et-la-flore-en-amazonie\/"]}]},{"@type":"ImageObject","inLanguage":"fr-FR","@id":"https:\/\/awe-amazonia.com\/index.php\/la-faune-et-la-flore-en-amazonie\/#primaryimage","url":"https:\/\/awe-amazonia.com\/wp-content\/uploads\/2021\/11\/jaguar-en-action.jpg","contentUrl":"https:\/\/awe-amazonia.com\/wp-content\/uploads\/2021\/11\/jaguar-en-action.jpg","width":1639,"height":1092,"caption":"jaguar dans l'eau"},{"@type":"BreadcrumbList","@id":"https:\/\/awe-amazonia.com\/index.php\/la-faune-et-la-flore-en-amazonie\/#breadcrumb","itemListElement":[{"@type":"ListItem","position":1,"name":"Accueil","item":"http:\/\/awe-amazonia.com\/"},{"@type":"ListItem","position":2,"name":"La faune et la flore en Amazonie"}]},{"@type":"WebSite","@id":"https:\/\/awe-amazonia.com\/?lang=en\/#website","url":"https:\/\/awe-amazonia.com\/?lang=en\/","name":"Amazonia Wild Experience","description":"Voyage sur mesure en Amazonie - Aventures au Br\u00e9sil et au Guyana","publisher":{"@id":"https:\/\/awe-amazonia.com\/?lang=en\/#organization"},"potentialAction":[{"@type":"SearchAction","target":{"@type":"EntryPoint","urlTemplate":"https:\/\/awe-amazonia.com\/?lang=en\/?s={search_term_string}"},"query-input":{"@type":"PropertyValueSpecification","valueRequired":true,"valueName":"search_term_string"}}],"inLanguage":"fr-FR"},{"@type":"Organization","@id":"https:\/\/awe-amazonia.com\/?lang=en\/#organization","name":"Amazonia Wild Experience","url":"https:\/\/awe-amazonia.com\/?lang=en\/","logo":{"@type":"ImageObject","inLanguage":"fr-FR","@id":"https:\/\/awe-amazonia.com\/?lang=en\/#\/schema\/logo\/image\/","url":"https:\/\/awe-amazonia.com\/wp-content\/uploads\/2020\/09\/cropped-Logo.png","contentUrl":"https:\/\/awe-amazonia.com\/wp-content\/uploads\/2020\/09\/cropped-Logo.png","width":512,"height":512,"caption":"Amazonia Wild Experience"},"image":{"@id":"https:\/\/awe-amazonia.com\/?lang=en\/#\/schema\/logo\/image\/"}}]}},"_links":{"self":[{"href":"https:\/\/awe-amazonia.com\/index.php\/wp-json\/wp\/v2\/pages\/6177","targetHints":{"allow":["GET"]}}],"collection":[{"href":"https:\/\/awe-amazonia.com\/index.php\/wp-json\/wp\/v2\/pages"}],"about":[{"href":"https:\/\/awe-amazonia.com\/index.php\/wp-json\/wp\/v2\/types\/page"}],"author":[{"embeddable":true,"href":"https:\/\/awe-amazonia.com\/index.php\/wp-json\/wp\/v2\/users\/1"}],"replies":[{"embeddable":true,"href":"https:\/\/awe-amazonia.com\/index.php\/wp-json\/wp\/v2\/comments?post=6177"}],"version-history":[{"count":27,"href":"https:\/\/awe-amazonia.com\/index.php\/wp-json\/wp\/v2\/pages\/6177\/revisions"}],"predecessor-version":[{"id":19621,"href":"https:\/\/awe-amazonia.com\/index.php\/wp-json\/wp\/v2\/pages\/6177\/revisions\/19621"}],"wp:featuredmedia":[{"embeddable":true,"href":"https:\/\/awe-amazonia.com\/index.php\/wp-json\/wp\/v2\/media\/16128"}],"wp:attachment":[{"href":"https:\/\/awe-amazonia.com\/index.php\/wp-json\/wp\/v2\/media?parent=6177"}],"curies":[{"name":"wp","href":"https:\/\/api.w.org\/{rel}","templated":true}]}}