{"id":7988,"date":"2020-09-20T17:35:04","date_gmt":"2020-09-20T15:35:04","guid":{"rendered":"https:\/\/awe-amazonia.com\/index.php\/nos-valeurs-et-notre-engagement\/"},"modified":"2021-03-16T13:31:44","modified_gmt":"2021-03-16T12:31:44","slug":"our-values","status":"publish","type":"page","link":"https:\/\/awe-amazonia.com\/index.php\/our-values\/?lang=en","title":{"rendered":"Our values, our commitment"},"content":{"rendered":"<div  class=\"one ppb_card_two_cols_with_image\" style=\"position:relative;padding:0px 0 0px 0;\" >\n<div class=\"standard_wrapper\">\n<div class=\"page_content_wrapper\">\n<div class=\"inner\">\n<div class=\"one_half parallax_scroll\" style=\"width:50%;position:absolute;padding:0px;z-index:2;block !important;background:#fff;\" data-stellar-ratio=\"1.3\">\n<h2 class=\"ppb_title\" style=\"\">Respect<\/h2>\n<div class=\"ppb_header_content\">\n<p>We live to feel. To feel strong or soft emotions, to feel vibrant, to be aware of what makes us truly happy.<\/p>\n<p>It is this urgency of life, this mission to offer to everyone the possibility to live in Amazonia extraordinary physical and psychic experiences that animates us every day at Amaz\u00f4nia Wild Experience.<\/p>\n<p>The expeditions of Amaz\u00f4nia Wild Experience are built around 4 pillars:<\/p>\n<\/div>\n<\/div>\n<div class=\"one_half parallax_scroll_image last\" style=\"width:50%;\"><\/div>\n<p><br class=\"clear\"\/><\/div>\n<\/div>\n<\/div>\n<\/div>\n<div class=\"standard_wrapper\">\n<div  class=\"one_half withsmallpadding ppb_text\" style=\"text-align:left;padding:30px 0 30px 0;\" >\n<div class=\"standard_wrapper\">\n<div class=\"page_content_wrapper\">\n<div class=\"inner\">\n<div style=\"margin:auto;width:100%\">\n<p><img decoding=\"async\" loading=\"lazy\" class=\"aligncenter size-full wp-image-7812\" src=\"https:\/\/awe-amazonia.com\/wp-content\/uploads\/2020\/12\/enfants-qui-jouent.jpg\" alt=\"\" width=\"800\" height=\"534\" \/><\/p>\n<h4 class=\"p1\" style=\"text-align: center;\"><span class=\"s1\"><b>The wonder<br \/>\n<\/b><\/span><\/h4>\n<p style=\"text-align: center;\">It amuses us, it fascinates us&#8230; the Amazon is a huge playground to which our emotional reservoir transpires. The wonder, the awe, the fascination&#8230; this green paradise gathers the ideal conditions for anyone who wants to live in the moment.<\/p>\n<\/div>\n<\/div>\n<\/div>\n<\/div>\n<\/div>\n<\/div>\n<div class=\"standard_wrapper\">\n<div  class=\"one_half last withsmallpadding ppb_text\" style=\"text-align:left;padding:30px 0 30px 0;\" >\n<div class=\"standard_wrapper\">\n<div class=\"page_content_wrapper\">\n<div class=\"inner\">\n<div style=\"margin:auto;width:100%\">\n<p><img decoding=\"async\" loading=\"lazy\" class=\"aligncenter size-full wp-image-7813\" src=\"https:\/\/awe-amazonia.com\/wp-content\/uploads\/2020\/12\/explication-guide-foret-amazonienne.jpg\" alt=\"guide foret amazonienne\" width=\"637\" height=\"424\" \/><\/p>\n<h4 class=\"p1\" style=\"text-align: center;\"><span class=\"s1\"><b>Awareness<\/b><\/span><\/h4>\n<p style=\"text-align: center;\">Tailor-made expeditions, unique adventures, privileged moments in symbiosis with nature to find the keys to your own freedom. Putting one&#8217;s condition into perspective, one&#8217;s daily life, discovering another reality, one of deep respect where the unknown releases a thirst for discovery.<\/p>\n<\/div>\n<\/div>\n<\/div>\n<\/div>\n<\/div>\n<\/div>\n<div class=\"standard_wrapper\">\n<div  class=\"one_half last withsmallpadding ppb_text\" style=\"text-align:left;padding:30px 0 30px 0;\" >\n<div class=\"standard_wrapper\">\n<div class=\"page_content_wrapper\">\n<div class=\"inner\">\n<div style=\"margin:auto;width:100%\">\n<p><img decoding=\"async\" loading=\"lazy\" class=\"aligncenter size-full wp-image-7813\" src=\"https:\/\/awe-amazonia.com\/wp-content\/uploads\/2020\/12\/explication-guide-foret-amazonienne.jpg\" alt=\"guide foret amazonienne\" width=\"637\" height=\"424\" \/><\/p>\n<h4 class=\"p1\" style=\"text-align: center;\"><span class=\"s1\"><b>Awareness<\/b><\/span><\/h4>\n<p style=\"text-align: center;\">Tailor-made expeditions, unique adventures, privileged moments in symbiosis with nature to find the keys to your own freedom. Putting one&#8217;s condition into perspective, one&#8217;s daily life, discovering another reality, one of deep respect where the unknown releases a thirst for discovery.<\/p>\n<\/div>\n<\/div>\n<\/div>\n<\/div>\n<\/div>\n<\/div>\n<div class=\"standard_wrapper\">\n<div  class=\"one_half withsmallpadding ppb_text\" style=\"text-align:left;padding:30px 0 30px 0;\" >\n<div class=\"standard_wrapper\">\n<div class=\"page_content_wrapper\">\n<div class=\"inner\">\n<div style=\"margin:auto;width:100%\">\n<p><img decoding=\"async\" loading=\"lazy\" class=\"aligncenter size-full wp-image-7709\" src=\"https:\/\/awe-amazonia.com\/wp-content\/uploads\/2020\/12\/Tatou-1.jpg\" alt=\"tatou\" width=\"900\" height=\"608\" \/><\/p>\n<h4 class=\"p1\" style=\"text-align: center;\"><span class=\"s1\"><b>The Preservation<\/b><\/span><\/h4>\n<p style=\"text-align: center;\">L\u2019Amazonie est une terre en feu, litt\u00e9ralement ou de forme romanesque selon les p\u00e9riodes, cette terre souffre. En contraste avec son immensit\u00e9 majestueuse, elle n\u2019est qu\u2019\u00e9quilibre fragile. Un des derniers fiefs de la cr\u00e9ation divine. Diss\u00e9miner la connaissance de ces recoins c\u2019est multiplier ses disciples, fortifier sa protection, c\u2019est ce qui nous anime.<\/p>\n<\/div>\n<\/div>\n<\/div>\n<\/div>\n<\/div>\n<\/div>\n<div class=\"standard_wrapper\">\n<div  class=\"one_half last withsmallpadding ppb_text\" style=\"text-align:left;padding:30px 0 30px 0;\" >\n<div class=\"standard_wrapper\">\n<div class=\"page_content_wrapper\">\n<div class=\"inner\">\n<div style=\"margin:auto;width:100%\">\n<p><img decoding=\"async\" loading=\"lazy\" class=\"aligncenter size-full wp-image-7749\" src=\"https:\/\/awe-amazonia.com\/wp-content\/uploads\/2020\/12\/bivouac.jpg\" alt=\"guide accompagne vivouac amazonie\" width=\"840\" height=\"560\" \/><\/p>\n<h4 class=\"p1\" style=\"text-align: center;\"><span class=\"s1\"><b>Autonomy<\/b><\/span><\/h4>\n<p style=\"text-align: center;\">We are invested to fight against the threats that weigh on the Amazon rainforest. To do this, our expeditions must be &#8220;sustainable&#8221;, only our footprints will remain in the jungle. In the end, we are only guests.<\/p>\n<\/div>\n<\/div>\n<\/div>\n<\/div>\n<\/div>\n<\/div>\n<div class=\"standard_wrapper\">\n<div  class=\"one_half last withsmallpadding ppb_text\" style=\"text-align:left;padding:30px 0 30px 0;\" >\n<div class=\"standard_wrapper\">\n<div class=\"page_content_wrapper\">\n<div class=\"inner\">\n<div style=\"margin:auto;width:100%\">\n<p><img decoding=\"async\" loading=\"lazy\" class=\"aligncenter size-full wp-image-7749\" src=\"https:\/\/awe-amazonia.com\/wp-content\/uploads\/2020\/12\/bivouac.jpg\" alt=\"guide accompagne vivouac amazonie\" width=\"840\" height=\"560\" \/><\/p>\n<h4 class=\"p1\" style=\"text-align: center;\"><span class=\"s1\"><b>Autonomy<\/b><\/span><\/h4>\n<p style=\"text-align: center;\">We are invested to fight against the threats that weigh on the Amazon rainforest. To do this, our expeditions must be &#8220;sustainable&#8221;, only our footprints will remain in the jungle. In the end, we are only guests.<\/p>\n<\/div>\n<\/div>\n<\/div>\n<\/div>\n<\/div>\n<\/div>\n","protected":false},"excerpt":{"rendered":"<p>Respect We live to feel. To feel strong or soft emotions, to feel vibrant, to be aware of what makes us truly happy. It is this urgency of life, this mission to offer to everyone the possibility to live in [&hellip;]<\/p>\n","protected":false},"author":2,"featured_media":7752,"parent":0,"menu_order":0,"comment_status":"closed","ping_status":"closed","template":"","meta":{"iawp_total_views":32,"footnotes":""},"class_list":["post-7988","page","type-page","status-publish","has-post-thumbnail","hentry"],"yoast_head":"<!-- This site is optimized with the Yoast SEO plugin v27.1.1 - https:\/\/yoast.com\/product\/yoast-seo-wordpress\/ -->\n<title>Our values, our commitment - Amazonia Wild Experience<\/title>\n<meta name=\"robots\" content=\"index, follow, max-snippet:-1, max-image-preview:large, max-video-preview:-1\" \/>\n<link rel=\"canonical\" href=\"https:\/\/awe-amazonia.com\/index.php\/our-values\/\" \/>\n<meta property=\"og:locale\" content=\"fr_FR\" \/>\n<meta property=\"og:type\" content=\"article\" \/>\n<meta property=\"og:title\" content=\"Our values, our commitment - Amazonia Wild Experience\" \/>\n<meta property=\"og:description\" content=\"Respect We live to feel. To feel strong or soft emotions, to feel vibrant, to be aware of what makes us truly happy. It is this urgency of life, this mission to offer to everyone the possibility to live in [&hellip;]\" \/>\n<meta property=\"og:url\" content=\"https:\/\/awe-amazonia.com\/index.php\/our-values\/?lang=en\" \/>\n<meta property=\"og:site_name\" content=\"Amazonia Wild Experience\" \/>\n<meta property=\"article:modified_time\" content=\"2021-03-16T12:31:44+00:00\" \/>\n<meta property=\"og:image\" content=\"https:\/\/awe-amazonia.com\/wp-content\/uploads\/2020\/12\/fille-chef-tribu-guyana.jpg\" \/>\n\t<meta property=\"og:image:width\" content=\"1911\" \/>\n\t<meta property=\"og:image:height\" content=\"1274\" \/>\n\t<meta property=\"og:image:type\" content=\"image\/jpeg\" \/>\n<meta name=\"twitter:card\" content=\"summary_large_image\" \/>\n<meta name=\"twitter:label1\" content=\"Dur\u00e9e de lecture estim\u00e9e\" \/>\n\t<meta name=\"twitter:data1\" content=\"2 minutes\" \/>\n<script type=\"application\/ld+json\" class=\"yoast-schema-graph\">{\"@context\":\"https:\/\/schema.org\",\"@graph\":[{\"@type\":\"WebPage\",\"@id\":\"https:\/\/awe-amazonia.com\/index.php\/our-values\/?lang=en\",\"url\":\"https:\/\/awe-amazonia.com\/index.php\/our-values\/?lang=en\",\"name\":\"Our values, our commitment - Amazonia Wild Experience\",\"isPartOf\":{\"@id\":\"https:\/\/awe-amazonia.com\/#website\"},\"primaryImageOfPage\":{\"@id\":\"https:\/\/awe-amazonia.com\/index.php\/our-values\/?lang=en#primaryimage\"},\"image\":{\"@id\":\"https:\/\/awe-amazonia.com\/index.php\/our-values\/?lang=en#primaryimage\"},\"thumbnailUrl\":\"https:\/\/awe-amazonia.com\/wp-content\/uploads\/2020\/12\/fille-chef-tribu-guyana.jpg\",\"datePublished\":\"2020-09-20T15:35:04+00:00\",\"dateModified\":\"2021-03-16T12:31:44+00:00\",\"breadcrumb\":{\"@id\":\"https:\/\/awe-amazonia.com\/index.php\/our-values\/?lang=en#breadcrumb\"},\"inLanguage\":\"fr-FR\",\"potentialAction\":[{\"@type\":\"ReadAction\",\"target\":[\"https:\/\/awe-amazonia.com\/index.php\/our-values\/?lang=en\"]}]},{\"@type\":\"ImageObject\",\"inLanguage\":\"fr-FR\",\"@id\":\"https:\/\/awe-amazonia.com\/index.php\/our-values\/?lang=en#primaryimage\",\"url\":\"https:\/\/awe-amazonia.com\/wp-content\/uploads\/2020\/12\/fille-chef-tribu-guyana.jpg\",\"contentUrl\":\"https:\/\/awe-amazonia.com\/wp-content\/uploads\/2020\/12\/fille-chef-tribu-guyana.jpg\",\"width\":1911,\"height\":1274},{\"@type\":\"BreadcrumbList\",\"@id\":\"https:\/\/awe-amazonia.com\/index.php\/our-values\/?lang=en#breadcrumb\",\"itemListElement\":[{\"@type\":\"ListItem\",\"position\":1,\"name\":\"Accueil\",\"item\":\"https:\/\/awe-amazonia.com\/\"},{\"@type\":\"ListItem\",\"position\":2,\"name\":\"Our values, our commitment\"}]},{\"@type\":\"WebSite\",\"@id\":\"https:\/\/awe-amazonia.com\/#website\",\"url\":\"https:\/\/awe-amazonia.com\/\",\"name\":\"Amazonia Wild Experience\",\"description\":\"Voyage sur mesure en Amazonie - Aventures au Br\u00e9sil et au Guyana\",\"publisher\":{\"@id\":\"https:\/\/awe-amazonia.com\/#organization\"},\"potentialAction\":[{\"@type\":\"SearchAction\",\"target\":{\"@type\":\"EntryPoint\",\"urlTemplate\":\"https:\/\/awe-amazonia.com\/?s={search_term_string}\"},\"query-input\":{\"@type\":\"PropertyValueSpecification\",\"valueRequired\":true,\"valueName\":\"search_term_string\"}}],\"inLanguage\":\"fr-FR\"},{\"@type\":\"Organization\",\"@id\":\"https:\/\/awe-amazonia.com\/#organization\",\"name\":\"Amazonia Wild Experience\",\"url\":\"https:\/\/awe-amazonia.com\/\",\"logo\":{\"@type\":\"ImageObject\",\"inLanguage\":\"fr-FR\",\"@id\":\"https:\/\/awe-amazonia.com\/#\/schema\/logo\/image\/\",\"url\":\"https:\/\/awe-amazonia.com\/wp-content\/uploads\/2020\/09\/cropped-Logo.png\",\"contentUrl\":\"https:\/\/awe-amazonia.com\/wp-content\/uploads\/2020\/09\/cropped-Logo.png\",\"width\":512,\"height\":512,\"caption\":\"Amazonia Wild Experience\"},\"image\":{\"@id\":\"https:\/\/awe-amazonia.com\/#\/schema\/logo\/image\/\"}}]}<\/script>\n<!-- \/ Yoast SEO plugin. -->","yoast_head_json":{"title":"Our values, our commitment - Amazonia Wild Experience","robots":{"index":"index","follow":"follow","max-snippet":"max-snippet:-1","max-image-preview":"max-image-preview:large","max-video-preview":"max-video-preview:-1"},"canonical":"https:\/\/awe-amazonia.com\/index.php\/our-values\/","og_locale":"fr_FR","og_type":"article","og_title":"Our values, our commitment - Amazonia Wild Experience","og_description":"Respect We live to feel. To feel strong or soft emotions, to feel vibrant, to be aware of what makes us truly happy. It is this urgency of life, this mission to offer to everyone the possibility to live in [&hellip;]","og_url":"https:\/\/awe-amazonia.com\/index.php\/our-values\/?lang=en","og_site_name":"Amazonia Wild Experience","article_modified_time":"2021-03-16T12:31:44+00:00","og_image":[{"width":1911,"height":1274,"url":"https:\/\/awe-amazonia.com\/wp-content\/uploads\/2020\/12\/fille-chef-tribu-guyana.jpg","type":"image\/jpeg"}],"twitter_card":"summary_large_image","twitter_misc":{"Dur\u00e9e de lecture estim\u00e9e":"2 minutes"},"schema":{"@context":"https:\/\/schema.org","@graph":[{"@type":"WebPage","@id":"https:\/\/awe-amazonia.com\/index.php\/our-values\/?lang=en","url":"https:\/\/awe-amazonia.com\/index.php\/our-values\/?lang=en","name":"Our values, our commitment - Amazonia Wild Experience","isPartOf":{"@id":"https:\/\/awe-amazonia.com\/#website"},"primaryImageOfPage":{"@id":"https:\/\/awe-amazonia.com\/index.php\/our-values\/?lang=en#primaryimage"},"image":{"@id":"https:\/\/awe-amazonia.com\/index.php\/our-values\/?lang=en#primaryimage"},"thumbnailUrl":"https:\/\/awe-amazonia.com\/wp-content\/uploads\/2020\/12\/fille-chef-tribu-guyana.jpg","datePublished":"2020-09-20T15:35:04+00:00","dateModified":"2021-03-16T12:31:44+00:00","breadcrumb":{"@id":"https:\/\/awe-amazonia.com\/index.php\/our-values\/?lang=en#breadcrumb"},"inLanguage":"fr-FR","potentialAction":[{"@type":"ReadAction","target":["https:\/\/awe-amazonia.com\/index.php\/our-values\/?lang=en"]}]},{"@type":"ImageObject","inLanguage":"fr-FR","@id":"https:\/\/awe-amazonia.com\/index.php\/our-values\/?lang=en#primaryimage","url":"https:\/\/awe-amazonia.com\/wp-content\/uploads\/2020\/12\/fille-chef-tribu-guyana.jpg","contentUrl":"https:\/\/awe-amazonia.com\/wp-content\/uploads\/2020\/12\/fille-chef-tribu-guyana.jpg","width":1911,"height":1274},{"@type":"BreadcrumbList","@id":"https:\/\/awe-amazonia.com\/index.php\/our-values\/?lang=en#breadcrumb","itemListElement":[{"@type":"ListItem","position":1,"name":"Accueil","item":"https:\/\/awe-amazonia.com\/"},{"@type":"ListItem","position":2,"name":"Our values, our commitment"}]},{"@type":"WebSite","@id":"https:\/\/awe-amazonia.com\/#website","url":"https:\/\/awe-amazonia.com\/","name":"Amazonia Wild Experience","description":"Voyage sur mesure en Amazonie - Aventures au Br\u00e9sil et au Guyana","publisher":{"@id":"https:\/\/awe-amazonia.com\/#organization"},"potentialAction":[{"@type":"SearchAction","target":{"@type":"EntryPoint","urlTemplate":"https:\/\/awe-amazonia.com\/?s={search_term_string}"},"query-input":{"@type":"PropertyValueSpecification","valueRequired":true,"valueName":"search_term_string"}}],"inLanguage":"fr-FR"},{"@type":"Organization","@id":"https:\/\/awe-amazonia.com\/#organization","name":"Amazonia Wild Experience","url":"https:\/\/awe-amazonia.com\/","logo":{"@type":"ImageObject","inLanguage":"fr-FR","@id":"https:\/\/awe-amazonia.com\/#\/schema\/logo\/image\/","url":"https:\/\/awe-amazonia.com\/wp-content\/uploads\/2020\/09\/cropped-Logo.png","contentUrl":"https:\/\/awe-amazonia.com\/wp-content\/uploads\/2020\/09\/cropped-Logo.png","width":512,"height":512,"caption":"Amazonia Wild Experience"},"image":{"@id":"https:\/\/awe-amazonia.com\/#\/schema\/logo\/image\/"}}]}},"_links":{"self":[{"href":"https:\/\/awe-amazonia.com\/index.php\/wp-json\/wp\/v2\/pages\/7988","targetHints":{"allow":["GET"]}}],"collection":[{"href":"https:\/\/awe-amazonia.com\/index.php\/wp-json\/wp\/v2\/pages"}],"about":[{"href":"https:\/\/awe-amazonia.com\/index.php\/wp-json\/wp\/v2\/types\/page"}],"author":[{"embeddable":true,"href":"https:\/\/awe-amazonia.com\/index.php\/wp-json\/wp\/v2\/users\/2"}],"replies":[{"embeddable":true,"href":"https:\/\/awe-amazonia.com\/index.php\/wp-json\/wp\/v2\/comments?post=7988"}],"version-history":[{"count":7,"href":"https:\/\/awe-amazonia.com\/index.php\/wp-json\/wp\/v2\/pages\/7988\/revisions"}],"predecessor-version":[{"id":7995,"href":"https:\/\/awe-amazonia.com\/index.php\/wp-json\/wp\/v2\/pages\/7988\/revisions\/7995"}],"wp:featuredmedia":[{"embeddable":true,"href":"https:\/\/awe-amazonia.com\/index.php\/wp-json\/wp\/v2\/media\/7752"}],"wp:attachment":[{"href":"https:\/\/awe-amazonia.com\/index.php\/wp-json\/wp\/v2\/media?parent=7988"}],"curies":[{"name":"wp","href":"https:\/\/api.w.org\/{rel}","templated":true}]}}