{"id":8030,"date":"2020-09-11T10:11:58","date_gmt":"2020-09-11T08:11:58","guid":{"rendered":"https:\/\/awe-amazonia.com\/index.php\/plats-et-cuisine-en-amazonie\/"},"modified":"2021-03-16T14:50:45","modified_gmt":"2021-03-16T13:50:45","slug":"amazonian-food","status":"publish","type":"page","link":"https:\/\/awe-amazonia.com\/index.php\/amazonian-food\/?lang=en","title":{"rendered":"Amazonian food"},"content":{"rendered":"<div  class=\"one withsmallpadding ppb_header \" style=\"text-align:left;padding:30px 0 30px 0;\" >\n<div class=\"standard_wrapper\">\n<div class=\"page_content_wrapper\">\n<div class=\"inner\">\n<div style=\"margin:auto;width:100%\">\n<h2 class=\"ppb_title\" style=\"\">The richness of the cuisine in the Amazon basin<\/h2>\n<div class=\"ppb_header_content\">\n<p>The cuisine and dietary habits of the Amazon reflect the traditions of the Amerindian people, flavored by the influence of other cultures.<br \/>\nFood is fundamental, it is a way of discovering the history, geography, traditions and daily life of wherever you are. And this is particularly true for the Amazon, given that culinary traditions are mainly based on Amerindian ancestral knowledge. Culinary habits cannot be generalized in the Amazon: the region has a plethora of cultural nuances.<br \/>\nBeyond the cultural elements, from the quantity of ingredients and the different ways of cooking them, from the earthenware pots to the modern kitchens of Manaus or Bel\u00e9m, there are a variety of influences\u2026<br \/>\nIt should be noted, however, that the staple ingredient of the Amazon\u2019s cuisine is <strong>manioc<\/strong>. It is consumed by all classes of society and in various ways: peeled, grated or pressed. Its leaves, its roots\u2026 every part of the manioc is used to create a multitude of dishes.<\/p>\n<p>The assimilation and reinterpretation of the essence of these dishes provide us with exquisite dishes when it comes to aromas and flavors. A table set with typical dishes of the Amazon is a unique experience.<\/p>\n<\/div>\n<\/div>\n<\/div>\n<\/div>\n<\/div>\n<\/div>\n<div  class=\"one withsmallpadding ppb_text\" style=\"text-align:left;padding:30px 0 30px 0;\" >\n<div class=\"standard_wrapper\">\n<div class=\"page_content_wrapper\">\n<div class=\"inner\">\n<div style=\"margin:auto;width:100%\">\n<div class=\"one_half \" style=\"\"><img decoding=\"async\" src=\"https:\/\/awe-amazonia.com\/wp-content\/uploads\/2020\/12\/plats-en-amazonie.jpg\" alt=\"\" class=\"\" data-animation=\"\" style=\"\" \/><\/div>\n<div class=\"one_half last \" style=\"\">\n<h3>Endless flavors<\/h3>\n<p><strong>Among the most typical dishes we find\u00a0 :<\/strong><\/p>\n<p>Caldeirada : A bouillabaisse which uses the pirarucu or tambaqui fish. It is made with tomatoes, onions, eggs, spices, potatoes and flour.<\/p>\n<p>Mani\u00e7oba : Mani\u00e7oba, the other great typical dish from the North, along with the Pato no Tucupi (duck in tucupi sauce), takes one week to prepare. The Amerindians would store cachitou meat (a type of pork) and capybara meat by burying it under banana tree leaves and moistening it from time to time (some raw ingredients are poisonous). The resulting dish, made from maniva (manioc leaves), is stewed for 4 days. Then beef, pork, manioc, rice and beans are added.<\/p>\n<\/div>\n<p><br class=\"clear\"\/><br \/>\n<br class=\"clear\" \/><\/p>\n<div class=\"one_half \" style=\"\">\n<h3>The names already sound delicious: caruru, tacac\u00e1, tucupi, vatap\u00e1, jambu\u2026<\/h3>\n<p>Pato no tucupi : It\u2019s the great regional specialty. Duck, shredded into pieces is served in a sauce (made with manioc, garlic, jambu and chicory) which gives an anesthetizing sensation in the mouth. It is delicious and slightly bitter, because when the manioc ferments it produces nitric acid. The dish is served with rice, pepper and according to tastes, manioc.<br \/>\nTacac\u00e1 : It\u2019s a tradition for the Paraenses. You find it on every street corner. It is an emerald green soup served in a calabash by street vendors\u2026 Shrimp float in a sauce of tapioca, garlic, local plants and manioc.<br \/>\nVatap\u00e1 : The typical vatap\u00e1 from Par\u00e1 differs to the Bahian vatap\u00e1. Dried shrimp are peeled and fried with onions, tomato and dend\u00ea. Coconut, rice or wheat milk is added. The dish is served with white rice.<\/p>\n<\/div>\n<div class=\"one_half last \" style=\"\"><img decoding=\"async\" src=\"https:\/\/awe-amazonia.com\/wp-content\/uploads\/2020\/12\/racines-de-manioc.jpg\" alt=\"\" class=\"animated\" data-animation=\"slideLeft\" style=\"\" \/><\/div>\n<p><br class=\"clear\"\/><br \/>\n<br class=\"clear\" \/><\/p>\n<div class=\"one_half \" style=\"\"><img decoding=\"async\" src=\"https:\/\/awe-amazonia.com\/wp-content\/uploads\/2020\/12\/acai.jpg\" alt=\"\" class=\"animated\" data-animation=\"slideUp\" style=\"\" \/><\/div>\n<div class=\"one_half last \" style=\"\">\n<h3>A\u00e7ai, the superfruit of the Amazon<\/h3>\n<p>The consumption of a\u00e7a\u00ed pulp, obtained by extracting it from the berries of the a\u00e7a\u00ed palm is a culinary tradition shared by the whole of the Amazon population.<\/p>\n<p>The sharing of this tradition might be down to the widespread distribution of the species across the whole of the Amazon estuary as well as the fruit\u2019s nutritional properties.<br \/>\nA\u00e7a\u00ed pulp is eaten locally often mixed into manioc flour, accompanying dishes of fried fish, shrimp or dried beef.<\/p>\n<p>Its berries have 4 times the level of antioxidants than pomegranate and 10 times more than cranberry. It is a fruit that is rich in omegas, fibers and minerals (calcium, iron and magnesium.<\/p>\n<\/div>\n<p><br class=\"clear\"\/><\/p>\n<p><br class=\"clear\" \/><\/p>\n<div class=\"one_half \" style=\"\">\n<h3>A rich diversity of ingredient<\/h3>\n<p>The rich resources of the forest offer a wide range of ingredients, like the castanhas do Par\u00e1 (Brazil nuts): with 7 or 8 inside each pod.<br \/>\nMany names of these fruits are untranslatable for the simple reason that they don\u2019t exist in Europe. Like: the cupua\u00e7u, the bacuri, the pupunha, the tucum, the muruci, the piquia, the tapereba.<\/p>\n<p>The Amazon delights with its enormous variety of fruits, which are largely used in the creation of the local desserts. They are also consumed as juices, with tempting exotic flavors: a\u00e7a\u00ed, acerola, cupua\u00e7u, bacuri.<\/p>\n<p>Try cupua\u00e7u or caja juice!<\/p>\n<\/div>\n<div class=\"one_half last \" style=\"\"><img decoding=\"async\" src=\"https:\/\/awe-amazonia.com\/wp-content\/uploads\/2020\/12\/ananas.jpg\" alt=\"\" class=\"animated\" data-animation=\"fadeIn\" style=\"\" \/><\/div>\n<p><br class=\"clear\"\/><br \/>\n<br class=\"clear\" \/><\/p>\n<div class=\"one_half \" style=\"\"><\/div>\n<\/div>\n<\/div>\n<\/div>\n<\/div>\n<\/div>\n","protected":false},"excerpt":{"rendered":"<p>The richness of the cuisine in the Amazon basin The cuisine and dietary habits of the Amazon reflect the traditions of the Amerindian people, flavored by the influence of other cultures. Food is fundamental, it is a way of discovering [&hellip;]<\/p>\n","protected":false},"author":1,"featured_media":7720,"parent":0,"menu_order":0,"comment_status":"closed","ping_status":"closed","template":"","meta":{"iawp_total_views":871,"footnotes":""},"class_list":["post-8030","page","type-page","status-publish","has-post-thumbnail","hentry"],"yoast_head":"<!-- This site is optimized with the Yoast SEO plugin v27.1.1 - https:\/\/yoast.com\/product\/yoast-seo-wordpress\/ -->\n<title>Amazonian food - Amazonia Wild Experience<\/title>\n<meta name=\"description\" content=\"D\u00e9couvrez la cuisine amazonienne et les plats que vous d\u00e9couvrirez lors d&#039;un voyage en Amazonie. Une multitude de fruit et de saveurs...\" \/>\n<meta name=\"robots\" content=\"index, follow, max-snippet:-1, max-image-preview:large, max-video-preview:-1\" \/>\n<link rel=\"canonical\" href=\"https:\/\/awe-amazonia.com\/index.php\/amazonian-food\/\" \/>\n<meta property=\"og:locale\" content=\"fr_FR\" \/>\n<meta property=\"og:type\" content=\"article\" \/>\n<meta property=\"og:title\" content=\"Amazonian food - Amazonia Wild Experience\" \/>\n<meta property=\"og:description\" content=\"D\u00e9couvrez la cuisine amazonienne et les plats que vous d\u00e9couvrirez lors d&#039;un voyage en Amazonie. Une multitude de fruit et de saveurs...\" \/>\n<meta property=\"og:url\" content=\"https:\/\/awe-amazonia.com\/index.php\/amazonian-food\/?lang=en\" \/>\n<meta property=\"og:site_name\" content=\"Amazonia Wild Experience\" \/>\n<meta property=\"article:modified_time\" content=\"2021-03-16T13:50:45+00:00\" \/>\n<meta property=\"og:image\" content=\"https:\/\/awe-amazonia.com\/wp-content\/uploads\/2020\/12\/cuisiner.jpg\" \/>\n\t<meta property=\"og:image:width\" content=\"1743\" \/>\n\t<meta property=\"og:image:height\" content=\"1167\" \/>\n\t<meta property=\"og:image:type\" content=\"image\/jpeg\" \/>\n<meta name=\"twitter:card\" content=\"summary_large_image\" \/>\n<meta name=\"twitter:label1\" content=\"Dur\u00e9e de lecture estim\u00e9e\" \/>\n\t<meta name=\"twitter:data1\" content=\"3 minutes\" \/>\n<script type=\"application\/ld+json\" class=\"yoast-schema-graph\">{\"@context\":\"https:\/\/schema.org\",\"@graph\":[{\"@type\":\"WebPage\",\"@id\":\"https:\/\/awe-amazonia.com\/index.php\/amazonian-food\/?lang=en\",\"url\":\"https:\/\/awe-amazonia.com\/index.php\/amazonian-food\/?lang=en\",\"name\":\"Amazonian food - Amazonia Wild Experience\",\"isPartOf\":{\"@id\":\"https:\/\/awe-amazonia.com\/?lang=en\/#website\"},\"primaryImageOfPage\":{\"@id\":\"https:\/\/awe-amazonia.com\/index.php\/amazonian-food\/?lang=en#primaryimage\"},\"image\":{\"@id\":\"https:\/\/awe-amazonia.com\/index.php\/amazonian-food\/?lang=en#primaryimage\"},\"thumbnailUrl\":\"https:\/\/awe-amazonia.com\/wp-content\/uploads\/2020\/12\/cuisiner.jpg\",\"datePublished\":\"2020-09-11T08:11:58+00:00\",\"dateModified\":\"2021-03-16T13:50:45+00:00\",\"description\":\"D\u00e9couvrez la cuisine amazonienne et les plats que vous d\u00e9couvrirez lors d'un voyage en Amazonie. Une multitude de fruit et de saveurs...\",\"breadcrumb\":{\"@id\":\"https:\/\/awe-amazonia.com\/index.php\/amazonian-food\/?lang=en#breadcrumb\"},\"inLanguage\":\"fr-FR\",\"potentialAction\":[{\"@type\":\"ReadAction\",\"target\":[\"https:\/\/awe-amazonia.com\/index.php\/amazonian-food\/?lang=en\"]}]},{\"@type\":\"ImageObject\",\"inLanguage\":\"fr-FR\",\"@id\":\"https:\/\/awe-amazonia.com\/index.php\/amazonian-food\/?lang=en#primaryimage\",\"url\":\"https:\/\/awe-amazonia.com\/wp-content\/uploads\/2020\/12\/cuisiner.jpg\",\"contentUrl\":\"https:\/\/awe-amazonia.com\/wp-content\/uploads\/2020\/12\/cuisiner.jpg\",\"width\":1743,\"height\":1167},{\"@type\":\"BreadcrumbList\",\"@id\":\"https:\/\/awe-amazonia.com\/index.php\/amazonian-food\/?lang=en#breadcrumb\",\"itemListElement\":[{\"@type\":\"ListItem\",\"position\":1,\"name\":\"Accueil\",\"item\":\"https:\/\/awe-amazonia.com\/\"},{\"@type\":\"ListItem\",\"position\":2,\"name\":\"Amazonian food\"}]},{\"@type\":\"WebSite\",\"@id\":\"https:\/\/awe-amazonia.com\/?lang=en\/#website\",\"url\":\"https:\/\/awe-amazonia.com\/?lang=en\/\",\"name\":\"Amazonia Wild Experience\",\"description\":\"Voyage sur mesure en Amazonie - Aventures au Br\u00e9sil et au Guyana\",\"publisher\":{\"@id\":\"https:\/\/awe-amazonia.com\/?lang=en\/#organization\"},\"potentialAction\":[{\"@type\":\"SearchAction\",\"target\":{\"@type\":\"EntryPoint\",\"urlTemplate\":\"https:\/\/awe-amazonia.com\/?lang=en\/?s={search_term_string}\"},\"query-input\":{\"@type\":\"PropertyValueSpecification\",\"valueRequired\":true,\"valueName\":\"search_term_string\"}}],\"inLanguage\":\"fr-FR\"},{\"@type\":\"Organization\",\"@id\":\"https:\/\/awe-amazonia.com\/?lang=en\/#organization\",\"name\":\"Amazonia Wild Experience\",\"url\":\"https:\/\/awe-amazonia.com\/?lang=en\/\",\"logo\":{\"@type\":\"ImageObject\",\"inLanguage\":\"fr-FR\",\"@id\":\"https:\/\/awe-amazonia.com\/?lang=en\/#\/schema\/logo\/image\/\",\"url\":\"https:\/\/awe-amazonia.com\/wp-content\/uploads\/2020\/09\/cropped-Logo.png\",\"contentUrl\":\"https:\/\/awe-amazonia.com\/wp-content\/uploads\/2020\/09\/cropped-Logo.png\",\"width\":512,\"height\":512,\"caption\":\"Amazonia Wild Experience\"},\"image\":{\"@id\":\"https:\/\/awe-amazonia.com\/?lang=en\/#\/schema\/logo\/image\/\"}}]}<\/script>\n<!-- \/ Yoast SEO plugin. -->","yoast_head_json":{"title":"Amazonian food - Amazonia Wild Experience","description":"D\u00e9couvrez la cuisine amazonienne et les plats que vous d\u00e9couvrirez lors d'un voyage en Amazonie. Une multitude de fruit et de saveurs...","robots":{"index":"index","follow":"follow","max-snippet":"max-snippet:-1","max-image-preview":"max-image-preview:large","max-video-preview":"max-video-preview:-1"},"canonical":"https:\/\/awe-amazonia.com\/index.php\/amazonian-food\/","og_locale":"fr_FR","og_type":"article","og_title":"Amazonian food - Amazonia Wild Experience","og_description":"D\u00e9couvrez la cuisine amazonienne et les plats que vous d\u00e9couvrirez lors d'un voyage en Amazonie. Une multitude de fruit et de saveurs...","og_url":"https:\/\/awe-amazonia.com\/index.php\/amazonian-food\/?lang=en","og_site_name":"Amazonia Wild Experience","article_modified_time":"2021-03-16T13:50:45+00:00","og_image":[{"width":1743,"height":1167,"url":"https:\/\/awe-amazonia.com\/wp-content\/uploads\/2020\/12\/cuisiner.jpg","type":"image\/jpeg"}],"twitter_card":"summary_large_image","twitter_misc":{"Dur\u00e9e de lecture estim\u00e9e":"3 minutes"},"schema":{"@context":"https:\/\/schema.org","@graph":[{"@type":"WebPage","@id":"https:\/\/awe-amazonia.com\/index.php\/amazonian-food\/?lang=en","url":"https:\/\/awe-amazonia.com\/index.php\/amazonian-food\/?lang=en","name":"Amazonian food - Amazonia Wild Experience","isPartOf":{"@id":"https:\/\/awe-amazonia.com\/?lang=en\/#website"},"primaryImageOfPage":{"@id":"https:\/\/awe-amazonia.com\/index.php\/amazonian-food\/?lang=en#primaryimage"},"image":{"@id":"https:\/\/awe-amazonia.com\/index.php\/amazonian-food\/?lang=en#primaryimage"},"thumbnailUrl":"https:\/\/awe-amazonia.com\/wp-content\/uploads\/2020\/12\/cuisiner.jpg","datePublished":"2020-09-11T08:11:58+00:00","dateModified":"2021-03-16T13:50:45+00:00","description":"D\u00e9couvrez la cuisine amazonienne et les plats que vous d\u00e9couvrirez lors d'un voyage en Amazonie. Une multitude de fruit et de saveurs...","breadcrumb":{"@id":"https:\/\/awe-amazonia.com\/index.php\/amazonian-food\/?lang=en#breadcrumb"},"inLanguage":"fr-FR","potentialAction":[{"@type":"ReadAction","target":["https:\/\/awe-amazonia.com\/index.php\/amazonian-food\/?lang=en"]}]},{"@type":"ImageObject","inLanguage":"fr-FR","@id":"https:\/\/awe-amazonia.com\/index.php\/amazonian-food\/?lang=en#primaryimage","url":"https:\/\/awe-amazonia.com\/wp-content\/uploads\/2020\/12\/cuisiner.jpg","contentUrl":"https:\/\/awe-amazonia.com\/wp-content\/uploads\/2020\/12\/cuisiner.jpg","width":1743,"height":1167},{"@type":"BreadcrumbList","@id":"https:\/\/awe-amazonia.com\/index.php\/amazonian-food\/?lang=en#breadcrumb","itemListElement":[{"@type":"ListItem","position":1,"name":"Accueil","item":"https:\/\/awe-amazonia.com\/"},{"@type":"ListItem","position":2,"name":"Amazonian food"}]},{"@type":"WebSite","@id":"https:\/\/awe-amazonia.com\/?lang=en\/#website","url":"https:\/\/awe-amazonia.com\/?lang=en\/","name":"Amazonia Wild Experience","description":"Voyage sur mesure en Amazonie - Aventures au Br\u00e9sil et au Guyana","publisher":{"@id":"https:\/\/awe-amazonia.com\/?lang=en\/#organization"},"potentialAction":[{"@type":"SearchAction","target":{"@type":"EntryPoint","urlTemplate":"https:\/\/awe-amazonia.com\/?lang=en\/?s={search_term_string}"},"query-input":{"@type":"PropertyValueSpecification","valueRequired":true,"valueName":"search_term_string"}}],"inLanguage":"fr-FR"},{"@type":"Organization","@id":"https:\/\/awe-amazonia.com\/?lang=en\/#organization","name":"Amazonia Wild Experience","url":"https:\/\/awe-amazonia.com\/?lang=en\/","logo":{"@type":"ImageObject","inLanguage":"fr-FR","@id":"https:\/\/awe-amazonia.com\/?lang=en\/#\/schema\/logo\/image\/","url":"https:\/\/awe-amazonia.com\/wp-content\/uploads\/2020\/09\/cropped-Logo.png","contentUrl":"https:\/\/awe-amazonia.com\/wp-content\/uploads\/2020\/09\/cropped-Logo.png","width":512,"height":512,"caption":"Amazonia Wild Experience"},"image":{"@id":"https:\/\/awe-amazonia.com\/?lang=en\/#\/schema\/logo\/image\/"}}]}},"_links":{"self":[{"href":"https:\/\/awe-amazonia.com\/index.php\/wp-json\/wp\/v2\/pages\/8030","targetHints":{"allow":["GET"]}}],"collection":[{"href":"https:\/\/awe-amazonia.com\/index.php\/wp-json\/wp\/v2\/pages"}],"about":[{"href":"https:\/\/awe-amazonia.com\/index.php\/wp-json\/wp\/v2\/types\/page"}],"author":[{"embeddable":true,"href":"https:\/\/awe-amazonia.com\/index.php\/wp-json\/wp\/v2\/users\/1"}],"replies":[{"embeddable":true,"href":"https:\/\/awe-amazonia.com\/index.php\/wp-json\/wp\/v2\/comments?post=8030"}],"version-history":[{"count":8,"href":"https:\/\/awe-amazonia.com\/index.php\/wp-json\/wp\/v2\/pages\/8030\/revisions"}],"predecessor-version":[{"id":8039,"href":"https:\/\/awe-amazonia.com\/index.php\/wp-json\/wp\/v2\/pages\/8030\/revisions\/8039"}],"wp:featuredmedia":[{"embeddable":true,"href":"https:\/\/awe-amazonia.com\/index.php\/wp-json\/wp\/v2\/media\/7720"}],"wp:attachment":[{"href":"https:\/\/awe-amazonia.com\/index.php\/wp-json\/wp\/v2\/media?parent=8030"}],"curies":[{"name":"wp","href":"https:\/\/api.w.org\/{rel}","templated":true}]}}