{"id":8139,"date":"2021-01-05T15:38:45","date_gmt":"2021-01-05T14:38:45","guid":{"rendered":"https:\/\/awe-amazonia.com\/index.php\/croisiere-des-oiseaux-damazonie\/"},"modified":"2021-03-18T13:44:29","modified_gmt":"2021-03-18T12:44:29","slug":"cruise-to-discover-the-birds-of-the-amazon","status":"publish","type":"page","link":"https:\/\/awe-amazonia.com\/index.php\/cruise-to-discover-the-birds-of-the-amazon\/?lang=en","title":{"rendered":"A cruise to discover the birds of the Amazon"},"content":{"rendered":"<div  class=\"one withsmallpadding ppb_header \" style=\"text-align:left;padding:40px 0 40px 0;\" >\n<div class=\"standard_wrapper\">\n<div class=\"page_content_wrapper\">\n<div class=\"inner\">\n<div style=\"margin:auto;width:100%\">\n<h2 class=\"ppb_title\" style=\"\">A private boat for an ornithological cruise that will open up the world of the Amazon to you<\/h2>\n<div class=\"ppb_header_content\">\n<p>Traveling by water, enter into the intimacy of this unique region. The Rio Solim\u00f5es and the Rio Negro come together to form the captivating Amazon River\u2026 Onboard our traditional boat, by canoe and on foot, all means for you to propel yourself into what is surely one of the most unique trails of Latin America! <\/p>\n<\/div>\n<\/div>\n<\/div>\n<\/div>\n<\/div>\n<\/div>\n<div class=\"divider one\">&nbsp;<\/div>\n<div  class=\"one_half_bg withsmallpadding ppb_text_image withbg parallax \" style=\"font-size:20px;background-image:url(https:\/\/awe-amazonia.com\/wp-content\/uploads\/2020\/12\/tamarin-piche.jpg);background-position: center center;text-align:center;padding:85px 0 85px 0;color:#ffffff !important;\" >\n<div class=\"overlay_background\" style=\"background:#000000;background:rgb(0,0,0,0.3);background:rgba(0,0,0,0.3);\"><\/div>\n<div class=\"page_content_wrapper\">\n<div class=\"inner\">\n<div style=\"margin:auto;width:100%\">\n<h2 style=\"color: #fff;\">Suggested Duration<\/h2>\n<p>5 days<\/p>\n<h2 style=\"color: #fff;\">Average budget<\/h2>\n<p>From 999 \u20ac per person<\/p>\n<\/div>\n<\/div>\n<\/div>\n<\/div>\n<div class=\"standard_wrapper\">\n<div  class=\"one_half last withsmallpadding ppb_text\" style=\"font-size:20px;text-align:center;padding:85px 0 85px 0;\" >\n<div class=\"standard_wrapper\">\n<div class=\"page_content_wrapper\">\n<div class=\"inner\">\n<div style=\"margin:auto;width:100%\">\n<h2>Number of participants<\/h2>\n<p>From 2 to 6 persons<\/p>\n<h2>Recommended period<\/h2>\n<p>From february to september<\/p>\n<\/div>\n<\/div>\n<\/div>\n<\/div>\n<\/div>\n<\/div>\n<div class=\"divider one\">&nbsp;<\/div>\n<div class=\"standard_wrapper\">\n<div  class=\"two_third withsmallpadding ppb_text\" style=\"padding:40px;\" >\n<div class=\"pp_accordion has_icon\">\n<h3><a href=\"#\">Description<\/a><\/h3>\n<div>\n<p>See the splendor of the Amazon: the vastness of its legendary river, its unique flora and fauna and a guide specialized in ornithology to accompany you. Bird watching enthusiasts will be in their element. An ideal setting nearby the Rio Negro and the Rio Solim\u00f5es which form the Amazon River.<\/p>\n<p><strong>A 5-day private cruise for couples, families or groups of friends during which we will navigate on the Januaca and Janauari lagoons.<\/strong><\/p>\n<p>An experience which will allow you to:<\/p>\n<p><span class=\"ti-check\" style=\"margin-right: 10px;\"><\/span>Dive into the heart of the Amazon with the comfort of a traditional privatized boat<br \/>\n<span class=\"ti-check\" style=\"margin-right: 10px;\"><\/span>Go bird watching with a specialist guide<br \/>\n   <span class=\"ti-check\" style=\"margin-right: 10px;\"><\/span>See where the waters of the Rio Negro and the Rio Solim\u00f5es meet to form the Amazon<br \/>\n<span class=\"ti-check\" style=\"margin-right: 10px;\"><\/span>Spot the flora and fauna with a specialist guide whether by foot or by boat, at day and at night<br \/>\n<span class=\"ti-check\" style=\"margin-right: 10px;\"><\/span>Observe the local fauna and flora<br \/>\n<span class=\"ti-check\" style=\"margin-right: 10px;\"><\/span>Navigate on a private boat<br \/>\n  <span class=\"ti-check\" style=\"margin-right: 10px;\"><\/span> Meet the &#8220;Botos cor de rosa\u201d, dolphins of the Amazon<br \/>\n<span class=\"ti-check\" style=\"margin-right: 10px;\"><\/span>Canoeing at night in the forest<br \/>\n   <span class=\"ti-check\" style=\"margin-right: 10px;\"><\/span>Spend some time with local communities<br \/>\n  <span class=\"ti-check\" style=\"margin-right: 10px;\"><\/span>See the Victoria Amazonica, a giant water lily measuring up to 3m in diameter<br \/>\n  <span class=\"ti-check\" style=\"margin-right: 10px;\"><\/span>Marvel at the vastness of the Milky Way<\/p>\n<p><strong>For the pleasure of birdwatching enthusiasts, the region of Januac\u00e1 and Janauari offers an extreme variety of bird species.<br \/>\nSeveral hundred species live in this area, here is a non-exhaustive list of the birds that you can observe:<\/strong><br \/>\nCrested eagle, macaw, blue-and-yellow macaw, hummingbird, king vulture, gray-headed kite, harpy eagle, ornate hawk-eagle, hoatzin, green-rumped parrotlet, black-tailed trogon, pearly-breasted conebill, riverside tyrant, certhiaxis, ovenbird, plush-crested jay, striped cuckoo, lesser nighthawk, tui parakeet, blue-winged parrotlet, short-tailed parrot, blue-gray tanager, yellow-browed sparrow, red-breasted meadowlark, yellow-hooded blackbird, russet-backed oropendola, snail kite, lesser hornero, river tyrannulet, toco toucan\u2026<\/p>\n<\/div>\n<\/div>\n<div class=\"pp_accordion has_icon\">\n<h3><a href=\"#\">Organization<\/a><\/h3>\n<div>\n<p><strong>Where will you sleep and what will you eat?<\/strong><\/p>\n<p>Several options are available for sleeping. You can sleep in a hammock on the deck of the boat or in an air-conditioned cabin.<\/p>\n<p>Meals will be prepared by the chef aboard the boat. You will eat vegetables and fruits accompanied by freshly caught fish and local meats. Water and fruit juices are provided for your entire stay (alcoholic beverages are not included).<\/p>\n<p><strong>Participant profile<\/strong><\/p>\n<p>This cruise is intended for all profiles of participants, it is one of our most accessible adventure. Families, couples and groups of friends will enjoy this expedition.<\/p>\n<\/div>\n<\/div>\n<div class=\"pp_accordion has_icon\">\n<h3><a href=\"#\">What is included<\/a><\/h3>\n<div>\n<p><strong>The price includes :<\/strong><\/p>\n<p><span class=\"ti-check\" style=\"margin-right: 10px;\"><\/span>Pick-up from your hotel or Manaus airport<br \/>\n<span class=\"ti-check\" style=\"margin-right: 10px;\"><\/span>Bilingual guide<br \/>\n<span class=\"ti-check\" style=\"margin-right: 10px;\"><\/span>Privatized boat with crew composed of a captain, a machinist and a cook<br \/>\n<span class=\"ti-check\" style=\"margin-right: 10px;\"><\/span>Entry into the reserves<br \/>\n   <span class=\"ti-check\" style=\"margin-right: 10px;\"><\/span>Hammocks and mosquito nets for sleeping in the forest<br \/>\n   <span class=\"ti-check\" style=\"margin-right: 10px;\"><\/span>Breakfast, lunch and dinner<\/p>\n<p><strong>The price doesn&#8217;t include:<\/strong><\/p>\n<p><span class=\"ti-close\" style=\"margin-right: 10px;\"><\/span>National and international flights<br \/>\n<span class=\"ti-close\" style=\"margin-right: 10px;\"><\/span>Hotel accommodation in Manaus<br \/>\n<span class=\"ti-close\" style=\"margin-right: 10px;\"><\/span>Travel insurance<br \/>\n<span class=\"ti-close\" style=\"margin-right: 10px;\"><\/span>Alcoholic beverages\n<\/p>\n<\/div>\n<\/div>\n<\/div>\n<\/div>\n<div class=\"standard_wrapper\">\n<div  class=\"one_third last withsmallpadding ppb_text\" style=\"padding:40px;background-color:#f7efe6;color:#513834 !important;\" >\n<h3 style=\"text-align: center;\">Reserve now<\/h3>\n<blockquote><\/blockquote>\n<div role=\"form\" class=\"wpcf7\" id=\"wpcf7-f8070-o1\" lang=\"fr-FR\" dir=\"ltr\">\n<div class=\"screen-reader-response\">\n<p role=\"status\" aria-live=\"polite\" aria-atomic=\"true\">\n<ul><\/ul>\n<\/div>\n<form action=\"\/wp-admin\/post.php#wpcf7-f8070-o1\" method=\"post\" class=\"wpcf7-form init\" novalidate=\"novalidate\" data-status=\"init\">\n<div style=\"display: none;\">\n<input type=\"hidden\" name=\"_wpcf7\" value=\"8070\" \/><br \/>\n<input type=\"hidden\" name=\"_wpcf7_version\" value=\"5.4\" \/><br \/>\n<input type=\"hidden\" name=\"_wpcf7_locale\" value=\"fr_FR\" \/><br \/>\n<input type=\"hidden\" name=\"_wpcf7_unit_tag\" value=\"wpcf7-f8070-o1\" \/><br \/>\n<input type=\"hidden\" name=\"_wpcf7_container_post\" value=\"0\" \/><br \/>\n<input type=\"hidden\" name=\"_wpcf7_posted_data_hash\" value=\"\" \/>\n<\/div>\n<p><label> Full name<br \/>\n<span class=\"wpcf7-form-control-wrap your-name\"><input type=\"text\" name=\"your-name\" value=\"\" size=\"40\" class=\"wpcf7-form-control wpcf7-text wpcf7-validates-as-required\" aria-required=\"true\" aria-invalid=\"false\" placeholder=\"Indiana Jones\" \/><\/span> <\/label><\/p>\n<p><label> Your Email adress<br \/>\n<span class=\"wpcf7-form-control-wrap your-email\"><input type=\"email\" name=\"your-email\" value=\"\" size=\"40\" class=\"wpcf7-form-control wpcf7-text wpcf7-email wpcf7-validates-as-required wpcf7-validates-as-email\" aria-required=\"true\" aria-invalid=\"false\" placeholder=\"indianajones@awe-amazonia.com\" \/><\/span> <\/label><\/p>\n<p><label> Phone Number with area code<br \/>\n<span class=\"wpcf7-form-control-wrap tel-729\"><input type=\"tel\" name=\"tel-729\" value=\"\" size=\"40\" class=\"wpcf7-form-control wpcf7-text wpcf7-tel wpcf7-validates-as-required wpcf7-validates-as-tel\" aria-required=\"true\" aria-invalid=\"false\" \/><\/span> <\/label><\/p>\n<p><label> When would you like to start your trip ?<br \/>\n<span class=\"wpcf7-form-control-wrap DepartureDate\"><input type=\"date\" name=\"DepartureDate\" value=\"\" class=\"wpcf7-form-control wpcf7-date wpcf7-validates-as-date\" aria-invalid=\"false\" \/><\/span> <\/label><\/p>\n<p><label> Number of people<br \/>\n<span class=\"wpcf7-form-control-wrap text-215\"><input type=\"text\" name=\"text-215\" value=\"\" size=\"40\" class=\"wpcf7-form-control wpcf7-text\" aria-invalid=\"false\" placeholder=\"2 people\" \/><\/span> <\/label><\/p>\n<p><label> Name and age of travelers<br \/>\n<span class=\"wpcf7-form-control-wrap textarea-216\"><textarea name=\"textarea-216\" cols=\"40\" rows=\"10\" class=\"wpcf7-form-control wpcf7-textarea\" aria-invalid=\"false\"><\/textarea><\/span><\/p>\n<p><label> Any special questions for us ?<br \/>\n<span class=\"wpcf7-form-control-wrap textarea-161\"><textarea name=\"textarea-161\" cols=\"40\" rows=\"10\" class=\"wpcf7-form-control wpcf7-textarea\" aria-invalid=\"false\"><\/textarea><\/span><\/p>\n<p><input type=\"submit\" value=\"Submit\" class=\"wpcf7-form-control wpcf7-submit\" \/><\/p>\n<div class=\"wpcf7-response-output\" aria-hidden=\"true\"><\/div>\n<\/form>\n<\/div>\n<\/div>\n<\/div>\n<div  class=\"ppb_metro one\" >\n<div class=\"one_half_bg nopadding\" style=\"background:url(https:\/\/awe-amazonia.com\/wp-content\/uploads\/2020\/12\/hoazin-huppe-perche.jpg);height:400px;\"><\/div>\n<div class=\"one_half_bg nopadding\">\n<div class=\"one_half_bg\" style=\"background:url(https:\/\/awe-amazonia.com\/wp-content\/uploads\/2021\/01\/SINGE-SAIMIRI.jpg);height:200px;\"><\/div>\n<div class=\"one_half_bg\" style=\"background:url(https:\/\/awe-amazonia.com\/wp-content\/uploads\/2021\/01\/pirogue-sur-amazone.jpg);height:200px;\"><\/div>\n<div class=\"one_half_bg\" style=\"background:url(https:\/\/awe-amazonia.com\/wp-content\/uploads\/2020\/12\/vue-depuis-le-bateau.jpg);height:200px;\"><\/div>\n<div class=\"one_half_bg\" style=\"background:url(https:\/\/awe-amazonia.com\/wp-content\/uploads\/2020\/12\/oiseaux-tous-perches.jpg);height:200px;\"><\/div>\n<\/div>\n<\/div>\n<\/div>\n<div  class=\"one withsmallpadding ppb_text\" style=\"text-align:left;padding:40px 0 40px 0;margin-bottom:10px;\" >\n<div class=\"standard_wrapper\">\n<div class=\"page_content_wrapper\">\n<div class=\"inner\">\n<div style=\"margin:auto;width:100%\">\n<h2 style=\"text-align: center;\">The program<\/h2>\n<p style=\"text-align: center;\">The program gives you an idea of how your trip will unfold. You are the protagonist of your adventure, and we will adapt to fulfil your wishes.<\/p>\n<p style=\"text-align: center;\"><strong>The people you will meet, the animals you will see, the landscapes that will pass before your eyes, the unique moments you will share that are out of this world are impossible to convey in their intensity on this page.<br \/>\nEach one of these elements, will, in our view, make your journey to the Amazon Rainforest complete.<br \/>\n<\/strong><\/p>\n<blockquote><\/blockquote>\n<div class=\"one_half \" style=\"\"><img decoding=\"async\" src=\"https:\/\/awe-amazonia.com\/wp-content\/uploads\/2020\/12\/volee-oiseaux.jpg\" alt=\"\" class=\"\" data-animation=\"\" style=\"\" \/><\/div>\n<div class=\"one_half last \" style=\"\">\n<h3>Days 1 and 2<\/h3>\n<p><strong>Day 1:<\/strong> We will pick you up at your hotel or at the airport in the morning and we will stop to discover the market of Manaus, around the port. We will then join our boat towards the confluence of the Solimon and Rio Negro rivers that form the Amazon. Their waters on one side clear and on the other side dark mix without mixing on kilometers.<br \/>\nWe will join the ecological park of Janauari in the afternoon to realize our first exit in canoe to observe the birds.<\/p>\n<p><strong>Day 2: <\/strong>The park of Janauari near by its proximity with the Rio Negro and the Solimon offers a fauna and a very varied flora. We will leave early in order to take advantage of the sunrise to begin this day of observation. At the beginning of the morning the animals are still very active which will facilitate their observation. Lunch will be on our main boat. At the end of the afternoon we will take our canoe back to enjoy the excitement before nightfall. A night outing is also planned to observe some of the more active animals at night like the caiman.<\/p>\n<\/div>\n<p><br class=\"clear\"\/><br \/>\n<br class=\"clear\" \/><\/p>\n<div class=\"one_half \" style=\"\">\n<h3>Days 3 and 4<\/h3>\n<p><strong>Day 3: <\/strong>We will take the direction of the lagoon of Janauaca and we will stop in a local community. This is a moment dedicated to the discovery of the way of life of the local people and the typical Amazonian culture. We will then go to the Janauca lagoon, where we will practice the fishing of the legendary piranha. After dinner we will go on a night trip in a canoe to observe the nocturnal fauna of the lagoon.<\/p>\n<p><strong>Day 4: <\/strong>You will discover the Amazon on foot this morning. Our guide will take you to the lake area to discover the fauna and flora as a hiker, the opportunity to be close to the elements. After lunch, we will go out in a canoe to take advantage of the end of the day to continue our discovery, this time from our boat.<\/p>\n<\/div>\n<div class=\"one_half last \" style=\"\"><img decoding=\"async\" src=\"https:\/\/awe-amazonia.com\/wp-content\/uploads\/2021\/01\/bateau-croisiere-privee-amazonie.jpg\" alt=\"\" class=\"animated\" data-animation=\"slideLeft\" style=\"\" \/><\/div>\n<p><br class=\"clear\"\/><br \/>\n<br class=\"clear\" \/><\/p>\n<div class=\"one_half \" style=\"\"><img decoding=\"async\" src=\"https:\/\/awe-amazonia.com\/wp-content\/uploads\/2020\/12\/population-locale.jpg\" alt=\"\" class=\"\" data-animation=\"\" style=\"\" \/><\/div>\n<div class=\"one_half last \" style=\"\">\n<h3>Day 5<\/h3>\n<p><strong>Last day: <\/strong>Our morning will be dedicated to the continuation of our observations by canoe, in order to complete our discovery of the immensity of the place. A last opportunity to take full sight and to keep in memory unforgettable images.<\/p>\n<p>After lunch we will return to Manaus for an expected arrival around 5:00 pm at the port.<br \/>\nFrom the port, we will accompany you to your hotel or to the airport.<\/p>\n<\/div>\n<p><br class=\"clear\"\/><\/p>\n<\/div>\n<\/div>\n<\/div>\n<\/div>\n<\/div>\n<div  class=\"parallax \" style=\"background-image: url(https:\/\/awe-amazonia.com\/wp-content\/uploads\/2020\/12\/oiseaux-a-l-horizon.jpg);height:80vh; \"><\/div>\n","protected":false},"excerpt":{"rendered":"<p>A private boat for an ornithological cruise that will open up the world of the Amazon to you Traveling by water, enter into the intimacy of this unique region. The Rio Solim\u00f5es and the Rio Negro come together to form [&hellip;]<\/p>\n","protected":false},"author":2,"featured_media":7781,"parent":0,"menu_order":0,"comment_status":"closed","ping_status":"closed","template":"","meta":{"iawp_total_views":191,"footnotes":""},"class_list":["post-8139","page","type-page","status-publish","has-post-thumbnail","hentry"],"yoast_head":"<!-- This site is optimized with the Yoast SEO plugin v27.1.1 - https:\/\/yoast.com\/product\/yoast-seo-wordpress\/ -->\n<title>A cruise to discover the birds of the Amazon - Amazonia Wild Experience<\/title>\n<meta name=\"description\" content=\"Une croisi\u00e8re \u00e0 la d\u00e9couverte de la faune et de la flore, et des oiseaux d&#039;amazonie. Les passion\u00e9s de birdwatch seront ravis.\" \/>\n<meta name=\"robots\" content=\"index, follow, max-snippet:-1, max-image-preview:large, max-video-preview:-1\" \/>\n<link rel=\"canonical\" href=\"https:\/\/awe-amazonia.com\/index.php\/cruise-to-discover-the-birds-of-the-amazon\/\" \/>\n<meta property=\"og:locale\" content=\"fr_FR\" \/>\n<meta property=\"og:type\" content=\"article\" \/>\n<meta property=\"og:title\" content=\"A cruise to discover the birds of the Amazon - Amazonia Wild Experience\" \/>\n<meta property=\"og:description\" content=\"Une croisi\u00e8re \u00e0 la d\u00e9couverte de la faune et de la flore, et des oiseaux d&#039;amazonie. Les passion\u00e9s de birdwatch seront ravis.\" \/>\n<meta property=\"og:url\" content=\"https:\/\/awe-amazonia.com\/index.php\/cruise-to-discover-the-birds-of-the-amazon\/?lang=en\" \/>\n<meta property=\"og:site_name\" content=\"Amazonia Wild Experience\" \/>\n<meta property=\"article:modified_time\" content=\"2021-03-18T12:44:29+00:00\" \/>\n<meta property=\"og:image\" content=\"https:\/\/awe-amazonia.com\/wp-content\/uploads\/2020\/12\/ara-caninde.jpg\" \/>\n\t<meta property=\"og:image:width\" content=\"1024\" \/>\n\t<meta property=\"og:image:height\" content=\"684\" \/>\n\t<meta property=\"og:image:type\" content=\"image\/jpeg\" \/>\n<meta name=\"twitter:card\" content=\"summary_large_image\" \/>\n<meta name=\"twitter:label1\" content=\"Dur\u00e9e de lecture estim\u00e9e\" \/>\n\t<meta name=\"twitter:data1\" content=\"5 minutes\" \/>\n<script type=\"application\/ld+json\" class=\"yoast-schema-graph\">{\"@context\":\"https:\/\/schema.org\",\"@graph\":[{\"@type\":\"WebPage\",\"@id\":\"https:\/\/awe-amazonia.com\/index.php\/cruise-to-discover-the-birds-of-the-amazon\/?lang=en\",\"url\":\"https:\/\/awe-amazonia.com\/index.php\/cruise-to-discover-the-birds-of-the-amazon\/?lang=en\",\"name\":\"A cruise to discover the birds of the Amazon - Amazonia Wild Experience\",\"isPartOf\":{\"@id\":\"https:\/\/awe-amazonia.com\/#website\"},\"primaryImageOfPage\":{\"@id\":\"https:\/\/awe-amazonia.com\/index.php\/cruise-to-discover-the-birds-of-the-amazon\/?lang=en#primaryimage\"},\"image\":{\"@id\":\"https:\/\/awe-amazonia.com\/index.php\/cruise-to-discover-the-birds-of-the-amazon\/?lang=en#primaryimage\"},\"thumbnailUrl\":\"https:\/\/awe-amazonia.com\/wp-content\/uploads\/2020\/12\/ara-caninde.jpg\",\"datePublished\":\"2021-01-05T14:38:45+00:00\",\"dateModified\":\"2021-03-18T12:44:29+00:00\",\"description\":\"Une croisi\u00e8re \u00e0 la d\u00e9couverte de la faune et de la flore, et des oiseaux d'amazonie. Les passion\u00e9s de birdwatch seront ravis.\",\"breadcrumb\":{\"@id\":\"https:\/\/awe-amazonia.com\/index.php\/cruise-to-discover-the-birds-of-the-amazon\/?lang=en#breadcrumb\"},\"inLanguage\":\"fr-FR\",\"potentialAction\":[{\"@type\":\"ReadAction\",\"target\":[\"https:\/\/awe-amazonia.com\/index.php\/cruise-to-discover-the-birds-of-the-amazon\/?lang=en\"]}]},{\"@type\":\"ImageObject\",\"inLanguage\":\"fr-FR\",\"@id\":\"https:\/\/awe-amazonia.com\/index.php\/cruise-to-discover-the-birds-of-the-amazon\/?lang=en#primaryimage\",\"url\":\"https:\/\/awe-amazonia.com\/wp-content\/uploads\/2020\/12\/ara-caninde.jpg\",\"contentUrl\":\"https:\/\/awe-amazonia.com\/wp-content\/uploads\/2020\/12\/ara-caninde.jpg\",\"width\":1024,\"height\":684,\"caption\":\"blue macaw\"},{\"@type\":\"BreadcrumbList\",\"@id\":\"https:\/\/awe-amazonia.com\/index.php\/cruise-to-discover-the-birds-of-the-amazon\/?lang=en#breadcrumb\",\"itemListElement\":[{\"@type\":\"ListItem\",\"position\":1,\"name\":\"Accueil\",\"item\":\"https:\/\/awe-amazonia.com\/\"},{\"@type\":\"ListItem\",\"position\":2,\"name\":\"A cruise to discover the birds of the Amazon\"}]},{\"@type\":\"WebSite\",\"@id\":\"https:\/\/awe-amazonia.com\/#website\",\"url\":\"https:\/\/awe-amazonia.com\/\",\"name\":\"Amazonia Wild Experience\",\"description\":\"Voyage sur mesure en Amazonie - Aventures au Br\u00e9sil et au Guyana\",\"publisher\":{\"@id\":\"https:\/\/awe-amazonia.com\/#organization\"},\"potentialAction\":[{\"@type\":\"SearchAction\",\"target\":{\"@type\":\"EntryPoint\",\"urlTemplate\":\"https:\/\/awe-amazonia.com\/?s={search_term_string}\"},\"query-input\":{\"@type\":\"PropertyValueSpecification\",\"valueRequired\":true,\"valueName\":\"search_term_string\"}}],\"inLanguage\":\"fr-FR\"},{\"@type\":\"Organization\",\"@id\":\"https:\/\/awe-amazonia.com\/#organization\",\"name\":\"Amazonia Wild Experience\",\"url\":\"https:\/\/awe-amazonia.com\/\",\"logo\":{\"@type\":\"ImageObject\",\"inLanguage\":\"fr-FR\",\"@id\":\"https:\/\/awe-amazonia.com\/#\/schema\/logo\/image\/\",\"url\":\"https:\/\/awe-amazonia.com\/wp-content\/uploads\/2020\/09\/cropped-Logo.png\",\"contentUrl\":\"https:\/\/awe-amazonia.com\/wp-content\/uploads\/2020\/09\/cropped-Logo.png\",\"width\":512,\"height\":512,\"caption\":\"Amazonia Wild Experience\"},\"image\":{\"@id\":\"https:\/\/awe-amazonia.com\/#\/schema\/logo\/image\/\"}}]}<\/script>\n<!-- \/ Yoast SEO plugin. -->","yoast_head_json":{"title":"A cruise to discover the birds of the Amazon - Amazonia Wild Experience","description":"Une croisi\u00e8re \u00e0 la d\u00e9couverte de la faune et de la flore, et des oiseaux d'amazonie. Les passion\u00e9s de birdwatch seront ravis.","robots":{"index":"index","follow":"follow","max-snippet":"max-snippet:-1","max-image-preview":"max-image-preview:large","max-video-preview":"max-video-preview:-1"},"canonical":"https:\/\/awe-amazonia.com\/index.php\/cruise-to-discover-the-birds-of-the-amazon\/","og_locale":"fr_FR","og_type":"article","og_title":"A cruise to discover the birds of the Amazon - Amazonia Wild Experience","og_description":"Une croisi\u00e8re \u00e0 la d\u00e9couverte de la faune et de la flore, et des oiseaux d'amazonie. Les passion\u00e9s de birdwatch seront ravis.","og_url":"https:\/\/awe-amazonia.com\/index.php\/cruise-to-discover-the-birds-of-the-amazon\/?lang=en","og_site_name":"Amazonia Wild Experience","article_modified_time":"2021-03-18T12:44:29+00:00","og_image":[{"width":1024,"height":684,"url":"https:\/\/awe-amazonia.com\/wp-content\/uploads\/2020\/12\/ara-caninde.jpg","type":"image\/jpeg"}],"twitter_card":"summary_large_image","twitter_misc":{"Dur\u00e9e de lecture estim\u00e9e":"5 minutes"},"schema":{"@context":"https:\/\/schema.org","@graph":[{"@type":"WebPage","@id":"https:\/\/awe-amazonia.com\/index.php\/cruise-to-discover-the-birds-of-the-amazon\/?lang=en","url":"https:\/\/awe-amazonia.com\/index.php\/cruise-to-discover-the-birds-of-the-amazon\/?lang=en","name":"A cruise to discover the birds of the Amazon - Amazonia Wild Experience","isPartOf":{"@id":"https:\/\/awe-amazonia.com\/#website"},"primaryImageOfPage":{"@id":"https:\/\/awe-amazonia.com\/index.php\/cruise-to-discover-the-birds-of-the-amazon\/?lang=en#primaryimage"},"image":{"@id":"https:\/\/awe-amazonia.com\/index.php\/cruise-to-discover-the-birds-of-the-amazon\/?lang=en#primaryimage"},"thumbnailUrl":"https:\/\/awe-amazonia.com\/wp-content\/uploads\/2020\/12\/ara-caninde.jpg","datePublished":"2021-01-05T14:38:45+00:00","dateModified":"2021-03-18T12:44:29+00:00","description":"Une croisi\u00e8re \u00e0 la d\u00e9couverte de la faune et de la flore, et des oiseaux d'amazonie. Les passion\u00e9s de birdwatch seront ravis.","breadcrumb":{"@id":"https:\/\/awe-amazonia.com\/index.php\/cruise-to-discover-the-birds-of-the-amazon\/?lang=en#breadcrumb"},"inLanguage":"fr-FR","potentialAction":[{"@type":"ReadAction","target":["https:\/\/awe-amazonia.com\/index.php\/cruise-to-discover-the-birds-of-the-amazon\/?lang=en"]}]},{"@type":"ImageObject","inLanguage":"fr-FR","@id":"https:\/\/awe-amazonia.com\/index.php\/cruise-to-discover-the-birds-of-the-amazon\/?lang=en#primaryimage","url":"https:\/\/awe-amazonia.com\/wp-content\/uploads\/2020\/12\/ara-caninde.jpg","contentUrl":"https:\/\/awe-amazonia.com\/wp-content\/uploads\/2020\/12\/ara-caninde.jpg","width":1024,"height":684,"caption":"blue macaw"},{"@type":"BreadcrumbList","@id":"https:\/\/awe-amazonia.com\/index.php\/cruise-to-discover-the-birds-of-the-amazon\/?lang=en#breadcrumb","itemListElement":[{"@type":"ListItem","position":1,"name":"Accueil","item":"https:\/\/awe-amazonia.com\/"},{"@type":"ListItem","position":2,"name":"A cruise to discover the birds of the Amazon"}]},{"@type":"WebSite","@id":"https:\/\/awe-amazonia.com\/#website","url":"https:\/\/awe-amazonia.com\/","name":"Amazonia Wild Experience","description":"Voyage sur mesure en Amazonie - Aventures au Br\u00e9sil et au Guyana","publisher":{"@id":"https:\/\/awe-amazonia.com\/#organization"},"potentialAction":[{"@type":"SearchAction","target":{"@type":"EntryPoint","urlTemplate":"https:\/\/awe-amazonia.com\/?s={search_term_string}"},"query-input":{"@type":"PropertyValueSpecification","valueRequired":true,"valueName":"search_term_string"}}],"inLanguage":"fr-FR"},{"@type":"Organization","@id":"https:\/\/awe-amazonia.com\/#organization","name":"Amazonia Wild Experience","url":"https:\/\/awe-amazonia.com\/","logo":{"@type":"ImageObject","inLanguage":"fr-FR","@id":"https:\/\/awe-amazonia.com\/#\/schema\/logo\/image\/","url":"https:\/\/awe-amazonia.com\/wp-content\/uploads\/2020\/09\/cropped-Logo.png","contentUrl":"https:\/\/awe-amazonia.com\/wp-content\/uploads\/2020\/09\/cropped-Logo.png","width":512,"height":512,"caption":"Amazonia Wild Experience"},"image":{"@id":"https:\/\/awe-amazonia.com\/#\/schema\/logo\/image\/"}}]}},"_links":{"self":[{"href":"https:\/\/awe-amazonia.com\/index.php\/wp-json\/wp\/v2\/pages\/8139","targetHints":{"allow":["GET"]}}],"collection":[{"href":"https:\/\/awe-amazonia.com\/index.php\/wp-json\/wp\/v2\/pages"}],"about":[{"href":"https:\/\/awe-amazonia.com\/index.php\/wp-json\/wp\/v2\/types\/page"}],"author":[{"embeddable":true,"href":"https:\/\/awe-amazonia.com\/index.php\/wp-json\/wp\/v2\/users\/2"}],"replies":[{"embeddable":true,"href":"https:\/\/awe-amazonia.com\/index.php\/wp-json\/wp\/v2\/comments?post=8139"}],"version-history":[{"count":8,"href":"https:\/\/awe-amazonia.com\/index.php\/wp-json\/wp\/v2\/pages\/8139\/revisions"}],"predecessor-version":[{"id":8168,"href":"https:\/\/awe-amazonia.com\/index.php\/wp-json\/wp\/v2\/pages\/8139\/revisions\/8168"}],"wp:featuredmedia":[{"embeddable":true,"href":"https:\/\/awe-amazonia.com\/index.php\/wp-json\/wp\/v2\/media\/7781"}],"wp:attachment":[{"href":"https:\/\/awe-amazonia.com\/index.php\/wp-json\/wp\/v2\/media?parent=8139"}],"curies":[{"name":"wp","href":"https:\/\/api.w.org\/{rel}","templated":true}]}}