{"id":86,"date":"2016-12-10T07:14:56","date_gmt":"2016-12-10T07:14:56","guid":{"rendered":"http:\/\/themes.themegoods.com\/grandtour\/demo\/?page_id=86"},"modified":"2021-12-02T15:01:05","modified_gmt":"2021-12-02T14:01:05","slug":"blog","status":"publish","type":"page","link":"https:\/\/awe-amazonia.com\/index.php\/blog\/","title":{"rendered":"Blog du voyage en Amazonie au Br\u00e9sil"},"content":{"rendered":"","protected":false},"excerpt":{"rendered":"","protected":false},"author":1,"featured_media":0,"parent":0,"menu_order":0,"comment_status":"closed","ping_status":"closed","template":"blog_g.php","meta":{"iawp_total_views":0,"footnotes":""},"class_list":["post-86","page","type-page","status-publish","hentry"],"yoast_head":"<!-- This site is optimized with the Yoast SEO plugin v27.1.1 - https:\/\/yoast.com\/product\/yoast-seo-wordpress\/ -->\n<title>Blog du voyage en Amazonie au Br\u00e9sil - Amazonia Wild Experience<\/title>\n<meta name=\"description\" content=\"Le blog de l&#039;agence sp\u00e9cialis\u00e9e dans le voyage d&#039;aventure dans la for\u00eat amazonienne et les exp\u00e9ditions en Amazonie, au Br\u00e9sil et au Guyana.\" \/>\n<meta name=\"robots\" content=\"index, follow, max-snippet:-1, max-image-preview:large, max-video-preview:-1\" \/>\n<link rel=\"canonical\" href=\"https:\/\/awe-amazonia.com\/index.php\/blog\/\" \/>\n<meta property=\"og:locale\" content=\"fr_FR\" \/>\n<meta property=\"og:type\" content=\"article\" \/>\n<meta property=\"og:title\" content=\"Blog du voyage en Amazonie au Br\u00e9sil - Amazonia Wild Experience\" \/>\n<meta property=\"og:description\" content=\"Le blog de l&#039;agence sp\u00e9cialis\u00e9e dans le voyage d&#039;aventure dans la for\u00eat amazonienne et les exp\u00e9ditions en Amazonie, au Br\u00e9sil et au Guyana.\" \/>\n<meta property=\"og:url\" content=\"https:\/\/awe-amazonia.com\/index.php\/blog\/\" \/>\n<meta property=\"og:site_name\" content=\"Amazonia Wild Experience\" \/>\n<meta property=\"article:modified_time\" content=\"2021-12-02T14:01:05+00:00\" \/>\n<meta name=\"twitter:card\" content=\"summary_large_image\" \/>\n<script type=\"application\/ld+json\" class=\"yoast-schema-graph\">{\"@context\":\"https:\/\/schema.org\",\"@graph\":[{\"@type\":\"WebPage\",\"@id\":\"https:\/\/awe-amazonia.com\/index.php\/blog\/\",\"url\":\"https:\/\/awe-amazonia.com\/index.php\/blog\/\",\"name\":\"Blog du voyage en Amazonie au Br\u00e9sil - Amazonia Wild Experience\",\"isPartOf\":{\"@id\":\"https:\/\/awe-amazonia.com\/?lang=en\/#website\"},\"datePublished\":\"2016-12-10T07:14:56+00:00\",\"dateModified\":\"2021-12-02T14:01:05+00:00\",\"description\":\"Le blog de l'agence sp\u00e9cialis\u00e9e dans le voyage d'aventure dans la for\u00eat amazonienne et les exp\u00e9ditions en Amazonie, au Br\u00e9sil et au Guyana.\",\"breadcrumb\":{\"@id\":\"https:\/\/awe-amazonia.com\/index.php\/blog\/#breadcrumb\"},\"inLanguage\":\"fr-FR\",\"potentialAction\":[{\"@type\":\"ReadAction\",\"target\":[\"https:\/\/awe-amazonia.com\/index.php\/blog\/\"]}]},{\"@type\":\"BreadcrumbList\",\"@id\":\"https:\/\/awe-amazonia.com\/index.php\/blog\/#breadcrumb\",\"itemListElement\":[{\"@type\":\"ListItem\",\"position\":1,\"name\":\"Accueil\",\"item\":\"https:\/\/awe-amazonia.com\/\"},{\"@type\":\"ListItem\",\"position\":2,\"name\":\"Blog du voyage en Amazonie au Br\u00e9sil\"}]},{\"@type\":\"WebSite\",\"@id\":\"https:\/\/awe-amazonia.com\/?lang=en\/#website\",\"url\":\"https:\/\/awe-amazonia.com\/?lang=en\/\",\"name\":\"Amazonia Wild Experience\",\"description\":\"Voyage sur mesure en Amazonie - Aventures au Br\u00e9sil et au Guyana\",\"publisher\":{\"@id\":\"https:\/\/awe-amazonia.com\/?lang=en\/#organization\"},\"potentialAction\":[{\"@type\":\"SearchAction\",\"target\":{\"@type\":\"EntryPoint\",\"urlTemplate\":\"https:\/\/awe-amazonia.com\/?lang=en\/?s={search_term_string}\"},\"query-input\":{\"@type\":\"PropertyValueSpecification\",\"valueRequired\":true,\"valueName\":\"search_term_string\"}}],\"inLanguage\":\"fr-FR\"},{\"@type\":\"Organization\",\"@id\":\"https:\/\/awe-amazonia.com\/?lang=en\/#organization\",\"name\":\"Amazonia Wild Experience\",\"url\":\"https:\/\/awe-amazonia.com\/?lang=en\/\",\"logo\":{\"@type\":\"ImageObject\",\"inLanguage\":\"fr-FR\",\"@id\":\"https:\/\/awe-amazonia.com\/?lang=en\/#\/schema\/logo\/image\/\",\"url\":\"https:\/\/awe-amazonia.com\/wp-content\/uploads\/2020\/09\/cropped-Logo.png\",\"contentUrl\":\"https:\/\/awe-amazonia.com\/wp-content\/uploads\/2020\/09\/cropped-Logo.png\",\"width\":512,\"height\":512,\"caption\":\"Amazonia Wild Experience\"},\"image\":{\"@id\":\"https:\/\/awe-amazonia.com\/?lang=en\/#\/schema\/logo\/image\/\"}}]}<\/script>\n<!-- \/ Yoast SEO plugin. -->","yoast_head_json":{"title":"Blog du voyage en Amazonie au Br\u00e9sil - Amazonia Wild Experience","description":"Le blog de l'agence sp\u00e9cialis\u00e9e dans le voyage d'aventure dans la for\u00eat amazonienne et les exp\u00e9ditions en Amazonie, au Br\u00e9sil et au Guyana.","robots":{"index":"index","follow":"follow","max-snippet":"max-snippet:-1","max-image-preview":"max-image-preview:large","max-video-preview":"max-video-preview:-1"},"canonical":"https:\/\/awe-amazonia.com\/index.php\/blog\/","og_locale":"fr_FR","og_type":"article","og_title":"Blog du voyage en Amazonie au Br\u00e9sil - Amazonia Wild Experience","og_description":"Le blog de l'agence sp\u00e9cialis\u00e9e dans le voyage d'aventure dans la for\u00eat amazonienne et les exp\u00e9ditions en Amazonie, au Br\u00e9sil et au Guyana.","og_url":"https:\/\/awe-amazonia.com\/index.php\/blog\/","og_site_name":"Amazonia Wild Experience","article_modified_time":"2021-12-02T14:01:05+00:00","twitter_card":"summary_large_image","schema":{"@context":"https:\/\/schema.org","@graph":[{"@type":"WebPage","@id":"https:\/\/awe-amazonia.com\/index.php\/blog\/","url":"https:\/\/awe-amazonia.com\/index.php\/blog\/","name":"Blog du voyage en Amazonie au Br\u00e9sil - Amazonia Wild Experience","isPartOf":{"@id":"https:\/\/awe-amazonia.com\/?lang=en\/#website"},"datePublished":"2016-12-10T07:14:56+00:00","dateModified":"2021-12-02T14:01:05+00:00","description":"Le blog de l'agence sp\u00e9cialis\u00e9e dans le voyage d'aventure dans la for\u00eat amazonienne et les exp\u00e9ditions en Amazonie, au Br\u00e9sil et au Guyana.","breadcrumb":{"@id":"https:\/\/awe-amazonia.com\/index.php\/blog\/#breadcrumb"},"inLanguage":"fr-FR","potentialAction":[{"@type":"ReadAction","target":["https:\/\/awe-amazonia.com\/index.php\/blog\/"]}]},{"@type":"BreadcrumbList","@id":"https:\/\/awe-amazonia.com\/index.php\/blog\/#breadcrumb","itemListElement":[{"@type":"ListItem","position":1,"name":"Accueil","item":"https:\/\/awe-amazonia.com\/"},{"@type":"ListItem","position":2,"name":"Blog du voyage en Amazonie au Br\u00e9sil"}]},{"@type":"WebSite","@id":"https:\/\/awe-amazonia.com\/?lang=en\/#website","url":"https:\/\/awe-amazonia.com\/?lang=en\/","name":"Amazonia Wild Experience","description":"Voyage sur mesure en Amazonie - Aventures au Br\u00e9sil et au Guyana","publisher":{"@id":"https:\/\/awe-amazonia.com\/?lang=en\/#organization"},"potentialAction":[{"@type":"SearchAction","target":{"@type":"EntryPoint","urlTemplate":"https:\/\/awe-amazonia.com\/?lang=en\/?s={search_term_string}"},"query-input":{"@type":"PropertyValueSpecification","valueRequired":true,"valueName":"search_term_string"}}],"inLanguage":"fr-FR"},{"@type":"Organization","@id":"https:\/\/awe-amazonia.com\/?lang=en\/#organization","name":"Amazonia Wild Experience","url":"https:\/\/awe-amazonia.com\/?lang=en\/","logo":{"@type":"ImageObject","inLanguage":"fr-FR","@id":"https:\/\/awe-amazonia.com\/?lang=en\/#\/schema\/logo\/image\/","url":"https:\/\/awe-amazonia.com\/wp-content\/uploads\/2020\/09\/cropped-Logo.png","contentUrl":"https:\/\/awe-amazonia.com\/wp-content\/uploads\/2020\/09\/cropped-Logo.png","width":512,"height":512,"caption":"Amazonia Wild Experience"},"image":{"@id":"https:\/\/awe-amazonia.com\/?lang=en\/#\/schema\/logo\/image\/"}}]}},"_links":{"self":[{"href":"https:\/\/awe-amazonia.com\/index.php\/wp-json\/wp\/v2\/pages\/86","targetHints":{"allow":["GET"]}}],"collection":[{"href":"https:\/\/awe-amazonia.com\/index.php\/wp-json\/wp\/v2\/pages"}],"about":[{"href":"https:\/\/awe-amazonia.com\/index.php\/wp-json\/wp\/v2\/types\/page"}],"author":[{"embeddable":true,"href":"https:\/\/awe-amazonia.com\/index.php\/wp-json\/wp\/v2\/users\/1"}],"replies":[{"embeddable":true,"href":"https:\/\/awe-amazonia.com\/index.php\/wp-json\/wp\/v2\/comments?post=86"}],"version-history":[{"count":2,"href":"https:\/\/awe-amazonia.com\/index.php\/wp-json\/wp\/v2\/pages\/86\/revisions"}],"predecessor-version":[{"id":16724,"href":"https:\/\/awe-amazonia.com\/index.php\/wp-json\/wp\/v2\/pages\/86\/revisions\/16724"}],"wp:attachment":[{"href":"https:\/\/awe-amazonia.com\/index.php\/wp-json\/wp\/v2\/media?parent=86"}],"curies":[{"name":"wp","href":"https:\/\/api.w.org\/{rel}","templated":true}]}}