{"id":9209,"date":"2021-01-03T14:23:35","date_gmt":"2021-01-03T13:23:35","guid":{"rendered":"https:\/\/awe-amazonia.com\/index.php\/amazonie-menacee\/"},"modified":"2022-03-21T19:50:54","modified_gmt":"2022-03-21T18:50:54","slug":"amazonie-menacee","status":"publish","type":"page","link":"https:\/\/awe-amazonia.com\/index.php\/amazonie-menacee\/?lang=pt-br","title":{"rendered":"Um para\u00edso em perigo"},"content":{"rendered":"<div  class=\"one ppb_card_two_cols_with_image\" style=\"position:relative;padding:40px 0 40px 0;\" >\n<div class=\"standard_wrapper\">\n<div class=\"page_content_wrapper\">\n<div class=\"inner\">\n<div class=\"one_half parallax_scroll_image\" style=\"width:65%;\">\n<div class=\"image_classic_frame expand\">\n<div class=\"image_wrapper\"><img decoding=\"async\" src=\"https:\/\/awe-amazonia.com\/wp-content\/uploads\/2021\/01\/Planter-les-arbres.jpg\" alt=\"\" class=\"portfolio_img\"\/><\/div>\n<\/div>\n<\/div>\n<div class=\"one_half last parallax_scroll\" style=\"width:40%;position:absolute;padding:40px;background:#fff;\" data-stellar-ratio=\"1.3\">\n<h2 class=\"ppb_title\" style=\"\">Reagir e Proteger<\/h2>\n<div class=\"ppb_header_content\">\n<p>E dif\u00edcil de ignorar\u2026  A Amazonia sofre.<\/p>\n<p>Somente uma conscientiza\u00e7\u00e3o global poder\u00e1 salvar a Amaz\u00f4nia e o resto do planeta com ela. Essa urg\u00eancia planet\u00e1ria ecoa como sendo a ess\u00eancia pura da Amazonia Wild Experience.<\/p>\n<p>A desfloresta\u00e7\u00e3o, a explora\u00e7\u00e3o mineral ilegal, os desmatamentos e os inc\u00eandios j\u00e1 atingiram o n\u00edvel m\u00e1ximo dos \u00faltimos 11 anos e os cientistas dizem que estamos nos aproximando de um ponto sem volta- Depois disso a Amaz\u00f4nia n\u00e3o funcionar\u00e1 mais como ela deveria.<\/p>\n<\/div>\n<\/div>\n<p><br class=\"clear\"\/><\/div>\n<\/div>\n<\/div>\n<\/div>\n<div  class=\"one\" >\n<div class=\"standard_wrapper\">\n<div class=\"page_content_wrapper\">\n<div class=\"inner\">\n<div class=\"one_half\">\n<div class=\"image_classic_frame expand\">\n<div class=\"image_wrapper\"><a href=\"https:\/\/awe-amazonia.com\/wp-content\/uploads\/2022\/03\/Fogos.jpg\" class=\"img_frame\"><img decoding=\"async\" src=\"https:\/\/awe-amazonia.com\/wp-content\/uploads\/2022\/03\/Fogos.jpg\" alt=\"feu de for\u00eat\" class=\"portfolio_img\"\/><\/a><\/div>\n<\/div>\n<\/div>\n<div class=\"one_half last content_middle\" style=\"padding:40px;\">\n<h2 class=\"ppb_title\" style=\"\">O desflorestamento <\/h2>\n<div class=\"ppb_header_content\">\n<p>Entre 1492 e 1970, 1% da floresta amazonense foi destru\u00edda. Nos \u00faltimos 35 anos, essa mesma floresta foi reduzida em 14 %, ou seja, uma superf\u00edcie superior a duas vezes o tamanho da Fran\u00e7a e numa velocidade de desmatamento 200 vezes mais alta.<\/p>\n<p>O desflorestamento continua num ritmo acelerado atualmente. Al\u00e9m das superf\u00edcies destru\u00eddas, \u00e9 a peculiaridade da floresta que est\u00e1 em jogo. <\/p>\n<p>Alguns madeireiros n\u00e3o hesitam em penetrar na floresta s\u00f3 para retirar algumas ess\u00eancias raras de madeiras: a floresta est\u00e1 sendo saqueada. <\/p>\n<\/div>\n<\/div>\n<p><br class=\"clear\"\/><\/div>\n<\/div>\n<\/div>\n<\/div>\n<div  class=\"one\" >\n<div class=\"standard_wrapper\">\n<div class=\"page_content_wrapper\">\n<div class=\"inner\">\n<div class=\"one_half content_middle textright\" style=\"padding:40px;\">\n<h2 class=\"ppb_title\" style=\"\">Os inc\u00eandios florestais<\/h2>\n<div class=\"ppb_header_content\">\n<p>Em 2019, as imagens dos inc\u00eandios florestais foram expostas no mundo todo, entretanto o \u201cpulm\u00e3o verde\u201d do planeta continua queimando com uma relativa indiferen\u00e7a. A quantidade de inc\u00eandios continuava aumentando em julho de 2020, e foram registradas 6 803 origens de inc\u00eandio na regi\u00e3o amazonense.<\/p>\n<p>Essa tend\u00eancia s\u00f3 aumenta, encorajada pelo governo brasileiro que destr\u00f3i todas as pol\u00edticas ambientas passadas.<\/p>\n<\/div>\n<\/div>\n<div class=\"one_half last\">\n<div class=\"image_classic_frame expand\">\n<div class=\"image_wrapper\"><a href=\"https:\/\/awe-amazonia.com\/wp-content\/uploads\/2022\/03\/Fogo-amazonia.jpg\" class=\"img_frame\"><img decoding=\"async\" src=\"https:\/\/awe-amazonia.com\/wp-content\/uploads\/2022\/03\/Fogo-amazonia.jpg\" alt=\"incendies en amazonie\" class=\"portfolio_img\"\/><\/a><\/div>\n<\/div>\n<\/div>\n<p><br class=\"clear\"\/><\/div>\n<\/div>\n<\/div>\n<\/div>\n<div  class=\"one\" >\n<div class=\"standard_wrapper\">\n<div class=\"page_content_wrapper\">\n<div class=\"inner\">\n<div class=\"one_half\">\n<div class=\"image_classic_frame expand\">\n<div class=\"image_wrapper\"><a href=\"https:\/\/awe-amazonia.com\/wp-content\/uploads\/2022\/03\/agricultura.jpg\" class=\"img_frame\"><img decoding=\"async\" src=\"https:\/\/awe-amazonia.com\/wp-content\/uploads\/2022\/03\/agricultura.jpg\" alt=\"D\u00e9forestation pour agriculture\" class=\"portfolio_img\"\/><\/a><\/div>\n<\/div>\n<\/div>\n<div class=\"one_half last content_middle\" style=\"padding:40px;\">\n<h2 class=\"ppb_title\" style=\"\">A Agricultura<\/h2>\n<div class=\"ppb_header_content\">\n<p>Atualmente, junto com a madeira tropical para exporta\u00e7\u00e3o e a expans\u00e3o da pecu\u00e1ria, os ecologistas e os defensores dos povos ind\u00edgenas tiveram que acrescentar o combate a cultura intensiva da soja, que passou a ser o inimigo n\u00famero 1 da floresta Amaz\u00f4nica. <\/p>\n<p>Hoje, mais de 80 milh\u00f5es de hectares de terra no Brasil foram destru\u00eddas por esses motivos, ou seja, mais ou menos um d\u00e9cimo da superf\u00edcie do pa\u00eds. <\/p>\n<p>A soja \u00e9 cultivada principalmente para alimentar o gado que \u00e9 uma das causas do desflorestamento. O c\u00edrculo vicioso est\u00e1 montado. <\/p>\n<\/div>\n<\/div>\n<p><br class=\"clear\"\/><\/div>\n<\/div>\n<\/div>\n<\/div>\n<div  class=\"one\" style=\"margin-bottom:60px;\" >\n<div class=\"standard_wrapper\">\n<div class=\"page_content_wrapper\">\n<div class=\"inner\">\n<div class=\"one_half content_middle textright\" style=\"padding:40px;\">\n<h2 class=\"ppb_title\" style=\"\">A pecu\u00e1ria<\/h2>\n<div class=\"ppb_header_content\">\n<p>As densas florestas da Amaz\u00f4nia que cobriam o nordeste do Brasil desapareceram. N\u00e3o para serem substitu\u00eddas pelas cidades, mas por um deserto para \u00e1rea de pasto e para fazendas de pecu\u00e1ria que se estendem infinitamente. As \u00faltimas parcelas da floresta mais antiga do mundo s\u00e3o as que puderam ser salvas gra\u00e7as a resist\u00eancia dos \u00cdndios contra o avan\u00e7o dos madeireiros e dos fazendeiros. <\/p>\n<p>A necessidade de espa\u00e7o para a cria\u00e7\u00e3o de gado \u00e9 uma das principais causas dos inc\u00eandios florestais. Os grandes fazendeiros brasileiros n\u00e3o hesitam em queimar floresta para multiplicar a cria\u00e7\u00e3o de gado. A extens\u00e3o dos \u00faltimos inc\u00eandios teve dimens\u00f5es incontrol\u00e1veis, a tal ponto que milhares de cabe\u00e7a de gado foram pegas na armadilha e acabaram morrendo queimadas.<\/p>\n<\/div>\n<\/div>\n<div class=\"one_half last\">\n<div class=\"image_classic_frame expand\">\n<div class=\"image_wrapper\"><a href=\"https:\/\/awe-amazonia.com\/wp-content\/uploads\/2022\/03\/Gado.jpg\" class=\"img_frame\"><img decoding=\"async\" src=\"https:\/\/awe-amazonia.com\/wp-content\/uploads\/2022\/03\/Gado.jpg\" alt=\"\u00e9levage d\u00e9forestation\" class=\"portfolio_img\"\/><\/a><\/div>\n<\/div>\n<\/div>\n<p><br class=\"clear\"\/><\/div>\n<\/div>\n<\/div>\n<\/div>\n<div  class=\"one\" >\n<div class=\"standard_wrapper\">\n<div class=\"page_content_wrapper\">\n<div class=\"inner\">\n<div class=\"one_half\">\n<div class=\"image_classic_frame expand\">\n<div class=\"image_wrapper\"><a href=\"https:\/\/awe-amazonia.com\/wp-content\/uploads\/2021\/01\/orpaillage.jpg\" class=\"img_frame\"><img decoding=\"async\" src=\"https:\/\/awe-amazonia.com\/wp-content\/uploads\/2021\/01\/orpaillage.jpg\" alt=\"orpaillage au Guyana\" class=\"portfolio_img\"\/><\/a><\/div>\n<\/div>\n<\/div>\n<div class=\"one_half last content_middle\" style=\"padding:40px;\">\n<h2 class=\"ppb_title\" style=\"\">A extra\u00e7\u00e3o do ouro<\/h2>\n<div class=\"ppb_header_content\">\n<p>Na Amaz\u00f4nia, a extra\u00e7\u00e3o em pequena quantidade \u00e9 predominante, seja ela informal ou ilegal. O merc\u00fario \u00e9 utilizado constantemente para separar o ouro do mineral: dessa forma os garimpeiros utilizam em m\u00e9dia 1,3 quilo de merc\u00fario para recuperar 1 quilo de ouro. Isso quer dizer que comprando uma joia de ouro de origem desconhecida&#8230; voc\u00ea pode estar comprando o peso dela em merc\u00fario que \u00e9 jogado na Amaz\u00f4nia e nos habitantes! <\/p>\n<p>O garimpo acaba com o ecossistema pelo desflorestamento e pelo envenenamento dos len\u00e7\u00f3is fre\u00e1ticos.<br \/>\nOs povos ind\u00edgenas s\u00e3o as principais v\u00edtimas do garimpo. <\/p>\n<\/div>\n<\/div>\n<p><br class=\"clear\"\/><\/div>\n<\/div>\n<\/div>\n<\/div>\n<div  class=\"one\" >\n<div class=\"standard_wrapper\">\n<div class=\"page_content_wrapper\">\n<div class=\"inner\">\n<div class=\"one_half content_middle textright\" style=\"padding:40px;\">\n<h2 class=\"ppb_title\" style=\"\">A extin\u00e7\u00e3o dos povos ind\u00edgenas<\/h2>\n<div class=\"ppb_header_content\">\n<p>A doen\u00e7a, a fome, os ataques armados, os inc\u00eandios e a desculturaliza\u00e7\u00e3o pela evangeliza\u00e7\u00e3o dizimam um pouco a cada dia os \u00cdndios da savana ou da grande floreta amazonense.<br \/>\nNo in\u00edcio do nosso s\u00e9culo os \u00cdndios do Brasil eram mais de 500 000. Hoje, eles s\u00e3o apenas um pouco mais de 70 000.<\/p>\n<p>Eles devem enfrentar todas as amea\u00e7as citadas anteriormente: inc\u00eandios, desapropria\u00e7\u00e3o de terras, acultura\u00e7\u00e3o pelas miss\u00f5es evang\u00e9licas, envenenamento por causa do merc\u00fario\u2026.<br \/>\nO combate pela preserva\u00e7\u00e3o da cultura ind\u00edgena e dos povos \u00e9 mais do que nunca atual. <\/p>\n<\/div>\n<\/div>\n<div class=\"one_half last\">\n<div class=\"image_classic_frame expand\">\n<div class=\"image_wrapper\"><a href=\"https:\/\/awe-amazonia.com\/wp-content\/uploads\/2020\/12\/Raoni.png\" class=\"img_frame\"><img decoding=\"async\" src=\"https:\/\/awe-amazonia.com\/wp-content\/uploads\/2020\/12\/Raoni.png\" alt=\"RAONI\" class=\"portfolio_img\"\/><\/a><\/div>\n<\/div>\n<\/div>\n<p><br class=\"clear\"\/><\/div>\n<\/div>\n<\/div>\n<\/div>\n","protected":false},"excerpt":{"rendered":"<p>Reagir e Proteger E dif\u00edcil de ignorar\u2026 A Amazonia sofre. Somente uma conscientiza\u00e7\u00e3o global poder\u00e1 salvar a Amaz\u00f4nia e o resto do planeta com ela. Essa urg\u00eancia planet\u00e1ria ecoa como sendo a ess\u00eancia pura da Amazonia Wild Experience. A desfloresta\u00e7\u00e3o, [&hellip;]<\/p>\n","protected":false},"author":1,"featured_media":19600,"parent":0,"menu_order":0,"comment_status":"closed","ping_status":"closed","template":"","meta":{"iawp_total_views":200,"footnotes":""},"class_list":["post-9209","page","type-page","status-publish","has-post-thumbnail","hentry"],"yoast_head":"<!-- This site is optimized with the Yoast SEO plugin v27.1.1 - https:\/\/yoast.com\/product\/yoast-seo-wordpress\/ -->\n<title>Um para\u00edso em perigo - Amazonia Wild Experience<\/title>\n<meta name=\"description\" content=\"Desmatamento, minera\u00e7\u00e3o, desmatamento e inc\u00eandios est\u00e3o em alta. A Amaz\u00f4nia \u00e9 uma floresta amea\u00e7ada de extin\u00e7\u00e3o.\" \/>\n<meta name=\"robots\" content=\"index, follow, max-snippet:-1, max-image-preview:large, max-video-preview:-1\" \/>\n<link rel=\"canonical\" href=\"https:\/\/awe-amazonia.com\/index.php\/amazonie-menacee\/\" \/>\n<meta property=\"og:locale\" content=\"fr_FR\" \/>\n<meta property=\"og:type\" content=\"article\" \/>\n<meta property=\"og:title\" content=\"Um para\u00edso em perigo - Amazonia Wild Experience\" \/>\n<meta property=\"og:description\" content=\"Desmatamento, minera\u00e7\u00e3o, desmatamento e inc\u00eandios est\u00e3o em alta. A Amaz\u00f4nia \u00e9 uma floresta amea\u00e7ada de extin\u00e7\u00e3o.\" \/>\n<meta property=\"og:url\" content=\"https:\/\/awe-amazonia.com\/index.php\/amazonie-menacee\/?lang=pt-br\" \/>\n<meta property=\"og:site_name\" content=\"Amazonia Wild Experience\" \/>\n<meta property=\"article:modified_time\" content=\"2022-03-21T18:50:54+00:00\" \/>\n<meta property=\"og:image\" content=\"https:\/\/awe-amazonia.com\/wp-content\/uploads\/2022\/03\/Mine_.jpg\" \/>\n\t<meta property=\"og:image:width\" content=\"2400\" \/>\n\t<meta property=\"og:image:height\" content=\"1350\" \/>\n\t<meta property=\"og:image:type\" content=\"image\/jpeg\" \/>\n<meta name=\"twitter:card\" content=\"summary_large_image\" \/>\n<meta name=\"twitter:label1\" content=\"Dur\u00e9e de lecture estim\u00e9e\" \/>\n\t<meta name=\"twitter:data1\" content=\"3 minutes\" \/>\n<script type=\"application\/ld+json\" class=\"yoast-schema-graph\">{\"@context\":\"https:\/\/schema.org\",\"@graph\":[{\"@type\":\"WebPage\",\"@id\":\"https:\/\/awe-amazonia.com\/index.php\/amazonie-menacee\/?lang=pt-br\",\"url\":\"https:\/\/awe-amazonia.com\/index.php\/amazonie-menacee\/?lang=pt-br\",\"name\":\"Um para\u00edso em perigo - Amazonia Wild Experience\",\"isPartOf\":{\"@id\":\"https:\/\/awe-amazonia.com\/#website\"},\"primaryImageOfPage\":{\"@id\":\"https:\/\/awe-amazonia.com\/index.php\/amazonie-menacee\/?lang=pt-br#primaryimage\"},\"image\":{\"@id\":\"https:\/\/awe-amazonia.com\/index.php\/amazonie-menacee\/?lang=pt-br#primaryimage\"},\"thumbnailUrl\":\"https:\/\/awe-amazonia.com\/wp-content\/uploads\/2022\/03\/Mine_.jpg\",\"datePublished\":\"2021-01-03T13:23:35+00:00\",\"dateModified\":\"2022-03-21T18:50:54+00:00\",\"description\":\"Desmatamento, minera\u00e7\u00e3o, desmatamento e inc\u00eandios est\u00e3o em alta. A Amaz\u00f4nia \u00e9 uma floresta amea\u00e7ada de extin\u00e7\u00e3o.\",\"breadcrumb\":{\"@id\":\"https:\/\/awe-amazonia.com\/index.php\/amazonie-menacee\/?lang=pt-br#breadcrumb\"},\"inLanguage\":\"fr-FR\",\"potentialAction\":[{\"@type\":\"ReadAction\",\"target\":[\"https:\/\/awe-amazonia.com\/index.php\/amazonie-menacee\/?lang=pt-br\"]}]},{\"@type\":\"ImageObject\",\"inLanguage\":\"fr-FR\",\"@id\":\"https:\/\/awe-amazonia.com\/index.php\/amazonie-menacee\/?lang=pt-br#primaryimage\",\"url\":\"https:\/\/awe-amazonia.com\/wp-content\/uploads\/2022\/03\/Mine_.jpg\",\"contentUrl\":\"https:\/\/awe-amazonia.com\/wp-content\/uploads\/2022\/03\/Mine_.jpg\",\"width\":2400,\"height\":1350,\"caption\":\"Mine\"},{\"@type\":\"BreadcrumbList\",\"@id\":\"https:\/\/awe-amazonia.com\/index.php\/amazonie-menacee\/?lang=pt-br#breadcrumb\",\"itemListElement\":[{\"@type\":\"ListItem\",\"position\":1,\"name\":\"Accueil\",\"item\":\"https:\/\/awe-amazonia.com\/\"},{\"@type\":\"ListItem\",\"position\":2,\"name\":\"Um para\u00edso em perigo\"}]},{\"@type\":\"WebSite\",\"@id\":\"https:\/\/awe-amazonia.com\/#website\",\"url\":\"https:\/\/awe-amazonia.com\/\",\"name\":\"Amazonia Wild Experience\",\"description\":\"Voyage sur mesure en Amazonie - Aventures au Br\u00e9sil et au Guyana\",\"publisher\":{\"@id\":\"https:\/\/awe-amazonia.com\/#organization\"},\"potentialAction\":[{\"@type\":\"SearchAction\",\"target\":{\"@type\":\"EntryPoint\",\"urlTemplate\":\"https:\/\/awe-amazonia.com\/?s={search_term_string}\"},\"query-input\":{\"@type\":\"PropertyValueSpecification\",\"valueRequired\":true,\"valueName\":\"search_term_string\"}}],\"inLanguage\":\"fr-FR\"},{\"@type\":\"Organization\",\"@id\":\"https:\/\/awe-amazonia.com\/#organization\",\"name\":\"Amazonia Wild Experience\",\"url\":\"https:\/\/awe-amazonia.com\/\",\"logo\":{\"@type\":\"ImageObject\",\"inLanguage\":\"fr-FR\",\"@id\":\"https:\/\/awe-amazonia.com\/#\/schema\/logo\/image\/\",\"url\":\"https:\/\/awe-amazonia.com\/wp-content\/uploads\/2020\/09\/cropped-Logo.png\",\"contentUrl\":\"https:\/\/awe-amazonia.com\/wp-content\/uploads\/2020\/09\/cropped-Logo.png\",\"width\":512,\"height\":512,\"caption\":\"Amazonia Wild Experience\"},\"image\":{\"@id\":\"https:\/\/awe-amazonia.com\/#\/schema\/logo\/image\/\"}}]}<\/script>\n<!-- \/ Yoast SEO plugin. -->","yoast_head_json":{"title":"Um para\u00edso em perigo - Amazonia Wild Experience","description":"Desmatamento, minera\u00e7\u00e3o, desmatamento e inc\u00eandios est\u00e3o em alta. A Amaz\u00f4nia \u00e9 uma floresta amea\u00e7ada de extin\u00e7\u00e3o.","robots":{"index":"index","follow":"follow","max-snippet":"max-snippet:-1","max-image-preview":"max-image-preview:large","max-video-preview":"max-video-preview:-1"},"canonical":"https:\/\/awe-amazonia.com\/index.php\/amazonie-menacee\/","og_locale":"fr_FR","og_type":"article","og_title":"Um para\u00edso em perigo - Amazonia Wild Experience","og_description":"Desmatamento, minera\u00e7\u00e3o, desmatamento e inc\u00eandios est\u00e3o em alta. A Amaz\u00f4nia \u00e9 uma floresta amea\u00e7ada de extin\u00e7\u00e3o.","og_url":"https:\/\/awe-amazonia.com\/index.php\/amazonie-menacee\/?lang=pt-br","og_site_name":"Amazonia Wild Experience","article_modified_time":"2022-03-21T18:50:54+00:00","og_image":[{"width":2400,"height":1350,"url":"https:\/\/awe-amazonia.com\/wp-content\/uploads\/2022\/03\/Mine_.jpg","type":"image\/jpeg"}],"twitter_card":"summary_large_image","twitter_misc":{"Dur\u00e9e de lecture estim\u00e9e":"3 minutes"},"schema":{"@context":"https:\/\/schema.org","@graph":[{"@type":"WebPage","@id":"https:\/\/awe-amazonia.com\/index.php\/amazonie-menacee\/?lang=pt-br","url":"https:\/\/awe-amazonia.com\/index.php\/amazonie-menacee\/?lang=pt-br","name":"Um para\u00edso em perigo - Amazonia Wild Experience","isPartOf":{"@id":"https:\/\/awe-amazonia.com\/#website"},"primaryImageOfPage":{"@id":"https:\/\/awe-amazonia.com\/index.php\/amazonie-menacee\/?lang=pt-br#primaryimage"},"image":{"@id":"https:\/\/awe-amazonia.com\/index.php\/amazonie-menacee\/?lang=pt-br#primaryimage"},"thumbnailUrl":"https:\/\/awe-amazonia.com\/wp-content\/uploads\/2022\/03\/Mine_.jpg","datePublished":"2021-01-03T13:23:35+00:00","dateModified":"2022-03-21T18:50:54+00:00","description":"Desmatamento, minera\u00e7\u00e3o, desmatamento e inc\u00eandios est\u00e3o em alta. A Amaz\u00f4nia \u00e9 uma floresta amea\u00e7ada de extin\u00e7\u00e3o.","breadcrumb":{"@id":"https:\/\/awe-amazonia.com\/index.php\/amazonie-menacee\/?lang=pt-br#breadcrumb"},"inLanguage":"fr-FR","potentialAction":[{"@type":"ReadAction","target":["https:\/\/awe-amazonia.com\/index.php\/amazonie-menacee\/?lang=pt-br"]}]},{"@type":"ImageObject","inLanguage":"fr-FR","@id":"https:\/\/awe-amazonia.com\/index.php\/amazonie-menacee\/?lang=pt-br#primaryimage","url":"https:\/\/awe-amazonia.com\/wp-content\/uploads\/2022\/03\/Mine_.jpg","contentUrl":"https:\/\/awe-amazonia.com\/wp-content\/uploads\/2022\/03\/Mine_.jpg","width":2400,"height":1350,"caption":"Mine"},{"@type":"BreadcrumbList","@id":"https:\/\/awe-amazonia.com\/index.php\/amazonie-menacee\/?lang=pt-br#breadcrumb","itemListElement":[{"@type":"ListItem","position":1,"name":"Accueil","item":"https:\/\/awe-amazonia.com\/"},{"@type":"ListItem","position":2,"name":"Um para\u00edso em perigo"}]},{"@type":"WebSite","@id":"https:\/\/awe-amazonia.com\/#website","url":"https:\/\/awe-amazonia.com\/","name":"Amazonia Wild Experience","description":"Voyage sur mesure en Amazonie - Aventures au Br\u00e9sil et au Guyana","publisher":{"@id":"https:\/\/awe-amazonia.com\/#organization"},"potentialAction":[{"@type":"SearchAction","target":{"@type":"EntryPoint","urlTemplate":"https:\/\/awe-amazonia.com\/?s={search_term_string}"},"query-input":{"@type":"PropertyValueSpecification","valueRequired":true,"valueName":"search_term_string"}}],"inLanguage":"fr-FR"},{"@type":"Organization","@id":"https:\/\/awe-amazonia.com\/#organization","name":"Amazonia Wild Experience","url":"https:\/\/awe-amazonia.com\/","logo":{"@type":"ImageObject","inLanguage":"fr-FR","@id":"https:\/\/awe-amazonia.com\/#\/schema\/logo\/image\/","url":"https:\/\/awe-amazonia.com\/wp-content\/uploads\/2020\/09\/cropped-Logo.png","contentUrl":"https:\/\/awe-amazonia.com\/wp-content\/uploads\/2020\/09\/cropped-Logo.png","width":512,"height":512,"caption":"Amazonia Wild Experience"},"image":{"@id":"https:\/\/awe-amazonia.com\/#\/schema\/logo\/image\/"}}]}},"_links":{"self":[{"href":"https:\/\/awe-amazonia.com\/index.php\/wp-json\/wp\/v2\/pages\/9209","targetHints":{"allow":["GET"]}}],"collection":[{"href":"https:\/\/awe-amazonia.com\/index.php\/wp-json\/wp\/v2\/pages"}],"about":[{"href":"https:\/\/awe-amazonia.com\/index.php\/wp-json\/wp\/v2\/types\/page"}],"author":[{"embeddable":true,"href":"https:\/\/awe-amazonia.com\/index.php\/wp-json\/wp\/v2\/users\/1"}],"replies":[{"embeddable":true,"href":"https:\/\/awe-amazonia.com\/index.php\/wp-json\/wp\/v2\/comments?post=9209"}],"version-history":[{"count":6,"href":"https:\/\/awe-amazonia.com\/index.php\/wp-json\/wp\/v2\/pages\/9209\/revisions"}],"predecessor-version":[{"id":19657,"href":"https:\/\/awe-amazonia.com\/index.php\/wp-json\/wp\/v2\/pages\/9209\/revisions\/19657"}],"wp:featuredmedia":[{"embeddable":true,"href":"https:\/\/awe-amazonia.com\/index.php\/wp-json\/wp\/v2\/media\/19600"}],"wp:attachment":[{"href":"https:\/\/awe-amazonia.com\/index.php\/wp-json\/wp\/v2\/media?parent=9209"}],"curies":[{"name":"wp","href":"https:\/\/api.w.org\/{rel}","templated":true}]}}