{"id":9401,"date":"2020-09-11T10:11:58","date_gmt":"2020-09-11T08:11:58","guid":{"rendered":"https:\/\/awe-amazonia.com\/index.php\/plats-et-cuisine-en-amazonie\/"},"modified":"2021-04-14T14:30:43","modified_gmt":"2021-04-14T12:30:43","slug":"culinaria-amazonia","status":"publish","type":"page","link":"https:\/\/awe-amazonia.com\/index.php\/culinaria-amazonia\/?lang=pt-br","title":{"rendered":"A culin\u00e1ria da Bacia Amaz\u00f4nica"},"content":{"rendered":"<div  class=\"one withsmallpadding ppb_header \" style=\"text-align:left;padding:30px 0 30px 0;\" >\n<div class=\"standard_wrapper\">\n<div class=\"page_content_wrapper\">\n<div class=\"inner\">\n<div style=\"margin:auto;width:100%\">\n<h2 class=\"ppb_title\" style=\"\">A riqueza da cozinha da Bacia Amaz\u00f4nica <\/h2>\n<div class=\"ppb_header_content\">\n<p>A cozinha e os h\u00e1bitos alimentares da Amaz\u00f4nia representam as tradi\u00e7\u00f5es das popula\u00e7\u00f5es ind\u00edgenas, coloridas por influ\u00eancia de outras culturas.<br \/>\nA alimenta\u00e7\u00e3o \u00e9 fundamental, \u00e9 tamb\u00e9m uma maneira de descobrir a hist\u00f3ria, a geografia, as tradi\u00e7\u00f5es e o cotidiano do lugar onde voc\u00ea est\u00e1.<br \/>\nEssa afirmativa \u00e9 especialmente verdadeira na Amaz\u00f4nia, levando em conta que os saberes ancestrais dos ind\u00edgenas \u00e9 a base para a maioria dos pratos regionais.<br \/>\nN\u00e3o podemos generalizar os h\u00e1bitos alimentares na Amaz\u00f4nia: a regi\u00e3o tem muitas nuances culturais.<br \/>\nAl\u00e9m dos elementos culturais, ainda tem a quantidade de ingredientes e as formas diferentes de cozinh\u00e1-los, desde potes em cer\u00e2mica das tribos at\u00e9 as cozinhas modernas de Manaus ou de Bel\u00e9m, ou seja, existe uma variedade de influ\u00eancias&#8230; <\/p>\n<p>\u00c9 preciso destacar que a <strong>mandioca<\/strong> \u00e9 a base da cozinha da Amaz\u00f4nia. Ela \u00e9 consumida por todas as classes sociais de forma variada: descascada, ralada ou ainda amassada. As folhas, a raiz&#8230; na mandioca tudo \u00e9 consumido para criar uma multitude de pratos.<\/p>\n<p>A assimila\u00e7\u00e3o e a reinterpreta\u00e7\u00e3o da ess\u00eancia dessas iguarias nos oferecem pratos especiais em termos de aromas e sabores. Uma mesa cheia de pratos t\u00edpicos da Amaz\u00f4nia, ao mesmo tempo delicado e saboroso, \u00e9 uma experi\u00eancia \u00fanica.<br \/>\nOs nomes j\u00e1 s\u00e3o deliciosos: caruru, tacac\u00e1, tucupi, vatap\u00e1, jambu\u2026<\/p>\n<\/div>\n<\/div>\n<\/div>\n<\/div>\n<\/div>\n<\/div>\n<div  class=\"one withsmallpadding ppb_text\" style=\"text-align:left;padding:30px 0 30px 0;\" >\n<div class=\"standard_wrapper\">\n<div class=\"page_content_wrapper\">\n<div class=\"inner\">\n<div style=\"margin:auto;width:100%\">\n<div class=\"one_half \" style=\"\"><img decoding=\"async\" src=\"https:\/\/awe-amazonia.com\/wp-content\/uploads\/2020\/12\/plats-en-amazonie.jpg\" alt=\"\" class=\"\" data-animation=\"\" style=\"\" \/><\/div>\n<div class=\"one_half last \" style=\"\">\n<h3>Uma infinidade de sabores<\/h3>\n<p><strong>Entre os pratos t\u00edpicos, n\u00f3s encontramos:<\/strong><br \/>\nCaldeirada: \u00c9 um tipo de cozido ou ensopado amarelo, mas a base \u00e9 o peixe. Na regi\u00e3o o peixe \u00e9 o pirarucu ou o tambaqui. Ela \u00e9 feita com tomates, cebola, ovos, pimentas, batata e farinha. <\/p>\n<p>Mani\u00e7oba: \u00e9 preciso uma semana para preparar a mani\u00e7oba, outro prato t\u00edpico do Norte como o pato no tucupi. Os \u00edndios guardavam a carne do cachitou (tipo de porco) e da capivara enterrando sob folhas de bananeira e umedecendo de vez em quando (alguns ingredientes crus s\u00e3o venenosos). O prato derivado \u00e9 a base de maniva, ou seja, folhas de mandioca e \u00e9 cozido durante 4 dias; acrescenta-se carne de boi, partes de porco, a mandioca, o arroz. A chefe Anna Maria Martins, do restaurante L\u00e1 em Casa de Bel\u00e9m define a mani\u00e7oba como &#8220;uma feijoada sem feij\u00e3o&#8221;. Ao todo, s\u00e3o necess\u00e1rios sete dias para ficar pronta.<\/p>\n<\/div>\n<p><br class=\"clear\"\/><br \/>\n<br class=\"clear\" \/><\/p>\n<div class=\"one_half \" style=\"\">\n<h3>Os nomes j\u00e1 s\u00e3o saborosos: caruru, tacac\u00e1, tucupi, vatap\u00e1, jambu\u2026<\/h3>\n<p>Pato no tucupi: \u00e9 a grande especialidade regional. O pato, cortado em peda\u00e7os, \u00e9 servido num molho de mandioca, alho e jambu (fruta local) e chic\u00f3ria. O tucupi \u00e9 um l\u00edquido de cor amarela extra\u00eddo da raiz da mandioca brava. \u00c9 delicioso, um pouco amargo pois a mandioca fermentada produz o \u00e1cido n\u00edtrico.  O prato \u00e9 servido com arroz, pimenta e conforme o gosto, com a mandioca.<br \/>\nTacac\u00e1: \u00e9 um costume paraense ao anoitecer e \u00e9 encontrado em todas as esquinas. \u00c9 uma sopa verde esmeralda servida na rua numa cuia&#8230; \u00e9 uma emo\u00e7\u00e3o forte. Camar\u00f5es boiam num suco de tapioca, alho, plantas regionais e mandioca.<br \/>\nVatap\u00e1: O vatap\u00e1 t\u00edpico do Par\u00e1 \u00e9 diferente do vatap\u00e1 baiano. Os camar\u00f5es secos s\u00e3o descascados e refogados com cebola, tomate e azeite de dend\u00ea. Acrescenta-se leite de coco e arroz ou trigo. O prato \u00e9 servido com arroz branco. <\/p>\n<\/div>\n<div class=\"one_half last \" style=\"\"><img decoding=\"async\" src=\"https:\/\/awe-amazonia.com\/wp-content\/uploads\/2020\/12\/racines-de-manioc.jpg\" alt=\"\" class=\"animated\" data-animation=\"slideLeft\" style=\"\" \/><\/div>\n<p><br class=\"clear\"\/><br \/>\n<br class=\"clear\" \/><\/p>\n<div class=\"one_half \" style=\"\"><img decoding=\"async\" src=\"https:\/\/awe-amazonia.com\/wp-content\/uploads\/2020\/12\/acai.jpg\" alt=\"\" class=\"animated\" data-animation=\"slideUp\" style=\"\" \/><\/div>\n<div class=\"one_half last \" style=\"\">\n<h3>A\u00e7a\u00ed, a super fruta da Amaz\u00f4nia<\/h3>\n<p>Consumir a polpa do a\u00e7a\u00ed \u00e9 uma tradi\u00e7\u00e3o culin\u00e1ria dividida entre a popula\u00e7\u00e3o da bacia amaz\u00f4nica, a polpa \u00e9 obtida a partir da extra\u00e7\u00e3o do fruto da palmeira a\u00e7a\u00ed.<br \/>\nO h\u00e1bito local dessa tradi\u00e7\u00e3o poderia vir da grande distribui\u00e7\u00e3o da esp\u00e9cie por toda regi\u00e3o amazonense, al\u00e9m das propriedades nutricionais do fruto. A polpa do a\u00e7a\u00ed \u00e9 consumida natural, misturada ou n\u00e3o com farinha de mandioca, acompanhando pratos de peixe frito, de camar\u00f5es ou de carne seca.<\/p>\n<p>O fruto do a\u00e7a\u00ed \u00e9 4 vezes mais rico em antioxidantes que a rom\u00e3 e 10 vezes mais que os frutos de cranberry. Esse fruto \u00e9 tamb\u00e9m rico em \u00f4megas, fibras e minerais como c\u00e1lcio, ferro e magn\u00e9sio. <\/p>\n<\/div>\n<p><br class=\"clear\"\/><\/p>\n<p><br class=\"clear\" \/><\/p>\n<div class=\"one_half \" style=\"\">\n<h3>Uma grande diversidade de ingredientes<\/h3>\n<p>A riqueza da floreste oferece um grande leque de ingredientes como as castanhas do Par\u00e1: elas s\u00e3o agrupadas em 7 ou 8 em um tipo de caba\u00e7a grande do tamanho de um punho.<br \/>\nEncontramos v\u00e1rias outras frutas, com nomes t\u00edpicos e que n\u00e3o podem ser traduzidos, j\u00e1 que s\u00f3 existem na regi\u00e3o. Por exemplo: cupua\u00e7u, bacuri, pupunha, tucum, muruci, piquia e a tapereba.<\/p>\n<p>A Amaz\u00f4nia encanta pela enorme variedade de frutas que est\u00e3o nas sobremesas locais. Elas tamb\u00e9m s\u00e3o consumidas em sucos. Vamos nos deixar levar pelos sabores ex\u00f3ticos: a\u00e7a\u00ed, acerola, cupua\u00e7u, bacuri.<br \/>\nE provem os sucos de cupua\u00e7u ou de caj\u00e1!<\/p>\n<\/div>\n<div class=\"one_half last \" style=\"\"><img decoding=\"async\" src=\"https:\/\/awe-amazonia.com\/wp-content\/uploads\/2020\/12\/ananas.jpg\" alt=\"\" class=\"animated\" data-animation=\"fadeIn\" style=\"\" \/><\/div>\n<p><br class=\"clear\"\/><br \/>\n<br class=\"clear\" \/><\/p>\n<div class=\"one_half \" style=\"\"><\/div>\n<\/div>\n<\/div>\n<\/div>\n<\/div>\n<\/div>\n","protected":false},"excerpt":{"rendered":"<p>A riqueza da cozinha da Bacia Amaz\u00f4nica A cozinha e os h\u00e1bitos alimentares da Amaz\u00f4nia representam as tradi\u00e7\u00f5es das popula\u00e7\u00f5es ind\u00edgenas, coloridas por influ\u00eancia de outras culturas. A alimenta\u00e7\u00e3o \u00e9 fundamental, \u00e9 tamb\u00e9m uma maneira de descobrir a hist\u00f3ria, a [&hellip;]<\/p>\n","protected":false},"author":1,"featured_media":9403,"parent":0,"menu_order":0,"comment_status":"closed","ping_status":"closed","template":"","meta":{"iawp_total_views":3373,"footnotes":""},"class_list":["post-9401","page","type-page","status-publish","has-post-thumbnail","hentry"],"yoast_head":"<!-- This site is optimized with the Yoast SEO plugin v27.5 - https:\/\/yoast.com\/product\/yoast-seo-wordpress\/ -->\n<title>A culin\u00e1ria da Bacia Amaz\u00f4nica - Amazonia Wild Experience<\/title>\n<meta name=\"description\" content=\"D\u00e9couvrez la cuisine amazonienne et les plats que vous d\u00e9couvrirez lors d&#039;un voyage en Amazonie. Une multitude de fruit et de saveurs...\" \/>\n<meta name=\"robots\" content=\"index, follow, max-snippet:-1, max-image-preview:large, max-video-preview:-1\" \/>\n<link rel=\"canonical\" href=\"https:\/\/awe-amazonia.com\/index.php\/culinaria-amazonia\/\" \/>\n<meta property=\"og:locale\" content=\"fr_FR\" \/>\n<meta property=\"og:type\" content=\"article\" \/>\n<meta property=\"og:title\" content=\"A culin\u00e1ria da Bacia Amaz\u00f4nica - Amazonia Wild Experience\" \/>\n<meta property=\"og:description\" content=\"D\u00e9couvrez la cuisine amazonienne et les plats que vous d\u00e9couvrirez lors d&#039;un voyage en Amazonie. Une multitude de fruit et de saveurs...\" \/>\n<meta property=\"og:url\" content=\"https:\/\/awe-amazonia.com\/index.php\/culinaria-amazonia\/?lang=pt-br\" \/>\n<meta property=\"og:site_name\" content=\"Amazonia Wild Experience\" \/>\n<meta property=\"article:modified_time\" content=\"2021-04-14T12:30:43+00:00\" \/>\n<meta property=\"og:image\" content=\"https:\/\/awe-amazonia.com\/wp-content\/uploads\/2020\/12\/cuisiner.jpg\" \/>\n\t<meta property=\"og:image:width\" content=\"1743\" \/>\n\t<meta property=\"og:image:height\" content=\"1167\" \/>\n\t<meta property=\"og:image:type\" content=\"image\/jpeg\" \/>\n<meta name=\"twitter:card\" content=\"summary_large_image\" \/>\n<meta name=\"twitter:label1\" content=\"Dur\u00e9e de lecture estim\u00e9e\" \/>\n\t<meta name=\"twitter:data1\" content=\"4 minutes\" \/>\n<script type=\"application\/ld+json\" class=\"yoast-schema-graph\">{\"@context\":\"https:\\\/\\\/schema.org\",\"@graph\":[{\"@type\":\"WebPage\",\"@id\":\"https:\\\/\\\/awe-amazonia.com\\\/index.php\\\/culinaria-amazonia\\\/?lang=pt-br\",\"url\":\"https:\\\/\\\/awe-amazonia.com\\\/index.php\\\/culinaria-amazonia\\\/?lang=pt-br\",\"name\":\"A culin\u00e1ria da Bacia Amaz\u00f4nica - Amazonia Wild Experience\",\"isPartOf\":{\"@id\":\"https:\\\/\\\/awe-amazonia.com\\\/#website\"},\"primaryImageOfPage\":{\"@id\":\"https:\\\/\\\/awe-amazonia.com\\\/index.php\\\/culinaria-amazonia\\\/?lang=pt-br#primaryimage\"},\"image\":{\"@id\":\"https:\\\/\\\/awe-amazonia.com\\\/index.php\\\/culinaria-amazonia\\\/?lang=pt-br#primaryimage\"},\"thumbnailUrl\":\"https:\\\/\\\/awe-amazonia.com\\\/wp-content\\\/uploads\\\/2020\\\/12\\\/cuisiner.jpg\",\"datePublished\":\"2020-09-11T08:11:58+00:00\",\"dateModified\":\"2021-04-14T12:30:43+00:00\",\"description\":\"D\u00e9couvrez la cuisine amazonienne et les plats que vous d\u00e9couvrirez lors d'un voyage en Amazonie. Une multitude de fruit et de saveurs...\",\"breadcrumb\":{\"@id\":\"https:\\\/\\\/awe-amazonia.com\\\/index.php\\\/culinaria-amazonia\\\/?lang=pt-br#breadcrumb\"},\"inLanguage\":\"fr-FR\",\"potentialAction\":[{\"@type\":\"ReadAction\",\"target\":[\"https:\\\/\\\/awe-amazonia.com\\\/index.php\\\/culinaria-amazonia\\\/?lang=pt-br\"]}]},{\"@type\":\"ImageObject\",\"inLanguage\":\"fr-FR\",\"@id\":\"https:\\\/\\\/awe-amazonia.com\\\/index.php\\\/culinaria-amazonia\\\/?lang=pt-br#primaryimage\",\"url\":\"https:\\\/\\\/awe-amazonia.com\\\/wp-content\\\/uploads\\\/2020\\\/12\\\/cuisiner.jpg\",\"contentUrl\":\"https:\\\/\\\/awe-amazonia.com\\\/wp-content\\\/uploads\\\/2020\\\/12\\\/cuisiner.jpg\",\"width\":1743,\"height\":1167},{\"@type\":\"BreadcrumbList\",\"@id\":\"https:\\\/\\\/awe-amazonia.com\\\/index.php\\\/culinaria-amazonia\\\/?lang=pt-br#breadcrumb\",\"itemListElement\":[{\"@type\":\"ListItem\",\"position\":1,\"name\":\"Accueil\",\"item\":\"https:\\\/\\\/awe-amazonia.com\\\/\"},{\"@type\":\"ListItem\",\"position\":2,\"name\":\"A culin\u00e1ria da Bacia Amaz\u00f4nica\"}]},{\"@type\":\"WebSite\",\"@id\":\"https:\\\/\\\/awe-amazonia.com\\\/#website\",\"url\":\"https:\\\/\\\/awe-amazonia.com\\\/\",\"name\":\"Amazonia Wild Experience\",\"description\":\"Voyage sur mesure en Amazonie - Aventures au Br\u00e9sil et au Guyana\",\"publisher\":{\"@id\":\"https:\\\/\\\/awe-amazonia.com\\\/#organization\"},\"potentialAction\":[{\"@type\":\"SearchAction\",\"target\":{\"@type\":\"EntryPoint\",\"urlTemplate\":\"https:\\\/\\\/awe-amazonia.com\\\/?s={search_term_string}\"},\"query-input\":{\"@type\":\"PropertyValueSpecification\",\"valueRequired\":true,\"valueName\":\"search_term_string\"}}],\"inLanguage\":\"fr-FR\"},{\"@type\":\"Organization\",\"@id\":\"https:\\\/\\\/awe-amazonia.com\\\/#organization\",\"name\":\"Amazonia Wild Experience\",\"url\":\"https:\\\/\\\/awe-amazonia.com\\\/\",\"logo\":{\"@type\":\"ImageObject\",\"inLanguage\":\"fr-FR\",\"@id\":\"https:\\\/\\\/awe-amazonia.com\\\/#\\\/schema\\\/logo\\\/image\\\/\",\"url\":\"https:\\\/\\\/awe-amazonia.com\\\/wp-content\\\/uploads\\\/2020\\\/09\\\/cropped-Logo.png\",\"contentUrl\":\"https:\\\/\\\/awe-amazonia.com\\\/wp-content\\\/uploads\\\/2020\\\/09\\\/cropped-Logo.png\",\"width\":512,\"height\":512,\"caption\":\"Amazonia Wild Experience\"},\"image\":{\"@id\":\"https:\\\/\\\/awe-amazonia.com\\\/#\\\/schema\\\/logo\\\/image\\\/\"}}]}<\/script>\n<!-- \/ Yoast SEO plugin. -->","yoast_head_json":{"title":"A culin\u00e1ria da Bacia Amaz\u00f4nica - Amazonia Wild Experience","description":"D\u00e9couvrez la cuisine amazonienne et les plats que vous d\u00e9couvrirez lors d'un voyage en Amazonie. Une multitude de fruit et de saveurs...","robots":{"index":"index","follow":"follow","max-snippet":"max-snippet:-1","max-image-preview":"max-image-preview:large","max-video-preview":"max-video-preview:-1"},"canonical":"https:\/\/awe-amazonia.com\/index.php\/culinaria-amazonia\/","og_locale":"fr_FR","og_type":"article","og_title":"A culin\u00e1ria da Bacia Amaz\u00f4nica - Amazonia Wild Experience","og_description":"D\u00e9couvrez la cuisine amazonienne et les plats que vous d\u00e9couvrirez lors d'un voyage en Amazonie. Une multitude de fruit et de saveurs...","og_url":"https:\/\/awe-amazonia.com\/index.php\/culinaria-amazonia\/?lang=pt-br","og_site_name":"Amazonia Wild Experience","article_modified_time":"2021-04-14T12:30:43+00:00","og_image":[{"width":1743,"height":1167,"url":"https:\/\/awe-amazonia.com\/wp-content\/uploads\/2020\/12\/cuisiner.jpg","type":"image\/jpeg"}],"twitter_card":"summary_large_image","twitter_misc":{"Dur\u00e9e de lecture estim\u00e9e":"4 minutes"},"schema":{"@context":"https:\/\/schema.org","@graph":[{"@type":"WebPage","@id":"https:\/\/awe-amazonia.com\/index.php\/culinaria-amazonia\/?lang=pt-br","url":"https:\/\/awe-amazonia.com\/index.php\/culinaria-amazonia\/?lang=pt-br","name":"A culin\u00e1ria da Bacia Amaz\u00f4nica - Amazonia Wild Experience","isPartOf":{"@id":"https:\/\/awe-amazonia.com\/#website"},"primaryImageOfPage":{"@id":"https:\/\/awe-amazonia.com\/index.php\/culinaria-amazonia\/?lang=pt-br#primaryimage"},"image":{"@id":"https:\/\/awe-amazonia.com\/index.php\/culinaria-amazonia\/?lang=pt-br#primaryimage"},"thumbnailUrl":"https:\/\/awe-amazonia.com\/wp-content\/uploads\/2020\/12\/cuisiner.jpg","datePublished":"2020-09-11T08:11:58+00:00","dateModified":"2021-04-14T12:30:43+00:00","description":"D\u00e9couvrez la cuisine amazonienne et les plats que vous d\u00e9couvrirez lors d'un voyage en Amazonie. Une multitude de fruit et de saveurs...","breadcrumb":{"@id":"https:\/\/awe-amazonia.com\/index.php\/culinaria-amazonia\/?lang=pt-br#breadcrumb"},"inLanguage":"fr-FR","potentialAction":[{"@type":"ReadAction","target":["https:\/\/awe-amazonia.com\/index.php\/culinaria-amazonia\/?lang=pt-br"]}]},{"@type":"ImageObject","inLanguage":"fr-FR","@id":"https:\/\/awe-amazonia.com\/index.php\/culinaria-amazonia\/?lang=pt-br#primaryimage","url":"https:\/\/awe-amazonia.com\/wp-content\/uploads\/2020\/12\/cuisiner.jpg","contentUrl":"https:\/\/awe-amazonia.com\/wp-content\/uploads\/2020\/12\/cuisiner.jpg","width":1743,"height":1167},{"@type":"BreadcrumbList","@id":"https:\/\/awe-amazonia.com\/index.php\/culinaria-amazonia\/?lang=pt-br#breadcrumb","itemListElement":[{"@type":"ListItem","position":1,"name":"Accueil","item":"https:\/\/awe-amazonia.com\/"},{"@type":"ListItem","position":2,"name":"A culin\u00e1ria da Bacia Amaz\u00f4nica"}]},{"@type":"WebSite","@id":"https:\/\/awe-amazonia.com\/#website","url":"https:\/\/awe-amazonia.com\/","name":"Amazonia Wild Experience","description":"Voyage sur mesure en Amazonie - Aventures au Br\u00e9sil et au Guyana","publisher":{"@id":"https:\/\/awe-amazonia.com\/#organization"},"potentialAction":[{"@type":"SearchAction","target":{"@type":"EntryPoint","urlTemplate":"https:\/\/awe-amazonia.com\/?s={search_term_string}"},"query-input":{"@type":"PropertyValueSpecification","valueRequired":true,"valueName":"search_term_string"}}],"inLanguage":"fr-FR"},{"@type":"Organization","@id":"https:\/\/awe-amazonia.com\/#organization","name":"Amazonia Wild Experience","url":"https:\/\/awe-amazonia.com\/","logo":{"@type":"ImageObject","inLanguage":"fr-FR","@id":"https:\/\/awe-amazonia.com\/#\/schema\/logo\/image\/","url":"https:\/\/awe-amazonia.com\/wp-content\/uploads\/2020\/09\/cropped-Logo.png","contentUrl":"https:\/\/awe-amazonia.com\/wp-content\/uploads\/2020\/09\/cropped-Logo.png","width":512,"height":512,"caption":"Amazonia Wild Experience"},"image":{"@id":"https:\/\/awe-amazonia.com\/#\/schema\/logo\/image\/"}}]}},"_links":{"self":[{"href":"https:\/\/awe-amazonia.com\/index.php\/wp-json\/wp\/v2\/pages\/9401","targetHints":{"allow":["GET"]}}],"collection":[{"href":"https:\/\/awe-amazonia.com\/index.php\/wp-json\/wp\/v2\/pages"}],"about":[{"href":"https:\/\/awe-amazonia.com\/index.php\/wp-json\/wp\/v2\/types\/page"}],"author":[{"embeddable":true,"href":"https:\/\/awe-amazonia.com\/index.php\/wp-json\/wp\/v2\/users\/1"}],"replies":[{"embeddable":true,"href":"https:\/\/awe-amazonia.com\/index.php\/wp-json\/wp\/v2\/comments?post=9401"}],"version-history":[{"count":7,"href":"https:\/\/awe-amazonia.com\/index.php\/wp-json\/wp\/v2\/pages\/9401\/revisions"}],"predecessor-version":[{"id":10436,"href":"https:\/\/awe-amazonia.com\/index.php\/wp-json\/wp\/v2\/pages\/9401\/revisions\/10436"}],"wp:featuredmedia":[{"embeddable":true,"href":"https:\/\/awe-amazonia.com\/index.php\/wp-json\/wp\/v2\/media\/9403"}],"wp:attachment":[{"href":"https:\/\/awe-amazonia.com\/index.php\/wp-json\/wp\/v2\/media?parent=9401"}],"curies":[{"name":"wp","href":"https:\/\/api.w.org\/{rel}","templated":true}]}}