{"id":9414,"date":"2020-09-21T10:27:26","date_gmt":"2020-09-21T08:27:26","guid":{"rendered":"https:\/\/awe-amazonia.com\/index.php\/legendes-de-l-amazonie\/"},"modified":"2021-04-14T14:27:02","modified_gmt":"2021-04-14T12:27:02","slug":"lendas-amazonia","status":"publish","type":"page","link":"https:\/\/awe-amazonia.com\/index.php\/lendas-amazonia\/?lang=pt-br","title":{"rendered":"As Lendas da Amaz\u00f4nia"},"content":{"rendered":"<div  class=\"one withsmallpadding ppb_header \" style=\"text-align:left;padding:30px 0 30px 0;\" >\n<div class=\"standard_wrapper\">\n<div class=\"page_content_wrapper\">\n<div class=\"inner\">\n<div style=\"margin:auto;width:100%\">\n<div class=\"ppb_header_content\">\n<p>O nome Amaz\u00f4nia inspirado das guerreiras da mitologia grega sempre intensificou o imagin\u00e1rio coletivo.<br \/>\nQue viajante n\u00e3o sonhou um dia em voltar na origem da vida do nosso planeta, com a ideia na cabe\u00e7a de um rio imenso e fascinante, com imagens de \u00e1rvores gigantes e animais magn\u00edficos e surpreendentes?<br \/>\nA verdadeira natureza da Amaz\u00f4nia n\u00e3o est\u00e1 nos superlativos, mas nas experi\u00eancias simples que confirmam toda a dimens\u00e3o de um territ\u00f3rio lend\u00e1rio: percorrer numa piroga a floresta alagada, cochilar numa rede em plena floresta, acordar com os gritos do macaco bugio e descobrir as tradi\u00e7\u00f5es ind\u00edgenas.<\/p>\n<\/div>\n<\/div>\n<\/div>\n<\/div>\n<\/div>\n<\/div>\n<div  class=\"one withsmallpadding ppb_text\" style=\"text-align:left;padding:30px 0 30px 0;\" >\n<div class=\"standard_wrapper\">\n<div class=\"page_content_wrapper\">\n<div class=\"inner\">\n<div style=\"margin:auto;width:100%\">\n<p style=\"text-align: left;\">\n<div class=\"one_third \" style=\"\"><img decoding=\"async\" src=\"https:\/\/awe-amazonia.com\/wp-content\/uploads\/2020\/09\/Novoa-Microsoft-PowerPoint-Presentation.jpg\" alt=\"\" class=\"\" data-animation=\"\" style=\"\" \/><\/div>\n<div class=\"two_third last \" style=\"\">\n<p style=\"text-align: right;\">.<\/p>\n<p>\u00a0<\/p>\n<h3 style=\"text-align: center;\">A lenda das Amazonas<\/h3>\n<p>\u00a0<\/p>\n<p>Em 1542, o espanhol Orellana, saiu de Quito pela Costa do Pac\u00edfico, atravessou os Andes com os homens dele com capacetes de ferro e descendo pelo Rio Coca encontraram um rio enorme. Esfomeados os conquistadores comeram at\u00e9 os pr\u00f3prios sapatos. Eles foram atacados, segundo as fontes, por \u00edndios Cumuris, jovens, que Orellana acreditou serem verdadeiras mulheres guerreiras, armadas com arcos e andando nuas. Gaspar de Carvajal, o pai da expedi\u00e7\u00e3o batizou esse rio com o nome de \u00ab Amazonas \u00bb.<\/p>\n<\/div>\n<p><br class=\"clear\"\/><\/p>\n<\/div>\n<\/div>\n<\/div>\n<\/div>\n<\/div>\n<div  class=\"one withsmallpadding ppb_text\" style=\"text-align:left;padding:30px 0 30px 0;\" >\n<div class=\"standard_wrapper\">\n<div class=\"page_content_wrapper\">\n<div class=\"inner\">\n<div style=\"margin:auto;width:100%\">\n<p style=\"text-align: left;\">\n<div class=\"two_third \" style=\"\">\n<p style=\"text-align: right;\">.<\/p>\n<p>\u00a0<\/p>\n<p>\u00a0<\/p>\n<p>\u00a0<\/p>\n<h3 style=\"text-align: center;\">lenda do boto da Amaz\u00f4nia<\/h3>\n<p>\u00a0<\/p>\n<p>Segundo a lenda comum na Amaz\u00f4nia, o Boto se transforma num belo e charmoso rapaz vestido de branco e com um chap\u00e9u. Ele \u00e9 um excelente dan\u00e7arino e bebe muito. Durante as festas, ele seduz as mo\u00e7as mais bonitas e as convida para um encontro na beira do rio. Eles fazem amor, e depois disso o belo rapaz se transforma de novo em boto e mergulha nas \u00e1guas do rio e desaparece&#8230;<\/p>\n<\/div>\n<div class=\"one_third last \" style=\"\">\n<p style=\"text-align: right;\">.<\/p>\n<p><img decoding=\"async\" src=\"https:\/\/awe-amazonia.com\/wp-content\/uploads\/2020\/10\/25999eda04d32c09cacaea6d9f9203732e36d9f7_hq-1.jpg\" alt=\"\" class=\"\" data-animation=\"\" style=\"\" \/><\/div>\n<p><br class=\"clear\"\/><\/p>\n<\/div>\n<\/div>\n<\/div>\n<\/div>\n<\/div>\n<div  class=\"one withsmallpadding ppb_text\" style=\"text-align:left;padding:30px 0 30px 0;\" >\n<div class=\"standard_wrapper\">\n<div class=\"page_content_wrapper\">\n<div class=\"inner\">\n<div style=\"margin:auto;width:100%\">\n<p style=\"text-align: left;\">\n<div class=\"one_third \" style=\"\"><img decoding=\"async\" src=\"https:\/\/awe-amazonia.com\/wp-content\/uploads\/2020\/10\/jj.jpg\" alt=\"\" class=\"\" data-animation=\"\" style=\"\" \/><\/div>\n<div class=\"two_third last \" style=\"\">\n<p style=\"text-align: right;\">.<\/p>\n<h3 style=\"text-align: center;\">A lenda da Yara<\/h3>\n<p>Segundo a lenda, Yara era uma guerreira ind\u00edgena. Ela recebia muitos elogios do pai dela, o chefe da tribo, mas os irm\u00e3os tinham ci\u00fames e tentaram mat\u00e1-la enquanto ela dormia. Yara contra atacou e os matou. Temendo a f\u00faria do pai, ela fugiu para a selva. Ele a encontrou e a jogou no local onde acontece o encontro das \u00e1guas (do Rio Negro e do Solim\u00f5es), os peixes a levaram de volta para a superf\u00edcie e a transformaram numa bela sereia!<\/p>\n<p>Desde ent\u00e3o, Yara vive nas \u00e1guas do rio, onde ela canta com uma voz maravilhosa no intuito de atrair os homens que est\u00e3o passando. Infelicidade para os que caem pelo charme da voz dela: ela os levar\u00e1 para as profundezas de onde eles nunca mais voltar\u00e3o.<\/p>\n<\/div>\n<p><br class=\"clear\"\/><\/p>\n<\/div>\n<\/div>\n<\/div>\n<\/div>\n<\/div>\n","protected":false},"excerpt":{"rendered":"<p>O nome Amaz\u00f4nia inspirado das guerreiras da mitologia grega sempre intensificou o imagin\u00e1rio coletivo. Que viajante n\u00e3o sonhou um dia em voltar na origem da vida do nosso planeta, com a ideia na cabe\u00e7a de um rio imenso e fascinante, [&hellip;]<\/p>\n","protected":false},"author":1,"featured_media":9415,"parent":0,"menu_order":0,"comment_status":"closed","ping_status":"closed","template":"","meta":{"iawp_total_views":3409,"footnotes":""},"class_list":["post-9414","page","type-page","status-publish","has-post-thumbnail","hentry"],"yoast_head":"<!-- This site is optimized with the Yoast SEO plugin v27.1.1 - https:\/\/yoast.com\/product\/yoast-seo-wordpress\/ -->\n<title>As Lendas da Amaz\u00f4nia - Amazonia Wild Experience<\/title>\n<meta name=\"description\" content=\"Descubra as lendas da Amaz\u00f4nia: as guerreiras Amazonas, o boto cor de rosa e a lenda da Yara.\" \/>\n<meta name=\"robots\" content=\"index, follow, max-snippet:-1, max-image-preview:large, max-video-preview:-1\" \/>\n<link rel=\"canonical\" href=\"https:\/\/awe-amazonia.com\/index.php\/lendas-amazonia\/\" \/>\n<meta property=\"og:locale\" content=\"fr_FR\" \/>\n<meta property=\"og:type\" content=\"article\" \/>\n<meta property=\"og:title\" content=\"As Lendas da Amaz\u00f4nia - Amazonia Wild Experience\" \/>\n<meta property=\"og:description\" content=\"Descubra as lendas da Amaz\u00f4nia: as guerreiras Amazonas, o boto cor de rosa e a lenda da Yara.\" \/>\n<meta property=\"og:url\" content=\"https:\/\/awe-amazonia.com\/index.php\/lendas-amazonia\/?lang=pt-br\" \/>\n<meta property=\"og:site_name\" content=\"Amazonia Wild Experience\" \/>\n<meta property=\"article:modified_time\" content=\"2021-04-14T12:27:02+00:00\" \/>\n<meta property=\"og:image\" content=\"http:\/\/awe-amazonia.com\/wp-content\/uploads\/2020\/09\/mapa-rio-amazonas.jpg\" \/>\n\t<meta property=\"og:image:width\" content=\"730\" \/>\n\t<meta property=\"og:image:height\" content=\"472\" \/>\n\t<meta property=\"og:image:type\" content=\"image\/jpeg\" \/>\n<meta name=\"twitter:card\" content=\"summary_large_image\" \/>\n<meta name=\"twitter:label1\" content=\"Dur\u00e9e de lecture estim\u00e9e\" \/>\n\t<meta name=\"twitter:data1\" content=\"2 minutes\" \/>\n<script type=\"application\/ld+json\" class=\"yoast-schema-graph\">{\"@context\":\"https:\/\/schema.org\",\"@graph\":[{\"@type\":\"WebPage\",\"@id\":\"https:\/\/awe-amazonia.com\/index.php\/lendas-amazonia\/?lang=pt-br\",\"url\":\"https:\/\/awe-amazonia.com\/index.php\/lendas-amazonia\/?lang=pt-br\",\"name\":\"As Lendas da Amaz\u00f4nia - Amazonia Wild Experience\",\"isPartOf\":{\"@id\":\"https:\/\/awe-amazonia.com\/?lang=en\/#website\"},\"primaryImageOfPage\":{\"@id\":\"https:\/\/awe-amazonia.com\/index.php\/lendas-amazonia\/?lang=pt-br#primaryimage\"},\"image\":{\"@id\":\"https:\/\/awe-amazonia.com\/index.php\/lendas-amazonia\/?lang=pt-br#primaryimage\"},\"thumbnailUrl\":\"https:\/\/awe-amazonia.com\/wp-content\/uploads\/2020\/09\/mapa-rio-amazonas.jpg\",\"datePublished\":\"2020-09-21T08:27:26+00:00\",\"dateModified\":\"2021-04-14T12:27:02+00:00\",\"description\":\"Descubra as lendas da Amaz\u00f4nia: as guerreiras Amazonas, o boto cor de rosa e a lenda da Yara.\",\"breadcrumb\":{\"@id\":\"https:\/\/awe-amazonia.com\/index.php\/lendas-amazonia\/?lang=pt-br#breadcrumb\"},\"inLanguage\":\"fr-FR\",\"potentialAction\":[{\"@type\":\"ReadAction\",\"target\":[\"https:\/\/awe-amazonia.com\/index.php\/lendas-amazonia\/?lang=pt-br\"]}]},{\"@type\":\"ImageObject\",\"inLanguage\":\"fr-FR\",\"@id\":\"https:\/\/awe-amazonia.com\/index.php\/lendas-amazonia\/?lang=pt-br#primaryimage\",\"url\":\"https:\/\/awe-amazonia.com\/wp-content\/uploads\/2020\/09\/mapa-rio-amazonas.jpg\",\"contentUrl\":\"https:\/\/awe-amazonia.com\/wp-content\/uploads\/2020\/09\/mapa-rio-amazonas.jpg\",\"width\":730,\"height\":472},{\"@type\":\"BreadcrumbList\",\"@id\":\"https:\/\/awe-amazonia.com\/index.php\/lendas-amazonia\/?lang=pt-br#breadcrumb\",\"itemListElement\":[{\"@type\":\"ListItem\",\"position\":1,\"name\":\"Accueil\",\"item\":\"https:\/\/awe-amazonia.com\/\"},{\"@type\":\"ListItem\",\"position\":2,\"name\":\"As Lendas da Amaz\u00f4nia\"}]},{\"@type\":\"WebSite\",\"@id\":\"https:\/\/awe-amazonia.com\/?lang=en\/#website\",\"url\":\"https:\/\/awe-amazonia.com\/?lang=en\/\",\"name\":\"Amazonia Wild Experience\",\"description\":\"Voyage sur mesure en Amazonie - Aventures au Br\u00e9sil et au Guyana\",\"publisher\":{\"@id\":\"https:\/\/awe-amazonia.com\/?lang=en\/#organization\"},\"potentialAction\":[{\"@type\":\"SearchAction\",\"target\":{\"@type\":\"EntryPoint\",\"urlTemplate\":\"https:\/\/awe-amazonia.com\/?lang=en\/?s={search_term_string}\"},\"query-input\":{\"@type\":\"PropertyValueSpecification\",\"valueRequired\":true,\"valueName\":\"search_term_string\"}}],\"inLanguage\":\"fr-FR\"},{\"@type\":\"Organization\",\"@id\":\"https:\/\/awe-amazonia.com\/?lang=en\/#organization\",\"name\":\"Amazonia Wild Experience\",\"url\":\"https:\/\/awe-amazonia.com\/?lang=en\/\",\"logo\":{\"@type\":\"ImageObject\",\"inLanguage\":\"fr-FR\",\"@id\":\"https:\/\/awe-amazonia.com\/?lang=en\/#\/schema\/logo\/image\/\",\"url\":\"https:\/\/awe-amazonia.com\/wp-content\/uploads\/2020\/09\/cropped-Logo.png\",\"contentUrl\":\"https:\/\/awe-amazonia.com\/wp-content\/uploads\/2020\/09\/cropped-Logo.png\",\"width\":512,\"height\":512,\"caption\":\"Amazonia Wild Experience\"},\"image\":{\"@id\":\"https:\/\/awe-amazonia.com\/?lang=en\/#\/schema\/logo\/image\/\"}}]}<\/script>\n<!-- \/ Yoast SEO plugin. -->","yoast_head_json":{"title":"As Lendas da Amaz\u00f4nia - Amazonia Wild Experience","description":"Descubra as lendas da Amaz\u00f4nia: as guerreiras Amazonas, o boto cor de rosa e a lenda da Yara.","robots":{"index":"index","follow":"follow","max-snippet":"max-snippet:-1","max-image-preview":"max-image-preview:large","max-video-preview":"max-video-preview:-1"},"canonical":"https:\/\/awe-amazonia.com\/index.php\/lendas-amazonia\/","og_locale":"fr_FR","og_type":"article","og_title":"As Lendas da Amaz\u00f4nia - Amazonia Wild Experience","og_description":"Descubra as lendas da Amaz\u00f4nia: as guerreiras Amazonas, o boto cor de rosa e a lenda da Yara.","og_url":"https:\/\/awe-amazonia.com\/index.php\/lendas-amazonia\/?lang=pt-br","og_site_name":"Amazonia Wild Experience","article_modified_time":"2021-04-14T12:27:02+00:00","og_image":[{"width":730,"height":472,"url":"http:\/\/awe-amazonia.com\/wp-content\/uploads\/2020\/09\/mapa-rio-amazonas.jpg","type":"image\/jpeg"}],"twitter_card":"summary_large_image","twitter_misc":{"Dur\u00e9e de lecture estim\u00e9e":"2 minutes"},"schema":{"@context":"https:\/\/schema.org","@graph":[{"@type":"WebPage","@id":"https:\/\/awe-amazonia.com\/index.php\/lendas-amazonia\/?lang=pt-br","url":"https:\/\/awe-amazonia.com\/index.php\/lendas-amazonia\/?lang=pt-br","name":"As Lendas da Amaz\u00f4nia - Amazonia Wild Experience","isPartOf":{"@id":"https:\/\/awe-amazonia.com\/?lang=en\/#website"},"primaryImageOfPage":{"@id":"https:\/\/awe-amazonia.com\/index.php\/lendas-amazonia\/?lang=pt-br#primaryimage"},"image":{"@id":"https:\/\/awe-amazonia.com\/index.php\/lendas-amazonia\/?lang=pt-br#primaryimage"},"thumbnailUrl":"https:\/\/awe-amazonia.com\/wp-content\/uploads\/2020\/09\/mapa-rio-amazonas.jpg","datePublished":"2020-09-21T08:27:26+00:00","dateModified":"2021-04-14T12:27:02+00:00","description":"Descubra as lendas da Amaz\u00f4nia: as guerreiras Amazonas, o boto cor de rosa e a lenda da Yara.","breadcrumb":{"@id":"https:\/\/awe-amazonia.com\/index.php\/lendas-amazonia\/?lang=pt-br#breadcrumb"},"inLanguage":"fr-FR","potentialAction":[{"@type":"ReadAction","target":["https:\/\/awe-amazonia.com\/index.php\/lendas-amazonia\/?lang=pt-br"]}]},{"@type":"ImageObject","inLanguage":"fr-FR","@id":"https:\/\/awe-amazonia.com\/index.php\/lendas-amazonia\/?lang=pt-br#primaryimage","url":"https:\/\/awe-amazonia.com\/wp-content\/uploads\/2020\/09\/mapa-rio-amazonas.jpg","contentUrl":"https:\/\/awe-amazonia.com\/wp-content\/uploads\/2020\/09\/mapa-rio-amazonas.jpg","width":730,"height":472},{"@type":"BreadcrumbList","@id":"https:\/\/awe-amazonia.com\/index.php\/lendas-amazonia\/?lang=pt-br#breadcrumb","itemListElement":[{"@type":"ListItem","position":1,"name":"Accueil","item":"https:\/\/awe-amazonia.com\/"},{"@type":"ListItem","position":2,"name":"As Lendas da Amaz\u00f4nia"}]},{"@type":"WebSite","@id":"https:\/\/awe-amazonia.com\/?lang=en\/#website","url":"https:\/\/awe-amazonia.com\/?lang=en\/","name":"Amazonia Wild Experience","description":"Voyage sur mesure en Amazonie - Aventures au Br\u00e9sil et au Guyana","publisher":{"@id":"https:\/\/awe-amazonia.com\/?lang=en\/#organization"},"potentialAction":[{"@type":"SearchAction","target":{"@type":"EntryPoint","urlTemplate":"https:\/\/awe-amazonia.com\/?lang=en\/?s={search_term_string}"},"query-input":{"@type":"PropertyValueSpecification","valueRequired":true,"valueName":"search_term_string"}}],"inLanguage":"fr-FR"},{"@type":"Organization","@id":"https:\/\/awe-amazonia.com\/?lang=en\/#organization","name":"Amazonia Wild Experience","url":"https:\/\/awe-amazonia.com\/?lang=en\/","logo":{"@type":"ImageObject","inLanguage":"fr-FR","@id":"https:\/\/awe-amazonia.com\/?lang=en\/#\/schema\/logo\/image\/","url":"https:\/\/awe-amazonia.com\/wp-content\/uploads\/2020\/09\/cropped-Logo.png","contentUrl":"https:\/\/awe-amazonia.com\/wp-content\/uploads\/2020\/09\/cropped-Logo.png","width":512,"height":512,"caption":"Amazonia Wild Experience"},"image":{"@id":"https:\/\/awe-amazonia.com\/?lang=en\/#\/schema\/logo\/image\/"}}]}},"_links":{"self":[{"href":"https:\/\/awe-amazonia.com\/index.php\/wp-json\/wp\/v2\/pages\/9414","targetHints":{"allow":["GET"]}}],"collection":[{"href":"https:\/\/awe-amazonia.com\/index.php\/wp-json\/wp\/v2\/pages"}],"about":[{"href":"https:\/\/awe-amazonia.com\/index.php\/wp-json\/wp\/v2\/types\/page"}],"author":[{"embeddable":true,"href":"https:\/\/awe-amazonia.com\/index.php\/wp-json\/wp\/v2\/users\/1"}],"replies":[{"embeddable":true,"href":"https:\/\/awe-amazonia.com\/index.php\/wp-json\/wp\/v2\/comments?post=9414"}],"version-history":[{"count":8,"href":"https:\/\/awe-amazonia.com\/index.php\/wp-json\/wp\/v2\/pages\/9414\/revisions"}],"predecessor-version":[{"id":10429,"href":"https:\/\/awe-amazonia.com\/index.php\/wp-json\/wp\/v2\/pages\/9414\/revisions\/10429"}],"wp:featuredmedia":[{"embeddable":true,"href":"https:\/\/awe-amazonia.com\/index.php\/wp-json\/wp\/v2\/media\/9415"}],"wp:attachment":[{"href":"https:\/\/awe-amazonia.com\/index.php\/wp-json\/wp\/v2\/media?parent=9414"}],"curies":[{"name":"wp","href":"https:\/\/api.w.org\/{rel}","templated":true}]}}