{"id":9423,"date":"2020-12-28T14:36:39","date_gmt":"2020-12-28T13:36:39","guid":{"rendered":"https:\/\/awe-amazonia.com\/index.php\/faq-preparer-son-voyage\/"},"modified":"2021-04-01T17:22:53","modified_gmt":"2021-04-01T15:22:53","slug":"faq-preparer-son-voyage","status":"publish","type":"page","link":"https:\/\/awe-amazonia.com\/index.php\/faq-preparer-son-voyage\/?lang=pt-br","title":{"rendered":"Fale conosco \u2013 Preparar a viagem para Amaz\u00f4nia"},"content":{"rendered":"<div  class=\"one withsmallpadding ppb_text\" style=\"text-align:left;padding:30px 0 30px 0;\" >\n<div class=\"standard_wrapper\">\n<div class=\"page_content_wrapper\">\n<div class=\"inner\">\n<div style=\"margin:auto;width:100%\">\n<h2>Organiza\u00e7\u00e3o da viagem<\/h2>\n<div class=\"pp_accordion_close has_icon\">\n<h3><a href=\"#\">Quais s\u00e3o os documentos necess\u00e1rios para viajar para o Brasil e para Guiana?<\/a><\/h3>\n<div>\n<p>\nPara brasileiros irem para a Guiana:<br \/>\nUm passaporte v\u00e1lido.<br \/>\nA vacina contra a febre amarela \u00e9 obrigat\u00f3ria.<br \/>\nPara maiores informa\u00e7\u00f5es:<br \/>\nhttp:\/\/www.portalconsular.itamaraty.gov.br\/seu-destino\/guiana<br \/>\nPara estrangeiros virem para o Brasil ou para a Guiana:<br \/>\nUm passaporte v\u00e1lido \u00e9 obrigat\u00f3rio.<br \/>\nAl\u00e9m disso, \u00e9 indispens\u00e1vel verificar com a Embaixada a necessidade de documentos suplementares, entretanto quase todos os cidad\u00e3os europeus, sul-americanos, norte americanos podem viajar para o Brasil e para a Guiana sem visto.<br \/>\nA caderneta de vacina\u00e7\u00e3o internacional \u00e9 pedida na fronteira da Guiana para verificar se voc\u00ea foi vacinado contra a febre amarela, a vacina \u00e9 obrigat\u00f3ria. <\/p>\n<\/div>\n<\/div>\n<div class=\"pp_accordion_close has_icon\">\n<h3><a href=\"#\"> Eu devo fazer um seguro-viagem?<\/a><\/h3>\n<div>\n<p> Sim, um seguro-viagem incluindo o reembolso de despesas m\u00e9dicas, mas tamb\u00e9m uma garantia de repatriamento \u00e9 indispens\u00e1vel.<\/p>\n<\/div>\n<\/div>\n<div class=\"pp_accordion_close has_icon\">\n<h3><a href=\"#\"> Crian\u00e7as podem ir?<\/a><\/h3>\n<div>\n<p> Depende da idade da crian\u00e7a e o tipo de expedi\u00e7\u00e3o que voc\u00ea deseja fazer, n\u00f3s podemos organizar uma expedi\u00e7\u00e3o familiar. Entretanto, observe que de forma geral, as viagens com acampamento no meio da floresta n\u00e3o s\u00e3o recomendadas para crian\u00e7as.<br \/>\nNossas estadias do tipo cruzeiro s\u00e3o mais adaptadas para \u00e0s crian\u00e7as.<\/p>\n<\/div>\n<\/div>\n<div class=\"pp_accordion_close has_icon\">\n<h3><a href=\"#\"> Posso cancelar a minha viagem?<\/a><\/h3>\n<div>\n<p> Os reembolsos de 75% do total da soma ser\u00e3o efetuados se voc\u00ea anular com mais de 45 dias de anteced\u00eancia da data prevista. Se voc\u00ea anular com menos de 45 dias, antes do in\u00edcio da viagem, nenhum reembolso ser\u00e1 efetuado.<\/p>\n<\/div>\n<\/div>\n<\/div>\n<\/div>\n<\/div>\n<\/div>\n<\/div>\n<div  class=\"one withsmallpadding ppb_text\" style=\"text-align:left;padding:30px 0 30px 0;\" >\n<div class=\"standard_wrapper\">\n<div class=\"page_content_wrapper\">\n<div class=\"inner\">\n<div style=\"margin:auto;width:100%\">\n<h2>Preparar a viagem para Amaz\u00f4nia<\/h2>\n<div class=\"pp_accordion_close has_icon\">\n<h3><a href=\"#\">Eu devo fazer um tratamento contra o paludismo? <\/a><\/h3>\n<div>\n<p>\u00c9 indispens\u00e1vel fazer uma consulta m\u00e9dica num centro de vacina\u00e7\u00e3o e se informar sobre os conselhos para os viajantes.<br \/>\nA decis\u00e3o de prescrever ou n\u00e3o um tratamento preventivo para o paludismo ser\u00e1 tomada pelo m\u00e9dico em fun\u00e7\u00e3o de par\u00e2metros variados : a regi\u00e3o visitada e a altitude, a esta\u00e7\u00e3o do ano durante a viagem, a dura\u00e7\u00e3o da viagem e o estado de sa\u00fade do viajante.<\/p>\n<\/div>\n<\/div>\n<div class=\"pp_accordion_close has_icon\">\n<h3><a href=\"#\">Eu devo tomar a vacina contra a febre amarela? <\/a><\/h3>\n<div>\n<p>\u00c9 indispens\u00e1vel fazer uma consulta m\u00e9dica num centro de vacina\u00e7\u00e3o e se informar sobre os conselhos para os viajantes.<br \/>\nA vacina contra a febre amarela \u00e9 altamente recomend\u00e1vel para todos os viajantes, (1 inje\u00e7\u00e3o no m\u00ednimo10 dias antes de partir). A vacina para febre amarela \u00e9 obrigat\u00f3ria para viajar para a Guiana. <\/p>\n<\/div>\n<\/div>\n<div class=\"pp_accordion_close has_icon\">\n<h3><a href=\"#\">Que tipo de roupas usar na selva amaz\u00f4nica? <\/a><\/h3>\n<div>\n<p>Voc\u00ea encontrar\u00e1 os detalhes dessa pergunta na p\u00e1gina<a href=\"https:\/\/awe-amazonia.com\/index.php\/faire-son-sac-foret-amazonienne\/?lang=pt-br\"> O que levar na mala para a Amaz\u00f4nia.<\/a><\/p>\n<\/div>\n<\/div>\n<div class=\"pp_accordion_close has_icon\">\n<h3><a href=\"#\">Quantas mochilas eu devo levar ?<\/a><\/h3>\n<div>\n<p>A mochila deve ser s\u00f3lida e espa\u00e7osa (60\/70 litros), se poss\u00edvel imperme\u00e1vel e dever\u00e1 ter bolsos laterais para melhor dividir os objetos. Voc\u00ea encontrar\u00e1 mais detalhes na nossa p\u00e1gina <a href=\"https:\/\/awe-amazonia.com\/index.php\/faire-son-sac-foret-amazonienne\/?lang=pt-br\"> O que levar na mala para a Amaz\u00f4nia.<\/a> <\/p>\n<\/div>\n<\/div>\n<\/div>\n<\/div>\n<\/div>\n<\/div>\n<\/div>\n<div  class=\"one withsmallpadding ppb_text\" style=\"text-align:left;padding:30px 0 30px 0;\" >\n<div class=\"standard_wrapper\">\n<div class=\"page_content_wrapper\">\n<div class=\"inner\">\n<div style=\"margin:auto;width:100%\">\n<h2>Durante a expedi\u00e7\u00e3o\/estadia na floresta Amaz\u00f4nica<\/h2>\n<div class=\"pp_accordion_close has_icon\">\n<h3><a href=\"#\">Posso tocar nos animais que n\u00f3s iremos encontrar?<\/a><\/h3>\n<div>\n<p>Nossos valores se baseiam no respeito pela fauna e pela flora. Voc\u00ea ter\u00e1 a oportunidade de tirar centenas fotos todos os dias, dos animais selvagens\/nativos que n\u00f3s encontraremos em seu habitat natural, conforme avan\u00e7armos seremos surpreendidos com nossos encontros.<\/p>\n<\/div>\n<\/div>\n<div class=\"pp_accordion_close has_icon\">\n<h3><a href=\"#\">A minha m\u00e1quina fotogr\u00e1fica vai ficar \u00famida?<\/a><\/h3>\n<div>\n<p>Alguns aparelhos s\u00e3o afetados pela umidade, apesar dos modelos recentes sejam cada vez menos. Certifique-se que o seu aparelho, a capa ou a caixa e a lente sejam adequados.<\/p>\n<\/div>\n<\/div>\n<\/div>\n<\/div>\n<\/div>\n<\/div>\n<\/div>\n","protected":false},"excerpt":{"rendered":"<p>Organiza\u00e7\u00e3o da viagem Quais s\u00e3o os documentos necess\u00e1rios para viajar para o Brasil e para Guiana? Para brasileiros irem para a Guiana: Um passaporte v\u00e1lido. A vacina contra a febre amarela \u00e9 obrigat\u00f3ria. Para maiores informa\u00e7\u00f5es: http:\/\/www.portalconsular.itamaraty.gov.br\/seu-destino\/guiana Para estrangeiros virem [&hellip;]<\/p>\n","protected":false},"author":1,"featured_media":9424,"parent":0,"menu_order":0,"comment_status":"closed","ping_status":"closed","template":"","meta":{"iawp_total_views":145,"footnotes":""},"class_list":["post-9423","page","type-page","status-publish","has-post-thumbnail","hentry"],"yoast_head":"<!-- This site is optimized with the Yoast SEO plugin v27.5 - https:\/\/yoast.com\/product\/yoast-seo-wordpress\/ -->\n<title>Fale conosco \u2013 Preparar a viagem para Amaz\u00f4nia - Amazonia Wild Experience<\/title>\n<meta name=\"description\" content=\"Encontre todos os nossos conselhos para preparar sua viagem na floresta amaz\u00f4nica. Respostas as perguntas para sua estadia na selva da Amaz\u00f4nia.\" \/>\n<meta name=\"robots\" content=\"index, follow, max-snippet:-1, max-image-preview:large, max-video-preview:-1\" \/>\n<link rel=\"canonical\" href=\"https:\/\/awe-amazonia.com\/index.php\/faq-preparer-son-voyage\/\" \/>\n<meta property=\"og:locale\" content=\"fr_FR\" \/>\n<meta property=\"og:type\" content=\"article\" \/>\n<meta property=\"og:title\" content=\"Fale conosco \u2013 Preparar a viagem para Amaz\u00f4nia - Amazonia Wild Experience\" \/>\n<meta property=\"og:description\" content=\"Encontre todos os nossos conselhos para preparar sua viagem na floresta amaz\u00f4nica. Respostas as perguntas para sua estadia na selva da Amaz\u00f4nia.\" \/>\n<meta property=\"og:url\" content=\"https:\/\/awe-amazonia.com\/index.php\/faq-preparer-son-voyage\/?lang=pt-br\" \/>\n<meta property=\"og:site_name\" content=\"Amazonia Wild Experience\" \/>\n<meta property=\"article:modified_time\" content=\"2021-04-01T15:22:53+00:00\" \/>\n<meta property=\"og:image\" content=\"https:\/\/awe-amazonia.com\/wp-content\/uploads\/2020\/12\/papillon.jpg\" \/>\n\t<meta property=\"og:image:width\" content=\"1936\" \/>\n\t<meta property=\"og:image:height\" content=\"1089\" \/>\n\t<meta property=\"og:image:type\" content=\"image\/jpeg\" \/>\n<meta name=\"twitter:card\" content=\"summary_large_image\" \/>\n<meta name=\"twitter:label1\" content=\"Dur\u00e9e de lecture estim\u00e9e\" \/>\n\t<meta name=\"twitter:data1\" content=\"3 minutes\" \/>\n<script type=\"application\/ld+json\" class=\"yoast-schema-graph\">{\"@context\":\"https:\\\/\\\/schema.org\",\"@graph\":[{\"@type\":\"WebPage\",\"@id\":\"https:\\\/\\\/awe-amazonia.com\\\/index.php\\\/faq-preparer-son-voyage\\\/?lang=pt-br\",\"url\":\"https:\\\/\\\/awe-amazonia.com\\\/index.php\\\/faq-preparer-son-voyage\\\/?lang=pt-br\",\"name\":\"Fale conosco \u2013 Preparar a viagem para Amaz\u00f4nia - Amazonia Wild Experience\",\"isPartOf\":{\"@id\":\"http:\\\/\\\/awe-amazonia.com\\\/?lang=pt-br\\\/#website\"},\"primaryImageOfPage\":{\"@id\":\"https:\\\/\\\/awe-amazonia.com\\\/index.php\\\/faq-preparer-son-voyage\\\/?lang=pt-br#primaryimage\"},\"image\":{\"@id\":\"https:\\\/\\\/awe-amazonia.com\\\/index.php\\\/faq-preparer-son-voyage\\\/?lang=pt-br#primaryimage\"},\"thumbnailUrl\":\"https:\\\/\\\/awe-amazonia.com\\\/wp-content\\\/uploads\\\/2020\\\/12\\\/papillon.jpg\",\"datePublished\":\"2020-12-28T13:36:39+00:00\",\"dateModified\":\"2021-04-01T15:22:53+00:00\",\"description\":\"Encontre todos os nossos conselhos para preparar sua viagem na floresta amaz\u00f4nica. Respostas as perguntas para sua estadia na selva da Amaz\u00f4nia.\",\"breadcrumb\":{\"@id\":\"https:\\\/\\\/awe-amazonia.com\\\/index.php\\\/faq-preparer-son-voyage\\\/?lang=pt-br#breadcrumb\"},\"inLanguage\":\"fr-FR\",\"potentialAction\":[{\"@type\":\"ReadAction\",\"target\":[\"https:\\\/\\\/awe-amazonia.com\\\/index.php\\\/faq-preparer-son-voyage\\\/?lang=pt-br\"]}]},{\"@type\":\"ImageObject\",\"inLanguage\":\"fr-FR\",\"@id\":\"https:\\\/\\\/awe-amazonia.com\\\/index.php\\\/faq-preparer-son-voyage\\\/?lang=pt-br#primaryimage\",\"url\":\"https:\\\/\\\/awe-amazonia.com\\\/wp-content\\\/uploads\\\/2020\\\/12\\\/papillon.jpg\",\"contentUrl\":\"https:\\\/\\\/awe-amazonia.com\\\/wp-content\\\/uploads\\\/2020\\\/12\\\/papillon.jpg\",\"width\":1936,\"height\":1089,\"caption\":\"Papillon pos\u00e9 sur une branche\"},{\"@type\":\"BreadcrumbList\",\"@id\":\"https:\\\/\\\/awe-amazonia.com\\\/index.php\\\/faq-preparer-son-voyage\\\/?lang=pt-br#breadcrumb\",\"itemListElement\":[{\"@type\":\"ListItem\",\"position\":1,\"name\":\"Accueil\",\"item\":\"http:\\\/\\\/awe-amazonia.com\\\/\"},{\"@type\":\"ListItem\",\"position\":2,\"name\":\"Fale conosco \u2013 Preparar a viagem para Amaz\u00f4nia\"}]},{\"@type\":\"WebSite\",\"@id\":\"http:\\\/\\\/awe-amazonia.com\\\/?lang=pt-br\\\/#website\",\"url\":\"http:\\\/\\\/awe-amazonia.com\\\/?lang=pt-br\\\/\",\"name\":\"Amazonia Wild Experience\",\"description\":\"Voyage sur mesure en Amazonie - Aventures au Br\u00e9sil et au Guyana\",\"publisher\":{\"@id\":\"http:\\\/\\\/awe-amazonia.com\\\/?lang=pt-br\\\/#organization\"},\"potentialAction\":[{\"@type\":\"SearchAction\",\"target\":{\"@type\":\"EntryPoint\",\"urlTemplate\":\"http:\\\/\\\/awe-amazonia.com\\\/?lang=pt-br\\\/?s={search_term_string}\"},\"query-input\":{\"@type\":\"PropertyValueSpecification\",\"valueRequired\":true,\"valueName\":\"search_term_string\"}}],\"inLanguage\":\"fr-FR\"},{\"@type\":\"Organization\",\"@id\":\"http:\\\/\\\/awe-amazonia.com\\\/?lang=pt-br\\\/#organization\",\"name\":\"Amazonia Wild Experience\",\"url\":\"http:\\\/\\\/awe-amazonia.com\\\/?lang=pt-br\\\/\",\"logo\":{\"@type\":\"ImageObject\",\"inLanguage\":\"fr-FR\",\"@id\":\"http:\\\/\\\/awe-amazonia.com\\\/?lang=pt-br\\\/#\\\/schema\\\/logo\\\/image\\\/\",\"url\":\"https:\\\/\\\/awe-amazonia.com\\\/wp-content\\\/uploads\\\/2020\\\/09\\\/cropped-Logo.png\",\"contentUrl\":\"https:\\\/\\\/awe-amazonia.com\\\/wp-content\\\/uploads\\\/2020\\\/09\\\/cropped-Logo.png\",\"width\":512,\"height\":512,\"caption\":\"Amazonia Wild Experience\"},\"image\":{\"@id\":\"http:\\\/\\\/awe-amazonia.com\\\/?lang=pt-br\\\/#\\\/schema\\\/logo\\\/image\\\/\"}}]}<\/script>\n<!-- \/ Yoast SEO plugin. -->","yoast_head_json":{"title":"Fale conosco \u2013 Preparar a viagem para Amaz\u00f4nia - Amazonia Wild Experience","description":"Encontre todos os nossos conselhos para preparar sua viagem na floresta amaz\u00f4nica. Respostas as perguntas para sua estadia na selva da Amaz\u00f4nia.","robots":{"index":"index","follow":"follow","max-snippet":"max-snippet:-1","max-image-preview":"max-image-preview:large","max-video-preview":"max-video-preview:-1"},"canonical":"https:\/\/awe-amazonia.com\/index.php\/faq-preparer-son-voyage\/","og_locale":"fr_FR","og_type":"article","og_title":"Fale conosco \u2013 Preparar a viagem para Amaz\u00f4nia - Amazonia Wild Experience","og_description":"Encontre todos os nossos conselhos para preparar sua viagem na floresta amaz\u00f4nica. Respostas as perguntas para sua estadia na selva da Amaz\u00f4nia.","og_url":"https:\/\/awe-amazonia.com\/index.php\/faq-preparer-son-voyage\/?lang=pt-br","og_site_name":"Amazonia Wild Experience","article_modified_time":"2021-04-01T15:22:53+00:00","og_image":[{"width":1936,"height":1089,"url":"https:\/\/awe-amazonia.com\/wp-content\/uploads\/2020\/12\/papillon.jpg","type":"image\/jpeg"}],"twitter_card":"summary_large_image","twitter_misc":{"Dur\u00e9e de lecture estim\u00e9e":"3 minutes"},"schema":{"@context":"https:\/\/schema.org","@graph":[{"@type":"WebPage","@id":"https:\/\/awe-amazonia.com\/index.php\/faq-preparer-son-voyage\/?lang=pt-br","url":"https:\/\/awe-amazonia.com\/index.php\/faq-preparer-son-voyage\/?lang=pt-br","name":"Fale conosco \u2013 Preparar a viagem para Amaz\u00f4nia - Amazonia Wild Experience","isPartOf":{"@id":"http:\/\/awe-amazonia.com\/?lang=pt-br\/#website"},"primaryImageOfPage":{"@id":"https:\/\/awe-amazonia.com\/index.php\/faq-preparer-son-voyage\/?lang=pt-br#primaryimage"},"image":{"@id":"https:\/\/awe-amazonia.com\/index.php\/faq-preparer-son-voyage\/?lang=pt-br#primaryimage"},"thumbnailUrl":"https:\/\/awe-amazonia.com\/wp-content\/uploads\/2020\/12\/papillon.jpg","datePublished":"2020-12-28T13:36:39+00:00","dateModified":"2021-04-01T15:22:53+00:00","description":"Encontre todos os nossos conselhos para preparar sua viagem na floresta amaz\u00f4nica. Respostas as perguntas para sua estadia na selva da Amaz\u00f4nia.","breadcrumb":{"@id":"https:\/\/awe-amazonia.com\/index.php\/faq-preparer-son-voyage\/?lang=pt-br#breadcrumb"},"inLanguage":"fr-FR","potentialAction":[{"@type":"ReadAction","target":["https:\/\/awe-amazonia.com\/index.php\/faq-preparer-son-voyage\/?lang=pt-br"]}]},{"@type":"ImageObject","inLanguage":"fr-FR","@id":"https:\/\/awe-amazonia.com\/index.php\/faq-preparer-son-voyage\/?lang=pt-br#primaryimage","url":"https:\/\/awe-amazonia.com\/wp-content\/uploads\/2020\/12\/papillon.jpg","contentUrl":"https:\/\/awe-amazonia.com\/wp-content\/uploads\/2020\/12\/papillon.jpg","width":1936,"height":1089,"caption":"Papillon pos\u00e9 sur une branche"},{"@type":"BreadcrumbList","@id":"https:\/\/awe-amazonia.com\/index.php\/faq-preparer-son-voyage\/?lang=pt-br#breadcrumb","itemListElement":[{"@type":"ListItem","position":1,"name":"Accueil","item":"http:\/\/awe-amazonia.com\/"},{"@type":"ListItem","position":2,"name":"Fale conosco \u2013 Preparar a viagem para Amaz\u00f4nia"}]},{"@type":"WebSite","@id":"http:\/\/awe-amazonia.com\/?lang=pt-br\/#website","url":"http:\/\/awe-amazonia.com\/?lang=pt-br\/","name":"Amazonia Wild Experience","description":"Voyage sur mesure en Amazonie - Aventures au Br\u00e9sil et au Guyana","publisher":{"@id":"http:\/\/awe-amazonia.com\/?lang=pt-br\/#organization"},"potentialAction":[{"@type":"SearchAction","target":{"@type":"EntryPoint","urlTemplate":"http:\/\/awe-amazonia.com\/?lang=pt-br\/?s={search_term_string}"},"query-input":{"@type":"PropertyValueSpecification","valueRequired":true,"valueName":"search_term_string"}}],"inLanguage":"fr-FR"},{"@type":"Organization","@id":"http:\/\/awe-amazonia.com\/?lang=pt-br\/#organization","name":"Amazonia Wild Experience","url":"http:\/\/awe-amazonia.com\/?lang=pt-br\/","logo":{"@type":"ImageObject","inLanguage":"fr-FR","@id":"http:\/\/awe-amazonia.com\/?lang=pt-br\/#\/schema\/logo\/image\/","url":"https:\/\/awe-amazonia.com\/wp-content\/uploads\/2020\/09\/cropped-Logo.png","contentUrl":"https:\/\/awe-amazonia.com\/wp-content\/uploads\/2020\/09\/cropped-Logo.png","width":512,"height":512,"caption":"Amazonia Wild Experience"},"image":{"@id":"http:\/\/awe-amazonia.com\/?lang=pt-br\/#\/schema\/logo\/image\/"}}]}},"_links":{"self":[{"href":"https:\/\/awe-amazonia.com\/index.php\/wp-json\/wp\/v2\/pages\/9423","targetHints":{"allow":["GET"]}}],"collection":[{"href":"https:\/\/awe-amazonia.com\/index.php\/wp-json\/wp\/v2\/pages"}],"about":[{"href":"https:\/\/awe-amazonia.com\/index.php\/wp-json\/wp\/v2\/types\/page"}],"author":[{"embeddable":true,"href":"https:\/\/awe-amazonia.com\/index.php\/wp-json\/wp\/v2\/users\/1"}],"replies":[{"embeddable":true,"href":"https:\/\/awe-amazonia.com\/index.php\/wp-json\/wp\/v2\/comments?post=9423"}],"version-history":[{"count":11,"href":"https:\/\/awe-amazonia.com\/index.php\/wp-json\/wp\/v2\/pages\/9423\/revisions"}],"predecessor-version":[{"id":9522,"href":"https:\/\/awe-amazonia.com\/index.php\/wp-json\/wp\/v2\/pages\/9423\/revisions\/9522"}],"wp:featuredmedia":[{"embeddable":true,"href":"https:\/\/awe-amazonia.com\/index.php\/wp-json\/wp\/v2\/media\/9424"}],"wp:attachment":[{"href":"https:\/\/awe-amazonia.com\/index.php\/wp-json\/wp\/v2\/media?parent=9423"}],"curies":[{"name":"wp","href":"https:\/\/api.w.org\/{rel}","templated":true}]}}