{"id":9430,"date":"2020-09-21T14:04:30","date_gmt":"2020-09-21T12:04:30","guid":{"rendered":"https:\/\/awe-amazonia.com\/index.php\/conseils-sante-en-amazonie\/"},"modified":"2021-04-05T00:33:47","modified_gmt":"2021-04-04T22:33:47","slug":"conseils-sante-en-amazonie","status":"publish","type":"page","link":"https:\/\/awe-amazonia.com\/index.php\/conseils-sante-en-amazonie\/?lang=pt-br","title":{"rendered":"Conselhos de sa\u00fade na Amaz\u00f4nia"},"content":{"rendered":"<div  class=\"one withsmallpadding ppb_header \" style=\"text-align:left;padding:40px 0 40px 0;\" >\n<div class=\"standard_wrapper\">\n<div class=\"page_content_wrapper\">\n<div class=\"inner\">\n<div style=\"margin:auto;width:100%\">\n<h2 class=\"ppb_title\" style=\"\">Informa\u00e7\u00f5es pr\u00e1ticas sobre as vacinas, a febre amarela e o paludismo na Amaz\u00f4nia<\/h2>\n<div class=\"ppb_header_content\">\n<p>Uma consulta m\u00e9dica e conselhos para viajantes s\u00e3o indispens\u00e1veis antes de partir. Se voc\u00ea vem de um pa\u00eds europeu, uma consulta m\u00e9dica num  <a href=\"https:\/\/www.pasteur.fr\/fr\/centre-medical\" target=\"_blank\" rel=\"noopener\">centro de vacina\u00e7\u00e3o internacional<\/a> \u00e9 indispens\u00e1vel.<br \/>\nA <strong>decis\u00e3o de prescrever ou n\u00e3o um tratamento preventivo para paludismo ser\u00e1 tomada pelo m\u00e9dico<\/strong> conforme v\u00e1rios par\u00e2metros: a regi\u00e3o visitada e a altitude, a esta\u00e7\u00e3o do ano, a dura\u00e7\u00e3o da estadia, o estado de sa\u00fade do viajante. <\/p>\n<p>O <strong>paludismo<\/strong> est\u00e1 presente o ano todo na bacia amazonense. \u00c9 preciso adotar medidas de prote\u00e7\u00e3o individual e que v\u00e3o proteger tamb\u00e9m contra outros insetos, vetores de outras doen\u00e7as (febre amarela, dengue, v\u00edrus Zika\u2026): repelentes cut\u00e2neos, roupas inteligentes, usar roupas cobertas e mosquiteiros.<br \/>\nOs repelentes contra mosquito\/ artr\u00f3podes vendidos nos supermercados e nas farm\u00e1cias s\u00e3o pouco ou insuficientemente eficazes na floresta amazonense. Existe, por\u00e9m, uma variedade confi\u00e1vel e conforme as recomenda\u00e7\u00f5es. <\/p>\n<p>A vacina\u00e7\u00e3o contra a <strong>febre amarela<\/strong> \u00e9 recomendada para todos os viajantes (1 inje\u00e7\u00e3o no m\u00ednimo 10 dias antes de partir). Para viajar para a Guiana, a vacina \u00e9 obrigat\u00f3ria.<\/p>\n<p>Um <strong>seguro-viagem<\/strong> incluindo o reembolso das despesas m\u00e9dicas, mas tamb\u00e9m uma garantia de repatriamento \u00e9 indispens\u00e1vel.<\/p>\n<\/div>\n<\/div>\n<\/div>\n<\/div>\n<\/div>\n<\/div>\n<div  class=\"one\" >\n<div class=\"one_half_bg parallax\" style=\"background-image:url(https:\/\/awe-amazonia.com\/wp-content\/uploads\/2020\/12\/bateau-traditionnel-amazonie.jpg);height:530px;\"><\/div>\n<div class=\"one_half_bg\" style=\"padding:40px;\">\n<h2 class=\"ppb_title\" style=\"\">Levar a pr\u00f3pria farm\u00e1cia:<\/h2>\n<div class=\"ppb_header_content\">\n<p>\u2013 Protetor solar;<br \/>\n\u2013 Vitamina C;<br \/>\n\u2013 Talco para os p\u00e9s;<br \/>\n\u2013 Um repelente;<br \/>\n\u2013 Uma pomada para as irrita\u00e7\u00f5es;<br \/>\n\u2013 Uma pin\u00e7a\/agulhas;<br \/>\n\u2013 Um anti-histam\u00ednico;<br \/>\n\u2013 Rem\u00e9dios contra a mal\u00e1ria prescrito pelo m\u00e9dico, caso ele julgue necess\u00e1rio, levar a quantidade suficiente para cobrir todos os dias da estadia.<\/p>\n<p>Encontre todos os nossos conselhos para preparar a mochila na nossa p\u00e1gina <a href=\"https:\/\/awe-amazonia.com\/index.php\/preparer-son-sac-pour-lamazonie\/\" target=\"_blank\" rel=\"noopener\">&#8220;O que levar na sua mochila&#8221;<\/a>.<\/p>\n<\/div>\n<\/div>\n<p><br class=\"clear\"\/><\/div>\n","protected":false},"excerpt":{"rendered":"<p>Informa\u00e7\u00f5es pr\u00e1ticas sobre as vacinas, a febre amarela e o paludismo na Amaz\u00f4nia Uma consulta m\u00e9dica e conselhos para viajantes s\u00e3o indispens\u00e1veis antes de partir. Se voc\u00ea vem de um pa\u00eds europeu, uma consulta m\u00e9dica num centro de vacina\u00e7\u00e3o internacional [&hellip;]<\/p>\n","protected":false},"author":1,"featured_media":9431,"parent":0,"menu_order":0,"comment_status":"closed","ping_status":"closed","template":"","meta":{"iawp_total_views":260,"footnotes":""},"class_list":["post-9430","page","type-page","status-publish","has-post-thumbnail","hentry"],"yoast_head":"<!-- This site is optimized with the Yoast SEO plugin v27.1.1 - https:\/\/yoast.com\/product\/yoast-seo-wordpress\/ -->\n<title>Conselhos de sa\u00fade na Amaz\u00f4nia - Amazonia Wild Experience<\/title>\n<meta name=\"description\" content=\"Nos conseils sant\u00e9 pour voyager en amazonie au br\u00e9sil depuis manaus ou au Guyana. Nous recommandons une visite m\u00e9dicale avant votre d\u00e9part.\" \/>\n<meta name=\"robots\" content=\"index, follow, max-snippet:-1, max-image-preview:large, max-video-preview:-1\" \/>\n<link rel=\"canonical\" href=\"https:\/\/awe-amazonia.com\/index.php\/conseils-sante-en-amazonie\/\" \/>\n<meta property=\"og:locale\" content=\"fr_FR\" \/>\n<meta property=\"og:type\" content=\"article\" \/>\n<meta property=\"og:title\" content=\"Conselhos de sa\u00fade na Amaz\u00f4nia - Amazonia Wild Experience\" \/>\n<meta property=\"og:description\" content=\"Nos conseils sant\u00e9 pour voyager en amazonie au br\u00e9sil depuis manaus ou au Guyana. Nous recommandons une visite m\u00e9dicale avant votre d\u00e9part.\" \/>\n<meta property=\"og:url\" content=\"https:\/\/awe-amazonia.com\/index.php\/conseils-sante-en-amazonie\/?lang=pt-br\" \/>\n<meta property=\"og:site_name\" content=\"Amazonia Wild Experience\" \/>\n<meta property=\"article:modified_time\" content=\"2021-04-04T22:33:47+00:00\" \/>\n<meta property=\"og:image\" content=\"http:\/\/awe-amazonia.com\/wp-content\/uploads\/2020\/12\/famille-en-amazonie.jpg\" \/>\n\t<meta property=\"og:image:width\" content=\"1431\" \/>\n\t<meta property=\"og:image:height\" content=\"820\" \/>\n\t<meta property=\"og:image:type\" content=\"image\/jpeg\" \/>\n<meta name=\"twitter:card\" content=\"summary_large_image\" \/>\n<meta name=\"twitter:label1\" content=\"Dur\u00e9e de lecture estim\u00e9e\" \/>\n\t<meta name=\"twitter:data1\" content=\"2 minutes\" \/>\n<script type=\"application\/ld+json\" class=\"yoast-schema-graph\">{\"@context\":\"https:\/\/schema.org\",\"@graph\":[{\"@type\":\"WebPage\",\"@id\":\"https:\/\/awe-amazonia.com\/index.php\/conseils-sante-en-amazonie\/?lang=pt-br\",\"url\":\"https:\/\/awe-amazonia.com\/index.php\/conseils-sante-en-amazonie\/?lang=pt-br\",\"name\":\"Conselhos de sa\u00fade na Amaz\u00f4nia - Amazonia Wild Experience\",\"isPartOf\":{\"@id\":\"https:\/\/awe-amazonia.com\/#website\"},\"primaryImageOfPage\":{\"@id\":\"https:\/\/awe-amazonia.com\/index.php\/conseils-sante-en-amazonie\/?lang=pt-br#primaryimage\"},\"image\":{\"@id\":\"https:\/\/awe-amazonia.com\/index.php\/conseils-sante-en-amazonie\/?lang=pt-br#primaryimage\"},\"thumbnailUrl\":\"https:\/\/awe-amazonia.com\/wp-content\/uploads\/2020\/12\/famille-en-amazonie.jpg\",\"datePublished\":\"2020-09-21T12:04:30+00:00\",\"dateModified\":\"2021-04-04T22:33:47+00:00\",\"description\":\"Nos conseils sant\u00e9 pour voyager en amazonie au br\u00e9sil depuis manaus ou au Guyana. Nous recommandons une visite m\u00e9dicale avant votre d\u00e9part.\",\"breadcrumb\":{\"@id\":\"https:\/\/awe-amazonia.com\/index.php\/conseils-sante-en-amazonie\/?lang=pt-br#breadcrumb\"},\"inLanguage\":\"fr-FR\",\"potentialAction\":[{\"@type\":\"ReadAction\",\"target\":[\"https:\/\/awe-amazonia.com\/index.php\/conseils-sante-en-amazonie\/?lang=pt-br\"]}]},{\"@type\":\"ImageObject\",\"inLanguage\":\"fr-FR\",\"@id\":\"https:\/\/awe-amazonia.com\/index.php\/conseils-sante-en-amazonie\/?lang=pt-br#primaryimage\",\"url\":\"https:\/\/awe-amazonia.com\/wp-content\/uploads\/2020\/12\/famille-en-amazonie.jpg\",\"contentUrl\":\"https:\/\/awe-amazonia.com\/wp-content\/uploads\/2020\/12\/famille-en-amazonie.jpg\",\"width\":1431,\"height\":820},{\"@type\":\"BreadcrumbList\",\"@id\":\"https:\/\/awe-amazonia.com\/index.php\/conseils-sante-en-amazonie\/?lang=pt-br#breadcrumb\",\"itemListElement\":[{\"@type\":\"ListItem\",\"position\":1,\"name\":\"Accueil\",\"item\":\"https:\/\/awe-amazonia.com\/\"},{\"@type\":\"ListItem\",\"position\":2,\"name\":\"Conselhos de sa\u00fade na Amaz\u00f4nia\"}]},{\"@type\":\"WebSite\",\"@id\":\"https:\/\/awe-amazonia.com\/#website\",\"url\":\"https:\/\/awe-amazonia.com\/\",\"name\":\"Amazonia Wild Experience\",\"description\":\"Voyage sur mesure en Amazonie - Aventures au Br\u00e9sil et au Guyana\",\"publisher\":{\"@id\":\"https:\/\/awe-amazonia.com\/#organization\"},\"potentialAction\":[{\"@type\":\"SearchAction\",\"target\":{\"@type\":\"EntryPoint\",\"urlTemplate\":\"https:\/\/awe-amazonia.com\/?s={search_term_string}\"},\"query-input\":{\"@type\":\"PropertyValueSpecification\",\"valueRequired\":true,\"valueName\":\"search_term_string\"}}],\"inLanguage\":\"fr-FR\"},{\"@type\":\"Organization\",\"@id\":\"https:\/\/awe-amazonia.com\/#organization\",\"name\":\"Amazonia Wild Experience\",\"url\":\"https:\/\/awe-amazonia.com\/\",\"logo\":{\"@type\":\"ImageObject\",\"inLanguage\":\"fr-FR\",\"@id\":\"https:\/\/awe-amazonia.com\/#\/schema\/logo\/image\/\",\"url\":\"https:\/\/awe-amazonia.com\/wp-content\/uploads\/2020\/09\/cropped-Logo.png\",\"contentUrl\":\"https:\/\/awe-amazonia.com\/wp-content\/uploads\/2020\/09\/cropped-Logo.png\",\"width\":512,\"height\":512,\"caption\":\"Amazonia Wild Experience\"},\"image\":{\"@id\":\"https:\/\/awe-amazonia.com\/#\/schema\/logo\/image\/\"}}]}<\/script>\n<!-- \/ Yoast SEO plugin. -->","yoast_head_json":{"title":"Conselhos de sa\u00fade na Amaz\u00f4nia - Amazonia Wild Experience","description":"Nos conseils sant\u00e9 pour voyager en amazonie au br\u00e9sil depuis manaus ou au Guyana. Nous recommandons une visite m\u00e9dicale avant votre d\u00e9part.","robots":{"index":"index","follow":"follow","max-snippet":"max-snippet:-1","max-image-preview":"max-image-preview:large","max-video-preview":"max-video-preview:-1"},"canonical":"https:\/\/awe-amazonia.com\/index.php\/conseils-sante-en-amazonie\/","og_locale":"fr_FR","og_type":"article","og_title":"Conselhos de sa\u00fade na Amaz\u00f4nia - Amazonia Wild Experience","og_description":"Nos conseils sant\u00e9 pour voyager en amazonie au br\u00e9sil depuis manaus ou au Guyana. Nous recommandons une visite m\u00e9dicale avant votre d\u00e9part.","og_url":"https:\/\/awe-amazonia.com\/index.php\/conseils-sante-en-amazonie\/?lang=pt-br","og_site_name":"Amazonia Wild Experience","article_modified_time":"2021-04-04T22:33:47+00:00","og_image":[{"width":1431,"height":820,"url":"http:\/\/awe-amazonia.com\/wp-content\/uploads\/2020\/12\/famille-en-amazonie.jpg","type":"image\/jpeg"}],"twitter_card":"summary_large_image","twitter_misc":{"Dur\u00e9e de lecture estim\u00e9e":"2 minutes"},"schema":{"@context":"https:\/\/schema.org","@graph":[{"@type":"WebPage","@id":"https:\/\/awe-amazonia.com\/index.php\/conseils-sante-en-amazonie\/?lang=pt-br","url":"https:\/\/awe-amazonia.com\/index.php\/conseils-sante-en-amazonie\/?lang=pt-br","name":"Conselhos de sa\u00fade na Amaz\u00f4nia - Amazonia Wild Experience","isPartOf":{"@id":"https:\/\/awe-amazonia.com\/#website"},"primaryImageOfPage":{"@id":"https:\/\/awe-amazonia.com\/index.php\/conseils-sante-en-amazonie\/?lang=pt-br#primaryimage"},"image":{"@id":"https:\/\/awe-amazonia.com\/index.php\/conseils-sante-en-amazonie\/?lang=pt-br#primaryimage"},"thumbnailUrl":"https:\/\/awe-amazonia.com\/wp-content\/uploads\/2020\/12\/famille-en-amazonie.jpg","datePublished":"2020-09-21T12:04:30+00:00","dateModified":"2021-04-04T22:33:47+00:00","description":"Nos conseils sant\u00e9 pour voyager en amazonie au br\u00e9sil depuis manaus ou au Guyana. Nous recommandons une visite m\u00e9dicale avant votre d\u00e9part.","breadcrumb":{"@id":"https:\/\/awe-amazonia.com\/index.php\/conseils-sante-en-amazonie\/?lang=pt-br#breadcrumb"},"inLanguage":"fr-FR","potentialAction":[{"@type":"ReadAction","target":["https:\/\/awe-amazonia.com\/index.php\/conseils-sante-en-amazonie\/?lang=pt-br"]}]},{"@type":"ImageObject","inLanguage":"fr-FR","@id":"https:\/\/awe-amazonia.com\/index.php\/conseils-sante-en-amazonie\/?lang=pt-br#primaryimage","url":"https:\/\/awe-amazonia.com\/wp-content\/uploads\/2020\/12\/famille-en-amazonie.jpg","contentUrl":"https:\/\/awe-amazonia.com\/wp-content\/uploads\/2020\/12\/famille-en-amazonie.jpg","width":1431,"height":820},{"@type":"BreadcrumbList","@id":"https:\/\/awe-amazonia.com\/index.php\/conseils-sante-en-amazonie\/?lang=pt-br#breadcrumb","itemListElement":[{"@type":"ListItem","position":1,"name":"Accueil","item":"https:\/\/awe-amazonia.com\/"},{"@type":"ListItem","position":2,"name":"Conselhos de sa\u00fade na Amaz\u00f4nia"}]},{"@type":"WebSite","@id":"https:\/\/awe-amazonia.com\/#website","url":"https:\/\/awe-amazonia.com\/","name":"Amazonia Wild Experience","description":"Voyage sur mesure en Amazonie - Aventures au Br\u00e9sil et au Guyana","publisher":{"@id":"https:\/\/awe-amazonia.com\/#organization"},"potentialAction":[{"@type":"SearchAction","target":{"@type":"EntryPoint","urlTemplate":"https:\/\/awe-amazonia.com\/?s={search_term_string}"},"query-input":{"@type":"PropertyValueSpecification","valueRequired":true,"valueName":"search_term_string"}}],"inLanguage":"fr-FR"},{"@type":"Organization","@id":"https:\/\/awe-amazonia.com\/#organization","name":"Amazonia Wild Experience","url":"https:\/\/awe-amazonia.com\/","logo":{"@type":"ImageObject","inLanguage":"fr-FR","@id":"https:\/\/awe-amazonia.com\/#\/schema\/logo\/image\/","url":"https:\/\/awe-amazonia.com\/wp-content\/uploads\/2020\/09\/cropped-Logo.png","contentUrl":"https:\/\/awe-amazonia.com\/wp-content\/uploads\/2020\/09\/cropped-Logo.png","width":512,"height":512,"caption":"Amazonia Wild Experience"},"image":{"@id":"https:\/\/awe-amazonia.com\/#\/schema\/logo\/image\/"}}]}},"_links":{"self":[{"href":"https:\/\/awe-amazonia.com\/index.php\/wp-json\/wp\/v2\/pages\/9430","targetHints":{"allow":["GET"]}}],"collection":[{"href":"https:\/\/awe-amazonia.com\/index.php\/wp-json\/wp\/v2\/pages"}],"about":[{"href":"https:\/\/awe-amazonia.com\/index.php\/wp-json\/wp\/v2\/types\/page"}],"author":[{"embeddable":true,"href":"https:\/\/awe-amazonia.com\/index.php\/wp-json\/wp\/v2\/users\/1"}],"replies":[{"embeddable":true,"href":"https:\/\/awe-amazonia.com\/index.php\/wp-json\/wp\/v2\/comments?post=9430"}],"version-history":[{"count":13,"href":"https:\/\/awe-amazonia.com\/index.php\/wp-json\/wp\/v2\/pages\/9430\/revisions"}],"predecessor-version":[{"id":9800,"href":"https:\/\/awe-amazonia.com\/index.php\/wp-json\/wp\/v2\/pages\/9430\/revisions\/9800"}],"wp:featuredmedia":[{"embeddable":true,"href":"https:\/\/awe-amazonia.com\/index.php\/wp-json\/wp\/v2\/media\/9431"}],"wp:attachment":[{"href":"https:\/\/awe-amazonia.com\/index.php\/wp-json\/wp\/v2\/media?parent=9430"}],"curies":[{"name":"wp","href":"https:\/\/api.w.org\/{rel}","templated":true}]}}