{"id":9432,"date":"2020-09-06T17:49:54","date_gmt":"2020-09-06T15:49:54","guid":{"rendered":"https:\/\/awe-amazonia.com\/index.php\/faire-son-sac-foret-amazonienne\/"},"modified":"2021-04-14T14:22:27","modified_gmt":"2021-04-14T12:22:27","slug":"o-que-levar-na-mochila-amazonia","status":"publish","type":"page","link":"https:\/\/awe-amazonia.com\/index.php\/o-que-levar-na-mochila-amazonia\/?lang=pt-br","title":{"rendered":"O que levar na sua mochila para a Amaz\u00f4nia"},"content":{"rendered":"<div  class=\"one withsmallpadding ppb_header \" style=\"text-align:left;padding:30px 0 30px 0;\" >\n<div class=\"standard_wrapper\">\n<div class=\"page_content_wrapper\">\n<div class=\"inner\">\n<div style=\"margin:auto;width:100%\">\n<h2 class=\"ppb_title\" style=\"\">Nada de mala na Amaz\u00f4nia, \u00e9 preciso uma mochila robusta. A liberdade n\u00e3o depende de rodinhas\u2026<\/h2>\n<div class=\"ppb_header_content\">\n<p>Frequentemente voc\u00ea dever\u00e1 carregar a mochila durante a expedi\u00e7\u00e3o, n\u00e3o encha demais de roupas para se trocar. Tenha tudo em dobro, mas s\u00f3 em dobro. Como se diz no Brasil: \u201c<em>Quando tu tem dois, tu tem um. Se tu tem um, tu n\u00e3o tem nenhum.\u201d. <\/em>A mochila deve ser resistente e espa\u00e7osa (mais ou menos 60 litros), se poss\u00edvel imperme\u00e1vel e deve ter bolsos laterais para melhor dividir as coisas.<\/p>\n<p>Voc\u00ea levar\u00e1 na mochila um saco de lixo grande e espesso, de 100 litros por exemplo, para proteger os bens materiais que voc\u00ea levar.<\/p>\n<\/div>\n<\/div>\n<\/div>\n<\/div>\n<\/div>\n<\/div>\n<div  class=\"one withsmallpadding ppb_text\" style=\"text-align:left;padding:30px 0 30px 0;\" >\n<div class=\"standard_wrapper\">\n<div class=\"page_content_wrapper\">\n<div class=\"inner\">\n<div style=\"margin:auto;width:100%\">\n<div class=\"one_half \" style=\"\"><img decoding=\"async\" src=\"http:\/\/awe-amazonia.com\/wp-content\/uploads\/2020\/12\/Preparation-sac-a-dos.jpg\" alt=\"\" class=\"\" data-animation=\"\" style=\"\" \/><\/div>\n<div class=\"one_half last \" style=\"\">\n<h3><strong>No interior da mochila<\/strong><\/h3>\n<p>N\u00f3s colocaremos:<br \/>\n\u2013 A rede e o mosquiteiro (que n\u00f3s vamos fornecer)<br \/>\n\u2013 V\u00e1rias embalagens pl\u00e1sticas de tamanhos diferentes para guardar roupas e bens materiais mais fr\u00e1geis.\u00a0 N\u00f3s aconselhamos roupas longas para proteger o corpo (cal\u00e7a, blusa de manga comprida e meias longas)<br \/>\n\u2013 Um moletom ou qualquer coisa do tipo para acampar, pois as noites s\u00e3o \u00famidas e frescas na floresta.<br \/>\n\u2013 Produtos de higiene, como um sab\u00e3o antibactericida. Que ser\u00e1 \u00fatil tanto para higiene quanto para as roupas e a lou\u00e7a<br \/>\n\u2013 Uma toalha de banho que pode ser em Pertex, num tecido leve que seque rapidamente.<br \/>\n\u2013 Uma roupa de chuva, tipo poncho.<br \/>\n\u2013 Um cantil com filtro de \u00e1gua.<br \/>\n\u2013 Um bin\u00f3culo se voc\u00ea quiser.<br \/>\n\u2013 Um chap\u00e9u ou um bon\u00e9, \u00f3culos de sol.<\/p>\n<\/div>\n<p><br class=\"clear\"\/><br \/>\n<br class=\"clear\" \/><\/p>\n<div class=\"one_half \" style=\"\">\n<h3>Pensar numa sacola imperme\u00e1vel<\/h3>\n<p>Uma pequena bolsa\/ sacola imperme\u00e1vel onde voc\u00ea guardar\u00e1 as pequenas coisas, tipo:<br \/>\nUma lanterna de bolso imperme\u00e1vel com pilhas sobressalentes, uma lanterna frontal, uma faca dobr\u00e1vel, dois isqueiros;<br \/>\n\u00c9 bom ter a sua pr\u00f3pria farm\u00e1cia que ter\u00e1:<br \/>\n\u2013 Protetor solar;<br \/>\n\u2013 Talco para os p\u00e9s;<br \/>\n\u2013 Um repelente;<br \/>\n\u2013 Uma pomada para as irrita\u00e7\u00f5es;<br \/>\n\u2013 Uma pin\u00e7a\/ agulhas;<br \/>\n\u2013 Um anti-histam\u00ednico;<br \/>\n\u2013 Rem\u00e9dios contra a mal\u00e1ria prescrito pelo m\u00e9dico, caso ele julgue necess\u00e1rio, levar a quantidade suficiente para cobrir todos os dias da estadia. <\/p>\n<\/div>\n<div class=\"one_half last \" style=\"\"><img decoding=\"async\" src=\"http:\/\/awe-amazonia.com\/wp-content\/uploads\/2020\/12\/Traversee-des-rapides.jpg\" alt=\"\" class=\"animated\" data-animation=\"slideLeft\" style=\"\" \/><\/div>\n<p><br class=\"clear\"\/><br \/>\n<br class=\"clear\" \/><\/p>\n<div class=\"one_half \" style=\"\"><img decoding=\"async\" src=\"http:\/\/awe-amazonia.com\/wp-content\/uploads\/2020\/12\/Guide-avec-tarantule.jpeg\" alt=\"\" class=\"animated\" data-animation=\"slideUp\" style=\"\" \/><\/div>\n<div class=\"one_half last \" style=\"\">\n<h3>Quais roupas usar na floresta amaz\u00f4nica?<\/h3>\n<p>D\u00ea prefer\u00eancia as roupas de algod\u00e3o incluindo as roupas \u00edntimas. As meias dever\u00e3o ser de l\u00e3, compridas at\u00e9 a altura da batata da perna para evitar o atrito do sapato com a pele. Pense tamb\u00e9m em um par de meias para a noite no acampamento. Evite as roupas de tecido sint\u00e9tico que provocam irrita\u00e7\u00f5es quando entramos na floresta. D\u00ea prefer\u00eancia as cores discretas para se misturar com a selva. <\/p>\n<p>Use um casaco largo ou uma camisa que voc\u00ea deixara aberta para permitir uma boa circula\u00e7\u00e3o do ar. As mangas devem ficar presas no pulso para evitar arranh\u00f5es e as picadas de insetos. Voc\u00ea pode tamb\u00e9m usar uma camisa de malha de mangas compridas.  <\/p>\n<p>A cal\u00e7a larga e fechada na altura do tornozelo ser\u00e1 uma excelente prote\u00e7\u00e3o contra as mordidas e picadas de insetos ou plantas que arranham e cortam.<br \/>\nN\u00e3o use, de jeito e maneira alguma, roupas que possam impedir a regula\u00e7\u00e3o t\u00e9rmica do seu corpo. <\/p>\n<\/div>\n<p><br class=\"clear\"\/><\/p>\n<p><br class=\"clear\" \/><\/p>\n<div class=\"one_half \" style=\"\">\n<h3>Quais sapatos para a Amaz\u00f4nia?<\/h3>\n<p>D\u00ea prefer\u00eancia a sapatos de caminhada robustos, leves, arejados e se poss\u00edvel imperme\u00e1veis ou ainda de lona, tipo botas de trilha que permitem uma boa respira\u00e7\u00e3o dos p\u00e9s e secam rapidamente. <\/p>\n<p>Preste bem aten\u00e7\u00e3o de ter testado bem os sapatos antes de partir, para que voc\u00ea n\u00e3o seja surpreendido negativamente com sapatos apertados, o que muitas vezes passa despercebido quando experimentamos na loja.<\/p>\n<p>Para os acampamentos, leve sand\u00e1lias abertas que v\u00e3o permitir aos p\u00e9s de respirar e tomar ar. <\/p>\n<\/div>\n<div class=\"one_half last \" style=\"\"><img decoding=\"async\" src=\"http:\/\/awe-amazonia.com\/wp-content\/uploads\/2020\/12\/chaussures-randonnee.jpg\" alt=\"\" class=\"animated\" data-animation=\"fadeIn\" style=\"\" \/><\/div>\n<p><br class=\"clear\"\/><br \/>\n<br class=\"clear\" \/><\/p>\n<div class=\"one_half \" style=\"\"><\/div>\n<\/div>\n<\/div>\n<\/div>\n<\/div>\n<\/div>\n","protected":false},"excerpt":{"rendered":"<p>Nada de mala na Amaz\u00f4nia, \u00e9 preciso uma mochila robusta. A liberdade n\u00e3o depende de rodinhas\u2026 Frequentemente voc\u00ea dever\u00e1 carregar a mochila durante a expedi\u00e7\u00e3o, n\u00e3o encha demais de roupas para se trocar. Tenha tudo em dobro, mas s\u00f3 em [&hellip;]<\/p>\n","protected":false},"author":1,"featured_media":9434,"parent":0,"menu_order":0,"comment_status":"closed","ping_status":"closed","template":"","meta":{"iawp_total_views":2470,"footnotes":""},"class_list":["post-9432","page","type-page","status-publish","has-post-thumbnail","hentry"],"yoast_head":"<!-- This site is optimized with the Yoast SEO plugin v27.1.1 - https:\/\/yoast.com\/product\/yoast-seo-wordpress\/ -->\n<title>O que levar na sua mochila para a Amaz\u00f4nia -<\/title>\n<meta name=\"description\" content=\"Viajar bem equipado, e saber o que colocar na sua mochila e viajar com as roupas necess\u00e1rias \u00e9 um passo importante antes de ir para selva na Amaz\u00f4nia.\" \/>\n<meta name=\"robots\" content=\"index, follow, max-snippet:-1, max-image-preview:large, max-video-preview:-1\" \/>\n<link rel=\"canonical\" href=\"https:\/\/awe-amazonia.com\/index.php\/o-que-levar-na-mochila-amazonia\/\" \/>\n<meta property=\"og:locale\" content=\"fr_FR\" \/>\n<meta property=\"og:type\" content=\"article\" \/>\n<meta property=\"og:title\" content=\"O que levar na sua mochila para a Amaz\u00f4nia -\" \/>\n<meta property=\"og:description\" content=\"Viajar bem equipado, e saber o que colocar na sua mochila e viajar com as roupas necess\u00e1rias \u00e9 um passo importante antes de ir para selva na Amaz\u00f4nia.\" \/>\n<meta property=\"og:url\" content=\"https:\/\/awe-amazonia.com\/index.php\/o-que-levar-na-mochila-amazonia\/?lang=pt-br\" \/>\n<meta property=\"og:site_name\" content=\"Amazonia Wild Experience\" \/>\n<meta property=\"article:modified_time\" content=\"2021-04-14T12:22:27+00:00\" \/>\n<meta property=\"og:image\" content=\"https:\/\/awe-amazonia.com\/wp-content\/uploads\/2020\/12\/navigation-AWE-sur-le-rio-negro.jpg\" \/>\n\t<meta property=\"og:image:width\" content=\"1339\" \/>\n\t<meta property=\"og:image:height\" content=\"675\" \/>\n\t<meta property=\"og:image:type\" content=\"image\/jpeg\" \/>\n<meta name=\"twitter:card\" content=\"summary_large_image\" \/>\n<meta name=\"twitter:label1\" content=\"Dur\u00e9e de lecture estim\u00e9e\" \/>\n\t<meta name=\"twitter:data1\" content=\"3 minutes\" \/>\n<script type=\"application\/ld+json\" class=\"yoast-schema-graph\">{\"@context\":\"https:\/\/schema.org\",\"@graph\":[{\"@type\":\"WebPage\",\"@id\":\"https:\/\/awe-amazonia.com\/index.php\/o-que-levar-na-mochila-amazonia\/?lang=pt-br\",\"url\":\"https:\/\/awe-amazonia.com\/index.php\/o-que-levar-na-mochila-amazonia\/?lang=pt-br\",\"name\":\"O que levar na sua mochila para a Amaz\u00f4nia -\",\"isPartOf\":{\"@id\":\"https:\/\/awe-amazonia.com\/?lang=en\/#website\"},\"primaryImageOfPage\":{\"@id\":\"https:\/\/awe-amazonia.com\/index.php\/o-que-levar-na-mochila-amazonia\/?lang=pt-br#primaryimage\"},\"image\":{\"@id\":\"https:\/\/awe-amazonia.com\/index.php\/o-que-levar-na-mochila-amazonia\/?lang=pt-br#primaryimage\"},\"thumbnailUrl\":\"https:\/\/awe-amazonia.com\/wp-content\/uploads\/2020\/12\/navigation-AWE-sur-le-rio-negro.jpg\",\"datePublished\":\"2020-09-06T15:49:54+00:00\",\"dateModified\":\"2021-04-14T12:22:27+00:00\",\"description\":\"Viajar bem equipado, e saber o que colocar na sua mochila e viajar com as roupas necess\u00e1rias \u00e9 um passo importante antes de ir para selva na Amaz\u00f4nia.\",\"breadcrumb\":{\"@id\":\"https:\/\/awe-amazonia.com\/index.php\/o-que-levar-na-mochila-amazonia\/?lang=pt-br#breadcrumb\"},\"inLanguage\":\"fr-FR\",\"potentialAction\":[{\"@type\":\"ReadAction\",\"target\":[\"https:\/\/awe-amazonia.com\/index.php\/o-que-levar-na-mochila-amazonia\/?lang=pt-br\"]}]},{\"@type\":\"ImageObject\",\"inLanguage\":\"fr-FR\",\"@id\":\"https:\/\/awe-amazonia.com\/index.php\/o-que-levar-na-mochila-amazonia\/?lang=pt-br#primaryimage\",\"url\":\"https:\/\/awe-amazonia.com\/wp-content\/uploads\/2020\/12\/navigation-AWE-sur-le-rio-negro.jpg\",\"contentUrl\":\"https:\/\/awe-amazonia.com\/wp-content\/uploads\/2020\/12\/navigation-AWE-sur-le-rio-negro.jpg\",\"width\":1339,\"height\":675},{\"@type\":\"BreadcrumbList\",\"@id\":\"https:\/\/awe-amazonia.com\/index.php\/o-que-levar-na-mochila-amazonia\/?lang=pt-br#breadcrumb\",\"itemListElement\":[{\"@type\":\"ListItem\",\"position\":1,\"name\":\"Accueil\",\"item\":\"https:\/\/awe-amazonia.com\/\"},{\"@type\":\"ListItem\",\"position\":2,\"name\":\"O que levar na sua mochila para a Amaz\u00f4nia\"}]},{\"@type\":\"WebSite\",\"@id\":\"https:\/\/awe-amazonia.com\/?lang=en\/#website\",\"url\":\"https:\/\/awe-amazonia.com\/?lang=en\/\",\"name\":\"Amazonia Wild Experience\",\"description\":\"Voyage sur mesure en Amazonie - Aventures au Br\u00e9sil et au Guyana\",\"publisher\":{\"@id\":\"https:\/\/awe-amazonia.com\/?lang=en\/#organization\"},\"potentialAction\":[{\"@type\":\"SearchAction\",\"target\":{\"@type\":\"EntryPoint\",\"urlTemplate\":\"https:\/\/awe-amazonia.com\/?lang=en\/?s={search_term_string}\"},\"query-input\":{\"@type\":\"PropertyValueSpecification\",\"valueRequired\":true,\"valueName\":\"search_term_string\"}}],\"inLanguage\":\"fr-FR\"},{\"@type\":\"Organization\",\"@id\":\"https:\/\/awe-amazonia.com\/?lang=en\/#organization\",\"name\":\"Amazonia Wild Experience\",\"url\":\"https:\/\/awe-amazonia.com\/?lang=en\/\",\"logo\":{\"@type\":\"ImageObject\",\"inLanguage\":\"fr-FR\",\"@id\":\"https:\/\/awe-amazonia.com\/?lang=en\/#\/schema\/logo\/image\/\",\"url\":\"https:\/\/awe-amazonia.com\/wp-content\/uploads\/2020\/09\/cropped-Logo.png\",\"contentUrl\":\"https:\/\/awe-amazonia.com\/wp-content\/uploads\/2020\/09\/cropped-Logo.png\",\"width\":512,\"height\":512,\"caption\":\"Amazonia Wild Experience\"},\"image\":{\"@id\":\"https:\/\/awe-amazonia.com\/?lang=en\/#\/schema\/logo\/image\/\"}}]}<\/script>\n<!-- \/ Yoast SEO plugin. -->","yoast_head_json":{"title":"O que levar na sua mochila para a Amaz\u00f4nia -","description":"Viajar bem equipado, e saber o que colocar na sua mochila e viajar com as roupas necess\u00e1rias \u00e9 um passo importante antes de ir para selva na Amaz\u00f4nia.","robots":{"index":"index","follow":"follow","max-snippet":"max-snippet:-1","max-image-preview":"max-image-preview:large","max-video-preview":"max-video-preview:-1"},"canonical":"https:\/\/awe-amazonia.com\/index.php\/o-que-levar-na-mochila-amazonia\/","og_locale":"fr_FR","og_type":"article","og_title":"O que levar na sua mochila para a Amaz\u00f4nia -","og_description":"Viajar bem equipado, e saber o que colocar na sua mochila e viajar com as roupas necess\u00e1rias \u00e9 um passo importante antes de ir para selva na Amaz\u00f4nia.","og_url":"https:\/\/awe-amazonia.com\/index.php\/o-que-levar-na-mochila-amazonia\/?lang=pt-br","og_site_name":"Amazonia Wild Experience","article_modified_time":"2021-04-14T12:22:27+00:00","og_image":[{"width":1339,"height":675,"url":"https:\/\/awe-amazonia.com\/wp-content\/uploads\/2020\/12\/navigation-AWE-sur-le-rio-negro.jpg","type":"image\/jpeg"}],"twitter_card":"summary_large_image","twitter_misc":{"Dur\u00e9e de lecture estim\u00e9e":"3 minutes"},"schema":{"@context":"https:\/\/schema.org","@graph":[{"@type":"WebPage","@id":"https:\/\/awe-amazonia.com\/index.php\/o-que-levar-na-mochila-amazonia\/?lang=pt-br","url":"https:\/\/awe-amazonia.com\/index.php\/o-que-levar-na-mochila-amazonia\/?lang=pt-br","name":"O que levar na sua mochila para a Amaz\u00f4nia -","isPartOf":{"@id":"https:\/\/awe-amazonia.com\/?lang=en\/#website"},"primaryImageOfPage":{"@id":"https:\/\/awe-amazonia.com\/index.php\/o-que-levar-na-mochila-amazonia\/?lang=pt-br#primaryimage"},"image":{"@id":"https:\/\/awe-amazonia.com\/index.php\/o-que-levar-na-mochila-amazonia\/?lang=pt-br#primaryimage"},"thumbnailUrl":"https:\/\/awe-amazonia.com\/wp-content\/uploads\/2020\/12\/navigation-AWE-sur-le-rio-negro.jpg","datePublished":"2020-09-06T15:49:54+00:00","dateModified":"2021-04-14T12:22:27+00:00","description":"Viajar bem equipado, e saber o que colocar na sua mochila e viajar com as roupas necess\u00e1rias \u00e9 um passo importante antes de ir para selva na Amaz\u00f4nia.","breadcrumb":{"@id":"https:\/\/awe-amazonia.com\/index.php\/o-que-levar-na-mochila-amazonia\/?lang=pt-br#breadcrumb"},"inLanguage":"fr-FR","potentialAction":[{"@type":"ReadAction","target":["https:\/\/awe-amazonia.com\/index.php\/o-que-levar-na-mochila-amazonia\/?lang=pt-br"]}]},{"@type":"ImageObject","inLanguage":"fr-FR","@id":"https:\/\/awe-amazonia.com\/index.php\/o-que-levar-na-mochila-amazonia\/?lang=pt-br#primaryimage","url":"https:\/\/awe-amazonia.com\/wp-content\/uploads\/2020\/12\/navigation-AWE-sur-le-rio-negro.jpg","contentUrl":"https:\/\/awe-amazonia.com\/wp-content\/uploads\/2020\/12\/navigation-AWE-sur-le-rio-negro.jpg","width":1339,"height":675},{"@type":"BreadcrumbList","@id":"https:\/\/awe-amazonia.com\/index.php\/o-que-levar-na-mochila-amazonia\/?lang=pt-br#breadcrumb","itemListElement":[{"@type":"ListItem","position":1,"name":"Accueil","item":"https:\/\/awe-amazonia.com\/"},{"@type":"ListItem","position":2,"name":"O que levar na sua mochila para a Amaz\u00f4nia"}]},{"@type":"WebSite","@id":"https:\/\/awe-amazonia.com\/?lang=en\/#website","url":"https:\/\/awe-amazonia.com\/?lang=en\/","name":"Amazonia Wild Experience","description":"Voyage sur mesure en Amazonie - Aventures au Br\u00e9sil et au Guyana","publisher":{"@id":"https:\/\/awe-amazonia.com\/?lang=en\/#organization"},"potentialAction":[{"@type":"SearchAction","target":{"@type":"EntryPoint","urlTemplate":"https:\/\/awe-amazonia.com\/?lang=en\/?s={search_term_string}"},"query-input":{"@type":"PropertyValueSpecification","valueRequired":true,"valueName":"search_term_string"}}],"inLanguage":"fr-FR"},{"@type":"Organization","@id":"https:\/\/awe-amazonia.com\/?lang=en\/#organization","name":"Amazonia Wild Experience","url":"https:\/\/awe-amazonia.com\/?lang=en\/","logo":{"@type":"ImageObject","inLanguage":"fr-FR","@id":"https:\/\/awe-amazonia.com\/?lang=en\/#\/schema\/logo\/image\/","url":"https:\/\/awe-amazonia.com\/wp-content\/uploads\/2020\/09\/cropped-Logo.png","contentUrl":"https:\/\/awe-amazonia.com\/wp-content\/uploads\/2020\/09\/cropped-Logo.png","width":512,"height":512,"caption":"Amazonia Wild Experience"},"image":{"@id":"https:\/\/awe-amazonia.com\/?lang=en\/#\/schema\/logo\/image\/"}}]}},"_links":{"self":[{"href":"https:\/\/awe-amazonia.com\/index.php\/wp-json\/wp\/v2\/pages\/9432","targetHints":{"allow":["GET"]}}],"collection":[{"href":"https:\/\/awe-amazonia.com\/index.php\/wp-json\/wp\/v2\/pages"}],"about":[{"href":"https:\/\/awe-amazonia.com\/index.php\/wp-json\/wp\/v2\/types\/page"}],"author":[{"embeddable":true,"href":"https:\/\/awe-amazonia.com\/index.php\/wp-json\/wp\/v2\/users\/1"}],"replies":[{"embeddable":true,"href":"https:\/\/awe-amazonia.com\/index.php\/wp-json\/wp\/v2\/comments?post=9432"}],"version-history":[{"count":11,"href":"https:\/\/awe-amazonia.com\/index.php\/wp-json\/wp\/v2\/pages\/9432\/revisions"}],"predecessor-version":[{"id":10423,"href":"https:\/\/awe-amazonia.com\/index.php\/wp-json\/wp\/v2\/pages\/9432\/revisions\/10423"}],"wp:featuredmedia":[{"embeddable":true,"href":"https:\/\/awe-amazonia.com\/index.php\/wp-json\/wp\/v2\/media\/9434"}],"wp:attachment":[{"href":"https:\/\/awe-amazonia.com\/index.php\/wp-json\/wp\/v2\/media?parent=9432"}],"curies":[{"name":"wp","href":"https:\/\/api.w.org\/{rel}","templated":true}]}}